{"id":16473,"date":"2026-05-10T18:33:35","date_gmt":"2026-05-10T15:33:35","guid":{"rendered":"https:\/\/timbersbliss.ee\/?post_type=product&#038;p=16473"},"modified":"2026-05-11T19:32:32","modified_gmt":"2026-05-11T16:32:32","slug":"skyspa-moodulspa","status":"publish","type":"product","link":"https:\/\/timbersbliss.ee\/ru\/\u043f\u0440\u043e\u0434\u0443\u043a\u0442\/skyspa-moodulspa\/","title":{"rendered":"SkySpa Moodulspa"},"content":{"rendered":"<h1 data-section-id=\"zwjjtq\" data-start=\"955\" data-end=\"977\">SkySpa sauna moodul<\/h1>\n<p data-start=\"979\" data-end=\"1143\"><strong>Modernne panoraamaknaga saunamoodul loob avara ja loodusl\u00e4hedase saunaelamuse. Saun on ehitatud kvaliteetsetest materjalidest ning sobib kasutamiseks aastaringselt.<\/strong><\/p>\n<p data-start=\"1145\" data-end=\"1166\"><strong>Saunamoodul sisaldab:<\/strong><\/p>\n<ul data-start=\"1167\" data-end=\"1331\">\n<li data-section-id=\"x653f9\" data-start=\"1167\" data-end=\"1191\"><strong>Cozy saunaahi kividega<\/strong><\/li>\n<li data-section-id=\"1d5jrsk\" data-start=\"1192\" data-end=\"1212\"><strong>Korsten ja veepaak<\/strong><\/li>\n<li data-section-id=\"w1f1mo\" data-start=\"1213\" data-end=\"1243\"><strong>LED valgustus sees ja v\u00e4ljas<\/strong><\/li>\n<li data-section-id=\"ntov04\" data-start=\"1244\" data-end=\"1285\"><strong>Termot\u00f6\u00f6deldud sise- ja v\u00e4lisviimistlus<\/strong><\/li>\n<li data-section-id=\"1ivul6t\" data-start=\"1286\" data-end=\"1311\"><strong>Karastatud klaasist uks<\/strong><\/li>\n<li data-section-id=\"iso33b\" data-start=\"1312\" data-end=\"1331\"><strong>Suur panoraamaken<\/strong><\/li>\n<\/ul>\n<p data-start=\"1333\" data-end=\"1450\"><strong>Hubane interj\u00f6\u00f6r ning minimalistlik disain muudavad SkySpa sauna ideaalseks kohaks l\u00f5\u00f5gastumiseks p\u00e4rast pikka p\u00e4eva.<\/strong><\/p>\n<h2 data-section-id=\"1gi74p1\" data-start=\"1452\" data-end=\"1481\">SkySpa k\u00fcmblust\u00fcnni moodul<\/h2>\n<p data-start=\"1483\" data-end=\"1671\"><strong>SkySpa k\u00fcmblust\u00fcnni moodul \u00fchendab modernse disaini ja praktilise spaalahenduse. Avatud lounge-ala ning elegantne k\u00fcmblust\u00fcnn loovad luksusliku v\u00e4lispa kogemuse nii perele kui k\u00fclalistele.<\/strong><\/p>\n<p data-start=\"1673\" data-end=\"1702\"><strong>K\u00fcmblust\u00fcnni moodul sisaldab:<\/strong><\/p>\n<ul data-start=\"1703\" data-end=\"1801\">\n<li data-section-id=\"1m26x2z\" data-start=\"1703\" data-end=\"1717\"><strong>K\u00fcmblust\u00fcnni<\/strong><\/li>\n<li data-section-id=\"wzfch0\" data-start=\"1718\" data-end=\"1733\"><strong>Ahju ja kaant<\/strong><\/li>\n<li data-section-id=\"1z0s1la\" data-start=\"1734\" data-end=\"1754\"><strong>Avatud terrassiala<\/strong><\/li>\n<li data-section-id=\"sce1zt\" data-start=\"1755\" data-end=\"1771\"><strong>LED valgustust<\/strong><\/li>\n<li data-section-id=\"4kerec\" data-start=\"1772\" data-end=\"1801\"><strong>Ilmastikukindlaid materjale<\/strong><\/li>\n<\/ul>\n<p data-start=\"1803\" data-end=\"1913\"><strong>Minimalistlik arhitektuur ja puhas p\u00f5hjamaine stiil sobivad suurep\u00e4raselt modernsesse koduaeda v\u00f5i puhkealale.<\/strong><\/p>\n<h2 data-section-id=\"1i2bd9g\" data-start=\"1915\" data-end=\"1941\">SkySpa v\u00e4lik\u00f6\u00f6gi moodul<\/h2>\n<p data-start=\"1943\" data-end=\"2127\"><strong>SkySpa v\u00e4lik\u00f6\u00f6k on loodud mugavaks outdoor cooking ja seltskondlikuks ajaveetmiseks. Avatud terrassiosa loob ideaalse keskkonna grillimiseks, \u00f5htus\u00f6\u00f6kideks ja suviseks koosviibimiseks.<\/strong><\/p>\n<p data-start=\"2129\" data-end=\"2155\"><strong>V\u00e4lik\u00f6\u00f6gi moodul sisaldab:<\/strong><\/p>\n<ul data-start=\"2156\" data-end=\"2269\">\n<li data-section-id=\"haoiiz\" data-start=\"2156\" data-end=\"2172\"><strong>K\u00f6\u00f6gikomplekti<\/strong><\/li>\n<li data-section-id=\"1z0s1la\" data-start=\"2173\" data-end=\"2193\"><strong>Avatud terrassiala<\/strong><\/li>\n<li data-section-id=\"sce1zt\" data-start=\"2194\" data-end=\"2210\"><strong>LED valgustust<\/strong><\/li>\n<li data-section-id=\"1o354ni\" data-start=\"2211\" data-end=\"2239\"><strong>Termot\u00f6\u00f6deldud viimistlust<\/strong><\/li>\n<li data-section-id=\"4kerec\" data-start=\"2240\" data-end=\"2269\"><strong>Ilmastikukindlaid materjale<\/strong><\/li>\n<\/ul>\n<p data-start=\"2271\" data-end=\"2338\"><strong>SkySpa v\u00e4lik\u00f6\u00f6k sobib suurep\u00e4raselt sauna ja spa-ala t\u00e4iendamiseks.<\/strong><\/p>\n<h2 data-section-id=\"c8eh3w\" data-start=\"2340\" data-end=\"2378\">SkySpa karastus- ja j\u00e4\u00e4vanni moodul<\/h2>\n<p data-start=\"2380\" data-end=\"2574\"><strong>Karastusvanni moodul on loodud taastumiseks ja wellness-rutiinide toetamiseks. Moodul sobib ideaalselt p\u00e4rast sauna kasutamiseks ning pakub modernset lahendust k\u00fclmateraapiaks ja l\u00f5\u00f5gastumiseks.<\/strong><\/p>\n<p data-start=\"2576\" data-end=\"2592\"><strong>Moodul sisaldab:<\/strong><\/p>\n<ul data-start=\"2593\" data-end=\"2726\">\n<li data-section-id=\"16nxwa0\" data-start=\"2593\" data-end=\"2631\"><strong>J\u00e4\u00e4vanni v\u00f5i karastusvanni v\u00f5imalust<\/strong><\/li>\n<li data-section-id=\"sce1zt\" data-start=\"2632\" data-end=\"2648\"><strong>LED valgustust<\/strong><\/li>\n<li data-section-id=\"tfxdu0\" data-start=\"2649\" data-end=\"2683\"><strong>Ilmastikukindlat konstruktsiooni<\/strong><\/li>\n<li data-section-id=\"4vjta8\" data-start=\"2684\" data-end=\"2726\"><strong>Termot\u00f6\u00f6deldud sise- ja v\u00e4lisviimistlust<\/strong><\/li>\n<\/ul>\n<h2 data-section-id=\"1ik57ib\" data-start=\"2728\" data-end=\"2767\">T\u00e4ielikult kohandatav moodullahendus<\/h2>\n<p data-start=\"2769\" data-end=\"2909\"><strong>SkySpa on modulaarne lahendus, mida saab kohandada vastavalt kliendi soovidele ja projekti vajadustele. V\u00f5imalik on valida nii terviklik spa-komplekt kui ka eraldi moodulid ning luua just enda vajadustele vastav sauna- ja puhkeala.<\/strong><\/p>\n<p data-start=\"2911\" data-end=\"2923\"><strong>V\u00f5imalik on:<\/strong><\/p>\n<ul data-start=\"2924\" data-end=\"3164\">\n<li data-section-id=\"se62lt\" data-start=\"2924\" data-end=\"2962\"><strong>Muuta moodulite suurusi ja paigutust<\/strong><\/li>\n<li data-section-id=\"uosli4\" data-start=\"2963\" data-end=\"2980\"><strong>Lisada du\u0161iruum<\/strong><\/li>\n<li data-section-id=\"1j97rst\" data-start=\"2981\" data-end=\"3003\"><strong>Luua eraldi puhkeala<\/strong><\/li>\n<li data-section-id=\"59i7ki\" data-start=\"3004\" data-end=\"3036\"><strong>Lisada garderoob v\u00f5i tehnoruum<\/strong><\/li>\n<li data-section-id=\"1c7h75g\" data-start=\"3037\" data-end=\"3080\"><strong>Kombineerida erinevaid wellness mooduleid<\/strong><\/li>\n<li data-section-id=\"xadb6p\" data-start=\"3081\" data-end=\"3164\"><strong>Kujundada terviklik outdoor spa lahendus vastavalt asukohale ja kasutusotstarbele<\/strong><\/li>\n<\/ul>\n<p data-start=\"3166\" data-end=\"3265\"><strong>SkySpa sobib nii privaatseks koduseks spa-alaks kui ka luksuslikuks majutus- v\u00f5i Airbnb projektiks.<\/strong><\/p>\n<h2 data-section-id=\"qq0i61\" data-start=\"3267\" data-end=\"3314\">Kvaliteetsed materjalid ja vastupidav ehitus<\/h2>\n<p data-start=\"3316\" data-end=\"3417\"><strong>SkySpa moodulid on valmistatud kvaliteetsetest ning p\u00f5hjamaisesse kliimasse sobivatest materjalidest.<\/strong><\/p>\n<p data-start=\"3419\" data-end=\"3448\"><strong>Konstruktsioonis kasutatakse:<\/strong><\/p>\n<ul data-start=\"3449\" data-end=\"3645\">\n<li data-section-id=\"1cccq23\" data-start=\"3449\" data-end=\"3471\"><strong>Tugevat puitkarkassi<\/strong><\/li>\n<li data-section-id=\"kapauu\" data-start=\"3472\" data-end=\"3493\"><strong>Kingspan soojustust<\/strong><\/li>\n<li data-section-id=\"8xlo2t\" data-start=\"3494\" data-end=\"3522\"><strong>Termot\u00f6\u00f6deldud voodrilaudu<\/strong><\/li>\n<li data-section-id=\"bdt32i\" data-start=\"3523\" data-end=\"3561\"><strong>H\u00fcdroisolatsiooniga p\u00f5randalahendusi<\/strong><\/li>\n<li data-section-id=\"w9kkos\" data-start=\"3562\" data-end=\"3589\"><strong>Remmers lasuurviimistlust<\/strong><\/li>\n<li data-section-id=\"11i3ny5\" data-start=\"3590\" data-end=\"3621\"><strong>Icopal rullmaterjalist katust<\/strong><\/li>\n<li data-section-id=\"1wkvteo\" data-start=\"3622\" data-end=\"3645\"><strong>Karastatud klaaspindu<\/strong><\/li>\n<\/ul>\n<p data-start=\"3647\" data-end=\"3718\"><strong>Kvaliteetsed materjalid tagavad pika kasutusea ning kaasaegse v\u00e4limuse.<\/strong><\/p>\n<h2 data-section-id=\"mo4yuq\" data-start=\"0\" data-end=\"44\">Modernne p\u00f5hjamaine spa- ja puhkelahendus<\/h2>\n<p data-start=\"46\" data-end=\"245\"><strong>SkySpa \u00fchendab kaasaegse arhitektuuri, loodusl\u00e4hedase esteetika ja praktilise funktsionaalsuse. Modulaarne lahendus v\u00f5imaldab luua just enda soovidele ja vajadustele vastava sauna-, spa- ja puhkeala.<\/strong><\/p>\n<p data-start=\"247\" data-end=\"271\"><strong>SkySpa sobib ideaalselt:<\/strong><\/p>\n<ul>\n<li><strong>Koduaeda<\/strong><\/li>\n<li><strong>Suvilasse<\/strong><\/li>\n<li><strong>Airbnb v\u00f5i majutusprojektidesse<\/strong><\/li>\n<li><strong>Spa- ja puhkealale<\/strong><\/li>\n<li><strong>Privaatseks l\u00f5\u00f5gastus- ja heaolualaks<\/strong><\/li>\n<li><strong>Aastaringseks kasutamiseks<\/strong><\/li>\n<li><strong>Luksusliku v\u00e4lispa keskkonna loomiseks<\/strong><\/li>\n<li style=\"list-style-type: none;\"><\/li>\n<\/ul>\n","protected":false},"excerpt":{"rendered":"<p><strong>V\u00f5imalik tellida ka eraldi mooduleid vastavalt soovitud lahendusele.<\/strong><\/p>\n<p><strong>K\u00fcsi t\u00e4pset hinnapakkumist meie kontaktivormi kaudu v\u00f5i meiliaadressil info@timbersbliss.ee.<\/strong><\/p>\n","protected":false},"featured_media":16474,"template":"","meta":{"_acf_changed":false,"_glsr_average":0,"_glsr_ranking":0,"_glsr_reviews":0},"product_brand":[],"product_cat":[131],"product_tag":[],"class_list":{"0":"post-16473","1":"product","2":"type-product","3":"status-publish","4":"has-post-thumbnail","6":"product_cat-skyspa","8":"first","9":"instock","10":"taxable","11":"shipping-taxable","12":"product-type-simple"},"acf":[],"yoast_head":"<!-- This site is optimized with the Yoast SEO Premium plugin v27.4 (Yoast SEO v27.4) - https:\/\/yoast.com\/product\/yoast-seo-premium-wordpress\/ -->\n<title>SkySpa Moodulspa \u2013 Modernne Sauna Ja Spa | TimbersBliss<\/title>\n<meta name=\"description\" content=\"SkySpa moodulspa \u00fchendab sauna, k\u00fcmblust\u00fcnni, v\u00e4lik\u00f6\u00f6gi ja puhkeala modernseks p\u00f5hjamaise disainiga spa lahenduseks. T\u00e4ielikult kohandatav moodullahendus.\" \/>\n<meta name=\"robots\" content=\"index, follow, max-snippet:-1, max-image-preview:large, max-video-preview:-1\" \/>\n<link rel=\"canonical\" href=\"https:\/\/timbersbliss.ee\/toode\/skyspa-moodulspa\/\" \/>\n<meta property=\"og:locale\" content=\"ru_RU\" \/>\n<meta property=\"og:type\" content=\"article\" \/>\n<meta property=\"og:title\" content=\"SkySpa Moodulspa\" \/>\n<meta property=\"og:description\" content=\"SkySpa moodulspa \u00fchendab sauna, k\u00fcmblust\u00fcnni, v\u00e4lik\u00f6\u00f6gi ja puhkeala modernseks p\u00f5hjamaise disainiga spa lahenduseks. T\u00e4ielikult kohandatav moodullahendus.\" \/>\n<meta property=\"og:url\" content=\"https:\/\/timbersbliss.ee\/toode\/skyspa-moodulspa\/\" \/>\n<meta property=\"og:site_name\" content=\"Timbersbliss\" \/>\n<meta property=\"article:publisher\" content=\"https:\/\/www.facebook.com\/TimbersBliss.ee\" \/>\n<meta property=\"article:modified_time\" content=\"2026-05-11T16:32:32+00:00\" \/>\n<meta property=\"og:image\" content=\"https:\/\/timbersbliss.ee\/wp-content\/uploads\/2026\/05\/TimbersBliss-skyspa-valispa-1176x800.jpg\" \/>\n\t<meta property=\"og:image:width\" content=\"1176\" \/>\n\t<meta property=\"og:image:height\" content=\"800\" \/>\n\t<meta property=\"og:image:type\" content=\"image\/jpeg\" \/>\n<meta name=\"twitter:card\" content=\"summary_large_image\" \/>\n<meta name=\"twitter:label1\" content=\"\u041f\u0440\u0438\u043c\u0435\u0440\u043d\u043e\u0435 \u0432\u0440\u0435\u043c\u044f \u0434\u043b\u044f \u0447\u0442\u0435\u043d\u0438\u044f\" \/>\n\t<meta name=\"twitter:data1\" content=\"3 \u043c\u0438\u043d\u0443\u0442\u044b\" \/>\n<script type=\"application\/ld+json\" class=\"yoast-schema-graph\">{\"@context\":\"https:\\\/\\\/schema.org\",\"@graph\":[{\"@type\":\"WebPage\",\"@id\":\"https:\\\/\\\/timbersbliss.ee\\\/toode\\\/skyspa-moodulspa\\\/\",\"url\":\"https:\\\/\\\/timbersbliss.ee\\\/toode\\\/skyspa-moodulspa\\\/\",\"name\":\"SkySpa Moodulspa \u2013 Modernne Sauna Ja Spa | TimbersBliss\",\"isPartOf\":{\"@id\":\"https:\\\/\\\/timbersbliss.ee\\\/#website\"},\"primaryImageOfPage\":{\"@id\":\"https:\\\/\\\/timbersbliss.ee\\\/toode\\\/skyspa-moodulspa\\\/#primaryimage\"},\"image\":{\"@id\":\"https:\\\/\\\/timbersbliss.ee\\\/toode\\\/skyspa-moodulspa\\\/#primaryimage\"},\"thumbnailUrl\":\"https:\\\/\\\/timbersbliss.ee\\\/wp-content\\\/uploads\\\/2026\\\/05\\\/TimbersBliss-skyspa-valispa.jpg\",\"datePublished\":\"2026-05-10T15:33:35+00:00\",\"dateModified\":\"2026-05-11T16:32:32+00:00\",\"description\":\"SkySpa moodulspa \u00fchendab sauna, k\u00fcmblust\u00fcnni, v\u00e4lik\u00f6\u00f6gi ja puhkeala modernseks p\u00f5hjamaise disainiga spa lahenduseks. T\u00e4ielikult kohandatav moodullahendus.\",\"breadcrumb\":{\"@id\":\"https:\\\/\\\/timbersbliss.ee\\\/toode\\\/skyspa-moodulspa\\\/#breadcrumb\"},\"inLanguage\":\"ru-RU\",\"potentialAction\":[{\"@type\":\"ReadAction\",\"target\":[\"https:\\\/\\\/timbersbliss.ee\\\/toode\\\/skyspa-moodulspa\\\/\"]}]},{\"@type\":\"ImageObject\",\"inLanguage\":\"ru-RU\",\"@id\":\"https:\\\/\\\/timbersbliss.ee\\\/toode\\\/skyspa-moodulspa\\\/#primaryimage\",\"url\":\"https:\\\/\\\/timbersbliss.ee\\\/wp-content\\\/uploads\\\/2026\\\/05\\\/TimbersBliss-skyspa-valispa.jpg\",\"contentUrl\":\"https:\\\/\\\/timbersbliss.ee\\\/wp-content\\\/uploads\\\/2026\\\/05\\\/TimbersBliss-skyspa-valispa.jpg\",\"width\":2000,\"height\":1360,\"caption\":\"TimbersBliss SkySpa moodulspa\"},{\"@type\":\"BreadcrumbList\",\"@id\":\"https:\\\/\\\/timbersbliss.ee\\\/toode\\\/skyspa-moodulspa\\\/#breadcrumb\",\"itemListElement\":[{\"@type\":\"ListItem\",\"position\":1,\"name\":\"\u0442\u0438\u0442\u0443\u043b\u044c\u043d\u0430\u044f \u0441\u0442\u0440\u0430\u043d\u0438\u0446\u0430\",\"item\":\"https:\\\/\\\/timbersbliss.ee\\\/ru\\\/\"},{\"@type\":\"ListItem\",\"position\":2,\"name\":\"\u041c\u0430\u0433\u0430\u0437\u0438\u043d\",\"item\":\"https:\\\/\\\/timbersbliss.ee\\\/ru\\\/%d0%bc%d0%b0%d0%b3%d0%b0%d0%b7%d0%b8%d0%bd\\\/\"},{\"@type\":\"ListItem\",\"position\":3,\"name\":\"SkySpa Moodulspa\"}]},{\"@type\":\"WebSite\",\"@id\":\"https:\\\/\\\/timbersbliss.ee\\\/#website\",\"url\":\"https:\\\/\\\/timbersbliss.ee\\\/\",\"name\":\"Timbersbliss\",\"description\":\"\",\"publisher\":{\"@id\":\"https:\\\/\\\/timbersbliss.ee\\\/#organization\"},\"potentialAction\":[{\"@type\":\"SearchAction\",\"target\":{\"@type\":\"EntryPoint\",\"urlTemplate\":\"https:\\\/\\\/timbersbliss.ee\\\/?s={search_term_string}\"},\"query-input\":{\"@type\":\"PropertyValueSpecification\",\"valueRequired\":true,\"valueName\":\"search_term_string\"}}],\"inLanguage\":\"ru-RU\"},{\"@type\":\"Organization\",\"@id\":\"https:\\\/\\\/timbersbliss.ee\\\/#organization\",\"name\":\"Timbersbliss\",\"url\":\"https:\\\/\\\/timbersbliss.ee\\\/\",\"logo\":{\"@type\":\"ImageObject\",\"inLanguage\":\"ru-RU\",\"@id\":\"https:\\\/\\\/timbersbliss.ee\\\/#\\\/schema\\\/logo\\\/image\\\/\",\"url\":\"https:\\\/\\\/timbersbliss.ee\\\/wp-content\\\/uploads\\\/2024\\\/11\\\/timbersbliss_logo.png\",\"contentUrl\":\"https:\\\/\\\/timbersbliss.ee\\\/wp-content\\\/uploads\\\/2024\\\/11\\\/timbersbliss_logo.png\",\"width\":2364,\"height\":494,\"caption\":\"Timbersbliss\"},\"image\":{\"@id\":\"https:\\\/\\\/timbersbliss.ee\\\/#\\\/schema\\\/logo\\\/image\\\/\"},\"sameAs\":[\"https:\\\/\\\/www.facebook.com\\\/TimbersBliss.ee\",\"https:\\\/\\\/www.instagram.com\\\/timbersbliss\\\/\"]}]}<\/script>\n<!-- \/ Yoast SEO Premium plugin. -->","yoast_head_json":{"title":"SkySpa Moodulspa \u2013 Modernne Sauna Ja Spa | TimbersBliss","description":"SkySpa moodulspa \u00fchendab sauna, k\u00fcmblust\u00fcnni, v\u00e4lik\u00f6\u00f6gi ja puhkeala modernseks p\u00f5hjamaise disainiga spa lahenduseks. T\u00e4ielikult kohandatav moodullahendus.","robots":{"index":"index","follow":"follow","max-snippet":"max-snippet:-1","max-image-preview":"max-image-preview:large","max-video-preview":"max-video-preview:-1"},"canonical":"https:\/\/timbersbliss.ee\/toode\/skyspa-moodulspa\/","og_locale":"ru_RU","og_type":"article","og_title":"SkySpa Moodulspa","og_description":"SkySpa moodulspa \u00fchendab sauna, k\u00fcmblust\u00fcnni, v\u00e4lik\u00f6\u00f6gi ja puhkeala modernseks p\u00f5hjamaise disainiga spa lahenduseks. T\u00e4ielikult kohandatav moodullahendus.","og_url":"https:\/\/timbersbliss.ee\/toode\/skyspa-moodulspa\/","og_site_name":"Timbersbliss","article_publisher":"https:\/\/www.facebook.com\/TimbersBliss.ee","article_modified_time":"2026-05-11T16:32:32+00:00","og_image":[{"width":1176,"height":800,"url":"https:\/\/timbersbliss.ee\/wp-content\/uploads\/2026\/05\/TimbersBliss-skyspa-valispa-1176x800.jpg","type":"image\/jpeg"}],"twitter_card":"summary_large_image","twitter_misc":{"\u041f\u0440\u0438\u043c\u0435\u0440\u043d\u043e\u0435 \u0432\u0440\u0435\u043c\u044f \u0434\u043b\u044f \u0447\u0442\u0435\u043d\u0438\u044f":"3 \u043c\u0438\u043d\u0443\u0442\u044b"},"schema":{"@context":"https:\/\/schema.org","@graph":[{"@type":"WebPage","@id":"https:\/\/timbersbliss.ee\/toode\/skyspa-moodulspa\/","url":"https:\/\/timbersbliss.ee\/toode\/skyspa-moodulspa\/","name":"SkySpa Moodulspa \u2013 Modernne Sauna Ja Spa | TimbersBliss","isPartOf":{"@id":"https:\/\/timbersbliss.ee\/#website"},"primaryImageOfPage":{"@id":"https:\/\/timbersbliss.ee\/toode\/skyspa-moodulspa\/#primaryimage"},"image":{"@id":"https:\/\/timbersbliss.ee\/toode\/skyspa-moodulspa\/#primaryimage"},"thumbnailUrl":"https:\/\/timbersbliss.ee\/wp-content\/uploads\/2026\/05\/TimbersBliss-skyspa-valispa.jpg","datePublished":"2026-05-10T15:33:35+00:00","dateModified":"2026-05-11T16:32:32+00:00","description":"SkySpa moodulspa \u00fchendab sauna, k\u00fcmblust\u00fcnni, v\u00e4lik\u00f6\u00f6gi ja puhkeala modernseks p\u00f5hjamaise disainiga spa lahenduseks. T\u00e4ielikult kohandatav moodullahendus.","breadcrumb":{"@id":"https:\/\/timbersbliss.ee\/toode\/skyspa-moodulspa\/#breadcrumb"},"inLanguage":"ru-RU","potentialAction":[{"@type":"ReadAction","target":["https:\/\/timbersbliss.ee\/toode\/skyspa-moodulspa\/"]}]},{"@type":"ImageObject","inLanguage":"ru-RU","@id":"https:\/\/timbersbliss.ee\/toode\/skyspa-moodulspa\/#primaryimage","url":"https:\/\/timbersbliss.ee\/wp-content\/uploads\/2026\/05\/TimbersBliss-skyspa-valispa.jpg","contentUrl":"https:\/\/timbersbliss.ee\/wp-content\/uploads\/2026\/05\/TimbersBliss-skyspa-valispa.jpg","width":2000,"height":1360,"caption":"TimbersBliss SkySpa moodulspa"},{"@type":"BreadcrumbList","@id":"https:\/\/timbersbliss.ee\/toode\/skyspa-moodulspa\/#breadcrumb","itemListElement":[{"@type":"ListItem","position":1,"name":"\u0442\u0438\u0442\u0443\u043b\u044c\u043d\u0430\u044f \u0441\u0442\u0440\u0430\u043d\u0438\u0446\u0430","item":"https:\/\/timbersbliss.ee\/ru\/"},{"@type":"ListItem","position":2,"name":"\u041c\u0430\u0433\u0430\u0437\u0438\u043d","item":"https:\/\/timbersbliss.ee\/ru\/%d0%bc%d0%b0%d0%b3%d0%b0%d0%b7%d0%b8%d0%bd\/"},{"@type":"ListItem","position":3,"name":"SkySpa Moodulspa"}]},{"@type":"WebSite","@id":"https:\/\/timbersbliss.ee\/#website","url":"https:\/\/timbersbliss.ee\/","name":"Timbersbliss","description":"","publisher":{"@id":"https:\/\/timbersbliss.ee\/#organization"},"potentialAction":[{"@type":"SearchAction","target":{"@type":"EntryPoint","urlTemplate":"https:\/\/timbersbliss.ee\/?s={search_term_string}"},"query-input":{"@type":"PropertyValueSpecification","valueRequired":true,"valueName":"search_term_string"}}],"inLanguage":"ru-RU"},{"@type":"Organization","@id":"https:\/\/timbersbliss.ee\/#organization","name":"Timbersbliss","url":"https:\/\/timbersbliss.ee\/","logo":{"@type":"ImageObject","inLanguage":"ru-RU","@id":"https:\/\/timbersbliss.ee\/#\/schema\/logo\/image\/","url":"https:\/\/timbersbliss.ee\/wp-content\/uploads\/2024\/11\/timbersbliss_logo.png","contentUrl":"https:\/\/timbersbliss.ee\/wp-content\/uploads\/2024\/11\/timbersbliss_logo.png","width":2364,"height":494,"caption":"Timbersbliss"},"image":{"@id":"https:\/\/timbersbliss.ee\/#\/schema\/logo\/image\/"},"sameAs":["https:\/\/www.facebook.com\/TimbersBliss.ee","https:\/\/www.instagram.com\/timbersbliss\/"]}]}},"_links":{"self":[{"href":"https:\/\/timbersbliss.ee\/ru\/wp-json\/wp\/v2\/product\/16473","targetHints":{"allow":["GET"]}}],"collection":[{"href":"https:\/\/timbersbliss.ee\/ru\/wp-json\/wp\/v2\/product"}],"about":[{"href":"https:\/\/timbersbliss.ee\/ru\/wp-json\/wp\/v2\/types\/product"}],"version-history":[{"count":5,"href":"https:\/\/timbersbliss.ee\/ru\/wp-json\/wp\/v2\/product\/16473\/revisions"}],"predecessor-version":[{"id":16504,"href":"https:\/\/timbersbliss.ee\/ru\/wp-json\/wp\/v2\/product\/16473\/revisions\/16504"}],"wp:featuredmedia":[{"embeddable":true,"href":"https:\/\/timbersbliss.ee\/ru\/wp-json\/wp\/v2\/media\/16474"}],"wp:attachment":[{"href":"https:\/\/timbersbliss.ee\/ru\/wp-json\/wp\/v2\/media?parent=16473"}],"wp:term":[{"taxonomy":"product_brand","embeddable":true,"href":"https:\/\/timbersbliss.ee\/ru\/wp-json\/wp\/v2\/product_brand?post=16473"},{"taxonomy":"product_cat","embeddable":true,"href":"https:\/\/timbersbliss.ee\/ru\/wp-json\/wp\/v2\/product_cat?post=16473"},{"taxonomy":"product_tag","embeddable":true,"href":"https:\/\/timbersbliss.ee\/ru\/wp-json\/wp\/v2\/product_tag?post=16473"}],"curies":[{"name":"wp","href":"https:\/\/api.w.org\/{rel}","templated":true}]}}