{"id":15029,"date":"2025-10-06T14:44:21","date_gmt":"2025-10-06T11:44:21","guid":{"rendered":"https:\/\/timbersbliss.ee\/toode\/saunarakennus-bliss-4-912-m%c2%b2\/"},"modified":"2025-10-09T22:19:41","modified_gmt":"2025-10-09T19:19:41","slug":"saunarakennus-bliss-4-912-m%c2%b2","status":"publish","type":"product","link":"https:\/\/timbersbliss.ee\/fi\/tuote\/saunarakennus-bliss-4-912-m%c2%b2\/","title":{"rendered":"Saunarakennus Bliss 4 9,12 m\u00b2"},"content":{"rendered":"<h4><strong>  Tuotteen kuvaus:<\/strong><\/h4>\n<p><strong>  &#8211; Ulkomitat: L3800xP2400xK2600<\/strong><br \/>\n<strong>  &#8211; materiaali on l\u00e4mp\u00f6k\u00e4sitelty\u00e4 puuta, jonka paksuus on 42 mm.<\/strong><br \/>\n<strong>  &#8211; s\u00e4ilytystila: L1850xS2170<\/strong><br \/>\n<strong>  &#8211; eteinen\/k\u00e4yt\u00e4v\u00e4: L1850xS2170<\/strong><br \/>\n<strong>  &#8211; yksi avattava pakettiikkuna L780xK1300 (karkaistu pronssilasi) etusein\u00e4ss\u00e4.<\/strong><br \/>\n<strong>  &#8211; ruostumattomasta ter\u00e4ksest\u00e4 valmistettu ovi kynnyslukolla 1kpl L700xK1900 mitat<\/strong><br \/>\n<strong>  &#8211; makuuhuoneen lattiatangot<\/strong><br \/>\n<strong>  &#8211; kaksikerroksinen L-muotoinen saunap\u00f6yt\u00e4 l\u00e4mp\u00f6k\u00e4sitellyst\u00e4 puusta, k\u00e4sitelty Tikkurilan p\u00f6yt\u00e4\u00f6ljyll\u00e4.<\/strong><br \/>\n<strong>  &#8211; saunan sis\u00e4puoli on k\u00e4sitelty Tikkurilan saunavahalla ja ulkopuoli Woodexin ruskealla puu\u00f6ljyll\u00e4 (tai Remmersin valitsemalla v\u00e4rill\u00e4).<\/strong><br \/>\n<strong>  &#8211; betonil\u00e4mmittimen pohjalevy<\/strong><br \/>\n<strong>  &#8211; verkkokupu Stoveman R-LS13 lasisuljin (l\u00e4mmitys eteisest\u00e4\/k\u00e4yt\u00e4v\u00e4st\u00e4).<\/strong><br \/>\n<strong>  &#8211; keraamiset kivet 80kg<\/strong><br \/>\n<strong>  &#8211; vedenl\u00e4mmityss\u00e4ili\u00f6 30L<\/strong><br \/>\n<strong>  &#8211; modulaarinen savupiippu ruostumatonta ter\u00e4st\u00e4, asennus omistajan teht\u00e4v\u00e4n\u00e4 (savupiipun kanava katossa).<\/strong><br \/>\n<strong>  &#8211; 2 kpl pesuveden tyhjennysaukko lattiassa<\/strong><br \/>\n<strong>  &#8211; 2kpl tuuletusventtiili<\/strong><br \/>\n<strong>  &#8211; musta bitumikermikate<\/strong><br \/>\n<strong>  &#8211; 3kpl ruostumattomasta ter\u00e4ksest\u00e4 valmistettu tanko<\/strong><\/p>\n<h4><strong>Sauna Bliss Sauna Bliss ominaisuudet<\/strong><\/h4>\n<p><strong>Bliss-terassisauna on valmistettu korkealaatuisesta l\u00e4mp\u00f6puusta, joka takaa pitk\u00e4aikaisen kest\u00e4vyyden. Kaikki t\u00e4rkeimm\u00e4t osat, kuten sein\u00e4t, ovet, ikkunat, saunan lauteet ja istuimet, on valmistettu l\u00e4mp\u00f6puusta. Poikkeuksena ovat tukijalat ja istuinrungot, jotka on valmistettu tavanomaisesta havupuusta, koska ne ovat kantavia rakenteita. Istuinrungot viimeistell\u00e4\u00e4n Tikkurilan suoja-aineella ja tukijalat Woodex-\u00f6ljyll\u00e4.   <\/strong><\/p>\n<h4><strong>T\u00e4rkeimm\u00e4t vinkit putkisaunan asentamiseen<\/strong><\/h4>\n<p><strong>* Kiinte\u00e4 alusta &#8211; kiviaines, betoniharkot, laattaperustukset tai terassit luovat vakaan ja hyvin tuuletetun alustan kosteusvaurioiden ja lahon est\u00e4miseksi.<\/strong><\/p>\n<p><strong>*Helppo et\u00e4isyys &#8211; asenna sauna v\u00e4hint\u00e4\u00e4n 3 metrin p\u00e4\u00e4h\u00e4n rakennuksista ja puista kiukaan ja savuhormin turvallisen toiminnan varmistamiseksi.<\/strong><\/p>\n<p><strong>*Puun suojaus &#8211; TimbersBliss O\u00dc:n putkisaunat on k\u00e4sitelty vakiona Woodex-puunsuoja\u00f6ljyll\u00e4 ulkopinnalla ja Tikkurilan saunavahalla sis\u00e4puolella, joka suojaa kosteudelta ja s\u00e4ilytt\u00e4\u00e4 puun.<\/strong><\/p>\n<p><strong>*L\u00e4mmittimen ensimm\u00e4inen l\u00e4mmitys &#8211; Ennen l\u00e4mmittimen asentamista tee ensimm\u00e4inen l\u00e4mmitys ulkona teollisuusmaalien ja \u00f6ljyjen poistamiseksi. N\u00e4in v\u00e4ltyt\u00e4\u00e4n ep\u00e4miellytt\u00e4vilt\u00e4 hajuilta saunassa. <\/strong><\/p>\n<p><strong>*Laattojen asentaminen &#8211; Laatat on hyv\u00e4 pest\u00e4 huolellisesti ennen niiden asentamista. Pesem\u00e4tt\u00f6mist\u00e4 kivist\u00e4 voi irrota pinnasta p\u00f6ly\u00e4, joka yhdess\u00e4 kuuman h\u00f6yryn kanssa voi joutua kehoon ja jopa suuhun, mik\u00e4 aiheuttaa ep\u00e4miellytt\u00e4v\u00e4n kokemuksen. Puhdistamalla varmistat, ett\u00e4 kivet eiv\u00e4t p\u00e4\u00e4st\u00e4 pinnastaan mit\u00e4\u00e4n ei-toivottua ilmaan. N\u00e4in voit nauttia saunan l\u00e4mm\u00f6st\u00e4 huoletta!   <\/strong><\/p>\n<p><strong>*Voit halutessasi valita my\u00f6s eri s\u00e4vyj\u00e4 mieltymyksesi mukaan. Puu kannattaa \u00f6ljyt\u00e4 aika ajoin uudelleen sek\u00e4 sis\u00e4- ett\u00e4 ulkopuolella, jotta sauna pysyy kauniina ja kest\u00e4v\u00e4n\u00e4 monta vuotta. <\/strong><\/p>\n<p><strong>N\u00e4in saunasi kest\u00e4\u00e4 pitk\u00e4\u00e4n ja jokaisesta saunomisesta tulee nautinto!<\/strong><\/p>\n","protected":false},"excerpt":{"rendered":"<p>Tuotteen kuvaus: &#8211; Ulkomitat: L3800xP2400xK2600 &#8211; materiaali on l\u00e4mp\u00f6k\u00e4sitelty\u00e4 puuta, jonka paksuus on 42 mm. &#8211; s\u00e4ilytystila: L1850xS2170 &#8211; eteinen\/k\u00e4yt\u00e4v\u00e4:<\/p>\n","protected":false},"featured_media":14964,"template":"","meta":{"_acf_changed":false,"_glsr_average":0,"_glsr_ranking":0,"_glsr_reviews":0},"product_brand":[],"product_cat":[86],"product_tag":[],"class_list":{"0":"post-15029","1":"product","2":"type-product","3":"status-publish","4":"has-post-thumbnail","6":"product_cat-saunatalot","8":"first","9":"instock","10":"taxable","11":"shipping-taxable","12":"purchasable","13":"product-type-simple"},"acf":[],"yoast_head":"<!-- This site is optimized with the Yoast SEO Premium plugin v27.4 (Yoast SEO v27.4) - https:\/\/yoast.com\/product\/yoast-seo-premium-wordpress\/ -->\n<title>Saunarakennus Bliss 4 9,12 m\u00b2 - Timbersbliss<\/title>\n<meta name=\"description\" content=\"Bliss 4 saunarakennus - energiatehokas, moderni ja kest\u00e4v\u00e4 sauna puutarhaan! Ihanteellinen pienemmille tonteille ja mukavaan rentoutumiseen. Tutustu!\" \/>\n<meta name=\"robots\" content=\"index, follow, max-snippet:-1, max-image-preview:large, max-video-preview:-1\" \/>\n<link rel=\"canonical\" href=\"https:\/\/timbersbliss.ee\/tuote\/saunamaja-bliss-4\/\" \/>\n<meta property=\"og:locale\" content=\"fi_FI\" \/>\n<meta property=\"og:type\" content=\"article\" \/>\n<meta property=\"og:title\" content=\"Saunarakennus Bliss 4 9,12 m\u00b2% TimbersBliss\" \/>\n<meta property=\"og:description\" content=\"Bliss 4 saunarakennus - energiatehokas, moderni ja kest\u00e4v\u00e4 sauna puutarhaan! Ihanteellinen pienemmille tonteille ja mukavaan rentoutumiseen. Tutustu!\" \/>\n<meta property=\"og:url\" content=\"https:\/\/timbersbliss.ee\/tuote\/saunamaja-bliss-4\/\" \/>\n<meta property=\"og:site_name\" content=\"Timbersbliss\" \/>\n<meta property=\"article:publisher\" content=\"https:\/\/www.facebook.com\/TimbersBliss.ee\" \/>\n<meta property=\"article:modified_time\" content=\"2025-10-09T19:19:41+00:00\" \/>\n<meta property=\"og:image\" content=\"https:\/\/timbersbliss.ee\/wp-content\/uploads\/2025\/10\/Saunamaja-Bliss-4-tumepruun-1176x800.jpg\" \/>\n\t<meta property=\"og:image:width\" content=\"1176\" \/>\n\t<meta property=\"og:image:height\" content=\"800\" \/>\n\t<meta property=\"og:image:type\" content=\"image\/jpeg\" \/>\n<meta name=\"twitter:card\" content=\"summary_large_image\" \/>\n<meta name=\"twitter:title\" content=\"Saunarakennus Bliss 4 9,12 m\u00b2\" \/>\n<meta name=\"twitter:label1\" content=\"Arvioitu lukuaika\" \/>\n\t<meta name=\"twitter:data1\" content=\"2 minuuttia\" \/>\n<script type=\"application\/ld+json\" class=\"yoast-schema-graph\">{\"@context\":\"https:\\\/\\\/schema.org\",\"@graph\":[{\"@type\":\"WebPage\",\"@id\":\"https:\\\/\\\/timbersbliss.ee\\\/tuote\\\/saunamaja-bliss-4\\\/\",\"url\":\"https:\\\/\\\/timbersbliss.ee\\\/tuote\\\/saunamaja-bliss-4\\\/\",\"name\":\"Saunarakennus Bliss 4 9,12 m\u00b2 - Timbersbliss\",\"isPartOf\":{\"@id\":\"https:\\\/\\\/timbersbliss.ee\\\/#website\"},\"primaryImageOfPage\":{\"@id\":\"https:\\\/\\\/timbersbliss.ee\\\/tuote\\\/saunamaja-bliss-4\\\/#primaryimage\"},\"image\":{\"@id\":\"https:\\\/\\\/timbersbliss.ee\\\/tuote\\\/saunamaja-bliss-4\\\/#primaryimage\"},\"thumbnailUrl\":\"https:\\\/\\\/timbersbliss.ee\\\/wp-content\\\/uploads\\\/2025\\\/10\\\/Saunamaja-Bliss-4-tumepruun.jpg\",\"datePublished\":\"2025-10-06T11:44:21+00:00\",\"dateModified\":\"2025-10-09T19:19:41+00:00\",\"description\":\"Bliss 4 saunarakennus - energiatehokas, moderni ja kest\u00e4v\u00e4 sauna puutarhaan! Ihanteellinen pienemmille tonteille ja mukavaan rentoutumiseen. Tutustu!\",\"breadcrumb\":{\"@id\":\"https:\\\/\\\/timbersbliss.ee\\\/tuote\\\/saunamaja-bliss-4\\\/#breadcrumb\"},\"inLanguage\":\"fi\",\"potentialAction\":[{\"@type\":\"ReadAction\",\"target\":[\"https:\\\/\\\/timbersbliss.ee\\\/tuote\\\/saunamaja-bliss-4\\\/\"]}]},{\"@type\":\"ImageObject\",\"inLanguage\":\"fi\",\"@id\":\"https:\\\/\\\/timbersbliss.ee\\\/tuote\\\/saunamaja-bliss-4\\\/#primaryimage\",\"url\":\"https:\\\/\\\/timbersbliss.ee\\\/wp-content\\\/uploads\\\/2025\\\/10\\\/Saunamaja-Bliss-4-tumepruun.jpg\",\"contentUrl\":\"https:\\\/\\\/timbersbliss.ee\\\/wp-content\\\/uploads\\\/2025\\\/10\\\/Saunamaja-Bliss-4-tumepruun.jpg\",\"width\":2000,\"height\":1360,\"caption\":\"Saunamaja Bliss \u2014 kaasaegne ja kvaliteetne t\u00fcnnisaun\"},{\"@type\":\"BreadcrumbList\",\"@id\":\"https:\\\/\\\/timbersbliss.ee\\\/tuote\\\/saunamaja-bliss-4\\\/#breadcrumb\",\"itemListElement\":[{\"@type\":\"ListItem\",\"position\":1,\"name\":\"Etusivu\",\"item\":\"https:\\\/\\\/timbersbliss.ee\\\/fi\\\/\"},{\"@type\":\"ListItem\",\"position\":2,\"name\":\"Myym\u00e4l\u00e4\",\"item\":\"https:\\\/\\\/timbersbliss.ee\\\/fi\\\/myymala\\\/\"},{\"@type\":\"ListItem\",\"position\":3,\"name\":\"Saunarakennus Bliss 4 9,12 m\u00b2\"}]},{\"@type\":\"WebSite\",\"@id\":\"https:\\\/\\\/timbersbliss.ee\\\/#website\",\"url\":\"https:\\\/\\\/timbersbliss.ee\\\/\",\"name\":\"Timbersbliss\",\"description\":\"\",\"publisher\":{\"@id\":\"https:\\\/\\\/timbersbliss.ee\\\/#organization\"},\"potentialAction\":[{\"@type\":\"SearchAction\",\"target\":{\"@type\":\"EntryPoint\",\"urlTemplate\":\"https:\\\/\\\/timbersbliss.ee\\\/?s={search_term_string}\"},\"query-input\":{\"@type\":\"PropertyValueSpecification\",\"valueRequired\":true,\"valueName\":\"search_term_string\"}}],\"inLanguage\":\"fi\"},{\"@type\":\"Organization\",\"@id\":\"https:\\\/\\\/timbersbliss.ee\\\/#organization\",\"name\":\"Timbersbliss\",\"url\":\"https:\\\/\\\/timbersbliss.ee\\\/\",\"logo\":{\"@type\":\"ImageObject\",\"inLanguage\":\"fi\",\"@id\":\"https:\\\/\\\/timbersbliss.ee\\\/#\\\/schema\\\/logo\\\/image\\\/\",\"url\":\"https:\\\/\\\/timbersbliss.ee\\\/wp-content\\\/uploads\\\/2024\\\/11\\\/timbersbliss_logo.png\",\"contentUrl\":\"https:\\\/\\\/timbersbliss.ee\\\/wp-content\\\/uploads\\\/2024\\\/11\\\/timbersbliss_logo.png\",\"width\":2364,\"height\":494,\"caption\":\"Timbersbliss\"},\"image\":{\"@id\":\"https:\\\/\\\/timbersbliss.ee\\\/#\\\/schema\\\/logo\\\/image\\\/\"},\"sameAs\":[\"https:\\\/\\\/www.facebook.com\\\/TimbersBliss.ee\",\"https:\\\/\\\/www.instagram.com\\\/timbersbliss\\\/\"]}]}<\/script>\n<!-- \/ Yoast SEO Premium plugin. -->","yoast_head_json":{"title":"Saunarakennus Bliss 4 9,12 m\u00b2 - Timbersbliss","description":"Bliss 4 saunarakennus - energiatehokas, moderni ja kest\u00e4v\u00e4 sauna puutarhaan! Ihanteellinen pienemmille tonteille ja mukavaan rentoutumiseen. Tutustu!","robots":{"index":"index","follow":"follow","max-snippet":"max-snippet:-1","max-image-preview":"max-image-preview:large","max-video-preview":"max-video-preview:-1"},"canonical":"https:\/\/timbersbliss.ee\/tuote\/saunamaja-bliss-4\/","og_locale":"fi_FI","og_type":"article","og_title":"Saunarakennus Bliss 4 9,12 m\u00b2% TimbersBliss","og_description":"Bliss 4 saunarakennus - energiatehokas, moderni ja kest\u00e4v\u00e4 sauna puutarhaan! Ihanteellinen pienemmille tonteille ja mukavaan rentoutumiseen. Tutustu!","og_url":"https:\/\/timbersbliss.ee\/tuote\/saunamaja-bliss-4\/","og_site_name":"Timbersbliss","article_publisher":"https:\/\/www.facebook.com\/TimbersBliss.ee","article_modified_time":"2025-10-09T19:19:41+00:00","og_image":[{"width":1176,"height":800,"url":"https:\/\/timbersbliss.ee\/wp-content\/uploads\/2025\/10\/Saunamaja-Bliss-4-tumepruun-1176x800.jpg","type":"image\/jpeg"}],"twitter_card":"summary_large_image","twitter_title":"Saunarakennus Bliss 4 9,12 m\u00b2","twitter_misc":{"Arvioitu lukuaika":"2 minuuttia"},"schema":{"@context":"https:\/\/schema.org","@graph":[{"@type":"WebPage","@id":"https:\/\/timbersbliss.ee\/tuote\/saunamaja-bliss-4\/","url":"https:\/\/timbersbliss.ee\/tuote\/saunamaja-bliss-4\/","name":"Saunarakennus Bliss 4 9,12 m\u00b2 - Timbersbliss","isPartOf":{"@id":"https:\/\/timbersbliss.ee\/#website"},"primaryImageOfPage":{"@id":"https:\/\/timbersbliss.ee\/tuote\/saunamaja-bliss-4\/#primaryimage"},"image":{"@id":"https:\/\/timbersbliss.ee\/tuote\/saunamaja-bliss-4\/#primaryimage"},"thumbnailUrl":"https:\/\/timbersbliss.ee\/wp-content\/uploads\/2025\/10\/Saunamaja-Bliss-4-tumepruun.jpg","datePublished":"2025-10-06T11:44:21+00:00","dateModified":"2025-10-09T19:19:41+00:00","description":"Bliss 4 saunarakennus - energiatehokas, moderni ja kest\u00e4v\u00e4 sauna puutarhaan! Ihanteellinen pienemmille tonteille ja mukavaan rentoutumiseen. Tutustu!","breadcrumb":{"@id":"https:\/\/timbersbliss.ee\/tuote\/saunamaja-bliss-4\/#breadcrumb"},"inLanguage":"fi","potentialAction":[{"@type":"ReadAction","target":["https:\/\/timbersbliss.ee\/tuote\/saunamaja-bliss-4\/"]}]},{"@type":"ImageObject","inLanguage":"fi","@id":"https:\/\/timbersbliss.ee\/tuote\/saunamaja-bliss-4\/#primaryimage","url":"https:\/\/timbersbliss.ee\/wp-content\/uploads\/2025\/10\/Saunamaja-Bliss-4-tumepruun.jpg","contentUrl":"https:\/\/timbersbliss.ee\/wp-content\/uploads\/2025\/10\/Saunamaja-Bliss-4-tumepruun.jpg","width":2000,"height":1360,"caption":"Saunamaja Bliss \u2014 kaasaegne ja kvaliteetne t\u00fcnnisaun"},{"@type":"BreadcrumbList","@id":"https:\/\/timbersbliss.ee\/tuote\/saunamaja-bliss-4\/#breadcrumb","itemListElement":[{"@type":"ListItem","position":1,"name":"Etusivu","item":"https:\/\/timbersbliss.ee\/fi\/"},{"@type":"ListItem","position":2,"name":"Myym\u00e4l\u00e4","item":"https:\/\/timbersbliss.ee\/fi\/myymala\/"},{"@type":"ListItem","position":3,"name":"Saunarakennus Bliss 4 9,12 m\u00b2"}]},{"@type":"WebSite","@id":"https:\/\/timbersbliss.ee\/#website","url":"https:\/\/timbersbliss.ee\/","name":"Timbersbliss","description":"","publisher":{"@id":"https:\/\/timbersbliss.ee\/#organization"},"potentialAction":[{"@type":"SearchAction","target":{"@type":"EntryPoint","urlTemplate":"https:\/\/timbersbliss.ee\/?s={search_term_string}"},"query-input":{"@type":"PropertyValueSpecification","valueRequired":true,"valueName":"search_term_string"}}],"inLanguage":"fi"},{"@type":"Organization","@id":"https:\/\/timbersbliss.ee\/#organization","name":"Timbersbliss","url":"https:\/\/timbersbliss.ee\/","logo":{"@type":"ImageObject","inLanguage":"fi","@id":"https:\/\/timbersbliss.ee\/#\/schema\/logo\/image\/","url":"https:\/\/timbersbliss.ee\/wp-content\/uploads\/2024\/11\/timbersbliss_logo.png","contentUrl":"https:\/\/timbersbliss.ee\/wp-content\/uploads\/2024\/11\/timbersbliss_logo.png","width":2364,"height":494,"caption":"Timbersbliss"},"image":{"@id":"https:\/\/timbersbliss.ee\/#\/schema\/logo\/image\/"},"sameAs":["https:\/\/www.facebook.com\/TimbersBliss.ee","https:\/\/www.instagram.com\/timbersbliss\/"]}]}},"_links":{"self":[{"href":"https:\/\/timbersbliss.ee\/fi\/wp-json\/wp\/v2\/product\/15029","targetHints":{"allow":["GET"]}}],"collection":[{"href":"https:\/\/timbersbliss.ee\/fi\/wp-json\/wp\/v2\/product"}],"about":[{"href":"https:\/\/timbersbliss.ee\/fi\/wp-json\/wp\/v2\/types\/product"}],"version-history":[{"count":1,"href":"https:\/\/timbersbliss.ee\/fi\/wp-json\/wp\/v2\/product\/15029\/revisions"}],"predecessor-version":[{"id":15033,"href":"https:\/\/timbersbliss.ee\/fi\/wp-json\/wp\/v2\/product\/15029\/revisions\/15033"}],"wp:featuredmedia":[{"embeddable":true,"href":"https:\/\/timbersbliss.ee\/fi\/wp-json\/wp\/v2\/media\/14964"}],"wp:attachment":[{"href":"https:\/\/timbersbliss.ee\/fi\/wp-json\/wp\/v2\/media?parent=15029"}],"wp:term":[{"taxonomy":"product_brand","embeddable":true,"href":"https:\/\/timbersbliss.ee\/fi\/wp-json\/wp\/v2\/product_brand?post=15029"},{"taxonomy":"product_cat","embeddable":true,"href":"https:\/\/timbersbliss.ee\/fi\/wp-json\/wp\/v2\/product_cat?post=15029"},{"taxonomy":"product_tag","embeddable":true,"href":"https:\/\/timbersbliss.ee\/fi\/wp-json\/wp\/v2\/product_tag?post=15029"}],"curies":[{"name":"wp","href":"https:\/\/api.w.org\/{rel}","templated":true}]}}