{"id":14390,"date":"2025-09-02T17:12:33","date_gmt":"2025-09-02T14:12:33","guid":{"rendered":"https:\/\/timbersbliss.ee\/?post_type=product&#038;p=14390"},"modified":"2025-09-02T22:42:28","modified_gmt":"2025-09-02T19:42:28","slug":"autotalli-v8","status":"publish","type":"product","link":"https:\/\/timbersbliss.ee\/fi\/tuote\/autotalli-v8\/","title":{"rendered":"Autotalli V8 (38,25m2)"},"content":{"rendered":"","protected":false},"excerpt":{"rendered":"<h2>Tuotekuvaus:<\/h2>\n<ul>\n<li><strong>Paino: 2150 kg<\/strong><\/li>\n<li><strong>Ulkoiset mitat: 8500 x 4500 cm<\/strong><\/li>\n<li><strong>Kattopinta-ala 24,48 m2<\/strong><\/li>\n<li><strong>Sein\u00e4t 44 mm paksua kuusta<\/strong><\/li>\n<li><strong>Katto 18 mm paksua kuusta<\/strong><\/li>\n<li><strong>Lukittava ovi, mitat 3000 x 2090 x 1 kpl<\/strong><\/li>\n<li><strong>Lukittava kaksinkertainen ovi, mitat 905 x 1900 x 1 kpl (voidaan lasittaa kokonaan)<\/strong><\/li>\n<li><strong>Kaksinkertainen avattava ikkuna, 700 x 970 x 2 kpl<\/strong><\/li>\n<li><strong>Asennukseen tarvittavat ruuvit ja naulat mukana<\/strong><\/li>\n<li><strong>Asennusohjeet<\/strong><\/li>\n<li><strong>Voidaan asentaa peilikuvana<\/strong><\/li>\n<li><strong>Jos haluat, ett\u00e4 autotallisi kest\u00e4\u00e4 pitk\u00e4\u00e4n ja on mukava kaikkina vuodenaikoina, suosittelemme asentamaan sen laattaperustalle. Lattiapohja takaa vakauden, pit\u00e4\u00e4 rakenteen suorana ja suojaa maaper\u00e4n liikkeiden aiheuttamalta vajoamiselta. Suosittelemme my\u00f6s korkealaatuisten puunsuoja-aineiden k\u00e4ytt\u00f6\u00e4 autotallin suojaamiseksi s\u00e4\u00e4lt\u00e4, kosteudelta ja UV-s\u00e4teilylt\u00e4. Puun k\u00e4sittely varmistaa, ett\u00e4 autotallisi pysyy kauniina ja hyv\u00e4ss\u00e4 kunnossa pidemp\u00e4\u00e4n, kest\u00e4\u00e4 sek\u00e4 kylm\u00e4t talvip\u00e4iv\u00e4t ett\u00e4 kuumat kes\u00e4p\u00e4iv\u00e4t. Investoi kest\u00e4vyyteen ja nauti autotallistasi vuosien ajan!<\/strong><\/li>\n<\/ul>\n","protected":false},"featured_media":14358,"template":"","meta":{"_acf_changed":false,"_glsr_average":0,"_glsr_ranking":0,"_glsr_reviews":0},"product_brand":[],"product_cat":[116],"product_tag":[],"class_list":{"0":"post-14390","1":"product","2":"type-product","3":"status-publish","4":"has-post-thumbnail","6":"product_cat-autotallit","8":"first","9":"instock","10":"taxable","11":"shipping-taxable","12":"purchasable","13":"product-type-simple"},"acf":[],"yoast_head":"<!-- This site is optimized with the Yoast SEO Premium plugin v27.4 (Yoast SEO v27.4) - https:\/\/yoast.com\/product\/yoast-seo-premium-wordpress\/ -->\n<title>Autotalli V8 (38,25m2) - Timbersbliss<\/title>\n<meta name=\"robots\" content=\"index, follow, max-snippet:-1, max-image-preview:large, max-video-preview:-1\" \/>\n<link rel=\"canonical\" href=\"https:\/\/timbersbliss.ee\/tuote\/garaaz-v8\/\" \/>\n<meta property=\"og:locale\" content=\"fi_FI\" \/>\n<meta property=\"og:type\" content=\"article\" \/>\n<meta property=\"og:title\" content=\"Autotalli V8 (38,25m2)\" \/>\n<meta property=\"og:description\" content=\"Tuotekuvaus:   Paino: 2150 kg  Ulkoiset mitat: 8500 x 4500 cm  Kattopinta-ala 24,48 m2  Sein\u00e4t 44 mm paksua kuusta  Katto 18 mm paksua kuusta  Lukittava ovi, mitat 3000 x 2090 x 1 kpl  Lukittava kaksinkertainen ovi, mitat 905 x 1900 x 1 kpl (voidaan lasittaa kokonaan)  Kaksinkertainen avattava ikkuna, 700 x 970 x 2 kpl  Asennukseen tarvittavat ruuvit ja naulat mukana  Asennusohjeet  Voidaan asentaa peilikuvana  Jos haluat, ett\u00e4 autotallisi kest\u00e4\u00e4 pitk\u00e4\u00e4n ja on mukava kaikkina vuodenaikoina, suosittelemme asentamaan sen laattaperustalle. Lattiapohja takaa vakauden, pit\u00e4\u00e4 rakenteen suorana ja suojaa maaper\u00e4n liikkeiden aiheuttamalta vajoamiselta. Suosittelemme my\u00f6s korkealaatuisten puunsuoja-aineiden k\u00e4ytt\u00f6\u00e4 autotallin suojaamiseksi s\u00e4\u00e4lt\u00e4, kosteudelta ja UV-s\u00e4teilylt\u00e4. Puun k\u00e4sittely varmistaa, ett\u00e4 autotallisi pysyy kauniina ja hyv\u00e4ss\u00e4 kunnossa pidemp\u00e4\u00e4n, kest\u00e4\u00e4 sek\u00e4 kylm\u00e4t talvip\u00e4iv\u00e4t ett\u00e4 kuumat kes\u00e4p\u00e4iv\u00e4t. Investoi kest\u00e4vyyteen ja nauti autotallistasi vuosien ajan!\" \/>\n<meta property=\"og:url\" content=\"https:\/\/timbersbliss.ee\/tuote\/garaaz-v8\/\" \/>\n<meta property=\"og:site_name\" content=\"Timbersbliss\" \/>\n<meta property=\"article:publisher\" content=\"https:\/\/www.facebook.com\/TimbersBliss.ee\" \/>\n<meta property=\"article:modified_time\" content=\"2025-09-02T19:42:28+00:00\" \/>\n<meta property=\"og:image\" content=\"https:\/\/timbersbliss.ee\/wp-content\/uploads\/2025\/09\/Garaaz-v8-uksevariant1-1176x800.jpg\" \/>\n\t<meta property=\"og:image:width\" content=\"1176\" \/>\n\t<meta property=\"og:image:height\" content=\"800\" \/>\n\t<meta property=\"og:image:type\" content=\"image\/jpeg\" \/>\n<meta name=\"twitter:card\" content=\"summary_large_image\" \/>\n<script type=\"application\/ld+json\" class=\"yoast-schema-graph\">{\"@context\":\"https:\\\/\\\/schema.org\",\"@graph\":[{\"@type\":\"WebPage\",\"@id\":\"https:\\\/\\\/timbersbliss.ee\\\/tuote\\\/garaaz-v8\\\/\",\"url\":\"https:\\\/\\\/timbersbliss.ee\\\/tuote\\\/garaaz-v8\\\/\",\"name\":\"Autotalli V8 (38,25m2) - Timbersbliss\",\"isPartOf\":{\"@id\":\"https:\\\/\\\/timbersbliss.ee\\\/#website\"},\"primaryImageOfPage\":{\"@id\":\"https:\\\/\\\/timbersbliss.ee\\\/tuote\\\/garaaz-v8\\\/#primaryimage\"},\"image\":{\"@id\":\"https:\\\/\\\/timbersbliss.ee\\\/tuote\\\/garaaz-v8\\\/#primaryimage\"},\"thumbnailUrl\":\"https:\\\/\\\/timbersbliss.ee\\\/wp-content\\\/uploads\\\/2025\\\/09\\\/Garaaz-v8-uksevariant1.jpg\",\"datePublished\":\"2025-09-02T14:12:33+00:00\",\"dateModified\":\"2025-09-02T19:42:28+00:00\",\"breadcrumb\":{\"@id\":\"https:\\\/\\\/timbersbliss.ee\\\/tuote\\\/garaaz-v8\\\/#breadcrumb\"},\"inLanguage\":\"fi\",\"potentialAction\":[{\"@type\":\"ReadAction\",\"target\":[\"https:\\\/\\\/timbersbliss.ee\\\/tuote\\\/garaaz-v8\\\/\"]}]},{\"@type\":\"ImageObject\",\"inLanguage\":\"fi\",\"@id\":\"https:\\\/\\\/timbersbliss.ee\\\/tuote\\\/garaaz-v8\\\/#primaryimage\",\"url\":\"https:\\\/\\\/timbersbliss.ee\\\/wp-content\\\/uploads\\\/2025\\\/09\\\/Garaaz-v8-uksevariant1.jpg\",\"contentUrl\":\"https:\\\/\\\/timbersbliss.ee\\\/wp-content\\\/uploads\\\/2025\\\/09\\\/Garaaz-v8-uksevariant1.jpg\",\"width\":2000,\"height\":1360,\"caption\":\"TimbersBliss garaa\u017e \u2014 kaasaegne ja kvaliteetne abihoone\"},{\"@type\":\"BreadcrumbList\",\"@id\":\"https:\\\/\\\/timbersbliss.ee\\\/tuote\\\/garaaz-v8\\\/#breadcrumb\",\"itemListElement\":[{\"@type\":\"ListItem\",\"position\":1,\"name\":\"Etusivu\",\"item\":\"https:\\\/\\\/timbersbliss.ee\\\/fi\\\/\"},{\"@type\":\"ListItem\",\"position\":2,\"name\":\"Myym\u00e4l\u00e4\",\"item\":\"https:\\\/\\\/timbersbliss.ee\\\/fi\\\/myymala\\\/\"},{\"@type\":\"ListItem\",\"position\":3,\"name\":\"Autotalli V8 (38,25m2)\"}]},{\"@type\":\"WebSite\",\"@id\":\"https:\\\/\\\/timbersbliss.ee\\\/#website\",\"url\":\"https:\\\/\\\/timbersbliss.ee\\\/\",\"name\":\"Timbersbliss\",\"description\":\"\",\"publisher\":{\"@id\":\"https:\\\/\\\/timbersbliss.ee\\\/#organization\"},\"potentialAction\":[{\"@type\":\"SearchAction\",\"target\":{\"@type\":\"EntryPoint\",\"urlTemplate\":\"https:\\\/\\\/timbersbliss.ee\\\/?s={search_term_string}\"},\"query-input\":{\"@type\":\"PropertyValueSpecification\",\"valueRequired\":true,\"valueName\":\"search_term_string\"}}],\"inLanguage\":\"fi\"},{\"@type\":\"Organization\",\"@id\":\"https:\\\/\\\/timbersbliss.ee\\\/#organization\",\"name\":\"Timbersbliss\",\"url\":\"https:\\\/\\\/timbersbliss.ee\\\/\",\"logo\":{\"@type\":\"ImageObject\",\"inLanguage\":\"fi\",\"@id\":\"https:\\\/\\\/timbersbliss.ee\\\/#\\\/schema\\\/logo\\\/image\\\/\",\"url\":\"https:\\\/\\\/timbersbliss.ee\\\/wp-content\\\/uploads\\\/2024\\\/11\\\/timbersbliss_logo.png\",\"contentUrl\":\"https:\\\/\\\/timbersbliss.ee\\\/wp-content\\\/uploads\\\/2024\\\/11\\\/timbersbliss_logo.png\",\"width\":2364,\"height\":494,\"caption\":\"Timbersbliss\"},\"image\":{\"@id\":\"https:\\\/\\\/timbersbliss.ee\\\/#\\\/schema\\\/logo\\\/image\\\/\"},\"sameAs\":[\"https:\\\/\\\/www.facebook.com\\\/TimbersBliss.ee\",\"https:\\\/\\\/www.instagram.com\\\/timbersbliss\\\/\"]}]}<\/script>\n<!-- \/ Yoast SEO Premium plugin. -->","yoast_head_json":{"title":"Autotalli V8 (38,25m2) - Timbersbliss","robots":{"index":"index","follow":"follow","max-snippet":"max-snippet:-1","max-image-preview":"max-image-preview:large","max-video-preview":"max-video-preview:-1"},"canonical":"https:\/\/timbersbliss.ee\/tuote\/garaaz-v8\/","og_locale":"fi_FI","og_type":"article","og_title":"Autotalli V8 (38,25m2)","og_description":"Tuotekuvaus:   Paino: 2150 kg  Ulkoiset mitat: 8500 x 4500 cm  Kattopinta-ala 24,48 m2  Sein\u00e4t 44 mm paksua kuusta  Katto 18 mm paksua kuusta  Lukittava ovi, mitat 3000 x 2090 x 1 kpl  Lukittava kaksinkertainen ovi, mitat 905 x 1900 x 1 kpl (voidaan lasittaa kokonaan)  Kaksinkertainen avattava ikkuna, 700 x 970 x 2 kpl  Asennukseen tarvittavat ruuvit ja naulat mukana  Asennusohjeet  Voidaan asentaa peilikuvana  Jos haluat, ett\u00e4 autotallisi kest\u00e4\u00e4 pitk\u00e4\u00e4n ja on mukava kaikkina vuodenaikoina, suosittelemme asentamaan sen laattaperustalle. Lattiapohja takaa vakauden, pit\u00e4\u00e4 rakenteen suorana ja suojaa maaper\u00e4n liikkeiden aiheuttamalta vajoamiselta. Suosittelemme my\u00f6s korkealaatuisten puunsuoja-aineiden k\u00e4ytt\u00f6\u00e4 autotallin suojaamiseksi s\u00e4\u00e4lt\u00e4, kosteudelta ja UV-s\u00e4teilylt\u00e4. Puun k\u00e4sittely varmistaa, ett\u00e4 autotallisi pysyy kauniina ja hyv\u00e4ss\u00e4 kunnossa pidemp\u00e4\u00e4n, kest\u00e4\u00e4 sek\u00e4 kylm\u00e4t talvip\u00e4iv\u00e4t ett\u00e4 kuumat kes\u00e4p\u00e4iv\u00e4t. Investoi kest\u00e4vyyteen ja nauti autotallistasi vuosien ajan!","og_url":"https:\/\/timbersbliss.ee\/tuote\/garaaz-v8\/","og_site_name":"Timbersbliss","article_publisher":"https:\/\/www.facebook.com\/TimbersBliss.ee","article_modified_time":"2025-09-02T19:42:28+00:00","og_image":[{"width":1176,"height":800,"url":"https:\/\/timbersbliss.ee\/wp-content\/uploads\/2025\/09\/Garaaz-v8-uksevariant1-1176x800.jpg","type":"image\/jpeg"}],"twitter_card":"summary_large_image","schema":{"@context":"https:\/\/schema.org","@graph":[{"@type":"WebPage","@id":"https:\/\/timbersbliss.ee\/tuote\/garaaz-v8\/","url":"https:\/\/timbersbliss.ee\/tuote\/garaaz-v8\/","name":"Autotalli V8 (38,25m2) - Timbersbliss","isPartOf":{"@id":"https:\/\/timbersbliss.ee\/#website"},"primaryImageOfPage":{"@id":"https:\/\/timbersbliss.ee\/tuote\/garaaz-v8\/#primaryimage"},"image":{"@id":"https:\/\/timbersbliss.ee\/tuote\/garaaz-v8\/#primaryimage"},"thumbnailUrl":"https:\/\/timbersbliss.ee\/wp-content\/uploads\/2025\/09\/Garaaz-v8-uksevariant1.jpg","datePublished":"2025-09-02T14:12:33+00:00","dateModified":"2025-09-02T19:42:28+00:00","breadcrumb":{"@id":"https:\/\/timbersbliss.ee\/tuote\/garaaz-v8\/#breadcrumb"},"inLanguage":"fi","potentialAction":[{"@type":"ReadAction","target":["https:\/\/timbersbliss.ee\/tuote\/garaaz-v8\/"]}]},{"@type":"ImageObject","inLanguage":"fi","@id":"https:\/\/timbersbliss.ee\/tuote\/garaaz-v8\/#primaryimage","url":"https:\/\/timbersbliss.ee\/wp-content\/uploads\/2025\/09\/Garaaz-v8-uksevariant1.jpg","contentUrl":"https:\/\/timbersbliss.ee\/wp-content\/uploads\/2025\/09\/Garaaz-v8-uksevariant1.jpg","width":2000,"height":1360,"caption":"TimbersBliss garaa\u017e \u2014 kaasaegne ja kvaliteetne abihoone"},{"@type":"BreadcrumbList","@id":"https:\/\/timbersbliss.ee\/tuote\/garaaz-v8\/#breadcrumb","itemListElement":[{"@type":"ListItem","position":1,"name":"Etusivu","item":"https:\/\/timbersbliss.ee\/fi\/"},{"@type":"ListItem","position":2,"name":"Myym\u00e4l\u00e4","item":"https:\/\/timbersbliss.ee\/fi\/myymala\/"},{"@type":"ListItem","position":3,"name":"Autotalli V8 (38,25m2)"}]},{"@type":"WebSite","@id":"https:\/\/timbersbliss.ee\/#website","url":"https:\/\/timbersbliss.ee\/","name":"Timbersbliss","description":"","publisher":{"@id":"https:\/\/timbersbliss.ee\/#organization"},"potentialAction":[{"@type":"SearchAction","target":{"@type":"EntryPoint","urlTemplate":"https:\/\/timbersbliss.ee\/?s={search_term_string}"},"query-input":{"@type":"PropertyValueSpecification","valueRequired":true,"valueName":"search_term_string"}}],"inLanguage":"fi"},{"@type":"Organization","@id":"https:\/\/timbersbliss.ee\/#organization","name":"Timbersbliss","url":"https:\/\/timbersbliss.ee\/","logo":{"@type":"ImageObject","inLanguage":"fi","@id":"https:\/\/timbersbliss.ee\/#\/schema\/logo\/image\/","url":"https:\/\/timbersbliss.ee\/wp-content\/uploads\/2024\/11\/timbersbliss_logo.png","contentUrl":"https:\/\/timbersbliss.ee\/wp-content\/uploads\/2024\/11\/timbersbliss_logo.png","width":2364,"height":494,"caption":"Timbersbliss"},"image":{"@id":"https:\/\/timbersbliss.ee\/#\/schema\/logo\/image\/"},"sameAs":["https:\/\/www.facebook.com\/TimbersBliss.ee","https:\/\/www.instagram.com\/timbersbliss\/"]}]}},"_links":{"self":[{"href":"https:\/\/timbersbliss.ee\/fi\/wp-json\/wp\/v2\/product\/14390","targetHints":{"allow":["GET"]}}],"collection":[{"href":"https:\/\/timbersbliss.ee\/fi\/wp-json\/wp\/v2\/product"}],"about":[{"href":"https:\/\/timbersbliss.ee\/fi\/wp-json\/wp\/v2\/types\/product"}],"version-history":[{"count":1,"href":"https:\/\/timbersbliss.ee\/fi\/wp-json\/wp\/v2\/product\/14390\/revisions"}],"predecessor-version":[{"id":14391,"href":"https:\/\/timbersbliss.ee\/fi\/wp-json\/wp\/v2\/product\/14390\/revisions\/14391"}],"wp:featuredmedia":[{"embeddable":true,"href":"https:\/\/timbersbliss.ee\/fi\/wp-json\/wp\/v2\/media\/14358"}],"wp:attachment":[{"href":"https:\/\/timbersbliss.ee\/fi\/wp-json\/wp\/v2\/media?parent=14390"}],"wp:term":[{"taxonomy":"product_brand","embeddable":true,"href":"https:\/\/timbersbliss.ee\/fi\/wp-json\/wp\/v2\/product_brand?post=14390"},{"taxonomy":"product_cat","embeddable":true,"href":"https:\/\/timbersbliss.ee\/fi\/wp-json\/wp\/v2\/product_cat?post=14390"},{"taxonomy":"product_tag","embeddable":true,"href":"https:\/\/timbersbliss.ee\/fi\/wp-json\/wp\/v2\/product_tag?post=14390"}],"curies":[{"name":"wp","href":"https:\/\/api.w.org\/{rel}","templated":true}]}}