{"id":14288,"date":"2025-09-01T20:00:24","date_gmt":"2025-09-01T17:00:24","guid":{"rendered":"https:\/\/timbersbliss.ee\/?post_type=product&#038;p=14288"},"modified":"2025-09-01T20:00:24","modified_gmt":"2025-09-01T17:00:24","slug":"garaaz-freddy","status":"publish","type":"product","link":"https:\/\/timbersbliss.ee\/fi\/tuote\/garaaz-freddy\/","title":{"rendered":"Garaa\u017e Freddy (33,63m2)"},"content":{"rendered":"","protected":false},"excerpt":{"rendered":"<h2><strong>Toote kirjeldus:<\/strong><\/h2>\n<ul>\n<li><strong>Kaal: 1880 kg<\/strong><\/li>\n<li><strong>V\u00e4lism\u00f5\u00f5tmed: 575 x 585 cm<\/strong><\/li>\n<li><strong>Katuse pindala 44,56m2<\/strong><\/li>\n<li><strong>Seinad valmistatud 44 mm paksusest kuusest<\/strong><\/li>\n<li><strong>Lagi 18 mm paksusest kuusest<\/strong><\/li>\n<li><strong>Lukustatav uks m\u00f5\u00f5tmetega 250 x 200 x 2tk<\/strong><\/li>\n<li><strong>Pakkettklaasiga avatav aken 120 x 90 x 2tk<\/strong><\/li>\n<li><strong>Kaasas kokkupanekuks vajaminevad kruvid ja naelad<\/strong><\/li>\n<li><strong>Kokkupanekujuhend<\/strong><\/li>\n<li><strong>V\u00f5imalik paigaldada peegelpildis<\/strong><\/li>\n<li><strong>Kui soovid, et Sinu garaa\u017e kestaks kaua ja pakuks mugavust igal aastaajal, soovitame paigaldada see plaatvundamendile. Plaatvundament tagab stabiilsuse, hoiab konstruktsiooni sirgena ja kaitseb maapinna liikumisest tingitud vajumiste eest. Lisaks soovitame kasutada kvaliteetseid puidukaitsevahendeid, et kaitsta garaa\u017ei ilmastiku, niiskuse ja UV-kiirguse eest. Puidu t\u00f6\u00f6tlemine tagab, et Sinu garaa\u017e p\u00fcsib kauem kauni ja hooldatuna, olles vastupidav nii talvistele k\u00fclmadele kui ka suvistele kuumadele p\u00e4evadele. Investeeri vastupidavusse ja naudi oma garaa\u017ei aastaid!<\/strong><\/li>\n<\/ul>\n","protected":false},"featured_media":14301,"template":"","meta":{"_acf_changed":false,"_glsr_average":0,"_glsr_ranking":0,"_glsr_reviews":0},"product_brand":[],"product_cat":[71],"product_tag":[],"class_list":{"0":"post-14288","1":"product","2":"type-product","3":"status-publish","4":"has-post-thumbnail","6":"product_cat-aiamajad","8":"first","9":"instock","10":"taxable","11":"shipping-taxable","12":"product-type-simple"},"acf":[],"yoast_head":"<!-- This site is optimized with the Yoast SEO Premium plugin v27.4 (Yoast SEO v27.4) - https:\/\/yoast.com\/product\/yoast-seo-premium-wordpress\/ -->\n<title>Garaa\u017e Freddy (33,63m2) - Timbersbliss<\/title>\n<meta name=\"robots\" content=\"index, follow, max-snippet:-1, max-image-preview:large, max-video-preview:-1\" \/>\n<link rel=\"canonical\" href=\"https:\/\/timbersbliss.ee\/fi\/toode\/garaaz-freddy\/\" \/>\n<meta property=\"og:locale\" content=\"fi_FI\" \/>\n<meta property=\"og:type\" content=\"article\" \/>\n<meta property=\"og:title\" content=\"Garaa\u017e Freddy (33,63m2)\" \/>\n<meta property=\"og:description\" content=\"Toote kirjeldus:   Kaal: 1880 kg  V\u00e4lism\u00f5\u00f5tmed: 575 x 585 cm  Katuse pindala 44,56m2  Seinad valmistatud 44 mm paksusest kuusest  Lagi 18 mm paksusest kuusest  Lukustatav uks m\u00f5\u00f5tmetega 250 x 200 x 2tk  Pakkettklaasiga avatav aken 120 x 90 x 2tk  Kaasas kokkupanekuks vajaminevad kruvid ja naelad  Kokkupanekujuhend  V\u00f5imalik paigaldada peegelpildis  Kui soovid, et Sinu garaa\u017e kestaks kaua ja pakuks mugavust igal aastaajal, soovitame paigaldada see plaatvundamendile. Plaatvundament tagab stabiilsuse, hoiab konstruktsiooni sirgena ja kaitseb maapinna liikumisest tingitud vajumiste eest. Lisaks soovitame kasutada kvaliteetseid puidukaitsevahendeid, et kaitsta garaa\u017ei ilmastiku, niiskuse ja UV-kiirguse eest. Puidu t\u00f6\u00f6tlemine tagab, et Sinu garaa\u017e p\u00fcsib kauem kauni ja hooldatuna, olles vastupidav nii talvistele k\u00fclmadele kui ka suvistele kuumadele p\u00e4evadele. Investeeri vastupidavusse ja naudi oma garaa\u017ei aastaid!\" \/>\n<meta property=\"og:url\" content=\"https:\/\/timbersbliss.ee\/fi\/toode\/garaaz-freddy\/\" \/>\n<meta property=\"og:site_name\" content=\"Timbersbliss\" \/>\n<meta property=\"article:publisher\" content=\"https:\/\/www.facebook.com\/TimbersBliss.ee\" \/>\n<meta property=\"og:image\" content=\"https:\/\/timbersbliss.ee\/wp-content\/uploads\/2025\/09\/Garaaz-Freddy-kaks-ust-1.jpg\" \/>\n\t<meta property=\"og:image:width\" content=\"1196\" \/>\n\t<meta property=\"og:image:height\" content=\"813\" \/>\n\t<meta property=\"og:image:type\" content=\"image\/jpeg\" \/>\n<meta name=\"twitter:card\" content=\"summary_large_image\" \/>\n<meta name=\"twitter:label1\" content=\"Arvioitu lukuaika\" \/>\n\t<meta name=\"twitter:data1\" content=\"1 minuutti\" \/>\n<script type=\"application\/ld+json\" class=\"yoast-schema-graph\">{\"@context\":\"https:\\\/\\\/schema.org\",\"@graph\":[{\"@type\":\"WebPage\",\"@id\":\"https:\\\/\\\/timbersbliss.ee\\\/fi\\\/toode\\\/garaaz-freddy\\\/\",\"url\":\"https:\\\/\\\/timbersbliss.ee\\\/fi\\\/toode\\\/garaaz-freddy\\\/\",\"name\":\"Garaa\u017e Freddy (33,63m2) - Timbersbliss\",\"isPartOf\":{\"@id\":\"https:\\\/\\\/timbersbliss.ee\\\/#website\"},\"primaryImageOfPage\":{\"@id\":\"https:\\\/\\\/timbersbliss.ee\\\/fi\\\/toode\\\/garaaz-freddy\\\/#primaryimage\"},\"image\":{\"@id\":\"https:\\\/\\\/timbersbliss.ee\\\/fi\\\/toode\\\/garaaz-freddy\\\/#primaryimage\"},\"thumbnailUrl\":\"https:\\\/\\\/timbersbliss.ee\\\/wp-content\\\/uploads\\\/2025\\\/09\\\/Garaaz-Freddy-kaks-ust-1.jpg\",\"datePublished\":\"2025-09-01T17:00:24+00:00\",\"breadcrumb\":{\"@id\":\"https:\\\/\\\/timbersbliss.ee\\\/fi\\\/toode\\\/garaaz-freddy\\\/#breadcrumb\"},\"inLanguage\":\"fi\",\"potentialAction\":[{\"@type\":\"ReadAction\",\"target\":[\"https:\\\/\\\/timbersbliss.ee\\\/fi\\\/toode\\\/garaaz-freddy\\\/\"]}]},{\"@type\":\"ImageObject\",\"inLanguage\":\"fi\",\"@id\":\"https:\\\/\\\/timbersbliss.ee\\\/fi\\\/toode\\\/garaaz-freddy\\\/#primaryimage\",\"url\":\"https:\\\/\\\/timbersbliss.ee\\\/wp-content\\\/uploads\\\/2025\\\/09\\\/Garaaz-Freddy-kaks-ust-1.jpg\",\"contentUrl\":\"https:\\\/\\\/timbersbliss.ee\\\/wp-content\\\/uploads\\\/2025\\\/09\\\/Garaaz-Freddy-kaks-ust-1.jpg\",\"width\":1196,\"height\":813},{\"@type\":\"BreadcrumbList\",\"@id\":\"https:\\\/\\\/timbersbliss.ee\\\/fi\\\/toode\\\/garaaz-freddy\\\/#breadcrumb\",\"itemListElement\":[{\"@type\":\"ListItem\",\"position\":1,\"name\":\"Etusivu\",\"item\":\"https:\\\/\\\/timbersbliss.ee\\\/fi\\\/\"},{\"@type\":\"ListItem\",\"position\":2,\"name\":\"Myym\u00e4l\u00e4\",\"item\":\"https:\\\/\\\/timbersbliss.ee\\\/fi\\\/myymala\\\/\"},{\"@type\":\"ListItem\",\"position\":3,\"name\":\"Garaa\u017e Freddy (33,63m2)\"}]},{\"@type\":\"WebSite\",\"@id\":\"https:\\\/\\\/timbersbliss.ee\\\/#website\",\"url\":\"https:\\\/\\\/timbersbliss.ee\\\/\",\"name\":\"Timbersbliss\",\"description\":\"\",\"publisher\":{\"@id\":\"https:\\\/\\\/timbersbliss.ee\\\/#organization\"},\"potentialAction\":[{\"@type\":\"SearchAction\",\"target\":{\"@type\":\"EntryPoint\",\"urlTemplate\":\"https:\\\/\\\/timbersbliss.ee\\\/?s={search_term_string}\"},\"query-input\":{\"@type\":\"PropertyValueSpecification\",\"valueRequired\":true,\"valueName\":\"search_term_string\"}}],\"inLanguage\":\"fi\"},{\"@type\":\"Organization\",\"@id\":\"https:\\\/\\\/timbersbliss.ee\\\/#organization\",\"name\":\"Timbersbliss\",\"url\":\"https:\\\/\\\/timbersbliss.ee\\\/\",\"logo\":{\"@type\":\"ImageObject\",\"inLanguage\":\"fi\",\"@id\":\"https:\\\/\\\/timbersbliss.ee\\\/#\\\/schema\\\/logo\\\/image\\\/\",\"url\":\"https:\\\/\\\/timbersbliss.ee\\\/wp-content\\\/uploads\\\/2024\\\/11\\\/timbersbliss_logo.png\",\"contentUrl\":\"https:\\\/\\\/timbersbliss.ee\\\/wp-content\\\/uploads\\\/2024\\\/11\\\/timbersbliss_logo.png\",\"width\":2364,\"height\":494,\"caption\":\"Timbersbliss\"},\"image\":{\"@id\":\"https:\\\/\\\/timbersbliss.ee\\\/#\\\/schema\\\/logo\\\/image\\\/\"},\"sameAs\":[\"https:\\\/\\\/www.facebook.com\\\/TimbersBliss.ee\",\"https:\\\/\\\/www.instagram.com\\\/timbersbliss\\\/\"]}]}<\/script>\n<!-- \/ Yoast SEO Premium plugin. -->","yoast_head_json":{"title":"Garaa\u017e Freddy (33,63m2) - Timbersbliss","robots":{"index":"index","follow":"follow","max-snippet":"max-snippet:-1","max-image-preview":"max-image-preview:large","max-video-preview":"max-video-preview:-1"},"canonical":"https:\/\/timbersbliss.ee\/fi\/toode\/garaaz-freddy\/","og_locale":"fi_FI","og_type":"article","og_title":"Garaa\u017e Freddy (33,63m2)","og_description":"Toote kirjeldus:   Kaal: 1880 kg  V\u00e4lism\u00f5\u00f5tmed: 575 x 585 cm  Katuse pindala 44,56m2  Seinad valmistatud 44 mm paksusest kuusest  Lagi 18 mm paksusest kuusest  Lukustatav uks m\u00f5\u00f5tmetega 250 x 200 x 2tk  Pakkettklaasiga avatav aken 120 x 90 x 2tk  Kaasas kokkupanekuks vajaminevad kruvid ja naelad  Kokkupanekujuhend  V\u00f5imalik paigaldada peegelpildis  Kui soovid, et Sinu garaa\u017e kestaks kaua ja pakuks mugavust igal aastaajal, soovitame paigaldada see plaatvundamendile. Plaatvundament tagab stabiilsuse, hoiab konstruktsiooni sirgena ja kaitseb maapinna liikumisest tingitud vajumiste eest. Lisaks soovitame kasutada kvaliteetseid puidukaitsevahendeid, et kaitsta garaa\u017ei ilmastiku, niiskuse ja UV-kiirguse eest. Puidu t\u00f6\u00f6tlemine tagab, et Sinu garaa\u017e p\u00fcsib kauem kauni ja hooldatuna, olles vastupidav nii talvistele k\u00fclmadele kui ka suvistele kuumadele p\u00e4evadele. Investeeri vastupidavusse ja naudi oma garaa\u017ei aastaid!","og_url":"https:\/\/timbersbliss.ee\/fi\/toode\/garaaz-freddy\/","og_site_name":"Timbersbliss","article_publisher":"https:\/\/www.facebook.com\/TimbersBliss.ee","og_image":[{"width":1196,"height":813,"url":"https:\/\/timbersbliss.ee\/wp-content\/uploads\/2025\/09\/Garaaz-Freddy-kaks-ust-1.jpg","type":"image\/jpeg"}],"twitter_card":"summary_large_image","twitter_misc":{"Arvioitu lukuaika":"1 minuutti"},"schema":{"@context":"https:\/\/schema.org","@graph":[{"@type":"WebPage","@id":"https:\/\/timbersbliss.ee\/fi\/toode\/garaaz-freddy\/","url":"https:\/\/timbersbliss.ee\/fi\/toode\/garaaz-freddy\/","name":"Garaa\u017e Freddy (33,63m2) - Timbersbliss","isPartOf":{"@id":"https:\/\/timbersbliss.ee\/#website"},"primaryImageOfPage":{"@id":"https:\/\/timbersbliss.ee\/fi\/toode\/garaaz-freddy\/#primaryimage"},"image":{"@id":"https:\/\/timbersbliss.ee\/fi\/toode\/garaaz-freddy\/#primaryimage"},"thumbnailUrl":"https:\/\/timbersbliss.ee\/wp-content\/uploads\/2025\/09\/Garaaz-Freddy-kaks-ust-1.jpg","datePublished":"2025-09-01T17:00:24+00:00","breadcrumb":{"@id":"https:\/\/timbersbliss.ee\/fi\/toode\/garaaz-freddy\/#breadcrumb"},"inLanguage":"fi","potentialAction":[{"@type":"ReadAction","target":["https:\/\/timbersbliss.ee\/fi\/toode\/garaaz-freddy\/"]}]},{"@type":"ImageObject","inLanguage":"fi","@id":"https:\/\/timbersbliss.ee\/fi\/toode\/garaaz-freddy\/#primaryimage","url":"https:\/\/timbersbliss.ee\/wp-content\/uploads\/2025\/09\/Garaaz-Freddy-kaks-ust-1.jpg","contentUrl":"https:\/\/timbersbliss.ee\/wp-content\/uploads\/2025\/09\/Garaaz-Freddy-kaks-ust-1.jpg","width":1196,"height":813},{"@type":"BreadcrumbList","@id":"https:\/\/timbersbliss.ee\/fi\/toode\/garaaz-freddy\/#breadcrumb","itemListElement":[{"@type":"ListItem","position":1,"name":"Etusivu","item":"https:\/\/timbersbliss.ee\/fi\/"},{"@type":"ListItem","position":2,"name":"Myym\u00e4l\u00e4","item":"https:\/\/timbersbliss.ee\/fi\/myymala\/"},{"@type":"ListItem","position":3,"name":"Garaa\u017e Freddy (33,63m2)"}]},{"@type":"WebSite","@id":"https:\/\/timbersbliss.ee\/#website","url":"https:\/\/timbersbliss.ee\/","name":"Timbersbliss","description":"","publisher":{"@id":"https:\/\/timbersbliss.ee\/#organization"},"potentialAction":[{"@type":"SearchAction","target":{"@type":"EntryPoint","urlTemplate":"https:\/\/timbersbliss.ee\/?s={search_term_string}"},"query-input":{"@type":"PropertyValueSpecification","valueRequired":true,"valueName":"search_term_string"}}],"inLanguage":"fi"},{"@type":"Organization","@id":"https:\/\/timbersbliss.ee\/#organization","name":"Timbersbliss","url":"https:\/\/timbersbliss.ee\/","logo":{"@type":"ImageObject","inLanguage":"fi","@id":"https:\/\/timbersbliss.ee\/#\/schema\/logo\/image\/","url":"https:\/\/timbersbliss.ee\/wp-content\/uploads\/2024\/11\/timbersbliss_logo.png","contentUrl":"https:\/\/timbersbliss.ee\/wp-content\/uploads\/2024\/11\/timbersbliss_logo.png","width":2364,"height":494,"caption":"Timbersbliss"},"image":{"@id":"https:\/\/timbersbliss.ee\/#\/schema\/logo\/image\/"},"sameAs":["https:\/\/www.facebook.com\/TimbersBliss.ee","https:\/\/www.instagram.com\/timbersbliss\/"]}]}},"_links":{"self":[{"href":"https:\/\/timbersbliss.ee\/fi\/wp-json\/wp\/v2\/product\/14288","targetHints":{"allow":["GET"]}}],"collection":[{"href":"https:\/\/timbersbliss.ee\/fi\/wp-json\/wp\/v2\/product"}],"about":[{"href":"https:\/\/timbersbliss.ee\/fi\/wp-json\/wp\/v2\/types\/product"}],"version-history":[{"count":2,"href":"https:\/\/timbersbliss.ee\/fi\/wp-json\/wp\/v2\/product\/14288\/revisions"}],"predecessor-version":[{"id":14318,"href":"https:\/\/timbersbliss.ee\/fi\/wp-json\/wp\/v2\/product\/14288\/revisions\/14318"}],"wp:featuredmedia":[{"embeddable":true,"href":"https:\/\/timbersbliss.ee\/fi\/wp-json\/wp\/v2\/media\/14301"}],"wp:attachment":[{"href":"https:\/\/timbersbliss.ee\/fi\/wp-json\/wp\/v2\/media?parent=14288"}],"wp:term":[{"taxonomy":"product_brand","embeddable":true,"href":"https:\/\/timbersbliss.ee\/fi\/wp-json\/wp\/v2\/product_brand?post=14288"},{"taxonomy":"product_cat","embeddable":true,"href":"https:\/\/timbersbliss.ee\/fi\/wp-json\/wp\/v2\/product_cat?post=14288"},{"taxonomy":"product_tag","embeddable":true,"href":"https:\/\/timbersbliss.ee\/fi\/wp-json\/wp\/v2\/product_tag?post=14288"}],"curies":[{"name":"wp","href":"https:\/\/api.w.org\/{rel}","templated":true}]}}