{"id":13185,"date":"2025-03-01T15:57:48","date_gmt":"2025-03-01T13:57:48","guid":{"rendered":"https:\/\/timbersbliss.ee\/toode\/bliss-1-moderni-terrassisauna-1296-m%c2%b2\/"},"modified":"2025-10-07T23:09:00","modified_gmt":"2025-10-07T20:09:00","slug":"bliss-1-moderni-terrassisauna-1296-m%c2%b2","status":"publish","type":"product","link":"https:\/\/timbersbliss.ee\/fi\/tuote\/bliss-1-moderni-terrassisauna-1296-m%c2%b2\/","title":{"rendered":"Saunatalo Bliss 1 12,96 m\u00b2"},"content":{"rendered":"<p><strong>Hinta l\u00e4mp\u00f6k\u00e4sitellyst\u00e4 puusta, paksuus 43 mm 11400 \u20ac<\/strong><\/p>\n<p><strong>Tuotekuvaus:<\/strong><br \/>\n<strong>mitat: P5400xL2400xK2600<\/strong><br \/>\n<strong>h\u00f6yryhuone: P1900xL2170<\/strong><br \/>\n<strong>pukuhuone: L1900xS2170<\/strong><br \/>\n<strong>k\u00e4yt\u00e4v\u00e4\/eteinen: L1400xS2170<\/strong><br \/>\n<strong>etusein\u00e4ss\u00e4 kaksi avattavaa l\u00e4mp\u00f6k\u00e4sitellyst\u00e4 puusta valmistettua ikkunaa, mitat L780x K1300 (karkaistu pronssilasi)<\/strong><br \/>\n<strong>l\u00e4mmityspuusta, ruostumattomasta ter\u00e4ksest\u00e4 valmistetut, lukittavat ovet, 2 kpl, mitat L700xK1900<\/strong><br \/>\n<strong>k\u00e4yt\u00e4v\u00e4ss\u00e4\/eteisess\u00e4 avattava l\u00e4mmityspuusta valmistettu istuinpenkki<\/strong><br \/>\n<strong>pukuhuoneessa avattava l\u00e4mmityspuusta valmistettu istuinpenkki<\/strong><br \/>\n<strong>saunassa l\u00e4mmityspuusta valmistetut lattialistat<\/strong><br \/>\n<strong>kaksiportainen L-muotoinen saunapenkki l\u00e4mp\u00f6k\u00e4sitellyst\u00e4 puusta<\/strong><br \/>\n<strong>sauna on sis\u00e4puolelta k\u00e4sitelty Tikkurila-saunavahalla ja ulkopuolelta Woodex-puun\u00f6ljyll\u00e4<\/strong><br \/>\n<strong>kiukaan pohjalevy betonista<\/strong><br \/>\n<strong>verkki Stoveman R13 lasiluukulla<\/strong><br \/>\n<strong>kiukaan kivet 80 kg<\/strong><br \/>\n<strong>vesivaraaja 30 l<\/strong><br \/>\n<strong>moduulipiippu ruostumattomasta ter\u00e4ksest\u00e4, asennus on teht\u00e4v\u00e4 itse (katossa on l\u00e4pivienti piipulle)<\/strong><br \/>\n<strong>lattiassa on 2 kpl pesuveden viem\u00e4riaukkoa<\/strong><br \/>\n<strong>4 kpl tuuletusluukkua<\/strong><br \/>\n<strong>katto mustasta bitumikattopellist\u00e4, mukana kattopaperin reunan alle tippalistat<\/strong><br \/>\n<strong>3 kpl ruostumattomasta ter\u00e4ksest\u00e4 valmistettua vitsaa<\/strong><br \/>\n<strong>SAUNA TOIMITETAAN T\u00c4YSIN KOKOONPANOITUNA<\/strong><\/p>\n<p><strong>LIS\u00c4VARUSTEET:<\/strong><br \/>\n<strong>vedenpit\u00e4v\u00e4 lattia<\/strong><\/p>\n<p><strong>s\u00e4hk\u00f6kattila<\/strong><\/p>\n<p><strong>valaistus<\/strong><\/p>\n<p><strong>lasiovi tai ovi + kaksi ikkunaa k\u00e4yt\u00e4v\u00e4\u00e4n\/eteiseen<\/strong><\/p>\n<p><strong>saunaradio<\/strong><\/p>\n<p><strong>Sauna Blissin ominaisuudet<\/strong><br \/>\n<strong>Terassisauna Bliss on valmistettu korkealaatuisesta l\u00e4mp\u00f6puusta, joka takaa pitk\u00e4aikaisen kest\u00e4vyyden. Kaikki peruselementit, mukaan lukien sein\u00e4t, ovet, ikkunat, saunan lauta ja istuimet, on valmistettu l\u00e4mp\u00f6puusta. Poikkeuksena ovat tukijalat ja istuinten rungot, jotka on valmistettu tavallisesta havupuusta, koska ne ovat kantavia rakenteita. Istuinten rungot on viimeistelty Tikkurilan suojausaineella ja tukijalat Woodex-\u00f6ljyll\u00e4.<\/strong><\/p>\n<p><strong>T\u00e4rkeimm\u00e4t vinkit putkisaunan asentamiseen<\/strong><br \/>\n<strong>*Vankka alusta \u2013 kiviaines, betonilohkot, laattaperusta tai terassi luovat vakaan ja hyvin tuulettuvan alustan, joka auttaa est\u00e4m\u00e4\u00e4n puun kosteusvaurioita ja lahoamista.<\/strong><\/p>\n<p><strong>*Turvallinen et\u00e4isyys \u2013 asenna sauna v\u00e4hint\u00e4\u00e4n 3 metrin p\u00e4\u00e4h\u00e4n rakennuksista ja puista, jotta kiuas ja savupiippu toimivat turvallisesti.<\/strong><\/p>\n<p><strong>*Puunsuojaus \u2013 TimbersBliss O\u00dc:n putkisaunat on vakiona k\u00e4sitelty ulkopuolelta Woodex-puunsuojaus\u00f6ljyll\u00e4 ja sis\u00e4puolelta Tikkurila-saunavahalla, joka suojaa kosteudelta ja s\u00e4ilytt\u00e4\u00e4 puun.<\/strong><\/p>\n<p><strong>*Kattilan ensimm\u00e4isen l\u00e4mmitt\u00e4minen \u2013 ennen kattilan asentamista l\u00e4mmit\u00e4 se ensin ulkona, jotta teolliset maalit ja \u00f6ljyt poistuvat. N\u00e4in v\u00e4lt\u00e4t ep\u00e4miellytt\u00e4v\u00e4n hajun saunassa.<\/strong><\/p>\n<p><strong>*Kattilakivien asennus \u2013 ennen kattilakivien asentamista on suositeltavaa pest\u00e4 ne huolellisesti. Pesem\u00e4tt\u00f6mist\u00e4 kivist\u00e4 voi irrota p\u00f6ly\u00e4, joka voi kuuman h\u00f6yryn mukana joutua kehoon ja jopa suuhun, mik\u00e4 aiheuttaa ep\u00e4miellytt\u00e4v\u00e4n kokemuksen. Puhdistamalla varmistat, ett\u00e4 kivist\u00e4 ei irtoa niiden pinnalta mit\u00e4\u00e4n ei-toivottua ilmaan. N\u00e4in voit nauttia h\u00f6yrysaunan l\u00e4mm\u00f6st\u00e4 huoletta!<\/strong><\/p>\n<p><strong>*Halutessasi voit valita my\u00f6s erilaisia s\u00e4vyj\u00e4 oman mieltymyksesi mukaan. Puuta on suositeltavaa \u00f6ljyt\u00e4 ajoittain sek\u00e4 sis\u00e4- ett\u00e4 ulkopuolelta, jotta sauna pysyy kauniina ja kest\u00e4v\u00e4n\u00e4 vuosien ajan.<\/strong><\/p>\n<p><strong>N\u00e4in putkisaunasi kest\u00e4\u00e4 pitk\u00e4\u00e4n ja jokainen saunakerta on miellytt\u00e4v\u00e4!<\/strong><\/p>\n","protected":false},"excerpt":{"rendered":"<p>Hinta l\u00e4mp\u00f6k\u00e4sitellyst\u00e4 puusta, paksuus 43 mm 11400 \u20ac Tuotekuvaus: mitat: P5400xL2400xK2600 h\u00f6yryhuone: P1900xL2170 pukuhuone: L1900xS2170 k\u00e4yt\u00e4v\u00e4\/eteinen: L1400xS2170 etusein\u00e4ss\u00e4 kaksi avattavaa<\/p>\n","protected":false},"featured_media":12327,"template":"","meta":{"_acf_changed":false,"_glsr_average":0,"_glsr_ranking":0,"_glsr_reviews":0},"product_brand":[],"product_cat":[86],"product_tag":[],"class_list":{"0":"post-13185","1":"product","2":"type-product","3":"status-publish","4":"has-post-thumbnail","6":"product_cat-saunatalot","8":"first","9":"instock","10":"taxable","11":"shipping-taxable","12":"purchasable","13":"product-type-simple"},"acf":[],"yoast_head":"<!-- This site is optimized with the Yoast SEO Premium plugin v27.4 (Yoast SEO v27.4) - https:\/\/yoast.com\/product\/yoast-seo-premium-wordpress\/ -->\n<title>Saunatalo Bliss 1 12,96 m\u00b2 - Timbersbliss<\/title>\n<meta name=\"robots\" content=\"index, follow, max-snippet:-1, max-image-preview:large, max-video-preview:-1\" \/>\n<link rel=\"canonical\" href=\"https:\/\/timbersbliss.ee\/tuote\/saunamaja-bliss-1\/\" \/>\n<meta property=\"og:locale\" content=\"fi_FI\" \/>\n<meta property=\"og:type\" content=\"article\" \/>\n<meta property=\"og:title\" content=\"Saunatalo Bliss 1 12,96 m\u00b2\" \/>\n<meta property=\"og:description\" content=\"Hinta l\u00e4mp\u00f6k\u00e4sitellyst\u00e4 puusta, paksuus 43 mm 11400 \u20ac Tuotekuvaus: mitat: P5400xL2400xK2600 h\u00f6yryhuone: P1900xL2170 pukuhuone: L1900xS2170 k\u00e4yt\u00e4v\u00e4\/eteinen: L1400xS2170 etusein\u00e4ss\u00e4 kaksi avattavaa\" \/>\n<meta property=\"og:url\" content=\"https:\/\/timbersbliss.ee\/tuote\/saunamaja-bliss-1\/\" \/>\n<meta property=\"og:site_name\" content=\"Timbersbliss\" \/>\n<meta property=\"article:publisher\" content=\"https:\/\/www.facebook.com\/TimbersBliss.ee\" \/>\n<meta property=\"article:modified_time\" content=\"2025-10-07T20:09:00+00:00\" \/>\n<meta property=\"og:image\" content=\"https:\/\/timbersbliss.ee\/wp-content\/uploads\/2025\/03\/Terrassisaun-Bliss1-1-1176x800.jpg\" \/>\n\t<meta property=\"og:image:width\" content=\"1176\" \/>\n\t<meta property=\"og:image:height\" content=\"800\" \/>\n\t<meta property=\"og:image:type\" content=\"image\/jpeg\" \/>\n<meta name=\"twitter:card\" content=\"summary_large_image\" \/>\n<meta name=\"twitter:label1\" content=\"Arvioitu lukuaika\" \/>\n\t<meta name=\"twitter:data1\" content=\"2 minuuttia\" \/>\n<script type=\"application\/ld+json\" class=\"yoast-schema-graph\">{\"@context\":\"https:\\\/\\\/schema.org\",\"@graph\":[{\"@type\":\"WebPage\",\"@id\":\"https:\\\/\\\/timbersbliss.ee\\\/tuote\\\/saunamaja-bliss-1\\\/\",\"url\":\"https:\\\/\\\/timbersbliss.ee\\\/tuote\\\/saunamaja-bliss-1\\\/\",\"name\":\"Saunatalo Bliss 1 12,96 m\u00b2 - Timbersbliss\",\"isPartOf\":{\"@id\":\"https:\\\/\\\/timbersbliss.ee\\\/#website\"},\"primaryImageOfPage\":{\"@id\":\"https:\\\/\\\/timbersbliss.ee\\\/tuote\\\/saunamaja-bliss-1\\\/#primaryimage\"},\"image\":{\"@id\":\"https:\\\/\\\/timbersbliss.ee\\\/tuote\\\/saunamaja-bliss-1\\\/#primaryimage\"},\"thumbnailUrl\":\"https:\\\/\\\/timbersbliss.ee\\\/wp-content\\\/uploads\\\/2025\\\/03\\\/Terrassisaun-Bliss1-1.jpg\",\"datePublished\":\"2025-03-01T13:57:48+00:00\",\"dateModified\":\"2025-10-07T20:09:00+00:00\",\"breadcrumb\":{\"@id\":\"https:\\\/\\\/timbersbliss.ee\\\/tuote\\\/saunamaja-bliss-1\\\/#breadcrumb\"},\"inLanguage\":\"fi\",\"potentialAction\":[{\"@type\":\"ReadAction\",\"target\":[\"https:\\\/\\\/timbersbliss.ee\\\/tuote\\\/saunamaja-bliss-1\\\/\"]}]},{\"@type\":\"ImageObject\",\"inLanguage\":\"fi\",\"@id\":\"https:\\\/\\\/timbersbliss.ee\\\/tuote\\\/saunamaja-bliss-1\\\/#primaryimage\",\"url\":\"https:\\\/\\\/timbersbliss.ee\\\/wp-content\\\/uploads\\\/2025\\\/03\\\/Terrassisaun-Bliss1-1.jpg\",\"contentUrl\":\"https:\\\/\\\/timbersbliss.ee\\\/wp-content\\\/uploads\\\/2025\\\/03\\\/Terrassisaun-Bliss1-1.jpg\",\"width\":2000,\"height\":1360,\"caption\":\"TimbersBliss saunamaja \u2014 kaasaegne ja kvaliteetne t\u00fcnnisaun\"},{\"@type\":\"BreadcrumbList\",\"@id\":\"https:\\\/\\\/timbersbliss.ee\\\/tuote\\\/saunamaja-bliss-1\\\/#breadcrumb\",\"itemListElement\":[{\"@type\":\"ListItem\",\"position\":1,\"name\":\"Etusivu\",\"item\":\"https:\\\/\\\/timbersbliss.ee\\\/fi\\\/\"},{\"@type\":\"ListItem\",\"position\":2,\"name\":\"Myym\u00e4l\u00e4\",\"item\":\"https:\\\/\\\/timbersbliss.ee\\\/fi\\\/myymala\\\/\"},{\"@type\":\"ListItem\",\"position\":3,\"name\":\"Saunatalo Bliss 1 12,96 m\u00b2\"}]},{\"@type\":\"WebSite\",\"@id\":\"https:\\\/\\\/timbersbliss.ee\\\/#website\",\"url\":\"https:\\\/\\\/timbersbliss.ee\\\/\",\"name\":\"Timbersbliss\",\"description\":\"\",\"publisher\":{\"@id\":\"https:\\\/\\\/timbersbliss.ee\\\/#organization\"},\"potentialAction\":[{\"@type\":\"SearchAction\",\"target\":{\"@type\":\"EntryPoint\",\"urlTemplate\":\"https:\\\/\\\/timbersbliss.ee\\\/?s={search_term_string}\"},\"query-input\":{\"@type\":\"PropertyValueSpecification\",\"valueRequired\":true,\"valueName\":\"search_term_string\"}}],\"inLanguage\":\"fi\"},{\"@type\":\"Organization\",\"@id\":\"https:\\\/\\\/timbersbliss.ee\\\/#organization\",\"name\":\"Timbersbliss\",\"url\":\"https:\\\/\\\/timbersbliss.ee\\\/\",\"logo\":{\"@type\":\"ImageObject\",\"inLanguage\":\"fi\",\"@id\":\"https:\\\/\\\/timbersbliss.ee\\\/#\\\/schema\\\/logo\\\/image\\\/\",\"url\":\"https:\\\/\\\/timbersbliss.ee\\\/wp-content\\\/uploads\\\/2024\\\/11\\\/timbersbliss_logo.png\",\"contentUrl\":\"https:\\\/\\\/timbersbliss.ee\\\/wp-content\\\/uploads\\\/2024\\\/11\\\/timbersbliss_logo.png\",\"width\":2364,\"height\":494,\"caption\":\"Timbersbliss\"},\"image\":{\"@id\":\"https:\\\/\\\/timbersbliss.ee\\\/#\\\/schema\\\/logo\\\/image\\\/\"},\"sameAs\":[\"https:\\\/\\\/www.facebook.com\\\/TimbersBliss.ee\",\"https:\\\/\\\/www.instagram.com\\\/timbersbliss\\\/\"]}]}<\/script>\n<!-- \/ Yoast SEO Premium plugin. -->","yoast_head_json":{"title":"Saunatalo Bliss 1 12,96 m\u00b2 - Timbersbliss","robots":{"index":"index","follow":"follow","max-snippet":"max-snippet:-1","max-image-preview":"max-image-preview:large","max-video-preview":"max-video-preview:-1"},"canonical":"https:\/\/timbersbliss.ee\/tuote\/saunamaja-bliss-1\/","og_locale":"fi_FI","og_type":"article","og_title":"Saunatalo Bliss 1 12,96 m\u00b2","og_description":"Hinta l\u00e4mp\u00f6k\u00e4sitellyst\u00e4 puusta, paksuus 43 mm 11400 \u20ac Tuotekuvaus: mitat: P5400xL2400xK2600 h\u00f6yryhuone: P1900xL2170 pukuhuone: L1900xS2170 k\u00e4yt\u00e4v\u00e4\/eteinen: L1400xS2170 etusein\u00e4ss\u00e4 kaksi avattavaa","og_url":"https:\/\/timbersbliss.ee\/tuote\/saunamaja-bliss-1\/","og_site_name":"Timbersbliss","article_publisher":"https:\/\/www.facebook.com\/TimbersBliss.ee","article_modified_time":"2025-10-07T20:09:00+00:00","og_image":[{"width":1176,"height":800,"url":"https:\/\/timbersbliss.ee\/wp-content\/uploads\/2025\/03\/Terrassisaun-Bliss1-1-1176x800.jpg","type":"image\/jpeg"}],"twitter_card":"summary_large_image","twitter_misc":{"Arvioitu lukuaika":"2 minuuttia"},"schema":{"@context":"https:\/\/schema.org","@graph":[{"@type":"WebPage","@id":"https:\/\/timbersbliss.ee\/tuote\/saunamaja-bliss-1\/","url":"https:\/\/timbersbliss.ee\/tuote\/saunamaja-bliss-1\/","name":"Saunatalo Bliss 1 12,96 m\u00b2 - Timbersbliss","isPartOf":{"@id":"https:\/\/timbersbliss.ee\/#website"},"primaryImageOfPage":{"@id":"https:\/\/timbersbliss.ee\/tuote\/saunamaja-bliss-1\/#primaryimage"},"image":{"@id":"https:\/\/timbersbliss.ee\/tuote\/saunamaja-bliss-1\/#primaryimage"},"thumbnailUrl":"https:\/\/timbersbliss.ee\/wp-content\/uploads\/2025\/03\/Terrassisaun-Bliss1-1.jpg","datePublished":"2025-03-01T13:57:48+00:00","dateModified":"2025-10-07T20:09:00+00:00","breadcrumb":{"@id":"https:\/\/timbersbliss.ee\/tuote\/saunamaja-bliss-1\/#breadcrumb"},"inLanguage":"fi","potentialAction":[{"@type":"ReadAction","target":["https:\/\/timbersbliss.ee\/tuote\/saunamaja-bliss-1\/"]}]},{"@type":"ImageObject","inLanguage":"fi","@id":"https:\/\/timbersbliss.ee\/tuote\/saunamaja-bliss-1\/#primaryimage","url":"https:\/\/timbersbliss.ee\/wp-content\/uploads\/2025\/03\/Terrassisaun-Bliss1-1.jpg","contentUrl":"https:\/\/timbersbliss.ee\/wp-content\/uploads\/2025\/03\/Terrassisaun-Bliss1-1.jpg","width":2000,"height":1360,"caption":"TimbersBliss saunamaja \u2014 kaasaegne ja kvaliteetne t\u00fcnnisaun"},{"@type":"BreadcrumbList","@id":"https:\/\/timbersbliss.ee\/tuote\/saunamaja-bliss-1\/#breadcrumb","itemListElement":[{"@type":"ListItem","position":1,"name":"Etusivu","item":"https:\/\/timbersbliss.ee\/fi\/"},{"@type":"ListItem","position":2,"name":"Myym\u00e4l\u00e4","item":"https:\/\/timbersbliss.ee\/fi\/myymala\/"},{"@type":"ListItem","position":3,"name":"Saunatalo Bliss 1 12,96 m\u00b2"}]},{"@type":"WebSite","@id":"https:\/\/timbersbliss.ee\/#website","url":"https:\/\/timbersbliss.ee\/","name":"Timbersbliss","description":"","publisher":{"@id":"https:\/\/timbersbliss.ee\/#organization"},"potentialAction":[{"@type":"SearchAction","target":{"@type":"EntryPoint","urlTemplate":"https:\/\/timbersbliss.ee\/?s={search_term_string}"},"query-input":{"@type":"PropertyValueSpecification","valueRequired":true,"valueName":"search_term_string"}}],"inLanguage":"fi"},{"@type":"Organization","@id":"https:\/\/timbersbliss.ee\/#organization","name":"Timbersbliss","url":"https:\/\/timbersbliss.ee\/","logo":{"@type":"ImageObject","inLanguage":"fi","@id":"https:\/\/timbersbliss.ee\/#\/schema\/logo\/image\/","url":"https:\/\/timbersbliss.ee\/wp-content\/uploads\/2024\/11\/timbersbliss_logo.png","contentUrl":"https:\/\/timbersbliss.ee\/wp-content\/uploads\/2024\/11\/timbersbliss_logo.png","width":2364,"height":494,"caption":"Timbersbliss"},"image":{"@id":"https:\/\/timbersbliss.ee\/#\/schema\/logo\/image\/"},"sameAs":["https:\/\/www.facebook.com\/TimbersBliss.ee","https:\/\/www.instagram.com\/timbersbliss\/"]}]}},"_links":{"self":[{"href":"https:\/\/timbersbliss.ee\/fi\/wp-json\/wp\/v2\/product\/13185","targetHints":{"allow":["GET"]}}],"collection":[{"href":"https:\/\/timbersbliss.ee\/fi\/wp-json\/wp\/v2\/product"}],"about":[{"href":"https:\/\/timbersbliss.ee\/fi\/wp-json\/wp\/v2\/types\/product"}],"version-history":[{"count":1,"href":"https:\/\/timbersbliss.ee\/fi\/wp-json\/wp\/v2\/product\/13185\/revisions"}],"predecessor-version":[{"id":15018,"href":"https:\/\/timbersbliss.ee\/fi\/wp-json\/wp\/v2\/product\/13185\/revisions\/15018"}],"wp:featuredmedia":[{"embeddable":true,"href":"https:\/\/timbersbliss.ee\/fi\/wp-json\/wp\/v2\/media\/12327"}],"wp:attachment":[{"href":"https:\/\/timbersbliss.ee\/fi\/wp-json\/wp\/v2\/media?parent=13185"}],"wp:term":[{"taxonomy":"product_brand","embeddable":true,"href":"https:\/\/timbersbliss.ee\/fi\/wp-json\/wp\/v2\/product_brand?post=13185"},{"taxonomy":"product_cat","embeddable":true,"href":"https:\/\/timbersbliss.ee\/fi\/wp-json\/wp\/v2\/product_cat?post=13185"},{"taxonomy":"product_tag","embeddable":true,"href":"https:\/\/timbersbliss.ee\/fi\/wp-json\/wp\/v2\/product_tag?post=13185"}],"curies":[{"name":"wp","href":"https:\/\/api.w.org\/{rel}","templated":true}]}}