{"id":11159,"date":"2024-04-04T22:44:14","date_gmt":"2024-04-04T19:44:14","guid":{"rendered":"https:\/\/nordtimber.ee\/toode\/saun-city1\/"},"modified":"2025-10-09T22:19:35","modified_gmt":"2025-10-09T19:19:35","slug":"sauna-city1","status":"publish","type":"product","link":"https:\/\/timbersbliss.ee\/fi\/tuote\/sauna-city1\/","title":{"rendered":"Terassisauna City1 5,52m\u00b2"},"content":{"rendered":"<h2>Setti sis\u00e4lt\u00e4\u00e4:<\/h2>\n<p><strong>-Ulkomitat: 2225mm x 2480mm.<\/strong><br \/>\n<strong>-Sein\u00e4t on valmistettu 44mm paksusta kuusipuusta.<\/strong><br \/>\n<strong>-Lounge-lattia on valmistettu vedenpit\u00e4v\u00e4st\u00e4 vanerista,<\/strong><br \/>\n<strong>vesiputous+lattiatangot<\/strong><br \/>\n<strong>-katto eristetty FINNFOAM FF-PIR 30mm SAUNA<\/strong><br \/>\n<strong>-Kaksiportainen saunap\u00f6yt\u00e4 l\u00e4mp\u00f6k\u00e4sitellyst\u00e4 kuusesta nro.1 vakio suorareunainen saunap\u00f6yt\u00e4.<\/strong><br \/>\n<strong>saunan hinta<\/strong><br \/>\n<strong>-Lukittava lasitettu ovi 700 x 1900 pronssi karkaistu<\/strong><br \/>\n<strong>Lasi<\/strong><br \/>\n<strong>-Lounge-ikkuna, jonka mitat ovat 1825 x 2030 pronssi karkaistua lasia<\/strong><br \/>\n<strong>-sauna k\u00e4sitell\u00e4\u00e4n sis\u00e4lt\u00e4 SUPI-saunavahalla, s\u00e4vy asiakkaan valinnan mukaan.<\/strong><br \/>\n<strong>-sauna on k\u00e4sitelty ulkopuolelta Remmersin lasitteella, s\u00e4vy asiakkaan valinnan mukaan.<\/strong><br \/>\n<strong>-2 tuuletusluukut<\/strong><br \/>\n<strong>-rungon betoninen peruslaatta.<\/strong><br \/>\n<strong>-Stoveman 13 verkkokalvo lasiluukulla, kivitavaraa.<\/strong><br \/>\n<strong>-modulaarinen savupiippu ruostumatonta ter\u00e4st\u00e4, vedenl\u00e4mmityss\u00e4ili\u00f6 30L<\/strong><br \/>\n<strong>-katto Icopal-rullamateriaali<\/strong><br \/>\n<strong>-Takasein\u00e4n sadevesij\u00e4rjestelm\u00e4, kantava tai py\u00f6re\u00e4, profiili ja s\u00e4vy asiakkaan mukaan.<\/strong><br \/>\n<strong>valitsemalla<\/strong><\/p>\n","protected":false},"excerpt":{"rendered":"<p>Setti sis\u00e4lt\u00e4\u00e4: -Ulkomitat: 2225mm x 2480mm. -Sein\u00e4t on valmistettu 44mm paksusta kuusipuusta. -Lounge-lattia on valmistettu vedenpit\u00e4v\u00e4st\u00e4 vanerista, vesiputous+lattiatangot -katto eristetty<\/p>\n","protected":false},"featured_media":12790,"template":"","meta":{"_acf_changed":false,"_glsr_average":0,"_glsr_ranking":0,"_glsr_reviews":0},"product_brand":[],"product_cat":[86],"product_tag":[],"class_list":{"0":"post-11159","1":"product","2":"type-product","3":"status-publish","4":"has-post-thumbnail","6":"product_cat-saunatalot","8":"first","9":"instock","10":"taxable","11":"shipping-taxable","12":"purchasable","13":"product-type-variable"},"acf":[],"yoast_head":"<!-- This site is optimized with the Yoast SEO Premium plugin v27.4 (Yoast SEO v27.4) - https:\/\/yoast.com\/product\/yoast-seo-premium-wordpress\/ -->\n<title>Terassisauna City1 5,52m\u00b2 - Timbersbliss<\/title>\n<meta name=\"description\" content=\"Terassisauna City 1 - kompakti ja toimiva sauna, jossa on aita ja joka tarjoaa aidon saunakokemuksen. Sopii mihin tahansa puutarhaan. Lue lis\u00e4\u00e4!\" \/>\n<meta name=\"robots\" content=\"index, follow, max-snippet:-1, max-image-preview:large, max-video-preview:-1\" \/>\n<link rel=\"canonical\" href=\"https:\/\/timbersbliss.ee\/tuote\/terassisaun-city1-5-52m\u00b2\/\" \/>\n<meta property=\"og:locale\" content=\"fi_FI\" \/>\n<meta property=\"og:type\" content=\"article\" \/>\n<meta property=\"og:title\" content=\"Terassisauna City1 5,52m\u00b2\" \/>\n<meta property=\"og:description\" content=\"Terassisauna City 1 - kompakti ja toimiva sauna, jossa on aita ja joka tarjoaa aidon saunakokemuksen. Sopii mihin tahansa puutarhaan. Lue lis\u00e4\u00e4!\" \/>\n<meta property=\"og:url\" content=\"https:\/\/timbersbliss.ee\/tuote\/terassisaun-city1-5-52m\u00b2\/\" \/>\n<meta property=\"og:site_name\" content=\"Timbersbliss\" \/>\n<meta property=\"article:publisher\" content=\"https:\/\/www.facebook.com\/TimbersBliss.ee\" \/>\n<meta property=\"article:modified_time\" content=\"2025-10-09T19:19:35+00:00\" \/>\n<meta property=\"og:image\" content=\"https:\/\/timbersbliss.ee\/wp-content\/uploads\/2024\/04\/10005_Post-1176x800.jpg\" \/>\n\t<meta property=\"og:image:width\" content=\"1176\" \/>\n\t<meta property=\"og:image:height\" content=\"800\" \/>\n\t<meta property=\"og:image:type\" content=\"image\/jpeg\" \/>\n<meta name=\"twitter:card\" content=\"summary_large_image\" \/>\n<meta name=\"twitter:label1\" content=\"Arvioitu lukuaika\" \/>\n\t<meta name=\"twitter:data1\" content=\"1 minuutti\" \/>\n<script type=\"application\/ld+json\" class=\"yoast-schema-graph\">{\"@context\":\"https:\\\/\\\/schema.org\",\"@graph\":[{\"@type\":\"WebPage\",\"@id\":\"https:\\\/\\\/timbersbliss.ee\\\/tuote\\\/terassisaun-city1-5-52m%c2%b2\\\/\",\"url\":\"https:\\\/\\\/timbersbliss.ee\\\/tuote\\\/terassisaun-city1-5-52m%c2%b2\\\/\",\"name\":\"Terassisauna City1 5,52m\u00b2 - Timbersbliss\",\"isPartOf\":{\"@id\":\"https:\\\/\\\/timbersbliss.ee\\\/#website\"},\"primaryImageOfPage\":{\"@id\":\"https:\\\/\\\/timbersbliss.ee\\\/tuote\\\/terassisaun-city1-5-52m%c2%b2\\\/#primaryimage\"},\"image\":{\"@id\":\"https:\\\/\\\/timbersbliss.ee\\\/tuote\\\/terassisaun-city1-5-52m%c2%b2\\\/#primaryimage\"},\"thumbnailUrl\":\"https:\\\/\\\/timbersbliss.ee\\\/wp-content\\\/uploads\\\/2024\\\/04\\\/10005_Post.jpg\",\"datePublished\":\"2024-04-04T19:44:14+00:00\",\"dateModified\":\"2025-10-09T19:19:35+00:00\",\"description\":\"Terassisauna City 1 - kompakti ja toimiva sauna, jossa on aita ja joka tarjoaa aidon saunakokemuksen. Sopii mihin tahansa puutarhaan. Lue lis\u00e4\u00e4!\",\"breadcrumb\":{\"@id\":\"https:\\\/\\\/timbersbliss.ee\\\/tuote\\\/terassisaun-city1-5-52m%c2%b2\\\/#breadcrumb\"},\"inLanguage\":\"fi\",\"potentialAction\":[{\"@type\":\"ReadAction\",\"target\":[\"https:\\\/\\\/timbersbliss.ee\\\/tuote\\\/terassisaun-city1-5-52m%c2%b2\\\/\"]}]},{\"@type\":\"ImageObject\",\"inLanguage\":\"fi\",\"@id\":\"https:\\\/\\\/timbersbliss.ee\\\/tuote\\\/terassisaun-city1-5-52m%c2%b2\\\/#primaryimage\",\"url\":\"https:\\\/\\\/timbersbliss.ee\\\/wp-content\\\/uploads\\\/2024\\\/04\\\/10005_Post.jpg\",\"contentUrl\":\"https:\\\/\\\/timbersbliss.ee\\\/wp-content\\\/uploads\\\/2024\\\/04\\\/10005_Post.jpg\",\"width\":2000,\"height\":1360,\"caption\":\"TimbersBliss terrassisaun \u2014 kaasaegne ja kvaliteetne moodulsaun\"},{\"@type\":\"BreadcrumbList\",\"@id\":\"https:\\\/\\\/timbersbliss.ee\\\/tuote\\\/terassisaun-city1-5-52m%c2%b2\\\/#breadcrumb\",\"itemListElement\":[{\"@type\":\"ListItem\",\"position\":1,\"name\":\"Etusivu\",\"item\":\"https:\\\/\\\/timbersbliss.ee\\\/fi\\\/\"},{\"@type\":\"ListItem\",\"position\":2,\"name\":\"Myym\u00e4l\u00e4\",\"item\":\"https:\\\/\\\/timbersbliss.ee\\\/fi\\\/myymala\\\/\"},{\"@type\":\"ListItem\",\"position\":3,\"name\":\"Terassisauna City1 5,52m\u00b2\"}]},{\"@type\":\"WebSite\",\"@id\":\"https:\\\/\\\/timbersbliss.ee\\\/#website\",\"url\":\"https:\\\/\\\/timbersbliss.ee\\\/\",\"name\":\"Timbersbliss\",\"description\":\"\",\"publisher\":{\"@id\":\"https:\\\/\\\/timbersbliss.ee\\\/#organization\"},\"potentialAction\":[{\"@type\":\"SearchAction\",\"target\":{\"@type\":\"EntryPoint\",\"urlTemplate\":\"https:\\\/\\\/timbersbliss.ee\\\/?s={search_term_string}\"},\"query-input\":{\"@type\":\"PropertyValueSpecification\",\"valueRequired\":true,\"valueName\":\"search_term_string\"}}],\"inLanguage\":\"fi\"},{\"@type\":\"Organization\",\"@id\":\"https:\\\/\\\/timbersbliss.ee\\\/#organization\",\"name\":\"Timbersbliss\",\"url\":\"https:\\\/\\\/timbersbliss.ee\\\/\",\"logo\":{\"@type\":\"ImageObject\",\"inLanguage\":\"fi\",\"@id\":\"https:\\\/\\\/timbersbliss.ee\\\/#\\\/schema\\\/logo\\\/image\\\/\",\"url\":\"https:\\\/\\\/timbersbliss.ee\\\/wp-content\\\/uploads\\\/2024\\\/11\\\/timbersbliss_logo.png\",\"contentUrl\":\"https:\\\/\\\/timbersbliss.ee\\\/wp-content\\\/uploads\\\/2024\\\/11\\\/timbersbliss_logo.png\",\"width\":2364,\"height\":494,\"caption\":\"Timbersbliss\"},\"image\":{\"@id\":\"https:\\\/\\\/timbersbliss.ee\\\/#\\\/schema\\\/logo\\\/image\\\/\"},\"sameAs\":[\"https:\\\/\\\/www.facebook.com\\\/TimbersBliss.ee\",\"https:\\\/\\\/www.instagram.com\\\/timbersbliss\\\/\"]}]}<\/script>\n<!-- \/ Yoast SEO Premium plugin. -->","yoast_head_json":{"title":"Terassisauna City1 5,52m\u00b2 - Timbersbliss","description":"Terassisauna City 1 - kompakti ja toimiva sauna, jossa on aita ja joka tarjoaa aidon saunakokemuksen. Sopii mihin tahansa puutarhaan. Lue lis\u00e4\u00e4!","robots":{"index":"index","follow":"follow","max-snippet":"max-snippet:-1","max-image-preview":"max-image-preview:large","max-video-preview":"max-video-preview:-1"},"canonical":"https:\/\/timbersbliss.ee\/tuote\/terassisaun-city1-5-52m\u00b2\/","og_locale":"fi_FI","og_type":"article","og_title":"Terassisauna City1 5,52m\u00b2","og_description":"Terassisauna City 1 - kompakti ja toimiva sauna, jossa on aita ja joka tarjoaa aidon saunakokemuksen. Sopii mihin tahansa puutarhaan. Lue lis\u00e4\u00e4!","og_url":"https:\/\/timbersbliss.ee\/tuote\/terassisaun-city1-5-52m\u00b2\/","og_site_name":"Timbersbliss","article_publisher":"https:\/\/www.facebook.com\/TimbersBliss.ee","article_modified_time":"2025-10-09T19:19:35+00:00","og_image":[{"width":1176,"height":800,"url":"https:\/\/timbersbliss.ee\/wp-content\/uploads\/2024\/04\/10005_Post-1176x800.jpg","type":"image\/jpeg"}],"twitter_card":"summary_large_image","twitter_misc":{"Arvioitu lukuaika":"1 minuutti"},"schema":{"@context":"https:\/\/schema.org","@graph":[{"@type":"WebPage","@id":"https:\/\/timbersbliss.ee\/tuote\/terassisaun-city1-5-52m%c2%b2\/","url":"https:\/\/timbersbliss.ee\/tuote\/terassisaun-city1-5-52m%c2%b2\/","name":"Terassisauna City1 5,52m\u00b2 - Timbersbliss","isPartOf":{"@id":"https:\/\/timbersbliss.ee\/#website"},"primaryImageOfPage":{"@id":"https:\/\/timbersbliss.ee\/tuote\/terassisaun-city1-5-52m%c2%b2\/#primaryimage"},"image":{"@id":"https:\/\/timbersbliss.ee\/tuote\/terassisaun-city1-5-52m%c2%b2\/#primaryimage"},"thumbnailUrl":"https:\/\/timbersbliss.ee\/wp-content\/uploads\/2024\/04\/10005_Post.jpg","datePublished":"2024-04-04T19:44:14+00:00","dateModified":"2025-10-09T19:19:35+00:00","description":"Terassisauna City 1 - kompakti ja toimiva sauna, jossa on aita ja joka tarjoaa aidon saunakokemuksen. Sopii mihin tahansa puutarhaan. Lue lis\u00e4\u00e4!","breadcrumb":{"@id":"https:\/\/timbersbliss.ee\/tuote\/terassisaun-city1-5-52m%c2%b2\/#breadcrumb"},"inLanguage":"fi","potentialAction":[{"@type":"ReadAction","target":["https:\/\/timbersbliss.ee\/tuote\/terassisaun-city1-5-52m%c2%b2\/"]}]},{"@type":"ImageObject","inLanguage":"fi","@id":"https:\/\/timbersbliss.ee\/tuote\/terassisaun-city1-5-52m%c2%b2\/#primaryimage","url":"https:\/\/timbersbliss.ee\/wp-content\/uploads\/2024\/04\/10005_Post.jpg","contentUrl":"https:\/\/timbersbliss.ee\/wp-content\/uploads\/2024\/04\/10005_Post.jpg","width":2000,"height":1360,"caption":"TimbersBliss terrassisaun \u2014 kaasaegne ja kvaliteetne moodulsaun"},{"@type":"BreadcrumbList","@id":"https:\/\/timbersbliss.ee\/tuote\/terassisaun-city1-5-52m%c2%b2\/#breadcrumb","itemListElement":[{"@type":"ListItem","position":1,"name":"Etusivu","item":"https:\/\/timbersbliss.ee\/fi\/"},{"@type":"ListItem","position":2,"name":"Myym\u00e4l\u00e4","item":"https:\/\/timbersbliss.ee\/fi\/myymala\/"},{"@type":"ListItem","position":3,"name":"Terassisauna City1 5,52m\u00b2"}]},{"@type":"WebSite","@id":"https:\/\/timbersbliss.ee\/#website","url":"https:\/\/timbersbliss.ee\/","name":"Timbersbliss","description":"","publisher":{"@id":"https:\/\/timbersbliss.ee\/#organization"},"potentialAction":[{"@type":"SearchAction","target":{"@type":"EntryPoint","urlTemplate":"https:\/\/timbersbliss.ee\/?s={search_term_string}"},"query-input":{"@type":"PropertyValueSpecification","valueRequired":true,"valueName":"search_term_string"}}],"inLanguage":"fi"},{"@type":"Organization","@id":"https:\/\/timbersbliss.ee\/#organization","name":"Timbersbliss","url":"https:\/\/timbersbliss.ee\/","logo":{"@type":"ImageObject","inLanguage":"fi","@id":"https:\/\/timbersbliss.ee\/#\/schema\/logo\/image\/","url":"https:\/\/timbersbliss.ee\/wp-content\/uploads\/2024\/11\/timbersbliss_logo.png","contentUrl":"https:\/\/timbersbliss.ee\/wp-content\/uploads\/2024\/11\/timbersbliss_logo.png","width":2364,"height":494,"caption":"Timbersbliss"},"image":{"@id":"https:\/\/timbersbliss.ee\/#\/schema\/logo\/image\/"},"sameAs":["https:\/\/www.facebook.com\/TimbersBliss.ee","https:\/\/www.instagram.com\/timbersbliss\/"]}]}},"_links":{"self":[{"href":"https:\/\/timbersbliss.ee\/fi\/wp-json\/wp\/v2\/product\/11159","targetHints":{"allow":["GET"]}}],"collection":[{"href":"https:\/\/timbersbliss.ee\/fi\/wp-json\/wp\/v2\/product"}],"about":[{"href":"https:\/\/timbersbliss.ee\/fi\/wp-json\/wp\/v2\/types\/product"}],"version-history":[{"count":1,"href":"https:\/\/timbersbliss.ee\/fi\/wp-json\/wp\/v2\/product\/11159\/revisions"}],"predecessor-version":[{"id":15024,"href":"https:\/\/timbersbliss.ee\/fi\/wp-json\/wp\/v2\/product\/11159\/revisions\/15024"}],"wp:featuredmedia":[{"embeddable":true,"href":"https:\/\/timbersbliss.ee\/fi\/wp-json\/wp\/v2\/media\/12790"}],"wp:attachment":[{"href":"https:\/\/timbersbliss.ee\/fi\/wp-json\/wp\/v2\/media?parent=11159"}],"wp:term":[{"taxonomy":"product_brand","embeddable":true,"href":"https:\/\/timbersbliss.ee\/fi\/wp-json\/wp\/v2\/product_brand?post=11159"},{"taxonomy":"product_cat","embeddable":true,"href":"https:\/\/timbersbliss.ee\/fi\/wp-json\/wp\/v2\/product_cat?post=11159"},{"taxonomy":"product_tag","embeddable":true,"href":"https:\/\/timbersbliss.ee\/fi\/wp-json\/wp\/v2\/product_tag?post=11159"}],"curies":[{"name":"wp","href":"https:\/\/api.w.org\/{rel}","templated":true}]}}