{"id":10781,"date":"2024-04-01T18:45:18","date_gmt":"2024-04-01T15:45:18","guid":{"rendered":"https:\/\/nordtimber.ee\/toode\/liam-aiamaja-70cm-terassiga-1282m2\/"},"modified":"2025-11-04T23:31:56","modified_gmt":"2025-11-04T21:31:56","slug":"liam-piharakennus-70cm-terassilla-1282m2","status":"publish","type":"product","link":"https:\/\/timbersbliss.ee\/fi\/tuote\/liam-piharakennus-70cm-terassilla-1282m2\/","title":{"rendered":"Liam Puutarhatalo 70cm terassilla (12,82m2)"},"content":{"rendered":"<h2>Tuotteen kuvaus:<\/h2>\n<ul>\n<li><strong>ulkomitat: 480cm x 346cm<\/strong><\/li>\n<li><strong>sein\u00e4t 44mm paksua kuusta<\/strong><\/li>\n<li><strong>katto ja lattia 18 mm paksua kuusipuuta.<\/strong><\/li>\n<li><strong>terassip\u00f6yt\u00e4 28mm x 120mm<\/strong><\/li>\n<li><strong>lasisein\u00e4, jonka koko on 4000 x 2050, mukaan lukien ovi, jonka koko on 800 x 2050.<\/strong><\/li>\n<li><strong>kaksi avattavaa paketti-ikkunaa, joiden mitat ovat 1200 x 450.<\/strong><\/li>\n<li><strong>kaksi kuusikulmaista ikkunaa kummallakin puolella. NB! Aidat leikataan paikan p\u00e4\u00e4ll\u00e4 asennuksen j\u00e4lkeen ja<br \/>\npaikat toimitetaan ostajan toivomusten mukaisesti.<\/strong><\/li>\n<li><strong>mukana ruuvit ja naulat asennusta varten<\/strong><\/li>\n<li><strong>kokoonpano-ohjeet<\/strong><\/li>\n<\/ul>\n","protected":false},"excerpt":{"rendered":"<p>Tuotteen kuvaus: ulkomitat: 480cm x 346cm sein\u00e4t 44mm paksua kuusta katto ja lattia 18 mm paksua kuusipuuta. terassip\u00f6yt\u00e4 28mm x<\/p>\n","protected":false},"featured_media":15013,"template":"","meta":{"_acf_changed":false,"_glsr_average":0,"_glsr_ranking":0,"_glsr_reviews":0},"product_brand":[],"product_cat":[88],"product_tag":[],"class_list":{"0":"post-10781","1":"product","2":"type-product","3":"status-publish","4":"has-post-thumbnail","6":"product_cat-puutarha-talot","8":"first","9":"instock","10":"taxable","11":"shipping-taxable","12":"purchasable","13":"product-type-simple"},"acf":[],"yoast_head":"<!-- This site is optimized with the Yoast SEO Premium plugin v27.4 (Yoast SEO v27.4) - https:\/\/yoast.com\/product\/yoast-seo-premium-wordpress\/ -->\n<title>Liam Puutarhatalo 70cm terassilla (12,82m2) - Timbersbliss<\/title>\n<meta name=\"description\" content=\"Liam puutarhatalo - tyylik\u00e4s ja kompakti puutarham\u00f6kki, jossa on k\u00e4yt\u00e4nn\u00f6llinen terassi. Sopii mihin tahansa puutarhaan! Saatavana my\u00f6s vuokraostona.\" \/>\n<meta name=\"robots\" content=\"index, follow, max-snippet:-1, max-image-preview:large, max-video-preview:-1\" \/>\n<link rel=\"canonical\" href=\"https:\/\/timbersbliss.ee\/tuote\/liam-aiamaja-70cm-terassiga-1282m2\/\" \/>\n<meta property=\"og:locale\" content=\"fi_FI\" \/>\n<meta property=\"og:type\" content=\"article\" \/>\n<meta property=\"og:title\" content=\"Liam Puutarhatalo 70cm terassilla (12,82m2)\" \/>\n<meta property=\"og:description\" content=\"Liam puutarhatalo - tyylik\u00e4s ja kompakti puutarham\u00f6kki, jossa on k\u00e4yt\u00e4nn\u00f6llinen terassi. Sopii mihin tahansa puutarhaan! Saatavana my\u00f6s vuokraostona.\" \/>\n<meta property=\"og:url\" content=\"https:\/\/timbersbliss.ee\/tuote\/liam-aiamaja-70cm-terassiga-1282m2\/\" \/>\n<meta property=\"og:site_name\" content=\"Timbersbliss\" \/>\n<meta property=\"article:publisher\" content=\"https:\/\/www.facebook.com\/TimbersBliss.ee\" \/>\n<meta property=\"article:modified_time\" content=\"2025-11-04T21:31:56+00:00\" \/>\n<meta property=\"og:image\" content=\"https:\/\/timbersbliss.ee\/wp-content\/uploads\/2024\/04\/Liam-gardenhouse.png\" \/>\n\t<meta property=\"og:image:width\" content=\"1300\" \/>\n\t<meta property=\"og:image:height\" content=\"731\" \/>\n\t<meta property=\"og:image:type\" content=\"image\/png\" \/>\n<meta name=\"twitter:card\" content=\"summary_large_image\" \/>\n<meta name=\"twitter:label1\" content=\"Arvioitu lukuaika\" \/>\n\t<meta name=\"twitter:data1\" content=\"1 minuutti\" \/>\n<script type=\"application\/ld+json\" class=\"yoast-schema-graph\">{\"@context\":\"https:\\\/\\\/schema.org\",\"@graph\":[{\"@type\":\"WebPage\",\"@id\":\"https:\\\/\\\/timbersbliss.ee\\\/tuote\\\/liam-aiamaja-70cm-terassiga-1282m2\\\/\",\"url\":\"https:\\\/\\\/timbersbliss.ee\\\/tuote\\\/liam-aiamaja-70cm-terassiga-1282m2\\\/\",\"name\":\"Liam Puutarhatalo 70cm terassilla (12,82m2) - Timbersbliss\",\"isPartOf\":{\"@id\":\"https:\\\/\\\/timbersbliss.ee\\\/#website\"},\"primaryImageOfPage\":{\"@id\":\"https:\\\/\\\/timbersbliss.ee\\\/tuote\\\/liam-aiamaja-70cm-terassiga-1282m2\\\/#primaryimage\"},\"image\":{\"@id\":\"https:\\\/\\\/timbersbliss.ee\\\/tuote\\\/liam-aiamaja-70cm-terassiga-1282m2\\\/#primaryimage\"},\"thumbnailUrl\":\"https:\\\/\\\/timbersbliss.ee\\\/wp-content\\\/uploads\\\/2024\\\/04\\\/Liam-gardenhouse.png\",\"datePublished\":\"2024-04-01T15:45:18+00:00\",\"dateModified\":\"2025-11-04T21:31:56+00:00\",\"description\":\"Liam puutarhatalo - tyylik\u00e4s ja kompakti puutarham\u00f6kki, jossa on k\u00e4yt\u00e4nn\u00f6llinen terassi. Sopii mihin tahansa puutarhaan! Saatavana my\u00f6s vuokraostona.\",\"breadcrumb\":{\"@id\":\"https:\\\/\\\/timbersbliss.ee\\\/tuote\\\/liam-aiamaja-70cm-terassiga-1282m2\\\/#breadcrumb\"},\"inLanguage\":\"fi\",\"potentialAction\":[{\"@type\":\"ReadAction\",\"target\":[\"https:\\\/\\\/timbersbliss.ee\\\/tuote\\\/liam-aiamaja-70cm-terassiga-1282m2\\\/\"]}]},{\"@type\":\"ImageObject\",\"inLanguage\":\"fi\",\"@id\":\"https:\\\/\\\/timbersbliss.ee\\\/tuote\\\/liam-aiamaja-70cm-terassiga-1282m2\\\/#primaryimage\",\"url\":\"https:\\\/\\\/timbersbliss.ee\\\/wp-content\\\/uploads\\\/2024\\\/04\\\/Liam-gardenhouse.png\",\"contentUrl\":\"https:\\\/\\\/timbersbliss.ee\\\/wp-content\\\/uploads\\\/2024\\\/04\\\/Liam-gardenhouse.png\",\"width\":1300,\"height\":731,\"caption\":\"Liam puutarhatalo - TimbersBliss puutalomallistosta\"},{\"@type\":\"BreadcrumbList\",\"@id\":\"https:\\\/\\\/timbersbliss.ee\\\/tuote\\\/liam-aiamaja-70cm-terassiga-1282m2\\\/#breadcrumb\",\"itemListElement\":[{\"@type\":\"ListItem\",\"position\":1,\"name\":\"Etusivu\",\"item\":\"https:\\\/\\\/timbersbliss.ee\\\/fi\\\/\"},{\"@type\":\"ListItem\",\"position\":2,\"name\":\"Myym\u00e4l\u00e4\",\"item\":\"https:\\\/\\\/timbersbliss.ee\\\/fi\\\/myymala\\\/\"},{\"@type\":\"ListItem\",\"position\":3,\"name\":\"Liam Puutarhatalo 70cm terassilla (12,82m2)\"}]},{\"@type\":\"WebSite\",\"@id\":\"https:\\\/\\\/timbersbliss.ee\\\/#website\",\"url\":\"https:\\\/\\\/timbersbliss.ee\\\/\",\"name\":\"Timbersbliss\",\"description\":\"\",\"publisher\":{\"@id\":\"https:\\\/\\\/timbersbliss.ee\\\/#organization\"},\"potentialAction\":[{\"@type\":\"SearchAction\",\"target\":{\"@type\":\"EntryPoint\",\"urlTemplate\":\"https:\\\/\\\/timbersbliss.ee\\\/?s={search_term_string}\"},\"query-input\":{\"@type\":\"PropertyValueSpecification\",\"valueRequired\":true,\"valueName\":\"search_term_string\"}}],\"inLanguage\":\"fi\"},{\"@type\":\"Organization\",\"@id\":\"https:\\\/\\\/timbersbliss.ee\\\/#organization\",\"name\":\"Timbersbliss\",\"url\":\"https:\\\/\\\/timbersbliss.ee\\\/\",\"logo\":{\"@type\":\"ImageObject\",\"inLanguage\":\"fi\",\"@id\":\"https:\\\/\\\/timbersbliss.ee\\\/#\\\/schema\\\/logo\\\/image\\\/\",\"url\":\"https:\\\/\\\/timbersbliss.ee\\\/wp-content\\\/uploads\\\/2024\\\/11\\\/timbersbliss_logo.png\",\"contentUrl\":\"https:\\\/\\\/timbersbliss.ee\\\/wp-content\\\/uploads\\\/2024\\\/11\\\/timbersbliss_logo.png\",\"width\":2364,\"height\":494,\"caption\":\"Timbersbliss\"},\"image\":{\"@id\":\"https:\\\/\\\/timbersbliss.ee\\\/#\\\/schema\\\/logo\\\/image\\\/\"},\"sameAs\":[\"https:\\\/\\\/www.facebook.com\\\/TimbersBliss.ee\",\"https:\\\/\\\/www.instagram.com\\\/timbersbliss\\\/\"]}]}<\/script>\n<!-- \/ Yoast SEO Premium plugin. -->","yoast_head_json":{"title":"Liam Puutarhatalo 70cm terassilla (12,82m2) - Timbersbliss","description":"Liam puutarhatalo - tyylik\u00e4s ja kompakti puutarham\u00f6kki, jossa on k\u00e4yt\u00e4nn\u00f6llinen terassi. Sopii mihin tahansa puutarhaan! Saatavana my\u00f6s vuokraostona.","robots":{"index":"index","follow":"follow","max-snippet":"max-snippet:-1","max-image-preview":"max-image-preview:large","max-video-preview":"max-video-preview:-1"},"canonical":"https:\/\/timbersbliss.ee\/tuote\/liam-aiamaja-70cm-terassiga-1282m2\/","og_locale":"fi_FI","og_type":"article","og_title":"Liam Puutarhatalo 70cm terassilla (12,82m2)","og_description":"Liam puutarhatalo - tyylik\u00e4s ja kompakti puutarham\u00f6kki, jossa on k\u00e4yt\u00e4nn\u00f6llinen terassi. Sopii mihin tahansa puutarhaan! Saatavana my\u00f6s vuokraostona.","og_url":"https:\/\/timbersbliss.ee\/tuote\/liam-aiamaja-70cm-terassiga-1282m2\/","og_site_name":"Timbersbliss","article_publisher":"https:\/\/www.facebook.com\/TimbersBliss.ee","article_modified_time":"2025-11-04T21:31:56+00:00","og_image":[{"width":1300,"height":731,"url":"https:\/\/timbersbliss.ee\/wp-content\/uploads\/2024\/04\/Liam-gardenhouse.png","type":"image\/png"}],"twitter_card":"summary_large_image","twitter_misc":{"Arvioitu lukuaika":"1 minuutti"},"schema":{"@context":"https:\/\/schema.org","@graph":[{"@type":"WebPage","@id":"https:\/\/timbersbliss.ee\/tuote\/liam-aiamaja-70cm-terassiga-1282m2\/","url":"https:\/\/timbersbliss.ee\/tuote\/liam-aiamaja-70cm-terassiga-1282m2\/","name":"Liam Puutarhatalo 70cm terassilla (12,82m2) - Timbersbliss","isPartOf":{"@id":"https:\/\/timbersbliss.ee\/#website"},"primaryImageOfPage":{"@id":"https:\/\/timbersbliss.ee\/tuote\/liam-aiamaja-70cm-terassiga-1282m2\/#primaryimage"},"image":{"@id":"https:\/\/timbersbliss.ee\/tuote\/liam-aiamaja-70cm-terassiga-1282m2\/#primaryimage"},"thumbnailUrl":"https:\/\/timbersbliss.ee\/wp-content\/uploads\/2024\/04\/Liam-gardenhouse.png","datePublished":"2024-04-01T15:45:18+00:00","dateModified":"2025-11-04T21:31:56+00:00","description":"Liam puutarhatalo - tyylik\u00e4s ja kompakti puutarham\u00f6kki, jossa on k\u00e4yt\u00e4nn\u00f6llinen terassi. Sopii mihin tahansa puutarhaan! Saatavana my\u00f6s vuokraostona.","breadcrumb":{"@id":"https:\/\/timbersbliss.ee\/tuote\/liam-aiamaja-70cm-terassiga-1282m2\/#breadcrumb"},"inLanguage":"fi","potentialAction":[{"@type":"ReadAction","target":["https:\/\/timbersbliss.ee\/tuote\/liam-aiamaja-70cm-terassiga-1282m2\/"]}]},{"@type":"ImageObject","inLanguage":"fi","@id":"https:\/\/timbersbliss.ee\/tuote\/liam-aiamaja-70cm-terassiga-1282m2\/#primaryimage","url":"https:\/\/timbersbliss.ee\/wp-content\/uploads\/2024\/04\/Liam-gardenhouse.png","contentUrl":"https:\/\/timbersbliss.ee\/wp-content\/uploads\/2024\/04\/Liam-gardenhouse.png","width":1300,"height":731,"caption":"Liam puutarhatalo - TimbersBliss puutalomallistosta"},{"@type":"BreadcrumbList","@id":"https:\/\/timbersbliss.ee\/tuote\/liam-aiamaja-70cm-terassiga-1282m2\/#breadcrumb","itemListElement":[{"@type":"ListItem","position":1,"name":"Etusivu","item":"https:\/\/timbersbliss.ee\/fi\/"},{"@type":"ListItem","position":2,"name":"Myym\u00e4l\u00e4","item":"https:\/\/timbersbliss.ee\/fi\/myymala\/"},{"@type":"ListItem","position":3,"name":"Liam Puutarhatalo 70cm terassilla (12,82m2)"}]},{"@type":"WebSite","@id":"https:\/\/timbersbliss.ee\/#website","url":"https:\/\/timbersbliss.ee\/","name":"Timbersbliss","description":"","publisher":{"@id":"https:\/\/timbersbliss.ee\/#organization"},"potentialAction":[{"@type":"SearchAction","target":{"@type":"EntryPoint","urlTemplate":"https:\/\/timbersbliss.ee\/?s={search_term_string}"},"query-input":{"@type":"PropertyValueSpecification","valueRequired":true,"valueName":"search_term_string"}}],"inLanguage":"fi"},{"@type":"Organization","@id":"https:\/\/timbersbliss.ee\/#organization","name":"Timbersbliss","url":"https:\/\/timbersbliss.ee\/","logo":{"@type":"ImageObject","inLanguage":"fi","@id":"https:\/\/timbersbliss.ee\/#\/schema\/logo\/image\/","url":"https:\/\/timbersbliss.ee\/wp-content\/uploads\/2024\/11\/timbersbliss_logo.png","contentUrl":"https:\/\/timbersbliss.ee\/wp-content\/uploads\/2024\/11\/timbersbliss_logo.png","width":2364,"height":494,"caption":"Timbersbliss"},"image":{"@id":"https:\/\/timbersbliss.ee\/#\/schema\/logo\/image\/"},"sameAs":["https:\/\/www.facebook.com\/TimbersBliss.ee","https:\/\/www.instagram.com\/timbersbliss\/"]}]}},"_links":{"self":[{"href":"https:\/\/timbersbliss.ee\/fi\/wp-json\/wp\/v2\/product\/10781","targetHints":{"allow":["GET"]}}],"collection":[{"href":"https:\/\/timbersbliss.ee\/fi\/wp-json\/wp\/v2\/product"}],"about":[{"href":"https:\/\/timbersbliss.ee\/fi\/wp-json\/wp\/v2\/types\/product"}],"version-history":[{"count":1,"href":"https:\/\/timbersbliss.ee\/fi\/wp-json\/wp\/v2\/product\/10781\/revisions"}],"predecessor-version":[{"id":15192,"href":"https:\/\/timbersbliss.ee\/fi\/wp-json\/wp\/v2\/product\/10781\/revisions\/15192"}],"wp:featuredmedia":[{"embeddable":true,"href":"https:\/\/timbersbliss.ee\/fi\/wp-json\/wp\/v2\/media\/15013"}],"wp:attachment":[{"href":"https:\/\/timbersbliss.ee\/fi\/wp-json\/wp\/v2\/media?parent=10781"}],"wp:term":[{"taxonomy":"product_brand","embeddable":true,"href":"https:\/\/timbersbliss.ee\/fi\/wp-json\/wp\/v2\/product_brand?post=10781"},{"taxonomy":"product_cat","embeddable":true,"href":"https:\/\/timbersbliss.ee\/fi\/wp-json\/wp\/v2\/product_cat?post=10781"},{"taxonomy":"product_tag","embeddable":true,"href":"https:\/\/timbersbliss.ee\/fi\/wp-json\/wp\/v2\/product_tag?post=10781"}],"curies":[{"name":"wp","href":"https:\/\/api.w.org\/{rel}","templated":true}]}}