{"id":10777,"date":"2024-04-01T19:01:54","date_gmt":"2024-04-01T16:01:54","guid":{"rendered":"https:\/\/nordtimber.ee\/toode\/julian-aiamaja-70cm-terassiga-68mm-puidust-1264m2\/"},"modified":"2025-11-04T23:33:29","modified_gmt":"2025-11-04T21:33:29","slug":"julian-piharakennus-70cm-terassilla-68mm-puinen-1264m2","status":"publish","type":"product","link":"https:\/\/timbersbliss.ee\/fi\/tuote\/julian-piharakennus-70cm-terassilla-68mm-puinen-1264m2\/","title":{"rendered":"Julian Puutarham\u00f6kki 70 cm terassilla, 68 mm hirrest\u00e4 (12,64 m\u00b2)"},"content":{"rendered":"<h2>Tuotteen kuvaus:<\/h2>\n<ul>\n<li><strong>ulkomitat: 397 cm x 480 cm<\/strong><\/li>\n<li><strong>68 mm paksuisesta kuusesta valmistetut sein\u00e4t<\/strong><\/li>\n<li><strong>katto ja lattia 18 mm paksua kuusta<\/strong><\/li>\n<li><strong>terassilauta 28 mm x 120 mm<\/strong><\/li>\n<li><strong>terassi reunusyksityiskohdilla<\/strong><\/li>\n<li><strong>lukittava pariovet laminoidulla lasilla, mitat 1300 x 1900 (voidaan varustaa t\u00e4yspitk\u00e4ll\u00e4 hyllyll\u00e4)<\/strong><\/li>\n<li><strong>lukittava lasiovi, mitat 905 x 1900 (voidaan varustaa t\u00e4yslasipaneelilla)<\/strong><\/li>\n<li><strong>kaksi avattavaa pakkausosastoa, joiden mitat ovat 765 x 818<\/strong><\/li>\n<li><strong>ruuvit ja naulat asennusta varten mukana<\/strong><\/li>\n<li><strong>asennusohjeet<\/strong><\/li>\n<\/ul>\n","protected":false},"excerpt":{"rendered":"<p>Tuotteen kuvaus: ulkomitat: 397 cm x 480 cm 68 mm paksuisesta kuusesta valmistetut sein\u00e4t katto ja lattia 18 mm paksua<\/p>\n","protected":false},"featured_media":14595,"template":"","meta":{"_acf_changed":false,"_glsr_average":0,"_glsr_ranking":0,"_glsr_reviews":0},"product_brand":[],"product_cat":[88],"product_tag":[],"class_list":{"0":"post-10777","1":"product","2":"type-product","3":"status-publish","4":"has-post-thumbnail","6":"product_cat-puutarha-talot","8":"first","9":"instock","10":"taxable","11":"shipping-taxable","12":"purchasable","13":"product-type-simple"},"acf":[],"yoast_head":"<!-- This site is optimized with the Yoast SEO Premium plugin v27.4 (Yoast SEO v27.4) - https:\/\/yoast.com\/product\/yoast-seo-premium-wordpress\/ -->\n<title>Julian Puutarham\u00f6kki 70 cm terassilla, 68 mm hirrest\u00e4 (12,64 m\u00b2) - Timbersbliss<\/title>\n<meta name=\"description\" content=\"Julian puutarhamaja \u2013 klassinen ja tilava puutarhamaja kes\u00e4kodiksi tai rentoutumispaikaksi. Pyyd\u00e4 tarjous TimbersBlissilt\u00e4!\" \/>\n<meta name=\"robots\" content=\"index, follow, max-snippet:-1, max-image-preview:large, max-video-preview:-1\" \/>\n<link rel=\"canonical\" href=\"https:\/\/timbersbliss.ee\/tuote\/julian-aiamaja-70cm-terassiga-68mm-puidust-1264m2\/\" \/>\n<meta property=\"og:locale\" content=\"fi_FI\" \/>\n<meta property=\"og:type\" content=\"article\" \/>\n<meta property=\"og:title\" content=\"Julian Puutarham\u00f6kki 70 cm terassilla, 68 mm hirrest\u00e4 (12,64 m\u00b2)\" \/>\n<meta property=\"og:description\" content=\"Julian puutarhamaja \u2013 klassinen ja tilava puutarhamaja kes\u00e4kodiksi tai rentoutumispaikaksi. Pyyd\u00e4 tarjous TimbersBlissilt\u00e4!\" \/>\n<meta property=\"og:url\" content=\"https:\/\/timbersbliss.ee\/tuote\/julian-aiamaja-70cm-terassiga-68mm-puidust-1264m2\/\" \/>\n<meta property=\"og:site_name\" content=\"Timbersbliss\" \/>\n<meta property=\"article:publisher\" content=\"https:\/\/www.facebook.com\/TimbersBliss.ee\" \/>\n<meta property=\"article:modified_time\" content=\"2025-11-04T21:33:29+00:00\" \/>\n<meta property=\"og:image\" content=\"https:\/\/timbersbliss.ee\/wp-content\/uploads\/2025\/09\/render4k-2604-v2-scaled.jpg\" \/>\n\t<meta property=\"og:image:width\" content=\"2560\" \/>\n\t<meta property=\"og:image:height\" content=\"1440\" \/>\n\t<meta property=\"og:image:type\" content=\"image\/jpeg\" \/>\n<meta name=\"twitter:card\" content=\"summary_large_image\" \/>\n<meta name=\"twitter:label1\" content=\"Arvioitu lukuaika\" \/>\n\t<meta name=\"twitter:data1\" content=\"1 minuutti\" \/>\n<script type=\"application\/ld+json\" class=\"yoast-schema-graph\">{\"@context\":\"https:\\\/\\\/schema.org\",\"@graph\":[{\"@type\":\"WebPage\",\"@id\":\"https:\\\/\\\/timbersbliss.ee\\\/tuote\\\/julian-aiamaja-70cm-terassiga-68mm-puidust-1264m2\\\/\",\"url\":\"https:\\\/\\\/timbersbliss.ee\\\/tuote\\\/julian-aiamaja-70cm-terassiga-68mm-puidust-1264m2\\\/\",\"name\":\"Julian Puutarham\u00f6kki 70 cm terassilla, 68 mm hirrest\u00e4 (12,64 m\u00b2) - Timbersbliss\",\"isPartOf\":{\"@id\":\"https:\\\/\\\/timbersbliss.ee\\\/#website\"},\"primaryImageOfPage\":{\"@id\":\"https:\\\/\\\/timbersbliss.ee\\\/tuote\\\/julian-aiamaja-70cm-terassiga-68mm-puidust-1264m2\\\/#primaryimage\"},\"image\":{\"@id\":\"https:\\\/\\\/timbersbliss.ee\\\/tuote\\\/julian-aiamaja-70cm-terassiga-68mm-puidust-1264m2\\\/#primaryimage\"},\"thumbnailUrl\":\"https:\\\/\\\/timbersbliss.ee\\\/wp-content\\\/uploads\\\/2025\\\/09\\\/render4k-2604-v2-scaled.jpg\",\"datePublished\":\"2024-04-01T16:01:54+00:00\",\"dateModified\":\"2025-11-04T21:33:29+00:00\",\"description\":\"Julian puutarhamaja \u2013 klassinen ja tilava puutarhamaja kes\u00e4kodiksi tai rentoutumispaikaksi. Pyyd\u00e4 tarjous TimbersBlissilt\u00e4!\",\"breadcrumb\":{\"@id\":\"https:\\\/\\\/timbersbliss.ee\\\/tuote\\\/julian-aiamaja-70cm-terassiga-68mm-puidust-1264m2\\\/#breadcrumb\"},\"inLanguage\":\"fi\",\"potentialAction\":[{\"@type\":\"ReadAction\",\"target\":[\"https:\\\/\\\/timbersbliss.ee\\\/tuote\\\/julian-aiamaja-70cm-terassiga-68mm-puidust-1264m2\\\/\"]}]},{\"@type\":\"ImageObject\",\"inLanguage\":\"fi\",\"@id\":\"https:\\\/\\\/timbersbliss.ee\\\/tuote\\\/julian-aiamaja-70cm-terassiga-68mm-puidust-1264m2\\\/#primaryimage\",\"url\":\"https:\\\/\\\/timbersbliss.ee\\\/wp-content\\\/uploads\\\/2025\\\/09\\\/render4k-2604-v2-scaled.jpg\",\"contentUrl\":\"https:\\\/\\\/timbersbliss.ee\\\/wp-content\\\/uploads\\\/2025\\\/09\\\/render4k-2604-v2-scaled.jpg\",\"width\":2560,\"height\":1440,\"caption\":\"TimbersBliss puutarhatalo \u2013 moderni, korkealaatuinen puutalo\"},{\"@type\":\"BreadcrumbList\",\"@id\":\"https:\\\/\\\/timbersbliss.ee\\\/tuote\\\/julian-aiamaja-70cm-terassiga-68mm-puidust-1264m2\\\/#breadcrumb\",\"itemListElement\":[{\"@type\":\"ListItem\",\"position\":1,\"name\":\"Etusivu\",\"item\":\"https:\\\/\\\/timbersbliss.ee\\\/fi\\\/\"},{\"@type\":\"ListItem\",\"position\":2,\"name\":\"Myym\u00e4l\u00e4\",\"item\":\"https:\\\/\\\/timbersbliss.ee\\\/fi\\\/myymala\\\/\"},{\"@type\":\"ListItem\",\"position\":3,\"name\":\"Julian Puutarham\u00f6kki 70 cm terassilla, 68 mm hirrest\u00e4 (12,64 m\u00b2)\"}]},{\"@type\":\"WebSite\",\"@id\":\"https:\\\/\\\/timbersbliss.ee\\\/#website\",\"url\":\"https:\\\/\\\/timbersbliss.ee\\\/\",\"name\":\"Timbersbliss\",\"description\":\"\",\"publisher\":{\"@id\":\"https:\\\/\\\/timbersbliss.ee\\\/#organization\"},\"potentialAction\":[{\"@type\":\"SearchAction\",\"target\":{\"@type\":\"EntryPoint\",\"urlTemplate\":\"https:\\\/\\\/timbersbliss.ee\\\/?s={search_term_string}\"},\"query-input\":{\"@type\":\"PropertyValueSpecification\",\"valueRequired\":true,\"valueName\":\"search_term_string\"}}],\"inLanguage\":\"fi\"},{\"@type\":\"Organization\",\"@id\":\"https:\\\/\\\/timbersbliss.ee\\\/#organization\",\"name\":\"Timbersbliss\",\"url\":\"https:\\\/\\\/timbersbliss.ee\\\/\",\"logo\":{\"@type\":\"ImageObject\",\"inLanguage\":\"fi\",\"@id\":\"https:\\\/\\\/timbersbliss.ee\\\/#\\\/schema\\\/logo\\\/image\\\/\",\"url\":\"https:\\\/\\\/timbersbliss.ee\\\/wp-content\\\/uploads\\\/2024\\\/11\\\/timbersbliss_logo.png\",\"contentUrl\":\"https:\\\/\\\/timbersbliss.ee\\\/wp-content\\\/uploads\\\/2024\\\/11\\\/timbersbliss_logo.png\",\"width\":2364,\"height\":494,\"caption\":\"Timbersbliss\"},\"image\":{\"@id\":\"https:\\\/\\\/timbersbliss.ee\\\/#\\\/schema\\\/logo\\\/image\\\/\"},\"sameAs\":[\"https:\\\/\\\/www.facebook.com\\\/TimbersBliss.ee\",\"https:\\\/\\\/www.instagram.com\\\/timbersbliss\\\/\"]}]}<\/script>\n<!-- \/ Yoast SEO Premium plugin. -->","yoast_head_json":{"title":"Julian Puutarham\u00f6kki 70 cm terassilla, 68 mm hirrest\u00e4 (12,64 m\u00b2) - Timbersbliss","description":"Julian puutarhamaja \u2013 klassinen ja tilava puutarhamaja kes\u00e4kodiksi tai rentoutumispaikaksi. Pyyd\u00e4 tarjous TimbersBlissilt\u00e4!","robots":{"index":"index","follow":"follow","max-snippet":"max-snippet:-1","max-image-preview":"max-image-preview:large","max-video-preview":"max-video-preview:-1"},"canonical":"https:\/\/timbersbliss.ee\/tuote\/julian-aiamaja-70cm-terassiga-68mm-puidust-1264m2\/","og_locale":"fi_FI","og_type":"article","og_title":"Julian Puutarham\u00f6kki 70 cm terassilla, 68 mm hirrest\u00e4 (12,64 m\u00b2)","og_description":"Julian puutarhamaja \u2013 klassinen ja tilava puutarhamaja kes\u00e4kodiksi tai rentoutumispaikaksi. Pyyd\u00e4 tarjous TimbersBlissilt\u00e4!","og_url":"https:\/\/timbersbliss.ee\/tuote\/julian-aiamaja-70cm-terassiga-68mm-puidust-1264m2\/","og_site_name":"Timbersbliss","article_publisher":"https:\/\/www.facebook.com\/TimbersBliss.ee","article_modified_time":"2025-11-04T21:33:29+00:00","og_image":[{"width":2560,"height":1440,"url":"https:\/\/timbersbliss.ee\/wp-content\/uploads\/2025\/09\/render4k-2604-v2-scaled.jpg","type":"image\/jpeg"}],"twitter_card":"summary_large_image","twitter_misc":{"Arvioitu lukuaika":"1 minuutti"},"schema":{"@context":"https:\/\/schema.org","@graph":[{"@type":"WebPage","@id":"https:\/\/timbersbliss.ee\/tuote\/julian-aiamaja-70cm-terassiga-68mm-puidust-1264m2\/","url":"https:\/\/timbersbliss.ee\/tuote\/julian-aiamaja-70cm-terassiga-68mm-puidust-1264m2\/","name":"Julian Puutarham\u00f6kki 70 cm terassilla, 68 mm hirrest\u00e4 (12,64 m\u00b2) - Timbersbliss","isPartOf":{"@id":"https:\/\/timbersbliss.ee\/#website"},"primaryImageOfPage":{"@id":"https:\/\/timbersbliss.ee\/tuote\/julian-aiamaja-70cm-terassiga-68mm-puidust-1264m2\/#primaryimage"},"image":{"@id":"https:\/\/timbersbliss.ee\/tuote\/julian-aiamaja-70cm-terassiga-68mm-puidust-1264m2\/#primaryimage"},"thumbnailUrl":"https:\/\/timbersbliss.ee\/wp-content\/uploads\/2025\/09\/render4k-2604-v2-scaled.jpg","datePublished":"2024-04-01T16:01:54+00:00","dateModified":"2025-11-04T21:33:29+00:00","description":"Julian puutarhamaja \u2013 klassinen ja tilava puutarhamaja kes\u00e4kodiksi tai rentoutumispaikaksi. Pyyd\u00e4 tarjous TimbersBlissilt\u00e4!","breadcrumb":{"@id":"https:\/\/timbersbliss.ee\/tuote\/julian-aiamaja-70cm-terassiga-68mm-puidust-1264m2\/#breadcrumb"},"inLanguage":"fi","potentialAction":[{"@type":"ReadAction","target":["https:\/\/timbersbliss.ee\/tuote\/julian-aiamaja-70cm-terassiga-68mm-puidust-1264m2\/"]}]},{"@type":"ImageObject","inLanguage":"fi","@id":"https:\/\/timbersbliss.ee\/tuote\/julian-aiamaja-70cm-terassiga-68mm-puidust-1264m2\/#primaryimage","url":"https:\/\/timbersbliss.ee\/wp-content\/uploads\/2025\/09\/render4k-2604-v2-scaled.jpg","contentUrl":"https:\/\/timbersbliss.ee\/wp-content\/uploads\/2025\/09\/render4k-2604-v2-scaled.jpg","width":2560,"height":1440,"caption":"TimbersBliss puutarhatalo \u2013 moderni, korkealaatuinen puutalo"},{"@type":"BreadcrumbList","@id":"https:\/\/timbersbliss.ee\/tuote\/julian-aiamaja-70cm-terassiga-68mm-puidust-1264m2\/#breadcrumb","itemListElement":[{"@type":"ListItem","position":1,"name":"Etusivu","item":"https:\/\/timbersbliss.ee\/fi\/"},{"@type":"ListItem","position":2,"name":"Myym\u00e4l\u00e4","item":"https:\/\/timbersbliss.ee\/fi\/myymala\/"},{"@type":"ListItem","position":3,"name":"Julian Puutarham\u00f6kki 70 cm terassilla, 68 mm hirrest\u00e4 (12,64 m\u00b2)"}]},{"@type":"WebSite","@id":"https:\/\/timbersbliss.ee\/#website","url":"https:\/\/timbersbliss.ee\/","name":"Timbersbliss","description":"","publisher":{"@id":"https:\/\/timbersbliss.ee\/#organization"},"potentialAction":[{"@type":"SearchAction","target":{"@type":"EntryPoint","urlTemplate":"https:\/\/timbersbliss.ee\/?s={search_term_string}"},"query-input":{"@type":"PropertyValueSpecification","valueRequired":true,"valueName":"search_term_string"}}],"inLanguage":"fi"},{"@type":"Organization","@id":"https:\/\/timbersbliss.ee\/#organization","name":"Timbersbliss","url":"https:\/\/timbersbliss.ee\/","logo":{"@type":"ImageObject","inLanguage":"fi","@id":"https:\/\/timbersbliss.ee\/#\/schema\/logo\/image\/","url":"https:\/\/timbersbliss.ee\/wp-content\/uploads\/2024\/11\/timbersbliss_logo.png","contentUrl":"https:\/\/timbersbliss.ee\/wp-content\/uploads\/2024\/11\/timbersbliss_logo.png","width":2364,"height":494,"caption":"Timbersbliss"},"image":{"@id":"https:\/\/timbersbliss.ee\/#\/schema\/logo\/image\/"},"sameAs":["https:\/\/www.facebook.com\/TimbersBliss.ee","https:\/\/www.instagram.com\/timbersbliss\/"]}]}},"_links":{"self":[{"href":"https:\/\/timbersbliss.ee\/fi\/wp-json\/wp\/v2\/product\/10777","targetHints":{"allow":["GET"]}}],"collection":[{"href":"https:\/\/timbersbliss.ee\/fi\/wp-json\/wp\/v2\/product"}],"about":[{"href":"https:\/\/timbersbliss.ee\/fi\/wp-json\/wp\/v2\/types\/product"}],"version-history":[{"count":2,"href":"https:\/\/timbersbliss.ee\/fi\/wp-json\/wp\/v2\/product\/10777\/revisions"}],"predecessor-version":[{"id":15389,"href":"https:\/\/timbersbliss.ee\/fi\/wp-json\/wp\/v2\/product\/10777\/revisions\/15389"}],"wp:featuredmedia":[{"embeddable":true,"href":"https:\/\/timbersbliss.ee\/fi\/wp-json\/wp\/v2\/media\/14595"}],"wp:attachment":[{"href":"https:\/\/timbersbliss.ee\/fi\/wp-json\/wp\/v2\/media?parent=10777"}],"wp:term":[{"taxonomy":"product_brand","embeddable":true,"href":"https:\/\/timbersbliss.ee\/fi\/wp-json\/wp\/v2\/product_brand?post=10777"},{"taxonomy":"product_cat","embeddable":true,"href":"https:\/\/timbersbliss.ee\/fi\/wp-json\/wp\/v2\/product_cat?post=10777"},{"taxonomy":"product_tag","embeddable":true,"href":"https:\/\/timbersbliss.ee\/fi\/wp-json\/wp\/v2\/product_tag?post=10777"}],"curies":[{"name":"wp","href":"https:\/\/api.w.org\/{rel}","templated":true}]}}