{"id":10773,"date":"2024-04-01T19:06:35","date_gmt":"2024-04-01T16:06:35","guid":{"rendered":"https:\/\/nordtimber.ee\/toode\/aurora-garaaz-242m2\/"},"modified":"2025-12-07T15:20:40","modified_gmt":"2025-12-07T13:20:40","slug":"aurora-autotalli-242m2","status":"publish","type":"product","link":"https:\/\/timbersbliss.ee\/fi\/tuote\/aurora-autotalli-242m2\/","title":{"rendered":"Autotalli Aurora (24,2m2)"},"content":{"rendered":"<h2><strong>Tuotteen ominaisuudet:<\/strong><\/h2>\n<ul>\n<li><strong>Paino: 1550 kg<\/strong><\/li>\n<li><strong>Ulkoiset mitat: 4400 cm x 5500 cm<\/strong><\/li>\n<li><strong>Kattopinta-ala 30,85 m2<\/strong><\/li>\n<li><strong>Sein\u00e4t 44 mm paksua kuusta<\/strong><\/li>\n<li><strong>Katto 18 mm paksua kuusta<\/strong><\/li>\n<li><strong>Lukittava kaksinkertainen ovi, mitat 905 x 1900 x 1 kpl (voidaan korvata umpinaovella)<\/strong><\/li>\n<li><strong>Lukittava kaksinkertainen ovi, mitat 3000 x 2055 x 1 kpl<\/strong><\/li>\n<li><strong>asennukseen tarvittavat ruuvit ja naulat mukana<\/strong><\/li>\n<li><strong>asennusohjeet<\/strong><\/li>\n<li><strong>voidaan asentaa peilikuvana<\/strong><\/li>\n<li><strong>Jos haluat, ett\u00e4 autotallisi kest\u00e4\u00e4 pitk\u00e4\u00e4n ja tarjoaa mukavuutta kaikkina vuodenaikoina, suosittelemme asentamaan sen laattaperustalle. Lattiapohja takaa vakauden, pit\u00e4\u00e4 rakenteen suorana ja suojaa maaper\u00e4n liikkeiden aiheuttamalta vajoamiselta. Suosittelemme my\u00f6s korkealaatuisten puunsuoja-aineiden k\u00e4ytt\u00f6\u00e4 autotallin suojaamiseksi s\u00e4\u00e4lt\u00e4, kosteudelta ja UV-s\u00e4teilylt\u00e4. Puun k\u00e4sittely varmistaa, ett\u00e4 autotallisi pysyy kauniina ja hyv\u00e4ss\u00e4 kunnossa pidemp\u00e4\u00e4n, kest\u00e4\u00e4 sek\u00e4 kylm\u00e4t talvip\u00e4iv\u00e4t ett\u00e4 kuumat kes\u00e4p\u00e4iv\u00e4t. Investoi kest\u00e4vyyteen ja nauti autotallistasi vuosien ajan!<\/strong><\/li>\n<\/ul>\n","protected":false},"excerpt":{"rendered":"<ul>\n<li><strong>Paino: 1550 kg<\/strong><\/li>\n<li><strong>ulkomitat: 4400 x 5500 cm<\/strong><\/li>\n<li><strong>kattoala 30,85 m2<\/strong><\/li>\n<li><strong>44 mm paksuisesta kuusesta valmistetut sein\u00e4t<\/strong><\/li>\n<li><strong>18 mm paksu kuusesta valmistettu katto<\/strong><\/li>\n<li><strong>lukittava lasiovi, mitat 905 x 1900 x 1 kpl (voidaan k\u00e4ytt\u00e4\u00e4 t\u00e4ysovena)<\/strong><\/li>\n<li><strong>lukittava ovi laminoidulla lasilla, mitat 3000 x 2055 x 1 kpl<\/strong><\/li>\n<li><strong>ruuvit ja naulat asennusta varten mukana<\/strong><\/li>\n<li><strong>asennusohjeet<\/strong><\/li>\n<li><strong>v\u00f5imalik paigaldada peegelpildis<\/strong><\/li>\n<li><strong>Jos haluat, ett\u00e4 autotallisi kest\u00e4\u00e4 pitk\u00e4\u00e4n ja tarjoaa mukavuutta kaikkina vuodenaikoina, suosittelemme asentamaan sen laattafundamentin p\u00e4\u00e4lle. Laattafundamentti varmistaa rakenteen vakauden, pit\u00e4\u00e4 autotallin suorassa ja ehk\u00e4isee maaper\u00e4n liikkeist\u00e4 johtuvia painumia.<br \/>Lis\u00e4ksi suosittelemme k\u00e4ytt\u00e4m\u00e4\u00e4n laadukkaita puunsuoja-aineita, jotka suojaavat autotallia s\u00e4\u00e4nvaihteluilta, kosteudelta ja UV-s\u00e4teilylt\u00e4. Puun k\u00e4sittely pident\u00e4\u00e4 rakenteen k\u00e4ytt\u00f6ik\u00e4\u00e4 ja auttaa s\u00e4ilytt\u00e4m\u00e4\u00e4n autotallin siistin ja hyvin hoidetun n\u00e4k\u00f6isen\u00e4 \u2013 se kest\u00e4\u00e4 paremmin sek\u00e4 talven pakkaset ett\u00e4 kes\u00e4n helteet.<br \/>Panosta kest\u00e4vyyteen ja nauti autotallistasi turvallisesti ja huolettomasti vuosiksi eteenp\u00e4in!    <\/strong><\/li>\n<\/ul>\n","protected":false},"featured_media":14124,"template":"","meta":{"_acf_changed":false,"_glsr_average":0,"_glsr_ranking":0,"_glsr_reviews":0},"product_brand":[],"product_cat":[116],"product_tag":[],"class_list":{"0":"post-10773","1":"product","2":"type-product","3":"status-publish","4":"has-post-thumbnail","6":"product_cat-autotallit","8":"first","9":"instock","10":"taxable","11":"shipping-taxable","12":"purchasable","13":"product-type-simple"},"acf":[],"yoast_head":"<!-- This site is optimized with the Yoast SEO Premium plugin v27.4 (Yoast SEO v27.4) - https:\/\/yoast.com\/product\/yoast-seo-premium-wordpress\/ -->\n<title>Autotalli Aurora (24,2m2) - Timbersbliss<\/title>\n<meta name=\"description\" content=\"TimbersBliss Aurora Autotalli \u2013 Eksklusiivinen autotalliratkaisu, jossa yhdistyv\u00e4t tyyli ja toiminnallisuus. Se on esteettinen ja kest\u00e4v\u00e4 autotalli kotiisi.\" \/>\n<meta name=\"robots\" content=\"index, follow, max-snippet:-1, max-image-preview:large, max-video-preview:-1\" \/>\n<link rel=\"canonical\" href=\"https:\/\/timbersbliss.ee\/fi\/tuote\/aurora-autotalli-242m2\/\" \/>\n<meta property=\"og:locale\" content=\"fi_FI\" \/>\n<meta property=\"og:type\" content=\"article\" \/>\n<meta property=\"og:title\" content=\"Autotalli Aurora (24,2m2)% TimbersBliss\" \/>\n<meta property=\"og:description\" content=\"TimbersBliss Aurora Garaa\u017e \u2013 Eksklusiivne garaa\u017eilahendus, mis \u00fchendab stiili ja funktsionaalsuse. See on esteetiline ja vastupidav garaa\u017e Sinu koju.\" \/>\n<meta property=\"og:url\" content=\"https:\/\/timbersbliss.ee\/fi\/tuote\/aurora-autotalli-242m2\/\" \/>\n<meta property=\"og:site_name\" content=\"Timbersbliss\" \/>\n<meta property=\"article:publisher\" content=\"https:\/\/www.facebook.com\/TimbersBliss.ee\" \/>\n<meta property=\"article:modified_time\" content=\"2025-12-07T13:20:40+00:00\" \/>\n<meta property=\"og:image\" content=\"https:\/\/timbersbliss.ee\/wp-content\/uploads\/2024\/04\/Aurora-garaaz-pruun.jpg\" \/>\n\t<meta property=\"og:image:width\" content=\"2000\" \/>\n\t<meta property=\"og:image:height\" content=\"1360\" \/>\n\t<meta property=\"og:image:type\" content=\"image\/jpeg\" \/>\n<meta name=\"twitter:card\" content=\"summary_large_image\" \/>\n<meta name=\"twitter:title\" content=\"Autotalli Aurora (24,2m2)\" \/>\n<meta name=\"twitter:label1\" content=\"Arvioitu lukuaika\" \/>\n\t<meta name=\"twitter:data1\" content=\"1 minuutti\" \/>\n<script type=\"application\/ld+json\" class=\"yoast-schema-graph\">{\"@context\":\"https:\\\/\\\/schema.org\",\"@graph\":[{\"@type\":\"WebPage\",\"@id\":\"https:\\\/\\\/timbersbliss.ee\\\/fi\\\/tuote\\\/aurora-autotalli-242m2\\\/\",\"url\":\"https:\\\/\\\/timbersbliss.ee\\\/fi\\\/tuote\\\/aurora-autotalli-242m2\\\/\",\"name\":\"Autotalli Aurora (24,2m2) - Timbersbliss\",\"isPartOf\":{\"@id\":\"https:\\\/\\\/timbersbliss.ee\\\/#website\"},\"primaryImageOfPage\":{\"@id\":\"https:\\\/\\\/timbersbliss.ee\\\/fi\\\/tuote\\\/aurora-autotalli-242m2\\\/#primaryimage\"},\"image\":{\"@id\":\"https:\\\/\\\/timbersbliss.ee\\\/fi\\\/tuote\\\/aurora-autotalli-242m2\\\/#primaryimage\"},\"thumbnailUrl\":\"https:\\\/\\\/timbersbliss.ee\\\/wp-content\\\/uploads\\\/2024\\\/04\\\/Aurora-garaaz-pruun.jpg\",\"datePublished\":\"2024-04-01T16:06:35+00:00\",\"dateModified\":\"2025-12-07T13:20:40+00:00\",\"description\":\"TimbersBliss Aurora Autotalli \u2013 Eksklusiivinen autotalliratkaisu, jossa yhdistyv\u00e4t tyyli ja toiminnallisuus. Se on esteettinen ja kest\u00e4v\u00e4 autotalli kotiisi.\",\"breadcrumb\":{\"@id\":\"https:\\\/\\\/timbersbliss.ee\\\/fi\\\/tuote\\\/aurora-autotalli-242m2\\\/#breadcrumb\"},\"inLanguage\":\"fi\",\"potentialAction\":[{\"@type\":\"ReadAction\",\"target\":[\"https:\\\/\\\/timbersbliss.ee\\\/fi\\\/tuote\\\/aurora-autotalli-242m2\\\/\"]}]},{\"@type\":\"ImageObject\",\"inLanguage\":\"fi\",\"@id\":\"https:\\\/\\\/timbersbliss.ee\\\/fi\\\/tuote\\\/aurora-autotalli-242m2\\\/#primaryimage\",\"url\":\"https:\\\/\\\/timbersbliss.ee\\\/wp-content\\\/uploads\\\/2024\\\/04\\\/Aurora-garaaz-pruun.jpg\",\"contentUrl\":\"https:\\\/\\\/timbersbliss.ee\\\/wp-content\\\/uploads\\\/2024\\\/04\\\/Aurora-garaaz-pruun.jpg\",\"width\":2000,\"height\":1360,\"caption\":\"Garaa\u017e aurora\"},{\"@type\":\"BreadcrumbList\",\"@id\":\"https:\\\/\\\/timbersbliss.ee\\\/fi\\\/tuote\\\/aurora-autotalli-242m2\\\/#breadcrumb\",\"itemListElement\":[{\"@type\":\"ListItem\",\"position\":1,\"name\":\"Etusivu\",\"item\":\"https:\\\/\\\/timbersbliss.ee\\\/fi\\\/\"},{\"@type\":\"ListItem\",\"position\":2,\"name\":\"Myym\u00e4l\u00e4\",\"item\":\"https:\\\/\\\/timbersbliss.ee\\\/fi\\\/myymala\\\/\"},{\"@type\":\"ListItem\",\"position\":3,\"name\":\"Autotalli Aurora (24,2m2)\"}]},{\"@type\":\"WebSite\",\"@id\":\"https:\\\/\\\/timbersbliss.ee\\\/#website\",\"url\":\"https:\\\/\\\/timbersbliss.ee\\\/\",\"name\":\"Timbersbliss\",\"description\":\"\",\"publisher\":{\"@id\":\"https:\\\/\\\/timbersbliss.ee\\\/#organization\"},\"potentialAction\":[{\"@type\":\"SearchAction\",\"target\":{\"@type\":\"EntryPoint\",\"urlTemplate\":\"https:\\\/\\\/timbersbliss.ee\\\/?s={search_term_string}\"},\"query-input\":{\"@type\":\"PropertyValueSpecification\",\"valueRequired\":true,\"valueName\":\"search_term_string\"}}],\"inLanguage\":\"fi\"},{\"@type\":\"Organization\",\"@id\":\"https:\\\/\\\/timbersbliss.ee\\\/#organization\",\"name\":\"Timbersbliss\",\"url\":\"https:\\\/\\\/timbersbliss.ee\\\/\",\"logo\":{\"@type\":\"ImageObject\",\"inLanguage\":\"fi\",\"@id\":\"https:\\\/\\\/timbersbliss.ee\\\/#\\\/schema\\\/logo\\\/image\\\/\",\"url\":\"https:\\\/\\\/timbersbliss.ee\\\/wp-content\\\/uploads\\\/2024\\\/11\\\/timbersbliss_logo.png\",\"contentUrl\":\"https:\\\/\\\/timbersbliss.ee\\\/wp-content\\\/uploads\\\/2024\\\/11\\\/timbersbliss_logo.png\",\"width\":2364,\"height\":494,\"caption\":\"Timbersbliss\"},\"image\":{\"@id\":\"https:\\\/\\\/timbersbliss.ee\\\/#\\\/schema\\\/logo\\\/image\\\/\"},\"sameAs\":[\"https:\\\/\\\/www.facebook.com\\\/TimbersBliss.ee\",\"https:\\\/\\\/www.instagram.com\\\/timbersbliss\\\/\"]}]}<\/script>\n<!-- \/ Yoast SEO Premium plugin. -->","yoast_head_json":{"title":"Autotalli Aurora (24,2m2) - Timbersbliss","description":"TimbersBliss Aurora Autotalli \u2013 Eksklusiivinen autotalliratkaisu, jossa yhdistyv\u00e4t tyyli ja toiminnallisuus. Se on esteettinen ja kest\u00e4v\u00e4 autotalli kotiisi.","robots":{"index":"index","follow":"follow","max-snippet":"max-snippet:-1","max-image-preview":"max-image-preview:large","max-video-preview":"max-video-preview:-1"},"canonical":"https:\/\/timbersbliss.ee\/fi\/tuote\/aurora-autotalli-242m2\/","og_locale":"fi_FI","og_type":"article","og_title":"Autotalli Aurora (24,2m2)% TimbersBliss","og_description":"TimbersBliss Aurora Garaa\u017e \u2013 Eksklusiivne garaa\u017eilahendus, mis \u00fchendab stiili ja funktsionaalsuse. See on esteetiline ja vastupidav garaa\u017e Sinu koju.","og_url":"https:\/\/timbersbliss.ee\/fi\/tuote\/aurora-autotalli-242m2\/","og_site_name":"Timbersbliss","article_publisher":"https:\/\/www.facebook.com\/TimbersBliss.ee","article_modified_time":"2025-12-07T13:20:40+00:00","og_image":[{"width":2000,"height":1360,"url":"https:\/\/timbersbliss.ee\/wp-content\/uploads\/2024\/04\/Aurora-garaaz-pruun.jpg","type":"image\/jpeg"}],"twitter_card":"summary_large_image","twitter_title":"Autotalli Aurora (24,2m2)","twitter_misc":{"Arvioitu lukuaika":"1 minuutti"},"schema":{"@context":"https:\/\/schema.org","@graph":[{"@type":"WebPage","@id":"https:\/\/timbersbliss.ee\/fi\/tuote\/aurora-autotalli-242m2\/","url":"https:\/\/timbersbliss.ee\/fi\/tuote\/aurora-autotalli-242m2\/","name":"Autotalli Aurora (24,2m2) - Timbersbliss","isPartOf":{"@id":"https:\/\/timbersbliss.ee\/#website"},"primaryImageOfPage":{"@id":"https:\/\/timbersbliss.ee\/fi\/tuote\/aurora-autotalli-242m2\/#primaryimage"},"image":{"@id":"https:\/\/timbersbliss.ee\/fi\/tuote\/aurora-autotalli-242m2\/#primaryimage"},"thumbnailUrl":"https:\/\/timbersbliss.ee\/wp-content\/uploads\/2024\/04\/Aurora-garaaz-pruun.jpg","datePublished":"2024-04-01T16:06:35+00:00","dateModified":"2025-12-07T13:20:40+00:00","description":"TimbersBliss Aurora Autotalli \u2013 Eksklusiivinen autotalliratkaisu, jossa yhdistyv\u00e4t tyyli ja toiminnallisuus. Se on esteettinen ja kest\u00e4v\u00e4 autotalli kotiisi.","breadcrumb":{"@id":"https:\/\/timbersbliss.ee\/fi\/tuote\/aurora-autotalli-242m2\/#breadcrumb"},"inLanguage":"fi","potentialAction":[{"@type":"ReadAction","target":["https:\/\/timbersbliss.ee\/fi\/tuote\/aurora-autotalli-242m2\/"]}]},{"@type":"ImageObject","inLanguage":"fi","@id":"https:\/\/timbersbliss.ee\/fi\/tuote\/aurora-autotalli-242m2\/#primaryimage","url":"https:\/\/timbersbliss.ee\/wp-content\/uploads\/2024\/04\/Aurora-garaaz-pruun.jpg","contentUrl":"https:\/\/timbersbliss.ee\/wp-content\/uploads\/2024\/04\/Aurora-garaaz-pruun.jpg","width":2000,"height":1360,"caption":"Garaa\u017e aurora"},{"@type":"BreadcrumbList","@id":"https:\/\/timbersbliss.ee\/fi\/tuote\/aurora-autotalli-242m2\/#breadcrumb","itemListElement":[{"@type":"ListItem","position":1,"name":"Etusivu","item":"https:\/\/timbersbliss.ee\/fi\/"},{"@type":"ListItem","position":2,"name":"Myym\u00e4l\u00e4","item":"https:\/\/timbersbliss.ee\/fi\/myymala\/"},{"@type":"ListItem","position":3,"name":"Autotalli Aurora (24,2m2)"}]},{"@type":"WebSite","@id":"https:\/\/timbersbliss.ee\/#website","url":"https:\/\/timbersbliss.ee\/","name":"Timbersbliss","description":"","publisher":{"@id":"https:\/\/timbersbliss.ee\/#organization"},"potentialAction":[{"@type":"SearchAction","target":{"@type":"EntryPoint","urlTemplate":"https:\/\/timbersbliss.ee\/?s={search_term_string}"},"query-input":{"@type":"PropertyValueSpecification","valueRequired":true,"valueName":"search_term_string"}}],"inLanguage":"fi"},{"@type":"Organization","@id":"https:\/\/timbersbliss.ee\/#organization","name":"Timbersbliss","url":"https:\/\/timbersbliss.ee\/","logo":{"@type":"ImageObject","inLanguage":"fi","@id":"https:\/\/timbersbliss.ee\/#\/schema\/logo\/image\/","url":"https:\/\/timbersbliss.ee\/wp-content\/uploads\/2024\/11\/timbersbliss_logo.png","contentUrl":"https:\/\/timbersbliss.ee\/wp-content\/uploads\/2024\/11\/timbersbliss_logo.png","width":2364,"height":494,"caption":"Timbersbliss"},"image":{"@id":"https:\/\/timbersbliss.ee\/#\/schema\/logo\/image\/"},"sameAs":["https:\/\/www.facebook.com\/TimbersBliss.ee","https:\/\/www.instagram.com\/timbersbliss\/"]}]}},"_links":{"self":[{"href":"https:\/\/timbersbliss.ee\/fi\/wp-json\/wp\/v2\/product\/10773","targetHints":{"allow":["GET"]}}],"collection":[{"href":"https:\/\/timbersbliss.ee\/fi\/wp-json\/wp\/v2\/product"}],"about":[{"href":"https:\/\/timbersbliss.ee\/fi\/wp-json\/wp\/v2\/types\/product"}],"version-history":[{"count":3,"href":"https:\/\/timbersbliss.ee\/fi\/wp-json\/wp\/v2\/product\/10773\/revisions"}],"predecessor-version":[{"id":15491,"href":"https:\/\/timbersbliss.ee\/fi\/wp-json\/wp\/v2\/product\/10773\/revisions\/15491"}],"wp:featuredmedia":[{"embeddable":true,"href":"https:\/\/timbersbliss.ee\/fi\/wp-json\/wp\/v2\/media\/14124"}],"wp:attachment":[{"href":"https:\/\/timbersbliss.ee\/fi\/wp-json\/wp\/v2\/media?parent=10773"}],"wp:term":[{"taxonomy":"product_brand","embeddable":true,"href":"https:\/\/timbersbliss.ee\/fi\/wp-json\/wp\/v2\/product_brand?post=10773"},{"taxonomy":"product_cat","embeddable":true,"href":"https:\/\/timbersbliss.ee\/fi\/wp-json\/wp\/v2\/product_cat?post=10773"},{"taxonomy":"product_tag","embeddable":true,"href":"https:\/\/timbersbliss.ee\/fi\/wp-json\/wp\/v2\/product_tag?post=10773"}],"curies":[{"name":"wp","href":"https:\/\/api.w.org\/{rel}","templated":true}]}}