{"id":10755,"date":"2024-04-01T19:28:51","date_gmt":"2024-04-01T16:28:51","guid":{"rendered":"https:\/\/nordtimber.ee\/toode\/owen-terrassiga-tunnisaun-245-kuuele-inimesele\/"},"modified":"2024-04-03T22:34:02","modified_gmt":"2024-04-03T19:34:02","slug":"owen-terassilla-varustettu-tynnyrisauna-245-kuudelle-hengelle","status":"publish","type":"product","link":"https:\/\/timbersbliss.ee\/fi\/tuote\/owen-terassilla-varustettu-tynnyrisauna-245-kuudelle-hengelle\/","title":{"rendered":"Owen Terassilla varustettu tynnyrisauna 245, kuudelle hengelle"},"content":{"rendered":"<div class=\"col-sm-12\">\n<p>Tuotteen ominaisuudet:<\/p>\n<ul>\n<li><strong>ulkomitat: 245 cm \u00d7 240 cm<\/strong><\/li>\n<li><strong>sis\u00e4tilan korkeus: 218 cm<\/strong><\/li>\n<li><strong>l\u00f6ylyhuoneen pituus: 169,5 cm<\/strong><\/li>\n<li><strong>terassin pituus: 60 cm<\/strong><\/li>\n<li><strong>takasein\u00e4ss\u00e4 kaksi lasielementti-ikkunaa, koko 330 \u00d7 570<\/strong><\/li>\n<li><strong>ruostumattomasta ter\u00e4ksest\u00e4 valmistetulla kynnyksell\u00e4 varustettu lukittava ulko-ovi, koko 700 \u00d7 1850<\/strong><\/li>\n<li><strong>l\u00f6ylyhuoneen ovi lasia, koko 700 \u00d7 1900<\/strong><\/li>\n<li><strong>materiaalina normaali tai l\u00e4mp\u00f6k\u00e4sitelty kuusi, paksuus 44 mm<\/strong><\/li>\n<li><strong>lattiaritil\u00e4t lehtikuusta, irrotettavissa<\/strong><\/li>\n<li><strong>kaksiportaiset lauteet l\u00e4mp\u00f6k\u00e4sitelty\u00e4 kuusta<\/strong><\/li>\n<li><strong>sauna on sis\u00e4lt\u00e4 p\u00e4in k\u00e4sitelty saunavahalla ja ulkoa p\u00e4in puu\u00f6ljyll\u00e4<\/strong><\/li>\n<li><strong>lasiluukkuinen verkkokiuas<\/strong><\/li>\n<li><strong>kiukaan alusta betonia<\/strong><\/li>\n<li><strong>moduulisavupiippu ruostumatonta ter\u00e4st\u00e4, asennettava itse (katossa l\u00e4pivienti piippua varten)<\/strong><\/li>\n<li><strong>savupelti<\/strong><\/li>\n<li><strong>takasein\u00e4ss\u00e4 kolme ilmanvaihtol\u00e4pp\u00e4\u00e4<\/strong><\/li>\n<li><strong>vesikatteena musta bitumipaanu, mukana kattohuovan reunan alle asennettavat tippalistat<\/strong><\/li>\n<li><strong>kolme ruostumattomasta ter\u00e4ksest\u00e4 valmistettua vannetta<\/strong><\/li>\n<\/ul>\n<p><strong>Sauna kannattaa asentaa sepelipohjalle ja laittaa tukijalkojen alas harkot (6 kpl). Sauna tulee asentaa vatupassissa.<br \/>\nSAUNA TOIMITETAAN T\u00c4YSIN KOOTTUNA, VAIN KIUASKIVET (100 KG) ON HANKITTAVA ERIKSEEN.<\/strong><\/p>\n<p>&nbsp;<\/p>\n<p><strong><u>LIS\u00c4VARUSTEET:<\/u><\/strong><\/p>\n<ul>\n<li>s\u00e4hk\u00f6kiuas<\/li>\n<li>valaistus<\/li>\n<li>irrotettavat terassipenkit<\/li>\n<\/ul>\n<\/div>\n","protected":false},"excerpt":{"rendered":"<p>Tuotteen ominaisuudet: ulkomitat: 245 cm \u00d7 240 cm sis\u00e4tilan korkeus: 218 cm l\u00f6ylyhuoneen pituus: 169,5 cm terassin pituus: 60 cm<\/p>\n","protected":false},"featured_media":12701,"template":"","meta":{"_acf_changed":false,"_glsr_average":0,"_glsr_ranking":0,"_glsr_reviews":0},"product_brand":[],"product_cat":[86],"product_tag":[],"class_list":{"0":"post-10755","1":"product","2":"type-product","3":"status-publish","4":"has-post-thumbnail","6":"product_cat-saunatalot","8":"first","9":"instock","10":"taxable","11":"shipping-taxable","12":"purchasable","13":"product-type-variable"},"acf":[],"yoast_head":"<!-- This site is optimized with the Yoast SEO Premium plugin v27.4 (Yoast SEO v27.4) - https:\/\/yoast.com\/product\/yoast-seo-premium-wordpress\/ -->\n<title>Owen Terassilla varustettu tynnyrisauna 245, kuudelle hengelle - Timbersbliss<\/title>\n<meta name=\"robots\" content=\"index, follow, max-snippet:-1, max-image-preview:large, max-video-preview:-1\" \/>\n<link rel=\"canonical\" href=\"https:\/\/timbersbliss.ee\/tuote\/owen-ummargune-tunnisaun-terassiga-5-88m\u00b2\/\" \/>\n<meta property=\"og:locale\" content=\"fi_FI\" \/>\n<meta property=\"og:type\" content=\"article\" \/>\n<meta property=\"og:title\" content=\"Owen Terassilla varustettu tynnyrisauna 245, kuudelle hengelle\" \/>\n<meta property=\"og:description\" content=\"Tuotteen ominaisuudet: ulkomitat: 245 cm \u00d7 240 cm sis\u00e4tilan korkeus: 218 cm l\u00f6ylyhuoneen pituus: 169,5 cm terassin pituus: 60 cm\" \/>\n<meta property=\"og:url\" content=\"https:\/\/timbersbliss.ee\/tuote\/owen-ummargune-tunnisaun-terassiga-5-88m\u00b2\/\" \/>\n<meta property=\"og:site_name\" content=\"Timbersbliss\" \/>\n<meta property=\"article:publisher\" content=\"https:\/\/www.facebook.com\/TimbersBliss.ee\" \/>\n<meta property=\"article:modified_time\" content=\"2024-04-03T19:34:02+00:00\" \/>\n<meta property=\"og:image\" content=\"https:\/\/timbersbliss.ee\/wp-content\/uploads\/2024\/04\/00003_Post-1176x800.jpg\" \/>\n\t<meta property=\"og:image:width\" content=\"1176\" \/>\n\t<meta property=\"og:image:height\" content=\"800\" \/>\n\t<meta property=\"og:image:type\" content=\"image\/jpeg\" \/>\n<meta name=\"twitter:card\" content=\"summary_large_image\" \/>\n<meta name=\"twitter:label1\" content=\"Arvioitu lukuaika\" \/>\n\t<meta name=\"twitter:data1\" content=\"1 minuutti\" \/>\n<script type=\"application\/ld+json\" class=\"yoast-schema-graph\">{\"@context\":\"https:\\\/\\\/schema.org\",\"@graph\":[{\"@type\":\"WebPage\",\"@id\":\"https:\\\/\\\/timbersbliss.ee\\\/tuote\\\/owen-ummargune-tunnisaun-terassiga-5-88m%c2%b2\\\/\",\"url\":\"https:\\\/\\\/timbersbliss.ee\\\/tuote\\\/owen-ummargune-tunnisaun-terassiga-5-88m%c2%b2\\\/\",\"name\":\"Owen Terassilla varustettu tynnyrisauna 245, kuudelle hengelle - Timbersbliss\",\"isPartOf\":{\"@id\":\"https:\\\/\\\/timbersbliss.ee\\\/#website\"},\"primaryImageOfPage\":{\"@id\":\"https:\\\/\\\/timbersbliss.ee\\\/tuote\\\/owen-ummargune-tunnisaun-terassiga-5-88m%c2%b2\\\/#primaryimage\"},\"image\":{\"@id\":\"https:\\\/\\\/timbersbliss.ee\\\/tuote\\\/owen-ummargune-tunnisaun-terassiga-5-88m%c2%b2\\\/#primaryimage\"},\"thumbnailUrl\":\"https:\\\/\\\/timbersbliss.ee\\\/wp-content\\\/uploads\\\/2024\\\/04\\\/00003_Post.jpg\",\"datePublished\":\"2024-04-01T16:28:51+00:00\",\"dateModified\":\"2024-04-03T19:34:02+00:00\",\"breadcrumb\":{\"@id\":\"https:\\\/\\\/timbersbliss.ee\\\/tuote\\\/owen-ummargune-tunnisaun-terassiga-5-88m%c2%b2\\\/#breadcrumb\"},\"inLanguage\":\"fi\",\"potentialAction\":[{\"@type\":\"ReadAction\",\"target\":[\"https:\\\/\\\/timbersbliss.ee\\\/tuote\\\/owen-ummargune-tunnisaun-terassiga-5-88m%c2%b2\\\/\"]}]},{\"@type\":\"ImageObject\",\"inLanguage\":\"fi\",\"@id\":\"https:\\\/\\\/timbersbliss.ee\\\/tuote\\\/owen-ummargune-tunnisaun-terassiga-5-88m%c2%b2\\\/#primaryimage\",\"url\":\"https:\\\/\\\/timbersbliss.ee\\\/wp-content\\\/uploads\\\/2024\\\/04\\\/00003_Post.jpg\",\"contentUrl\":\"https:\\\/\\\/timbersbliss.ee\\\/wp-content\\\/uploads\\\/2024\\\/04\\\/00003_Post.jpg\",\"width\":2000,\"height\":1360,\"caption\":\"TimbersBliss t\u00fcnnisaun \u2014 kaasaegne ja kvaliteetne torusaun\"},{\"@type\":\"BreadcrumbList\",\"@id\":\"https:\\\/\\\/timbersbliss.ee\\\/tuote\\\/owen-ummargune-tunnisaun-terassiga-5-88m%c2%b2\\\/#breadcrumb\",\"itemListElement\":[{\"@type\":\"ListItem\",\"position\":1,\"name\":\"Etusivu\",\"item\":\"https:\\\/\\\/timbersbliss.ee\\\/fi\\\/\"},{\"@type\":\"ListItem\",\"position\":2,\"name\":\"Myym\u00e4l\u00e4\",\"item\":\"https:\\\/\\\/timbersbliss.ee\\\/fi\\\/myymala\\\/\"},{\"@type\":\"ListItem\",\"position\":3,\"name\":\"Owen Terassilla varustettu tynnyrisauna 245, kuudelle hengelle\"}]},{\"@type\":\"WebSite\",\"@id\":\"https:\\\/\\\/timbersbliss.ee\\\/#website\",\"url\":\"https:\\\/\\\/timbersbliss.ee\\\/\",\"name\":\"Timbersbliss\",\"description\":\"\",\"publisher\":{\"@id\":\"https:\\\/\\\/timbersbliss.ee\\\/#organization\"},\"potentialAction\":[{\"@type\":\"SearchAction\",\"target\":{\"@type\":\"EntryPoint\",\"urlTemplate\":\"https:\\\/\\\/timbersbliss.ee\\\/?s={search_term_string}\"},\"query-input\":{\"@type\":\"PropertyValueSpecification\",\"valueRequired\":true,\"valueName\":\"search_term_string\"}}],\"inLanguage\":\"fi\"},{\"@type\":\"Organization\",\"@id\":\"https:\\\/\\\/timbersbliss.ee\\\/#organization\",\"name\":\"Timbersbliss\",\"url\":\"https:\\\/\\\/timbersbliss.ee\\\/\",\"logo\":{\"@type\":\"ImageObject\",\"inLanguage\":\"fi\",\"@id\":\"https:\\\/\\\/timbersbliss.ee\\\/#\\\/schema\\\/logo\\\/image\\\/\",\"url\":\"https:\\\/\\\/timbersbliss.ee\\\/wp-content\\\/uploads\\\/2024\\\/11\\\/timbersbliss_logo.png\",\"contentUrl\":\"https:\\\/\\\/timbersbliss.ee\\\/wp-content\\\/uploads\\\/2024\\\/11\\\/timbersbliss_logo.png\",\"width\":2364,\"height\":494,\"caption\":\"Timbersbliss\"},\"image\":{\"@id\":\"https:\\\/\\\/timbersbliss.ee\\\/#\\\/schema\\\/logo\\\/image\\\/\"},\"sameAs\":[\"https:\\\/\\\/www.facebook.com\\\/TimbersBliss.ee\",\"https:\\\/\\\/www.instagram.com\\\/timbersbliss\\\/\"]}]}<\/script>\n<!-- \/ Yoast SEO Premium plugin. -->","yoast_head_json":{"title":"Owen Terassilla varustettu tynnyrisauna 245, kuudelle hengelle - Timbersbliss","robots":{"index":"index","follow":"follow","max-snippet":"max-snippet:-1","max-image-preview":"max-image-preview:large","max-video-preview":"max-video-preview:-1"},"canonical":"https:\/\/timbersbliss.ee\/tuote\/owen-ummargune-tunnisaun-terassiga-5-88m\u00b2\/","og_locale":"fi_FI","og_type":"article","og_title":"Owen Terassilla varustettu tynnyrisauna 245, kuudelle hengelle","og_description":"Tuotteen ominaisuudet: ulkomitat: 245 cm \u00d7 240 cm sis\u00e4tilan korkeus: 218 cm l\u00f6ylyhuoneen pituus: 169,5 cm terassin pituus: 60 cm","og_url":"https:\/\/timbersbliss.ee\/tuote\/owen-ummargune-tunnisaun-terassiga-5-88m\u00b2\/","og_site_name":"Timbersbliss","article_publisher":"https:\/\/www.facebook.com\/TimbersBliss.ee","article_modified_time":"2024-04-03T19:34:02+00:00","og_image":[{"width":1176,"height":800,"url":"https:\/\/timbersbliss.ee\/wp-content\/uploads\/2024\/04\/00003_Post-1176x800.jpg","type":"image\/jpeg"}],"twitter_card":"summary_large_image","twitter_misc":{"Arvioitu lukuaika":"1 minuutti"},"schema":{"@context":"https:\/\/schema.org","@graph":[{"@type":"WebPage","@id":"https:\/\/timbersbliss.ee\/tuote\/owen-ummargune-tunnisaun-terassiga-5-88m%c2%b2\/","url":"https:\/\/timbersbliss.ee\/tuote\/owen-ummargune-tunnisaun-terassiga-5-88m%c2%b2\/","name":"Owen Terassilla varustettu tynnyrisauna 245, kuudelle hengelle - Timbersbliss","isPartOf":{"@id":"https:\/\/timbersbliss.ee\/#website"},"primaryImageOfPage":{"@id":"https:\/\/timbersbliss.ee\/tuote\/owen-ummargune-tunnisaun-terassiga-5-88m%c2%b2\/#primaryimage"},"image":{"@id":"https:\/\/timbersbliss.ee\/tuote\/owen-ummargune-tunnisaun-terassiga-5-88m%c2%b2\/#primaryimage"},"thumbnailUrl":"https:\/\/timbersbliss.ee\/wp-content\/uploads\/2024\/04\/00003_Post.jpg","datePublished":"2024-04-01T16:28:51+00:00","dateModified":"2024-04-03T19:34:02+00:00","breadcrumb":{"@id":"https:\/\/timbersbliss.ee\/tuote\/owen-ummargune-tunnisaun-terassiga-5-88m%c2%b2\/#breadcrumb"},"inLanguage":"fi","potentialAction":[{"@type":"ReadAction","target":["https:\/\/timbersbliss.ee\/tuote\/owen-ummargune-tunnisaun-terassiga-5-88m%c2%b2\/"]}]},{"@type":"ImageObject","inLanguage":"fi","@id":"https:\/\/timbersbliss.ee\/tuote\/owen-ummargune-tunnisaun-terassiga-5-88m%c2%b2\/#primaryimage","url":"https:\/\/timbersbliss.ee\/wp-content\/uploads\/2024\/04\/00003_Post.jpg","contentUrl":"https:\/\/timbersbliss.ee\/wp-content\/uploads\/2024\/04\/00003_Post.jpg","width":2000,"height":1360,"caption":"TimbersBliss t\u00fcnnisaun \u2014 kaasaegne ja kvaliteetne torusaun"},{"@type":"BreadcrumbList","@id":"https:\/\/timbersbliss.ee\/tuote\/owen-ummargune-tunnisaun-terassiga-5-88m%c2%b2\/#breadcrumb","itemListElement":[{"@type":"ListItem","position":1,"name":"Etusivu","item":"https:\/\/timbersbliss.ee\/fi\/"},{"@type":"ListItem","position":2,"name":"Myym\u00e4l\u00e4","item":"https:\/\/timbersbliss.ee\/fi\/myymala\/"},{"@type":"ListItem","position":3,"name":"Owen Terassilla varustettu tynnyrisauna 245, kuudelle hengelle"}]},{"@type":"WebSite","@id":"https:\/\/timbersbliss.ee\/#website","url":"https:\/\/timbersbliss.ee\/","name":"Timbersbliss","description":"","publisher":{"@id":"https:\/\/timbersbliss.ee\/#organization"},"potentialAction":[{"@type":"SearchAction","target":{"@type":"EntryPoint","urlTemplate":"https:\/\/timbersbliss.ee\/?s={search_term_string}"},"query-input":{"@type":"PropertyValueSpecification","valueRequired":true,"valueName":"search_term_string"}}],"inLanguage":"fi"},{"@type":"Organization","@id":"https:\/\/timbersbliss.ee\/#organization","name":"Timbersbliss","url":"https:\/\/timbersbliss.ee\/","logo":{"@type":"ImageObject","inLanguage":"fi","@id":"https:\/\/timbersbliss.ee\/#\/schema\/logo\/image\/","url":"https:\/\/timbersbliss.ee\/wp-content\/uploads\/2024\/11\/timbersbliss_logo.png","contentUrl":"https:\/\/timbersbliss.ee\/wp-content\/uploads\/2024\/11\/timbersbliss_logo.png","width":2364,"height":494,"caption":"Timbersbliss"},"image":{"@id":"https:\/\/timbersbliss.ee\/#\/schema\/logo\/image\/"},"sameAs":["https:\/\/www.facebook.com\/TimbersBliss.ee","https:\/\/www.instagram.com\/timbersbliss\/"]}]}},"_links":{"self":[{"href":"https:\/\/timbersbliss.ee\/fi\/wp-json\/wp\/v2\/product\/10755","targetHints":{"allow":["GET"]}}],"collection":[{"href":"https:\/\/timbersbliss.ee\/fi\/wp-json\/wp\/v2\/product"}],"about":[{"href":"https:\/\/timbersbliss.ee\/fi\/wp-json\/wp\/v2\/types\/product"}],"version-history":[{"count":0,"href":"https:\/\/timbersbliss.ee\/fi\/wp-json\/wp\/v2\/product\/10755\/revisions"}],"wp:featuredmedia":[{"embeddable":true,"href":"https:\/\/timbersbliss.ee\/fi\/wp-json\/wp\/v2\/media\/12701"}],"wp:attachment":[{"href":"https:\/\/timbersbliss.ee\/fi\/wp-json\/wp\/v2\/media?parent=10755"}],"wp:term":[{"taxonomy":"product_brand","embeddable":true,"href":"https:\/\/timbersbliss.ee\/fi\/wp-json\/wp\/v2\/product_brand?post=10755"},{"taxonomy":"product_cat","embeddable":true,"href":"https:\/\/timbersbliss.ee\/fi\/wp-json\/wp\/v2\/product_cat?post=10755"},{"taxonomy":"product_tag","embeddable":true,"href":"https:\/\/timbersbliss.ee\/fi\/wp-json\/wp\/v2\/product_tag?post=10755"}],"curies":[{"name":"wp","href":"https:\/\/api.w.org\/{rel}","templated":true}]}}