{"id":10721,"date":"2024-04-01T20:16:16","date_gmt":"2024-04-01T17:16:16","guid":{"rendered":"https:\/\/nordtimber.ee\/toode\/samuel-aiasaun-119m2\/"},"modified":"2024-04-03T22:37:35","modified_gmt":"2024-04-03T19:37:35","slug":"samuel-pihasauna-119m%c2%b2","status":"publish","type":"product","link":"https:\/\/timbersbliss.ee\/fi\/tuote\/samuel-pihasauna-119m%c2%b2\/","title":{"rendered":"Samuel Pihasauna 11,9m\u00b2"},"content":{"rendered":"<h2>Tuotteen ominaisuudet:<\/h2>\n<ul>\n<li><strong>ulkomitat: 350 cm \u00d7 340 cm<\/strong><\/li>\n<li><strong>sein\u00e4t 44 mm paksua kuusta<\/strong><\/li>\n<li><strong>katto 18 mm paksua kuusta<\/strong><\/li>\n<li><strong>lattia 28 mm paksua kuusta<\/strong><\/li>\n<li><strong>lukittavaa lasielementill\u00e4 varustettu ulko-ovi, koko 905 \u00d7 1900, sis\u00e4oven koko 80 \u00d7 200 (mahdollinen umpiovi)<\/strong><\/li>\n<li><strong>avattava lasielementti-ikkuna, koko 90 \u00d7 70<\/strong><\/li>\n<li><strong>mukana kokoamiseen tarvittavat ruuvit ja naulat<\/strong><\/li>\n<li><strong>kokoamisohjeet<\/strong><\/li>\n<\/ul>\n","protected":false},"excerpt":{"rendered":"<p>Tuotteen ominaisuudet: ulkomitat: 350 cm \u00d7 340 cm sein\u00e4t 44 mm paksua kuusta katto 18 mm paksua kuusta lattia 28<\/p>\n","protected":false},"featured_media":10535,"template":"","meta":{"_acf_changed":false,"_glsr_average":0,"_glsr_ranking":0,"_glsr_reviews":0},"product_brand":[],"product_cat":[88],"product_tag":[],"class_list":{"0":"post-10721","1":"product","2":"type-product","3":"status-publish","4":"has-post-thumbnail","6":"product_cat-puutarha-talot","8":"first","9":"instock","10":"taxable","11":"shipping-taxable","12":"purchasable","13":"product-type-simple"},"acf":[],"yoast_head":"<!-- This site is optimized with the Yoast SEO Premium plugin v27.4 (Yoast SEO v27.4) - https:\/\/yoast.com\/product\/yoast-seo-premium-wordpress\/ -->\n<title>Samuel Pihasauna 11,9m\u00b2 - Timbersbliss<\/title>\n<meta name=\"robots\" content=\"index, follow, max-snippet:-1, max-image-preview:large, max-video-preview:-1\" \/>\n<link rel=\"canonical\" href=\"https:\/\/timbersbliss.ee\/tuote\/titan-aiasaun-119m2\/\" \/>\n<meta property=\"og:locale\" content=\"fi_FI\" \/>\n<meta property=\"og:type\" content=\"article\" \/>\n<meta property=\"og:title\" content=\"Samuel Pihasauna 11,9m\u00b2\" \/>\n<meta property=\"og:description\" content=\"Tuotteen ominaisuudet: ulkomitat: 350 cm \u00d7 340 cm sein\u00e4t 44 mm paksua kuusta katto 18 mm paksua kuusta lattia 28\" \/>\n<meta property=\"og:url\" content=\"https:\/\/timbersbliss.ee\/tuote\/titan-aiasaun-119m2\/\" \/>\n<meta property=\"og:site_name\" content=\"Timbersbliss\" \/>\n<meta property=\"article:publisher\" content=\"https:\/\/www.facebook.com\/TimbersBliss.ee\" \/>\n<meta property=\"article:modified_time\" content=\"2024-04-03T19:37:35+00:00\" \/>\n<meta property=\"og:image\" content=\"https:\/\/timbersbliss.ee\/wp-content\/uploads\/2024\/04\/P16-Pihasauna-477m2-1-1-jpg.webp\" \/>\n\t<meta property=\"og:image:width\" content=\"2261\" \/>\n\t<meta property=\"og:image:height\" content=\"1269\" \/>\n\t<meta property=\"og:image:type\" content=\"image\/jpeg\" \/>\n<meta name=\"twitter:card\" content=\"summary_large_image\" \/>\n<meta name=\"twitter:label1\" content=\"Arvioitu lukuaika\" \/>\n\t<meta name=\"twitter:data1\" content=\"1 minuutti\" \/>\n<script type=\"application\/ld+json\" class=\"yoast-schema-graph\">{\"@context\":\"https:\\\/\\\/schema.org\",\"@graph\":[{\"@type\":\"WebPage\",\"@id\":\"https:\\\/\\\/timbersbliss.ee\\\/tuote\\\/titan-aiasaun-119m2\\\/\",\"url\":\"https:\\\/\\\/timbersbliss.ee\\\/tuote\\\/titan-aiasaun-119m2\\\/\",\"name\":\"Samuel Pihasauna 11,9m\u00b2 - Timbersbliss\",\"isPartOf\":{\"@id\":\"https:\\\/\\\/timbersbliss.ee\\\/#website\"},\"primaryImageOfPage\":{\"@id\":\"https:\\\/\\\/timbersbliss.ee\\\/tuote\\\/titan-aiasaun-119m2\\\/#primaryimage\"},\"image\":{\"@id\":\"https:\\\/\\\/timbersbliss.ee\\\/tuote\\\/titan-aiasaun-119m2\\\/#primaryimage\"},\"thumbnailUrl\":\"https:\\\/\\\/timbersbliss.ee\\\/wp-content\\\/uploads\\\/2024\\\/04\\\/P16-Pihasauna-477m2-1-1-jpg.webp\",\"datePublished\":\"2024-04-01T17:16:16+00:00\",\"dateModified\":\"2024-04-03T19:37:35+00:00\",\"breadcrumb\":{\"@id\":\"https:\\\/\\\/timbersbliss.ee\\\/tuote\\\/titan-aiasaun-119m2\\\/#breadcrumb\"},\"inLanguage\":\"fi\",\"potentialAction\":[{\"@type\":\"ReadAction\",\"target\":[\"https:\\\/\\\/timbersbliss.ee\\\/tuote\\\/titan-aiasaun-119m2\\\/\"]}]},{\"@type\":\"ImageObject\",\"inLanguage\":\"fi\",\"@id\":\"https:\\\/\\\/timbersbliss.ee\\\/tuote\\\/titan-aiasaun-119m2\\\/#primaryimage\",\"url\":\"https:\\\/\\\/timbersbliss.ee\\\/wp-content\\\/uploads\\\/2024\\\/04\\\/P16-Pihasauna-477m2-1-1-jpg.webp\",\"contentUrl\":\"https:\\\/\\\/timbersbliss.ee\\\/wp-content\\\/uploads\\\/2024\\\/04\\\/P16-Pihasauna-477m2-1-1-jpg.webp\",\"width\":2261,\"height\":1269,\"caption\":\"Samuel Aiasaun (11,9m2)\"},{\"@type\":\"BreadcrumbList\",\"@id\":\"https:\\\/\\\/timbersbliss.ee\\\/tuote\\\/titan-aiasaun-119m2\\\/#breadcrumb\",\"itemListElement\":[{\"@type\":\"ListItem\",\"position\":1,\"name\":\"Etusivu\",\"item\":\"https:\\\/\\\/timbersbliss.ee\\\/fi\\\/\"},{\"@type\":\"ListItem\",\"position\":2,\"name\":\"Myym\u00e4l\u00e4\",\"item\":\"https:\\\/\\\/timbersbliss.ee\\\/fi\\\/myymala\\\/\"},{\"@type\":\"ListItem\",\"position\":3,\"name\":\"Samuel Pihasauna 11,9m\u00b2\"}]},{\"@type\":\"WebSite\",\"@id\":\"https:\\\/\\\/timbersbliss.ee\\\/#website\",\"url\":\"https:\\\/\\\/timbersbliss.ee\\\/\",\"name\":\"Timbersbliss\",\"description\":\"\",\"publisher\":{\"@id\":\"https:\\\/\\\/timbersbliss.ee\\\/#organization\"},\"potentialAction\":[{\"@type\":\"SearchAction\",\"target\":{\"@type\":\"EntryPoint\",\"urlTemplate\":\"https:\\\/\\\/timbersbliss.ee\\\/?s={search_term_string}\"},\"query-input\":{\"@type\":\"PropertyValueSpecification\",\"valueRequired\":true,\"valueName\":\"search_term_string\"}}],\"inLanguage\":\"fi\"},{\"@type\":\"Organization\",\"@id\":\"https:\\\/\\\/timbersbliss.ee\\\/#organization\",\"name\":\"Timbersbliss\",\"url\":\"https:\\\/\\\/timbersbliss.ee\\\/\",\"logo\":{\"@type\":\"ImageObject\",\"inLanguage\":\"fi\",\"@id\":\"https:\\\/\\\/timbersbliss.ee\\\/#\\\/schema\\\/logo\\\/image\\\/\",\"url\":\"https:\\\/\\\/timbersbliss.ee\\\/wp-content\\\/uploads\\\/2024\\\/11\\\/timbersbliss_logo.png\",\"contentUrl\":\"https:\\\/\\\/timbersbliss.ee\\\/wp-content\\\/uploads\\\/2024\\\/11\\\/timbersbliss_logo.png\",\"width\":2364,\"height\":494,\"caption\":\"Timbersbliss\"},\"image\":{\"@id\":\"https:\\\/\\\/timbersbliss.ee\\\/#\\\/schema\\\/logo\\\/image\\\/\"},\"sameAs\":[\"https:\\\/\\\/www.facebook.com\\\/TimbersBliss.ee\",\"https:\\\/\\\/www.instagram.com\\\/timbersbliss\\\/\"]}]}<\/script>\n<!-- \/ Yoast SEO Premium plugin. -->","yoast_head_json":{"title":"Samuel Pihasauna 11,9m\u00b2 - Timbersbliss","robots":{"index":"index","follow":"follow","max-snippet":"max-snippet:-1","max-image-preview":"max-image-preview:large","max-video-preview":"max-video-preview:-1"},"canonical":"https:\/\/timbersbliss.ee\/tuote\/titan-aiasaun-119m2\/","og_locale":"fi_FI","og_type":"article","og_title":"Samuel Pihasauna 11,9m\u00b2","og_description":"Tuotteen ominaisuudet: ulkomitat: 350 cm \u00d7 340 cm sein\u00e4t 44 mm paksua kuusta katto 18 mm paksua kuusta lattia 28","og_url":"https:\/\/timbersbliss.ee\/tuote\/titan-aiasaun-119m2\/","og_site_name":"Timbersbliss","article_publisher":"https:\/\/www.facebook.com\/TimbersBliss.ee","article_modified_time":"2024-04-03T19:37:35+00:00","og_image":[{"width":2261,"height":1269,"url":"https:\/\/timbersbliss.ee\/wp-content\/uploads\/2024\/04\/P16-Pihasauna-477m2-1-1-jpg.webp","type":"image\/jpeg"}],"twitter_card":"summary_large_image","twitter_misc":{"Arvioitu lukuaika":"1 minuutti"},"schema":{"@context":"https:\/\/schema.org","@graph":[{"@type":"WebPage","@id":"https:\/\/timbersbliss.ee\/tuote\/titan-aiasaun-119m2\/","url":"https:\/\/timbersbliss.ee\/tuote\/titan-aiasaun-119m2\/","name":"Samuel Pihasauna 11,9m\u00b2 - Timbersbliss","isPartOf":{"@id":"https:\/\/timbersbliss.ee\/#website"},"primaryImageOfPage":{"@id":"https:\/\/timbersbliss.ee\/tuote\/titan-aiasaun-119m2\/#primaryimage"},"image":{"@id":"https:\/\/timbersbliss.ee\/tuote\/titan-aiasaun-119m2\/#primaryimage"},"thumbnailUrl":"https:\/\/timbersbliss.ee\/wp-content\/uploads\/2024\/04\/P16-Pihasauna-477m2-1-1-jpg.webp","datePublished":"2024-04-01T17:16:16+00:00","dateModified":"2024-04-03T19:37:35+00:00","breadcrumb":{"@id":"https:\/\/timbersbliss.ee\/tuote\/titan-aiasaun-119m2\/#breadcrumb"},"inLanguage":"fi","potentialAction":[{"@type":"ReadAction","target":["https:\/\/timbersbliss.ee\/tuote\/titan-aiasaun-119m2\/"]}]},{"@type":"ImageObject","inLanguage":"fi","@id":"https:\/\/timbersbliss.ee\/tuote\/titan-aiasaun-119m2\/#primaryimage","url":"https:\/\/timbersbliss.ee\/wp-content\/uploads\/2024\/04\/P16-Pihasauna-477m2-1-1-jpg.webp","contentUrl":"https:\/\/timbersbliss.ee\/wp-content\/uploads\/2024\/04\/P16-Pihasauna-477m2-1-1-jpg.webp","width":2261,"height":1269,"caption":"Samuel Aiasaun (11,9m2)"},{"@type":"BreadcrumbList","@id":"https:\/\/timbersbliss.ee\/tuote\/titan-aiasaun-119m2\/#breadcrumb","itemListElement":[{"@type":"ListItem","position":1,"name":"Etusivu","item":"https:\/\/timbersbliss.ee\/fi\/"},{"@type":"ListItem","position":2,"name":"Myym\u00e4l\u00e4","item":"https:\/\/timbersbliss.ee\/fi\/myymala\/"},{"@type":"ListItem","position":3,"name":"Samuel Pihasauna 11,9m\u00b2"}]},{"@type":"WebSite","@id":"https:\/\/timbersbliss.ee\/#website","url":"https:\/\/timbersbliss.ee\/","name":"Timbersbliss","description":"","publisher":{"@id":"https:\/\/timbersbliss.ee\/#organization"},"potentialAction":[{"@type":"SearchAction","target":{"@type":"EntryPoint","urlTemplate":"https:\/\/timbersbliss.ee\/?s={search_term_string}"},"query-input":{"@type":"PropertyValueSpecification","valueRequired":true,"valueName":"search_term_string"}}],"inLanguage":"fi"},{"@type":"Organization","@id":"https:\/\/timbersbliss.ee\/#organization","name":"Timbersbliss","url":"https:\/\/timbersbliss.ee\/","logo":{"@type":"ImageObject","inLanguage":"fi","@id":"https:\/\/timbersbliss.ee\/#\/schema\/logo\/image\/","url":"https:\/\/timbersbliss.ee\/wp-content\/uploads\/2024\/11\/timbersbliss_logo.png","contentUrl":"https:\/\/timbersbliss.ee\/wp-content\/uploads\/2024\/11\/timbersbliss_logo.png","width":2364,"height":494,"caption":"Timbersbliss"},"image":{"@id":"https:\/\/timbersbliss.ee\/#\/schema\/logo\/image\/"},"sameAs":["https:\/\/www.facebook.com\/TimbersBliss.ee","https:\/\/www.instagram.com\/timbersbliss\/"]}]}},"_links":{"self":[{"href":"https:\/\/timbersbliss.ee\/fi\/wp-json\/wp\/v2\/product\/10721","targetHints":{"allow":["GET"]}}],"collection":[{"href":"https:\/\/timbersbliss.ee\/fi\/wp-json\/wp\/v2\/product"}],"about":[{"href":"https:\/\/timbersbliss.ee\/fi\/wp-json\/wp\/v2\/types\/product"}],"version-history":[{"count":0,"href":"https:\/\/timbersbliss.ee\/fi\/wp-json\/wp\/v2\/product\/10721\/revisions"}],"wp:featuredmedia":[{"embeddable":true,"href":"https:\/\/timbersbliss.ee\/fi\/wp-json\/wp\/v2\/media\/10535"}],"wp:attachment":[{"href":"https:\/\/timbersbliss.ee\/fi\/wp-json\/wp\/v2\/media?parent=10721"}],"wp:term":[{"taxonomy":"product_brand","embeddable":true,"href":"https:\/\/timbersbliss.ee\/fi\/wp-json\/wp\/v2\/product_brand?post=10721"},{"taxonomy":"product_cat","embeddable":true,"href":"https:\/\/timbersbliss.ee\/fi\/wp-json\/wp\/v2\/product_cat?post=10721"},{"taxonomy":"product_tag","embeddable":true,"href":"https:\/\/timbersbliss.ee\/fi\/wp-json\/wp\/v2\/product_tag?post=10721"}],"curies":[{"name":"wp","href":"https:\/\/api.w.org\/{rel}","templated":true}]}}