{"id":10715,"date":"2024-04-01T20:21:13","date_gmt":"2024-04-01T17:21:13","guid":{"rendered":"https:\/\/nordtimber.ee\/toode\/lucas-aiakuur-105m2\/"},"modified":"2026-01-15T14:03:03","modified_gmt":"2026-01-15T12:03:03","slug":"lucas-aiakuur-105m2","status":"publish","type":"product","link":"https:\/\/timbersbliss.ee\/fi\/tuote\/lucas-aiakuur-105m2\/","title":{"rendered":"Lucas Aiakuur 10,5m2"},"content":{"rendered":"<h2>Toote kirjeldus:<\/h2>\n<ul>\n<li>\n<h5><strong>Puukuur 10,5 m2<\/strong><\/h5>\n<\/li>\n<li>\n<h5><strong>v\u00e4lism\u00f5\u00f5tmed: 3,5 \u00d7 3,0<\/strong><\/h5>\n<\/li>\n<li>\n<h5><strong>seinad valmistatud 44 mm paksusest kuusest<\/strong><\/h5>\n<\/li>\n<li>\n<h5><strong>paarisuks 160 x 165<\/strong><\/h5>\n<\/li>\n<li>\n<h5><strong>kokkupanekujuhend<\/strong><\/h5>\n<\/li>\n<\/ul>\n<h5>Lucas Aiakuur (10,5\u202fm\u00b2) pakub nutikat ja avarat lahendust aeda, \u00fchendades tugeva konstruktsiooni ja kvaliteetse kuusepuidu. Modulaarne disain v\u00f5imaldab ruumi kasutada mitmel moel \u2014 n\u00e4iteks t\u00f6\u00f6riistade, aiatarvete v\u00f5i hooajalise varustuse hoiustamiseks ning riiulite v\u00f5i organiseeritud hoiualade paigutamiseks. Lucas on ideaalne valik neile, kes otsivad korras, funktsionaalset ja pikaealist aiakuuri, mis teenib aastaid ning sobib nii v\u00e4iksema kui ka suurema aia k\u00f5rvale.<\/h5>\n","protected":false},"excerpt":{"rendered":"<ul>\n<li>\n<h5><strong>Kui soovid, et Sinu aiakuur kestaks kaua ja pakuks mugavust igal aastaajal, soovitame paigaldada see plaatvundamendile. Plaatvundament tagab stabiilsuse, hoiab konstruktsiooni sirgena ja kaitseb maapinna liikumisest tingitud vajumiste eest. Lisaks soovitame kasutada kvaliteetseid puidukaitsevahendeid, et kaitsta kuuri ilmastiku, niiskuse ja UV-kiirguse eest. Puidu t\u00f6\u00f6tlemine tagab, et Sinu puidust kuur p\u00fcsib kauem kauni ja hooldatuna, olles vastupidav nii talvistele k\u00fclmadele kui ka suvistele kuumadele p\u00e4evadele. Investeeri vastupidavusse ja naudi oma aiakuuri aastaid!<\/strong><\/h5>\n<\/li>\n<\/ul>\n","protected":false},"featured_media":10557,"template":"","meta":{"_acf_changed":false,"_glsr_average":0,"_glsr_ranking":0,"_glsr_reviews":0},"product_brand":[],"product_cat":[88],"product_tag":[],"class_list":{"0":"post-10715","1":"product","2":"type-product","3":"status-publish","4":"has-post-thumbnail","6":"product_cat-puutarha-talot","8":"first","9":"instock","10":"taxable","11":"shipping-taxable","12":"purchasable","13":"product-type-simple"},"acf":[],"yoast_head":"<!-- This site is optimized with the Yoast SEO Premium plugin v27.4 (Yoast SEO v27.4) - https:\/\/yoast.com\/product\/yoast-seo-premium-wordpress\/ -->\n<title>Lucas Aiakuur 10,5m2 - Timbersbliss<\/title>\n<meta name=\"description\" content=\"Lucas Aiakuur \u2013 mahukas ja kvaliteetne aiakuur, mis hoiab Su aia korras ja elukoha organiseerituna! Vaata j\u00e4rgi ja tutvu meiega l\u00e4hemalt!\" \/>\n<meta name=\"robots\" content=\"index, follow, max-snippet:-1, max-image-preview:large, max-video-preview:-1\" \/>\n<link rel=\"canonical\" href=\"https:\/\/timbersbliss.ee\/tuote\/lucas-aiakuur-105m2\/\" \/>\n<meta property=\"og:locale\" content=\"fi_FI\" \/>\n<meta property=\"og:type\" content=\"article\" \/>\n<meta property=\"og:title\" content=\"Lucas Aiakuur 10,5m2 TimbersBliss\" \/>\n<meta property=\"og:description\" content=\"Lucas Aiakuur \u2013 mahukas ja kvaliteetne aiakuur, mis hoiab Su aia korras ja elukoha organiseerituna! Vaata j\u00e4rgi ja tutvu meiega l\u00e4hemalt!\" \/>\n<meta property=\"og:url\" content=\"https:\/\/timbersbliss.ee\/tuote\/lucas-aiakuur-105m2\/\" \/>\n<meta property=\"og:site_name\" content=\"Timbersbliss\" \/>\n<meta property=\"article:publisher\" content=\"https:\/\/www.facebook.com\/TimbersBliss.ee\" \/>\n<meta property=\"article:modified_time\" content=\"2026-01-15T12:03:03+00:00\" \/>\n<meta property=\"og:image\" content=\"https:\/\/timbersbliss.ee\/wp-content\/uploads\/2024\/04\/P19-Lado-105m2-1-jpg.webp\" \/>\n\t<meta property=\"og:image:width\" content=\"2270\" \/>\n\t<meta property=\"og:image:height\" content=\"1266\" \/>\n\t<meta property=\"og:image:type\" content=\"image\/jpeg\" \/>\n<meta name=\"twitter:card\" content=\"summary_large_image\" \/>\n<meta name=\"twitter:title\" content=\"Lucas Aiakuur 10,5m2\" \/>\n<meta name=\"twitter:label1\" content=\"Arvioitu lukuaika\" \/>\n\t<meta name=\"twitter:data1\" content=\"1 minuutti\" \/>\n<script type=\"application\/ld+json\" class=\"yoast-schema-graph\">{\"@context\":\"https:\\\/\\\/schema.org\",\"@graph\":[{\"@type\":\"WebPage\",\"@id\":\"https:\\\/\\\/timbersbliss.ee\\\/tuote\\\/lucas-aiakuur-105m2\\\/\",\"url\":\"https:\\\/\\\/timbersbliss.ee\\\/tuote\\\/lucas-aiakuur-105m2\\\/\",\"name\":\"Lucas Aiakuur 10,5m2 - Timbersbliss\",\"isPartOf\":{\"@id\":\"https:\\\/\\\/timbersbliss.ee\\\/#website\"},\"primaryImageOfPage\":{\"@id\":\"https:\\\/\\\/timbersbliss.ee\\\/tuote\\\/lucas-aiakuur-105m2\\\/#primaryimage\"},\"image\":{\"@id\":\"https:\\\/\\\/timbersbliss.ee\\\/tuote\\\/lucas-aiakuur-105m2\\\/#primaryimage\"},\"thumbnailUrl\":\"https:\\\/\\\/timbersbliss.ee\\\/wp-content\\\/uploads\\\/2024\\\/04\\\/P19-Lado-105m2-1-jpg.webp\",\"datePublished\":\"2024-04-01T17:21:13+00:00\",\"dateModified\":\"2026-01-15T12:03:03+00:00\",\"description\":\"Lucas Aiakuur \u2013 mahukas ja kvaliteetne aiakuur, mis hoiab Su aia korras ja elukoha organiseerituna! Vaata j\u00e4rgi ja tutvu meiega l\u00e4hemalt!\",\"breadcrumb\":{\"@id\":\"https:\\\/\\\/timbersbliss.ee\\\/tuote\\\/lucas-aiakuur-105m2\\\/#breadcrumb\"},\"inLanguage\":\"fi\",\"potentialAction\":[{\"@type\":\"ReadAction\",\"target\":[\"https:\\\/\\\/timbersbliss.ee\\\/tuote\\\/lucas-aiakuur-105m2\\\/\"]}]},{\"@type\":\"ImageObject\",\"inLanguage\":\"fi\",\"@id\":\"https:\\\/\\\/timbersbliss.ee\\\/tuote\\\/lucas-aiakuur-105m2\\\/#primaryimage\",\"url\":\"https:\\\/\\\/timbersbliss.ee\\\/wp-content\\\/uploads\\\/2024\\\/04\\\/P19-Lado-105m2-1-jpg.webp\",\"contentUrl\":\"https:\\\/\\\/timbersbliss.ee\\\/wp-content\\\/uploads\\\/2024\\\/04\\\/P19-Lado-105m2-1-jpg.webp\",\"width\":2270,\"height\":1266,\"caption\":\"Lucas Aiakuur (10,5m2)\"},{\"@type\":\"BreadcrumbList\",\"@id\":\"https:\\\/\\\/timbersbliss.ee\\\/tuote\\\/lucas-aiakuur-105m2\\\/#breadcrumb\",\"itemListElement\":[{\"@type\":\"ListItem\",\"position\":1,\"name\":\"Etusivu\",\"item\":\"https:\\\/\\\/timbersbliss.ee\\\/fi\\\/\"},{\"@type\":\"ListItem\",\"position\":2,\"name\":\"Myym\u00e4l\u00e4\",\"item\":\"https:\\\/\\\/timbersbliss.ee\\\/fi\\\/myymala\\\/\"},{\"@type\":\"ListItem\",\"position\":3,\"name\":\"Lucas Aiakuur 10,5m2\"}]},{\"@type\":\"WebSite\",\"@id\":\"https:\\\/\\\/timbersbliss.ee\\\/#website\",\"url\":\"https:\\\/\\\/timbersbliss.ee\\\/\",\"name\":\"Timbersbliss\",\"description\":\"\",\"publisher\":{\"@id\":\"https:\\\/\\\/timbersbliss.ee\\\/#organization\"},\"potentialAction\":[{\"@type\":\"SearchAction\",\"target\":{\"@type\":\"EntryPoint\",\"urlTemplate\":\"https:\\\/\\\/timbersbliss.ee\\\/?s={search_term_string}\"},\"query-input\":{\"@type\":\"PropertyValueSpecification\",\"valueRequired\":true,\"valueName\":\"search_term_string\"}}],\"inLanguage\":\"fi\"},{\"@type\":\"Organization\",\"@id\":\"https:\\\/\\\/timbersbliss.ee\\\/#organization\",\"name\":\"Timbersbliss\",\"url\":\"https:\\\/\\\/timbersbliss.ee\\\/\",\"logo\":{\"@type\":\"ImageObject\",\"inLanguage\":\"fi\",\"@id\":\"https:\\\/\\\/timbersbliss.ee\\\/#\\\/schema\\\/logo\\\/image\\\/\",\"url\":\"https:\\\/\\\/timbersbliss.ee\\\/wp-content\\\/uploads\\\/2024\\\/11\\\/timbersbliss_logo.png\",\"contentUrl\":\"https:\\\/\\\/timbersbliss.ee\\\/wp-content\\\/uploads\\\/2024\\\/11\\\/timbersbliss_logo.png\",\"width\":2364,\"height\":494,\"caption\":\"Timbersbliss\"},\"image\":{\"@id\":\"https:\\\/\\\/timbersbliss.ee\\\/#\\\/schema\\\/logo\\\/image\\\/\"},\"sameAs\":[\"https:\\\/\\\/www.facebook.com\\\/TimbersBliss.ee\",\"https:\\\/\\\/www.instagram.com\\\/timbersbliss\\\/\"]}]}<\/script>\n<!-- \/ Yoast SEO Premium plugin. -->","yoast_head_json":{"title":"Lucas Aiakuur 10,5m2 - Timbersbliss","description":"Lucas Aiakuur \u2013 mahukas ja kvaliteetne aiakuur, mis hoiab Su aia korras ja elukoha organiseerituna! Vaata j\u00e4rgi ja tutvu meiega l\u00e4hemalt!","robots":{"index":"index","follow":"follow","max-snippet":"max-snippet:-1","max-image-preview":"max-image-preview:large","max-video-preview":"max-video-preview:-1"},"canonical":"https:\/\/timbersbliss.ee\/tuote\/lucas-aiakuur-105m2\/","og_locale":"fi_FI","og_type":"article","og_title":"Lucas Aiakuur 10,5m2 TimbersBliss","og_description":"Lucas Aiakuur \u2013 mahukas ja kvaliteetne aiakuur, mis hoiab Su aia korras ja elukoha organiseerituna! Vaata j\u00e4rgi ja tutvu meiega l\u00e4hemalt!","og_url":"https:\/\/timbersbliss.ee\/tuote\/lucas-aiakuur-105m2\/","og_site_name":"Timbersbliss","article_publisher":"https:\/\/www.facebook.com\/TimbersBliss.ee","article_modified_time":"2026-01-15T12:03:03+00:00","og_image":[{"width":2270,"height":1266,"url":"https:\/\/timbersbliss.ee\/wp-content\/uploads\/2024\/04\/P19-Lado-105m2-1-jpg.webp","type":"image\/jpeg"}],"twitter_card":"summary_large_image","twitter_title":"Lucas Aiakuur 10,5m2","twitter_misc":{"Arvioitu lukuaika":"1 minuutti"},"schema":{"@context":"https:\/\/schema.org","@graph":[{"@type":"WebPage","@id":"https:\/\/timbersbliss.ee\/tuote\/lucas-aiakuur-105m2\/","url":"https:\/\/timbersbliss.ee\/tuote\/lucas-aiakuur-105m2\/","name":"Lucas Aiakuur 10,5m2 - Timbersbliss","isPartOf":{"@id":"https:\/\/timbersbliss.ee\/#website"},"primaryImageOfPage":{"@id":"https:\/\/timbersbliss.ee\/tuote\/lucas-aiakuur-105m2\/#primaryimage"},"image":{"@id":"https:\/\/timbersbliss.ee\/tuote\/lucas-aiakuur-105m2\/#primaryimage"},"thumbnailUrl":"https:\/\/timbersbliss.ee\/wp-content\/uploads\/2024\/04\/P19-Lado-105m2-1-jpg.webp","datePublished":"2024-04-01T17:21:13+00:00","dateModified":"2026-01-15T12:03:03+00:00","description":"Lucas Aiakuur \u2013 mahukas ja kvaliteetne aiakuur, mis hoiab Su aia korras ja elukoha organiseerituna! Vaata j\u00e4rgi ja tutvu meiega l\u00e4hemalt!","breadcrumb":{"@id":"https:\/\/timbersbliss.ee\/tuote\/lucas-aiakuur-105m2\/#breadcrumb"},"inLanguage":"fi","potentialAction":[{"@type":"ReadAction","target":["https:\/\/timbersbliss.ee\/tuote\/lucas-aiakuur-105m2\/"]}]},{"@type":"ImageObject","inLanguage":"fi","@id":"https:\/\/timbersbliss.ee\/tuote\/lucas-aiakuur-105m2\/#primaryimage","url":"https:\/\/timbersbliss.ee\/wp-content\/uploads\/2024\/04\/P19-Lado-105m2-1-jpg.webp","contentUrl":"https:\/\/timbersbliss.ee\/wp-content\/uploads\/2024\/04\/P19-Lado-105m2-1-jpg.webp","width":2270,"height":1266,"caption":"Lucas Aiakuur (10,5m2)"},{"@type":"BreadcrumbList","@id":"https:\/\/timbersbliss.ee\/tuote\/lucas-aiakuur-105m2\/#breadcrumb","itemListElement":[{"@type":"ListItem","position":1,"name":"Etusivu","item":"https:\/\/timbersbliss.ee\/fi\/"},{"@type":"ListItem","position":2,"name":"Myym\u00e4l\u00e4","item":"https:\/\/timbersbliss.ee\/fi\/myymala\/"},{"@type":"ListItem","position":3,"name":"Lucas Aiakuur 10,5m2"}]},{"@type":"WebSite","@id":"https:\/\/timbersbliss.ee\/#website","url":"https:\/\/timbersbliss.ee\/","name":"Timbersbliss","description":"","publisher":{"@id":"https:\/\/timbersbliss.ee\/#organization"},"potentialAction":[{"@type":"SearchAction","target":{"@type":"EntryPoint","urlTemplate":"https:\/\/timbersbliss.ee\/?s={search_term_string}"},"query-input":{"@type":"PropertyValueSpecification","valueRequired":true,"valueName":"search_term_string"}}],"inLanguage":"fi"},{"@type":"Organization","@id":"https:\/\/timbersbliss.ee\/#organization","name":"Timbersbliss","url":"https:\/\/timbersbliss.ee\/","logo":{"@type":"ImageObject","inLanguage":"fi","@id":"https:\/\/timbersbliss.ee\/#\/schema\/logo\/image\/","url":"https:\/\/timbersbliss.ee\/wp-content\/uploads\/2024\/11\/timbersbliss_logo.png","contentUrl":"https:\/\/timbersbliss.ee\/wp-content\/uploads\/2024\/11\/timbersbliss_logo.png","width":2364,"height":494,"caption":"Timbersbliss"},"image":{"@id":"https:\/\/timbersbliss.ee\/#\/schema\/logo\/image\/"},"sameAs":["https:\/\/www.facebook.com\/TimbersBliss.ee","https:\/\/www.instagram.com\/timbersbliss\/"]}]}},"_links":{"self":[{"href":"https:\/\/timbersbliss.ee\/fi\/wp-json\/wp\/v2\/product\/10715","targetHints":{"allow":["GET"]}}],"collection":[{"href":"https:\/\/timbersbliss.ee\/fi\/wp-json\/wp\/v2\/product"}],"about":[{"href":"https:\/\/timbersbliss.ee\/fi\/wp-json\/wp\/v2\/types\/product"}],"version-history":[{"count":6,"href":"https:\/\/timbersbliss.ee\/fi\/wp-json\/wp\/v2\/product\/10715\/revisions"}],"predecessor-version":[{"id":15806,"href":"https:\/\/timbersbliss.ee\/fi\/wp-json\/wp\/v2\/product\/10715\/revisions\/15806"}],"wp:featuredmedia":[{"embeddable":true,"href":"https:\/\/timbersbliss.ee\/fi\/wp-json\/wp\/v2\/media\/10557"}],"wp:attachment":[{"href":"https:\/\/timbersbliss.ee\/fi\/wp-json\/wp\/v2\/media?parent=10715"}],"wp:term":[{"taxonomy":"product_brand","embeddable":true,"href":"https:\/\/timbersbliss.ee\/fi\/wp-json\/wp\/v2\/product_brand?post=10715"},{"taxonomy":"product_cat","embeddable":true,"href":"https:\/\/timbersbliss.ee\/fi\/wp-json\/wp\/v2\/product_cat?post=10715"},{"taxonomy":"product_tag","embeddable":true,"href":"https:\/\/timbersbliss.ee\/fi\/wp-json\/wp\/v2\/product_tag?post=10715"}],"curies":[{"name":"wp","href":"https:\/\/api.w.org\/{rel}","templated":true}]}}