{"id":15426,"date":"2025-10-01T17:46:55","date_gmt":"2025-10-01T14:46:55","guid":{"rendered":"https:\/\/timbersbliss.ee\/?page_id=15426"},"modified":"2026-03-30T22:26:12","modified_gmt":"2026-03-30T19:26:12","slug":"ukk","status":"publish","type":"page","link":"https:\/\/timbersbliss.ee\/fi\/ukk\/","title":{"rendered":"UKK"},"content":{"rendered":"\t\t<div data-elementor-type=\"wp-page\" data-elementor-id=\"15426\" class=\"elementor elementor-15426 elementor-14862\" data-elementor-post-type=\"page\">\n\t\t\t\t<div class=\"wd-negative-gap elementor-element elementor-element-009327b e-flex e-con-boxed e-con e-parent\" data-id=\"009327b\" data-element_type=\"container\" data-e-type=\"container\">\n\t\t\t\t\t<div class=\"e-con-inner\">\n\t\t\t\t<div class=\"elementor-element elementor-element-3ba06ce color-scheme-inherit text-left elementor-invisible elementor-widget elementor-widget-text-editor\" data-id=\"3ba06ce\" data-element_type=\"widget\" data-e-type=\"widget\" data-settings=\"{&quot;motion_fx_motion_fx_scrolling&quot;:&quot;yes&quot;,&quot;_animation&quot;:&quot;fadeInUp&quot;,&quot;motion_fx_devices&quot;:[&quot;desktop&quot;,&quot;tablet&quot;,&quot;mobile&quot;]}\" data-widget_type=\"text-editor.default\">\n\t\t\t\t<div class=\"elementor-widget-container\">\n\t\t\t\t\t\t\t\t\t<h5 data-start=\"196\" data-end=\"739\"><strong data-start=\"196\" data-end=\"229\">1. Mit\u00e4 TimbersBliss tarjoaa?<\/strong><br data-start=\"229\" data-end=\"232\" \/>TimbersBlissin valikoimaan kuuluu laaja valikoima puutuotteita \u2013 pihataloja, saunam\u00f6kkej\u00e4, tynnyrisaunoja, pihasaunoja, leikkim\u00f6kkej\u00e4, varastoja ja autotalleja. Tuotteemme sopivat erinomaisesti kes\u00e4m\u00f6kiksi, ty\u00f6tilaksi tai harrastushuoneeksi. Tarjoamme my\u00f6s autokatoksia ja k\u00e4yt\u00e4nn\u00f6llisi\u00e4 varastoratkaisuja, jotka lis\u00e4\u00e4v\u00e4t pihan toimivuutta ja esteettisyytt\u00e4. Kaikki TimbersBliss-rakennukset on suunniteltu kest\u00e4m\u00e4\u00e4n pohjoisen vaihtelevia s\u00e4\u00e4olosuhteita ja tuomaan tyyli\u00e4 ja mukavuutta kotiisi tai m\u00f6kille.<\/h5><h5 data-start=\"741\" data-end=\"1315\"><strong data-start=\"741\" data-end=\"774\">2. Miksi valita TimbersBliss?<\/strong><br data-start=\"774\" data-end=\"777\" \/>TimbersBliss erottuu kilpailijoista kotimaisella tuotannolla, yksil\u00f6llisell\u00e4 suunnittelulla ja korkealaatuisilla materiaaleilla. Kaikki tuotteet valmistetaan Virossa, mik\u00e4 takaa nopeat toimitusajat, tarkan laadunvalvonnan ja joustavat mahdollisuudet asiakkaan toiveiden toteuttamiseen. Voit tilata tuotteesi mittatilausty\u00f6n\u00e4, valiten haluamasi mitat, ikkunat, ovien sijainnit, katon kaltevuuden, terassin ja lis\u00e4varusteet. K\u00e4yt\u00e4mme vain ensiluokkaista kuusi- ja m\u00e4ntypuuta, joka takaa kest\u00e4vyyden ja kauniin ulkon\u00e4\u00f6n vuosiksi eteenp\u00e4in.<\/h5><h5 data-start=\"1317\" data-end=\"1553\"><strong data-start=\"1317\" data-end=\"1364\">3. Kuinka kauan tilauksen valmistus kest\u00e4\u00e4?<\/strong><br data-start=\"1364\" data-end=\"1367\" \/>Vakio\u00adtuotteiden toimitusaika on noin 1\u20132 viikkoa. Mittatilaus\u00adtuotteiden toimitusaika riippuu projektin laajuudesta, mutta annamme aina selke\u00e4n aikataulun ennen tilauksen vahvistusta.<\/h5><h5 data-start=\"1555\" data-end=\"1881\"><strong data-start=\"1555\" data-end=\"1652\">4. Voinko tilata pihatalon, tynnyrisaunan, leikkim\u00f6kin tai autotallin omien mittojeni mukaan?<\/strong><br data-start=\"1652\" data-end=\"1655\" \/>Kyll\u00e4! TimbersBliss tunnetaan persoonallisista ja mittatilausty\u00f6n\u00e4 valmistetuista ratkaisuista. Ota yhteytt\u00e4 tiimiimme yhteydenottolomakkeen kautta ja pyyd\u00e4 tarjous \u2013 suunnittelemme rakennuksen juuri sinun tarpeidesi mukaan.<\/h5><h5 data-start=\"1883\" data-end=\"2060\"><strong data-start=\"1883\" data-end=\"1919\">5. Mit\u00e4 puumateriaalia k\u00e4yt\u00e4tte?<\/strong><br data-start=\"1919\" data-end=\"1922\" \/>K\u00e4yt\u00e4mme ainoastaan huolellisesti valittua, kest\u00e4v\u00e4\u00e4 massiivipuuta, joka on per\u00e4isin luotettavista ja ymp\u00e4rist\u00f6yst\u00e4v\u00e4llisist\u00e4 l\u00e4hteist\u00e4.<\/h5><h5 data-start=\"2062\" data-end=\"2259\"><strong data-start=\"2062\" data-end=\"2105\">6. Tarjoatteko toimitusta ja asennusta?<\/strong><br data-start=\"2105\" data-end=\"2108\" \/>Kyll\u00e4, toimitamme tuotteemme kaikkialle Suomeen ja Eurooppaan. Tarvittaessa autamme my\u00f6s asennuksessa ja varmistamme, ett\u00e4 lopputulos on t\u00e4ydellinen.<\/h5><h5 data-start=\"2261\" data-end=\"2634\"><strong data-start=\"2261\" data-end=\"2334\">7. Kuinka hoidan pihataloa, saunam\u00f6kki\u00e4, leikkim\u00f6kki\u00e4 tai autotallia?<\/strong><br data-start=\"2334\" data-end=\"2337\" \/>Suosittelemme k\u00e4ytt\u00e4m\u00e4\u00e4n luonnonmukaisia puunsuoja-aineita ja v\u00e4ltt\u00e4m\u00e4\u00e4n liiallista kosteutta tai kuumuutta. S\u00e4\u00e4nn\u00f6llinen huolto ja puun k\u00e4sittely puunsuoja- ja \u00f6ljytuotteilla pident\u00e4v\u00e4t rakennuksen k\u00e4ytt\u00f6ik\u00e4\u00e4 ja pit\u00e4v\u00e4t sen kauniina vuodesta toiseen. Tarvittaessa toimitamme my\u00f6s huolto-ohjeet.<\/h5><h5 data-start=\"2636\" data-end=\"2823\"><strong data-start=\"2636\" data-end=\"2668\">8. Onko tuotteillanne takuu?<\/strong><br data-start=\"2668\" data-end=\"2671\" \/>Kyll\u00e4. Kaikilla TimbersBliss-tuotteilla on takuu, joka kattaa mahdolliset valmistus- tai materiaalivirheet. Korjaamme tai vaihdamme osat tarvittaessa.<\/h5><h5 data-start=\"2825\" data-end=\"2998\"><strong data-start=\"2825\" data-end=\"2875\">9. Voinko n\u00e4hd\u00e4 mallituotteita ennen tilausta?<\/strong><br data-start=\"2875\" data-end=\"2878\" \/>Kyll\u00e4, tarjoamme materiaalin\u00e4ytteit\u00e4 ja pintak\u00e4sittelyvaihtoehtoja, jotta voit tehd\u00e4 p\u00e4\u00e4t\u00f6ksen helpommin ja varmemmin.<\/h5><h5 data-start=\"3000\" data-end=\"3285\"><strong data-start=\"3000\" data-end=\"3054\">10. Miten TimbersBliss eroaa muista valmistajista?<\/strong><br data-start=\"3054\" data-end=\"3057\" \/>TimbersBlissin tuotteet ovat k\u00e4sity\u00f6n\u00e4 valmistettuja, yksil\u00f6llisesti suunniteltuja ja ymp\u00e4rist\u00f6yst\u00e4v\u00e4llisi\u00e4. Rakennuksemme on tehty kest\u00e4m\u00e4\u00e4n sukupolvelta toiselle \u2013 yhdist\u00e4en pohjoismaisen laadun, tyylin ja k\u00e4yt\u00e4nn\u00f6llisyyden.<\/h5><h5 data-start=\"3287\" data-end=\"3870\"><strong data-start=\"3287\" data-end=\"3378\">11. Mille perustalle TimbersBlissin pihatalo, tynnyrisauna tai autotalli tulee asentaa?<\/strong><br data-start=\"3378\" data-end=\"3381\" \/>Rakennukset vaativat vakaan ja tasaisen perustan, jotta k\u00e4ytt\u00f6ik\u00e4 ja turvallisuus s\u00e4ilyv\u00e4t. Pienemm\u00e4t rakennukset voidaan asentaa sorapatjalle, betonilaattojen tai harkkojen p\u00e4\u00e4lle. Tynnyrisaunoille suosittelemme ruuvipaaluperustusta tai vahvaa betonialustaa. Suuremmille rakennuksille, kuten autotallit ja varastot, paras vaihtoehto on t\u00e4ysbetonilaatta tai nauhaperustus. Oikein tehty perustus varmistaa, ett\u00e4 uusi TimbersBliss-rakennuksesi kest\u00e4\u00e4 pitk\u00e4\u00e4n ja pysyy tukevasti paikallaan.<\/h5>\t\t\t\t\t\t\t\t<\/div>\n\t\t\t\t<\/div>\n\t\t\t\t\t<\/div>\n\t\t\t\t<\/div>\n\t\t<div class=\"wd-negative-gap elementor-element elementor-element-fc54fc9 e-flex e-con-boxed e-con e-parent\" data-id=\"fc54fc9\" data-element_type=\"container\" data-e-type=\"container\">\n\t\t\t\t\t<div class=\"e-con-inner\">\n\t\t\t\t<div class=\"elementor-element elementor-element-8c299f1 elementor-widget elementor-widget-spacer\" data-id=\"8c299f1\" data-element_type=\"widget\" data-e-type=\"widget\" data-widget_type=\"spacer.default\">\n\t\t\t\t<div class=\"elementor-widget-container\">\n\t\t\t\t\t\t\t<div class=\"elementor-spacer\">\n\t\t\t<div class=\"elementor-spacer-inner\"><\/div>\n\t\t<\/div>\n\t\t\t\t\t\t<\/div>\n\t\t\t\t<\/div>\n\t\t\t\t<div class=\"elementor-element elementor-element-b383a6f text-center color-scheme-inherit elementor-invisible elementor-widget elementor-widget-text-editor\" data-id=\"b383a6f\" data-element_type=\"widget\" data-e-type=\"widget\" data-settings=\"{&quot;_animation&quot;:&quot;fadeInRight&quot;}\" data-widget_type=\"text-editor.default\">\n\t\t\t\t<div class=\"elementor-widget-container\">\n\t\t\t\t\t\t\t\t\t<h3>Etk\u00f6 l\u00f6yt\u00e4nyt vastausta kysymykseesi tai onko sinulla oma kysymys? \u00c4l\u00e4 huoli \u2013 ota meihin yhteytt\u00e4 ja l\u00f6yd\u00e4mme ratkaisun yhdess\u00e4!<\/h3>\t\t\t\t\t\t\t\t<\/div>\n\t\t\t\t<\/div>\n\t\t\t\t\t<\/div>\n\t\t\t\t<\/div>\n\t\t<div class=\"wd-negative-gap elementor-element elementor-element-13632f5 e-flex e-con-boxed elementor-invisible e-con e-parent\" data-id=\"13632f5\" data-element_type=\"container\" data-e-type=\"container\" data-settings=\"{&quot;animation&quot;:&quot;fadeInUp&quot;}\">\n\t\t\t\t\t<div class=\"e-con-inner\">\n\t\t<div class=\"elementor-element elementor-element-cdb994f e-con-full e-flex e-con e-child\" data-id=\"cdb994f\" data-element_type=\"container\" data-e-type=\"container\">\n\t\t\t\t\t<link rel=\"stylesheet\" id=\"wd-mod-animations-keyframes-css\" href=\"https:\/\/timbersbliss.ee\/wp-content\/themes\/woodmart\/css\/parts\/mod-animations-keyframes.min.css?ver=8.4.1\" type=\"text\/css\" media=\"all\" \/> \t\t\t\t\t<div class=\"elementor-element elementor-element-a9f38d8 elementor-invisible elementor-widget elementor-widget-image\" data-id=\"a9f38d8\" data-element_type=\"widget\" data-e-type=\"widget\" data-settings=\"{&quot;_animation&quot;:&quot;rotateInUpRight&quot;}\" data-widget_type=\"image.default\">\n\t\t\t\t<div class=\"elementor-widget-container\">\n\t\t\t\t\t\t\t\t\t\t\t\t\t\t\t<img loading=\"lazy\" decoding=\"async\" width=\"600\" height=\"800\" src=\"https:\/\/timbersbliss.ee\/wp-content\/uploads\/2025\/08\/IMG_8372-600x800.jpg\" class=\"attachment-large size-large wp-image-13724\" alt=\"\" srcset=\"https:\/\/timbersbliss.ee\/wp-content\/uploads\/2025\/08\/IMG_8372-600x800.jpg 600w, https:\/\/timbersbliss.ee\/wp-content\/uploads\/2025\/08\/IMG_8372-225x300.jpg 225w, https:\/\/timbersbliss.ee\/wp-content\/uploads\/2025\/08\/IMG_8372-768x1024.jpg 768w, https:\/\/timbersbliss.ee\/wp-content\/uploads\/2025\/08\/IMG_8372-1152x1536.jpg 1152w, https:\/\/timbersbliss.ee\/wp-content\/uploads\/2025\/08\/IMG_8372-1536x2048.jpg 1536w, https:\/\/timbersbliss.ee\/wp-content\/uploads\/2025\/08\/IMG_8372-18x24.jpg 18w, https:\/\/timbersbliss.ee\/wp-content\/uploads\/2025\/08\/IMG_8372-27x36.jpg 27w, https:\/\/timbersbliss.ee\/wp-content\/uploads\/2025\/08\/IMG_8372-36x48.jpg 36w, https:\/\/timbersbliss.ee\/wp-content\/uploads\/2025\/08\/IMG_8372-430x573.jpg 430w, https:\/\/timbersbliss.ee\/wp-content\/uploads\/2025\/08\/IMG_8372-scaled.jpg 1920w\" sizes=\"auto, (max-width: 600px) 100vw, 600px\" \/>\t\t\t\t\t\t\t\t\t\t\t\t\t\t\t<\/div>\n\t\t\t\t<\/div>\n\t\t\t\t<\/div>\n\t\t<div class=\"elementor-element elementor-element-1bb2958 e-con-full e-flex e-con e-child\" data-id=\"1bb2958\" data-element_type=\"container\" data-e-type=\"container\">\n\t\t\t\t<div class=\"elementor-element elementor-element-3c9c2ed elementor-button-align-stretch elementor-widget elementor-widget-form\" data-id=\"3c9c2ed\" data-element_type=\"widget\" data-e-type=\"widget\" data-settings=\"{&quot;step_next_label&quot;:&quot;Next&quot;,&quot;step_previous_label&quot;:&quot;Previous&quot;,&quot;button_width&quot;:&quot;100&quot;,&quot;step_type&quot;:&quot;number_text&quot;,&quot;step_icon_shape&quot;:&quot;circle&quot;}\" data-widget_type=\"form.default\">\n\t\t\t\t<div class=\"elementor-widget-container\">\n\t\t\t\t\t\t\t<form class=\"elementor-form\" method=\"post\" name=\"New Form\" aria-label=\"New Form\">\n\t\t\t<input type=\"hidden\" name=\"post_id\" value=\"15426\"\/>\n\t\t\t<input type=\"hidden\" name=\"form_id\" value=\"3c9c2ed\"\/>\n\t\t\t<input type=\"hidden\" name=\"referer_title\" value=\"Puutarham\u00f6kit, saunamajat, tynnyrisaunat ja autotallit \u2013 UKK\" \/>\n\n\t\t\t\t\t\t\t<input type=\"hidden\" name=\"queried_id\" value=\"15426\"\/>\n\t\t\t\n\t\t\t<div class=\"elementor-form-fields-wrapper elementor-labels-above\">\n\t\t\t\t\t\t\t\t<div class=\"elementor-field-type-text elementor-field-group elementor-column elementor-field-group-nimi elementor-col-100 elementor-field-required\">\n\t\t\t\t\t\t\t\t\t\t\t\t<label for=\"form-field-nimi\" class=\"elementor-field-label\">\n\t\t\t\t\t\t\t\tNimi\t\t\t\t\t\t\t<\/label>\n\t\t\t\t\t\t\t\t\t\t\t\t\t\t<input size=\"1\" type=\"text\" name=\"form_fields[nimi]\" id=\"form-field-nimi\" class=\"elementor-field elementor-size-sm  elementor-field-textual\" placeholder=\"etunimi ja sukunimi\" required=\"required\">\n\t\t\t\t\t\t\t\t\t\t\t<\/div>\n\t\t\t\t\t\t\t\t<div class=\"elementor-field-type-email elementor-field-group elementor-column elementor-field-group-sahkoposti elementor-col-100 elementor-field-required\">\n\t\t\t\t\t\t\t\t\t\t\t\t<label for=\"form-field-sahkoposti\" class=\"elementor-field-label\">\n\t\t\t\t\t\t\t\tS\u00e4hk\u00f6posti\t\t\t\t\t\t\t<\/label>\n\t\t\t\t\t\t\t\t\t\t\t\t\t\t<input size=\"1\" type=\"email\" name=\"form_fields[sahkoposti]\" id=\"form-field-sahkoposti\" class=\"elementor-field elementor-size-sm  elementor-field-textual\" placeholder=\"s\u00e4hk\u00f6posti\" required=\"required\">\n\t\t\t\t\t\t\t\t\t\t\t<\/div>\n\t\t\t\t\t\t\t\t<div class=\"elementor-field-type-tel elementor-field-group elementor-column elementor-field-group-puhelinnumero elementor-col-100 elementor-field-required\">\n\t\t\t\t\t\t\t\t\t\t\t\t<label for=\"form-field-puhelinnumero\" class=\"elementor-field-label\">\n\t\t\t\t\t\t\t\tPuhelinnumero\t\t\t\t\t\t\t<\/label>\n\t\t\t\t\t\t\t\t<input size=\"1\" type=\"tel\" name=\"form_fields[puhelinnumero]\" id=\"form-field-puhelinnumero\" class=\"elementor-field elementor-size-sm  elementor-field-textual\" placeholder=\"puhelinnumero\" required=\"required\" pattern=\"[0-9()#&amp;+*-=.]+\" title=\"Only numbers and phone characters (#, -, *, etc) are accepted.\">\n\n\t\t\t\t\t\t<\/div>\n\t\t\t\t\t\t\t\t<div class=\"elementor-field-type-textarea elementor-field-group elementor-column elementor-field-group-viesti elementor-col-100 elementor-field-required\">\n\t\t\t\t\t\t\t\t\t\t\t\t<label for=\"form-field-viesti\" class=\"elementor-field-label\">\n\t\t\t\t\t\t\t\tViesti\t\t\t\t\t\t\t<\/label>\n\t\t\t\t\t\t<textarea class=\"elementor-field-textual elementor-field  elementor-size-sm\" name=\"form_fields[viesti]\" id=\"form-field-viesti\" rows=\"4\" placeholder=\"viesti\" required=\"required\"><\/textarea>\t\t\t\t<\/div>\n\t\t\t\t\t\t\t\t<div class=\"elementor-field-group elementor-column elementor-field-type-submit elementor-col-100 e-form__buttons\">\n\t\t\t\t\t<button class=\"elementor-button elementor-size-sm\" type=\"submit\">\n\t\t\t\t\t\t<span class=\"elementor-button-content-wrapper\">\n\t\t\t\t\t\t\t\t\t\t\t\t\t\t\t\t\t\t\t\t\t\t<span class=\"elementor-button-text\">L\u00e4het\u00e4<\/span>\n\t\t\t\t\t\t\t\t\t\t\t\t\t<\/span>\n\t\t\t\t\t<\/button>\n\t\t\t\t<\/div>\n\t\t\t<\/div>\n\t\t<\/form>\n\t\t\t\t\t\t<\/div>\n\t\t\t\t<\/div>\n\t\t\t\t<\/div>\n\t\t\t\t\t<\/div>\n\t\t\t\t<\/div>\n\t\t\t\t<\/div>\n\t\t","protected":false},"excerpt":{"rendered":"<p>1. Mit\u00e4 TimbersBliss tarjoaa?TimbersBlissin valikoimaan kuuluu laaja valikoima puutuotteita \u2013 pihataloja, saunam\u00f6kkej\u00e4, tynnyrisaunoja, pihasaunoja, leikkim\u00f6kkej\u00e4, varastoja ja autotalleja. Tuotteemme sopivat<\/p>\n","protected":false},"author":74,"featured_media":0,"parent":0,"menu_order":0,"comment_status":"closed","ping_status":"closed","template":"","meta":{"_acf_changed":false,"_glsr_average":0,"_glsr_ranking":0,"_glsr_reviews":0,"footnotes":""},"class_list":["post-15426","page","type-page","status-publish","hentry"],"acf":[],"yoast_head":"<!-- This site is optimized with the Yoast SEO Premium plugin v27.4 (Yoast SEO v27.4) - https:\/\/yoast.com\/product\/yoast-seo-premium-wordpress\/ -->\n<title>Puutarham\u00f6kit, saunamajat, tynnyrisaunat ja autotallit \u2013 UKK<\/title>\n<meta name=\"description\" content=\"TimbersBliss UKK \u2013 Kaikki puutarhamajojen, saunojen ja autotallejen vastaukset yhdess\u00e4 paikassa. Laadukkaat puutuotteet ja joustava toimitus Suomeen.\" \/>\n<meta name=\"robots\" content=\"index, follow, max-snippet:-1, max-image-preview:large, max-video-preview:-1\" \/>\n<link rel=\"canonical\" href=\"https:\/\/timbersbliss.ee\/fi\/ukk\/\" \/>\n<meta property=\"og:locale\" content=\"fi_FI\" \/>\n<meta property=\"og:type\" content=\"article\" \/>\n<meta property=\"og:title\" content=\"Puutarham\u00f6kit, saunamajat, tynnyrisaunat ja autotallit \u2013 UKK\" \/>\n<meta property=\"og:description\" content=\"TimbersBliss UKK \u2013 Kaikki puutarhamajojen, saunojen ja autotallejen vastaukset yhdess\u00e4 paikassa. Laadukkaat puutuotteet ja joustava toimitus Suomeen.\" \/>\n<meta property=\"og:url\" content=\"https:\/\/timbersbliss.ee\/fi\/ukk\/\" \/>\n<meta property=\"og:site_name\" content=\"Timbersbliss\" \/>\n<meta property=\"article:publisher\" content=\"https:\/\/www.facebook.com\/TimbersBliss.ee\" \/>\n<meta property=\"article:modified_time\" content=\"2026-03-30T19:26:12+00:00\" \/>\n<meta property=\"og:image\" content=\"https:\/\/timbersbliss.ee\/wp-content\/uploads\/2025\/08\/IMG_8372-600x800.jpg\" \/>\n<meta name=\"twitter:card\" content=\"summary_large_image\" \/>\n<meta name=\"twitter:title\" content=\"UKK\" \/>\n<meta name=\"twitter:label1\" content=\"Arvioitu lukuaika\" \/>\n\t<meta name=\"twitter:data1\" content=\"3 minuuttia\" \/>\n<script type=\"application\/ld+json\" class=\"yoast-schema-graph\">{\"@context\":\"https:\\\/\\\/schema.org\",\"@graph\":[{\"@type\":\"WebPage\",\"@id\":\"https:\\\/\\\/timbersbliss.ee\\\/fi\\\/ukk\\\/\",\"url\":\"https:\\\/\\\/timbersbliss.ee\\\/fi\\\/ukk\\\/\",\"name\":\"Puutarham\u00f6kit, saunamajat, tynnyrisaunat ja autotallit \u2013 UKK\",\"isPartOf\":{\"@id\":\"https:\\\/\\\/timbersbliss.ee\\\/#website\"},\"primaryImageOfPage\":{\"@id\":\"https:\\\/\\\/timbersbliss.ee\\\/fi\\\/ukk\\\/#primaryimage\"},\"image\":{\"@id\":\"https:\\\/\\\/timbersbliss.ee\\\/fi\\\/ukk\\\/#primaryimage\"},\"thumbnailUrl\":\"https:\\\/\\\/timbersbliss.ee\\\/wp-content\\\/uploads\\\/2025\\\/08\\\/IMG_8372-600x800.jpg\",\"datePublished\":\"2025-10-01T14:46:55+00:00\",\"dateModified\":\"2026-03-30T19:26:12+00:00\",\"description\":\"TimbersBliss UKK \u2013 Kaikki puutarhamajojen, saunojen ja autotallejen vastaukset yhdess\u00e4 paikassa. Laadukkaat puutuotteet ja joustava toimitus Suomeen.\",\"breadcrumb\":{\"@id\":\"https:\\\/\\\/timbersbliss.ee\\\/fi\\\/ukk\\\/#breadcrumb\"},\"inLanguage\":\"fi\",\"potentialAction\":[{\"@type\":\"ReadAction\",\"target\":[\"https:\\\/\\\/timbersbliss.ee\\\/fi\\\/ukk\\\/\"]}]},{\"@type\":\"ImageObject\",\"inLanguage\":\"fi\",\"@id\":\"https:\\\/\\\/timbersbliss.ee\\\/fi\\\/ukk\\\/#primaryimage\",\"url\":\"https:\\\/\\\/timbersbliss.ee\\\/wp-content\\\/uploads\\\/2025\\\/08\\\/IMG_8372-600x800.jpg\",\"contentUrl\":\"https:\\\/\\\/timbersbliss.ee\\\/wp-content\\\/uploads\\\/2025\\\/08\\\/IMG_8372-600x800.jpg\"},{\"@type\":\"BreadcrumbList\",\"@id\":\"https:\\\/\\\/timbersbliss.ee\\\/fi\\\/ukk\\\/#breadcrumb\",\"itemListElement\":[{\"@type\":\"ListItem\",\"position\":1,\"name\":\"Etusivu\",\"item\":\"https:\\\/\\\/timbersbliss.ee\\\/fi\\\/\"},{\"@type\":\"ListItem\",\"position\":2,\"name\":\"UKK\"}]},{\"@type\":\"WebSite\",\"@id\":\"https:\\\/\\\/timbersbliss.ee\\\/#website\",\"url\":\"https:\\\/\\\/timbersbliss.ee\\\/\",\"name\":\"Timbersbliss\",\"description\":\"\",\"publisher\":{\"@id\":\"https:\\\/\\\/timbersbliss.ee\\\/#organization\"},\"potentialAction\":[{\"@type\":\"SearchAction\",\"target\":{\"@type\":\"EntryPoint\",\"urlTemplate\":\"https:\\\/\\\/timbersbliss.ee\\\/?s={search_term_string}\"},\"query-input\":{\"@type\":\"PropertyValueSpecification\",\"valueRequired\":true,\"valueName\":\"search_term_string\"}}],\"inLanguage\":\"fi\"},{\"@type\":\"Organization\",\"@id\":\"https:\\\/\\\/timbersbliss.ee\\\/#organization\",\"name\":\"Timbersbliss\",\"url\":\"https:\\\/\\\/timbersbliss.ee\\\/\",\"logo\":{\"@type\":\"ImageObject\",\"inLanguage\":\"fi\",\"@id\":\"https:\\\/\\\/timbersbliss.ee\\\/#\\\/schema\\\/logo\\\/image\\\/\",\"url\":\"https:\\\/\\\/timbersbliss.ee\\\/wp-content\\\/uploads\\\/2024\\\/11\\\/timbersbliss_logo.png\",\"contentUrl\":\"https:\\\/\\\/timbersbliss.ee\\\/wp-content\\\/uploads\\\/2024\\\/11\\\/timbersbliss_logo.png\",\"width\":2364,\"height\":494,\"caption\":\"Timbersbliss\"},\"image\":{\"@id\":\"https:\\\/\\\/timbersbliss.ee\\\/#\\\/schema\\\/logo\\\/image\\\/\"},\"sameAs\":[\"https:\\\/\\\/www.facebook.com\\\/TimbersBliss.ee\",\"https:\\\/\\\/www.instagram.com\\\/timbersbliss\\\/\"]}]}<\/script>\n<!-- \/ Yoast SEO Premium plugin. -->","yoast_head_json":{"title":"Puutarham\u00f6kit, saunamajat, tynnyrisaunat ja autotallit \u2013 UKK","description":"TimbersBliss UKK \u2013 Kaikki puutarhamajojen, saunojen ja autotallejen vastaukset yhdess\u00e4 paikassa. Laadukkaat puutuotteet ja joustava toimitus Suomeen.","robots":{"index":"index","follow":"follow","max-snippet":"max-snippet:-1","max-image-preview":"max-image-preview:large","max-video-preview":"max-video-preview:-1"},"canonical":"https:\/\/timbersbliss.ee\/fi\/ukk\/","og_locale":"fi_FI","og_type":"article","og_title":"Puutarham\u00f6kit, saunamajat, tynnyrisaunat ja autotallit \u2013 UKK","og_description":"TimbersBliss UKK \u2013 Kaikki puutarhamajojen, saunojen ja autotallejen vastaukset yhdess\u00e4 paikassa. Laadukkaat puutuotteet ja joustava toimitus Suomeen.","og_url":"https:\/\/timbersbliss.ee\/fi\/ukk\/","og_site_name":"Timbersbliss","article_publisher":"https:\/\/www.facebook.com\/TimbersBliss.ee","article_modified_time":"2026-03-30T19:26:12+00:00","og_image":[{"url":"https:\/\/timbersbliss.ee\/wp-content\/uploads\/2025\/08\/IMG_8372-600x800.jpg","type":"","width":"","height":""}],"twitter_card":"summary_large_image","twitter_title":"UKK","twitter_misc":{"Arvioitu lukuaika":"3 minuuttia"},"schema":{"@context":"https:\/\/schema.org","@graph":[{"@type":"WebPage","@id":"https:\/\/timbersbliss.ee\/fi\/ukk\/","url":"https:\/\/timbersbliss.ee\/fi\/ukk\/","name":"Puutarham\u00f6kit, saunamajat, tynnyrisaunat ja autotallit \u2013 UKK","isPartOf":{"@id":"https:\/\/timbersbliss.ee\/#website"},"primaryImageOfPage":{"@id":"https:\/\/timbersbliss.ee\/fi\/ukk\/#primaryimage"},"image":{"@id":"https:\/\/timbersbliss.ee\/fi\/ukk\/#primaryimage"},"thumbnailUrl":"https:\/\/timbersbliss.ee\/wp-content\/uploads\/2025\/08\/IMG_8372-600x800.jpg","datePublished":"2025-10-01T14:46:55+00:00","dateModified":"2026-03-30T19:26:12+00:00","description":"TimbersBliss UKK \u2013 Kaikki puutarhamajojen, saunojen ja autotallejen vastaukset yhdess\u00e4 paikassa. Laadukkaat puutuotteet ja joustava toimitus Suomeen.","breadcrumb":{"@id":"https:\/\/timbersbliss.ee\/fi\/ukk\/#breadcrumb"},"inLanguage":"fi","potentialAction":[{"@type":"ReadAction","target":["https:\/\/timbersbliss.ee\/fi\/ukk\/"]}]},{"@type":"ImageObject","inLanguage":"fi","@id":"https:\/\/timbersbliss.ee\/fi\/ukk\/#primaryimage","url":"https:\/\/timbersbliss.ee\/wp-content\/uploads\/2025\/08\/IMG_8372-600x800.jpg","contentUrl":"https:\/\/timbersbliss.ee\/wp-content\/uploads\/2025\/08\/IMG_8372-600x800.jpg"},{"@type":"BreadcrumbList","@id":"https:\/\/timbersbliss.ee\/fi\/ukk\/#breadcrumb","itemListElement":[{"@type":"ListItem","position":1,"name":"Etusivu","item":"https:\/\/timbersbliss.ee\/fi\/"},{"@type":"ListItem","position":2,"name":"UKK"}]},{"@type":"WebSite","@id":"https:\/\/timbersbliss.ee\/#website","url":"https:\/\/timbersbliss.ee\/","name":"Timbersbliss","description":"","publisher":{"@id":"https:\/\/timbersbliss.ee\/#organization"},"potentialAction":[{"@type":"SearchAction","target":{"@type":"EntryPoint","urlTemplate":"https:\/\/timbersbliss.ee\/?s={search_term_string}"},"query-input":{"@type":"PropertyValueSpecification","valueRequired":true,"valueName":"search_term_string"}}],"inLanguage":"fi"},{"@type":"Organization","@id":"https:\/\/timbersbliss.ee\/#organization","name":"Timbersbliss","url":"https:\/\/timbersbliss.ee\/","logo":{"@type":"ImageObject","inLanguage":"fi","@id":"https:\/\/timbersbliss.ee\/#\/schema\/logo\/image\/","url":"https:\/\/timbersbliss.ee\/wp-content\/uploads\/2024\/11\/timbersbliss_logo.png","contentUrl":"https:\/\/timbersbliss.ee\/wp-content\/uploads\/2024\/11\/timbersbliss_logo.png","width":2364,"height":494,"caption":"Timbersbliss"},"image":{"@id":"https:\/\/timbersbliss.ee\/#\/schema\/logo\/image\/"},"sameAs":["https:\/\/www.facebook.com\/TimbersBliss.ee","https:\/\/www.instagram.com\/timbersbliss\/"]}]}},"_links":{"self":[{"href":"https:\/\/timbersbliss.ee\/fi\/wp-json\/wp\/v2\/pages\/15426","targetHints":{"allow":["GET"]}}],"collection":[{"href":"https:\/\/timbersbliss.ee\/fi\/wp-json\/wp\/v2\/pages"}],"about":[{"href":"https:\/\/timbersbliss.ee\/fi\/wp-json\/wp\/v2\/types\/page"}],"author":[{"embeddable":true,"href":"https:\/\/timbersbliss.ee\/fi\/wp-json\/wp\/v2\/users\/74"}],"replies":[{"embeddable":true,"href":"https:\/\/timbersbliss.ee\/fi\/wp-json\/wp\/v2\/comments?post=15426"}],"version-history":[{"count":16,"href":"https:\/\/timbersbliss.ee\/fi\/wp-json\/wp\/v2\/pages\/15426\/revisions"}],"predecessor-version":[{"id":16324,"href":"https:\/\/timbersbliss.ee\/fi\/wp-json\/wp\/v2\/pages\/15426\/revisions\/16324"}],"wp:attachment":[{"href":"https:\/\/timbersbliss.ee\/fi\/wp-json\/wp\/v2\/media?parent=15426"}],"curies":[{"name":"wp","href":"https:\/\/api.w.org\/{rel}","templated":true}]}}