{"id":15394,"date":"2025-10-01T11:38:56","date_gmt":"2025-10-01T08:38:56","guid":{"rendered":"https:\/\/timbersbliss.ee\/?page_id=15394"},"modified":"2025-11-30T23:59:36","modified_gmt":"2025-11-30T21:59:36","slug":"meista","status":"publish","type":"page","link":"https:\/\/timbersbliss.ee\/fi\/meista\/","title":{"rendered":"Meist\u00e4"},"content":{"rendered":"\t\t<div data-elementor-type=\"wp-page\" data-elementor-id=\"15394\" class=\"elementor elementor-15394 elementor-14759\" data-elementor-post-type=\"page\">\n\t\t\t\t<div class=\"wd-negative-gap elementor-element elementor-element-b1beecd e-flex e-con-boxed e-con e-parent\" data-id=\"b1beecd\" data-element_type=\"container\" data-e-type=\"container\">\n\t\t\t\t\t<div class=\"e-con-inner\">\n\t\t\t\t<div class=\"elementor-element elementor-element-ac98571 elementor-widget elementor-widget-spacer\" data-id=\"ac98571\" data-element_type=\"widget\" data-e-type=\"widget\" data-widget_type=\"spacer.default\">\n\t\t\t\t<div class=\"elementor-widget-container\">\n\t\t\t\t\t\t\t<div class=\"elementor-spacer\">\n\t\t\t<div class=\"elementor-spacer-inner\"><\/div>\n\t\t<\/div>\n\t\t\t\t\t\t<\/div>\n\t\t\t\t<\/div>\n\t\t\t\t<div class=\"elementor-element elementor-element-299884d elementor-absolute elementor-widget elementor-widget-wd_text_block\" data-id=\"299884d\" data-element_type=\"widget\" data-e-type=\"widget\" data-settings=\"{&quot;_position&quot;:&quot;absolute&quot;}\" data-widget_type=\"wd_text_block.default\">\n\t\t\t\t<div class=\"elementor-widget-container\">\n\t\t\t\t\t\t\t<div class=\"wd-text-block reset-last-child text-center\">\n\t\t\t\n\t\t\t<h1>Tutustu meihin paremmin!<\/h1>\n\t\t\t\t\t<\/div>\n\t\t\t\t\t\t<\/div>\n\t\t\t\t<\/div>\n\t\t\t\t\t<\/div>\n\t\t\t\t<\/div>\n\t\t<div class=\"wd-negative-gap elementor-element elementor-element-7a4abcd e-flex e-con-boxed e-con e-parent\" data-id=\"7a4abcd\" data-element_type=\"container\" data-e-type=\"container\">\n\t\t\t\t\t<div class=\"e-con-inner\">\n\t\t\t\t<div class=\"elementor-element elementor-element-0e57a2e elementor-widget elementor-widget-spacer\" data-id=\"0e57a2e\" data-element_type=\"widget\" data-e-type=\"widget\" data-widget_type=\"spacer.default\">\n\t\t\t\t<div class=\"elementor-widget-container\">\n\t\t\t\t\t\t\t<div class=\"elementor-spacer\">\n\t\t\t<div class=\"elementor-spacer-inner\"><\/div>\n\t\t<\/div>\n\t\t\t\t\t\t<\/div>\n\t\t\t\t<\/div>\n\t\t\t\t<div class=\"elementor-element elementor-element-43e6b29 color-scheme-inherit text-left elementor-widget elementor-widget-text-editor\" data-id=\"43e6b29\" data-element_type=\"widget\" data-e-type=\"widget\" data-widget_type=\"text-editor.default\">\n\t\t\t\t<div class=\"elementor-widget-container\">\n\t\t\t\t\t\t\t\t\t<h2>\ud83e\udeb5<strong><span style=\"color: #333333; font-size: 16px;\">TimbersBliss \u2013 korkealaatuisten piha- ja saunarakennusten sek\u00e4 autotallien valmistaja Virosta<\/span><\/strong><\/h2><article class=\"text-token-text-primary w-full focus:outline-none [--shadow-height:45px] has-data-writing-block:pointer-events-none has-data-writing-block:-mt-(--shadow-height) has-data-writing-block:pt-(--shadow-height) [&amp;:has([data-writing-block])&gt;*]:pointer-events-auto [content-visibility:auto] supports-[content-visibility:auto]:[contain-intrinsic-size:auto_100lvh] scroll-mt-[calc(var(--header-height)+min(200px,max(70px,20svh)))]\" dir=\"auto\" tabindex=\"-1\" data-turn-id=\"request-690a6790-783c-8328-9410-48351c3fe0df-8\" data-testid=\"conversation-turn-99\" data-scroll-anchor=\"true\" data-turn=\"assistant\"><div class=\"text-base my-auto mx-auto pb-10 [--thread-content-margin:--spacing(4)] thread-sm:[--thread-content-margin:--spacing(6)] thread-lg:[--thread-content-margin:--spacing(16)] px-(--thread-content-margin)\"><div class=\"[--thread-content-max-width:40rem] thread-lg:[--thread-content-max-width:48rem] mx-auto max-w-(--thread-content-max-width) flex-1 group\/turn-messages focus-visible:outline-hidden relative flex w-full min-w-0 flex-col agent-turn\" tabindex=\"-1\"><div class=\"flex max-w-full flex-col grow\"><div class=\"min-h-8 text-message relative flex w-full flex-col items-end gap-2 text-start break-words whitespace-normal [.text-message+&amp;]:mt-1\" dir=\"auto\" data-message-author-role=\"assistant\" data-message-id=\"c93ab889-6ddc-4fa6-85a0-f067aad6d63b\" data-message-model-slug=\"gpt-5\"><div class=\"flex w-full flex-col gap-1 empty:hidden first:pt-[1px]\"><div class=\"markdown prose dark:prose-invert w-full break-words light markdown-new-styling\"><h4 data-start=\"97\" data-end=\"503\">TimbersBliss on virolainen yritys, jolla on yli 15 vuoden kokemus puutuotteiden valmistuksesta. Olemme erikoistuneet nykyaikaisten ja korkealaatuisten piharakennusten, saunam\u00f6kkien, leikkim\u00f6kkien ja autotallien suunnitteluun ja tuotantoon. Missiomme on tarjota asiakkaillemme kest\u00e4vi\u00e4, toimivia ja esteettisesti kauniita puuratkaisuja, jotka tekev\u00e4t pihoista ja puutarhoista viihtyisi\u00e4 ja k\u00e4yt\u00e4nn\u00f6llisi\u00e4.<\/h4><h4 data-start=\"505\" data-end=\"808\">Vuosien aikana olemme kehitt\u00e4neet laajan tuotevalikoiman, joka yhdist\u00e4\u00e4 modernin muotoilun, pohjoismaisen laadun ja tarkan k\u00e4sity\u00f6n. Jokainen TimbersBliss-rakennus on suunniteltu kest\u00e4m\u00e4\u00e4n \u2013 olipa kyseess\u00e4 moderni terassisauna, tyylik\u00e4s piham\u00f6kki, turvallinen leikkim\u00f6kki tai k\u00e4yt\u00e4nn\u00f6llinen autotalli.<\/h4><h4 data-start=\"810\" data-end=\"1229\">Tiimimme kiinnitt\u00e4\u00e4 huomiota jokaiseen yksityiskohtaan materiaalien valinnasta lopulliseen viimeistelyyn. K\u00e4yt\u00e4mme vain korkealaatuisia materiaaleja, jotka takaavat rakenteiden kest\u00e4vyyden ja energiatehokkuuden pohjoisissa ilmasto-olosuhteissa. Lis\u00e4ksi tarjoamme joustavia erikoisratkaisuja, jotta jokainen tuote vastaa asiakkaan toiveita ja tarpeita \u2013 olipa kyseess\u00e4 yksil\u00f6llinen suunnittelu, koko tai lis\u00e4varusteet.<\/h4><h4 data-start=\"1231\" data-end=\"1577\">TimbersBliss edustaa laatua, innovatiivisuutta ja luotettavuutta. Tavoitteenamme on luoda piha- ja saunaratkaisuja, jotka tarjoavat mukavuutta, rentoutumista ja iloa jokaiselle perheenj\u00e4senelle, ollen samalla k\u00e4yt\u00e4nn\u00f6llisi\u00e4 ja pitk\u00e4ik\u00e4isi\u00e4. Tuotteemme on suunniteltu niin, ett\u00e4 voit nauttia piham\u00f6kist\u00e4, saunam\u00f6kist\u00e4 tai leikkim\u00f6kist\u00e4 joka p\u00e4iv\u00e4.<\/h4><\/div><\/div><\/div><\/div><h4 class=\"z-0 flex min-h-[46px] justify-start\">\u00a0<\/h4><div class=\"text-center\">\u00a0<\/div><\/div><\/div><\/article><h4 class=\"pointer-events-none h-px w-px\" aria-hidden=\"true\" data-edge=\"true\">\u00a0<\/h4>\t\t\t\t\t\t\t\t<\/div>\n\t\t\t\t<\/div>\n\t\t\t\t\t<\/div>\n\t\t\t\t<\/div>\n\t\t\t\t<\/div>\n\t\t","protected":false},"excerpt":{"rendered":"<p>Tutustu meihin paremmin! \ud83e\udeb5TimbersBliss \u2013 korkealaatuisten piha- ja saunarakennusten sek\u00e4 autotallien valmistaja Virosta TimbersBliss on virolainen yritys, jolla on yli<\/p>\n","protected":false},"author":74,"featured_media":14037,"parent":0,"menu_order":0,"comment_status":"closed","ping_status":"closed","template":"","meta":{"_acf_changed":false,"_glsr_average":0,"_glsr_ranking":0,"_glsr_reviews":0,"footnotes":""},"class_list":["post-15394","page","type-page","status-publish","has-post-thumbnail","hentry"],"acf":[],"yoast_head":"<!-- This site is optimized with the Yoast SEO Premium plugin v27.4 (Yoast SEO v27.4) - https:\/\/yoast.com\/product\/yoast-seo-premium-wordpress\/ -->\n<title>Tietoa meist\u00e4 \u2013 TimbersBliss | Laadukkaat puiset piharakennukset<\/title>\n<meta name=\"description\" content=\"TimbersBliss puutarham\u00f6kit valmistetaan korkealaatuisesta puusta pohjoismaiseen ilmastoon. Katso lis\u00e4\u00e4 ja tutustu!\" \/>\n<meta name=\"robots\" content=\"index, follow, max-snippet:-1, max-image-preview:large, max-video-preview:-1\" \/>\n<link rel=\"canonical\" href=\"https:\/\/timbersbliss.ee\/ettevottest\/\" \/>\n<meta property=\"og:locale\" content=\"fi_FI\" \/>\n<meta property=\"og:type\" content=\"article\" \/>\n<meta property=\"og:title\" content=\"Tietoa meist\u00e4 \u2013 TimbersBliss | Laadukkaat puiset piharakennukset\" \/>\n<meta property=\"og:description\" content=\"TimbersBliss puutarham\u00f6kit valmistetaan korkealaatuisesta puusta pohjoismaiseen ilmastoon. Katso lis\u00e4\u00e4 ja tutustu!\" \/>\n<meta property=\"og:url\" content=\"https:\/\/timbersbliss.ee\/ettevottest\/\" \/>\n<meta property=\"og:site_name\" content=\"Timbersbliss\" \/>\n<meta property=\"article:publisher\" content=\"https:\/\/www.facebook.com\/TimbersBliss.ee\" \/>\n<meta property=\"article:modified_time\" content=\"2025-11-30T21:59:36+00:00\" \/>\n<meta property=\"og:image\" content=\"https:\/\/timbersbliss.ee\/wp-content\/uploads\/2025\/08\/IMG_3027-scaled.jpg\" \/>\n\t<meta property=\"og:image:width\" content=\"1920\" \/>\n\t<meta property=\"og:image:height\" content=\"2560\" \/>\n\t<meta property=\"og:image:type\" content=\"image\/jpeg\" \/>\n<meta name=\"twitter:card\" content=\"summary_large_image\" \/>\n<meta name=\"twitter:title\" content=\"Meist\u00e4\" \/>\n<meta name=\"twitter:label1\" content=\"Arvioitu lukuaika\" \/>\n\t<meta name=\"twitter:data1\" content=\"2 minuuttia\" \/>\n<script type=\"application\/ld+json\" class=\"yoast-schema-graph\">{\"@context\":\"https:\\\/\\\/schema.org\",\"@graph\":[{\"@type\":\"WebPage\",\"@id\":\"https:\\\/\\\/timbersbliss.ee\\\/ettevottest\\\/\",\"url\":\"https:\\\/\\\/timbersbliss.ee\\\/ettevottest\\\/\",\"name\":\"Tietoa meist\u00e4 \u2013 TimbersBliss | Laadukkaat puiset piharakennukset\",\"isPartOf\":{\"@id\":\"https:\\\/\\\/timbersbliss.ee\\\/#website\"},\"primaryImageOfPage\":{\"@id\":\"https:\\\/\\\/timbersbliss.ee\\\/ettevottest\\\/#primaryimage\"},\"image\":{\"@id\":\"https:\\\/\\\/timbersbliss.ee\\\/ettevottest\\\/#primaryimage\"},\"thumbnailUrl\":\"https:\\\/\\\/timbersbliss.ee\\\/wp-content\\\/uploads\\\/2025\\\/08\\\/IMG_3027-scaled.jpg\",\"datePublished\":\"2025-10-01T08:38:56+00:00\",\"dateModified\":\"2025-11-30T21:59:36+00:00\",\"description\":\"TimbersBliss puutarham\u00f6kit valmistetaan korkealaatuisesta puusta pohjoismaiseen ilmastoon. Katso lis\u00e4\u00e4 ja tutustu!\",\"breadcrumb\":{\"@id\":\"https:\\\/\\\/timbersbliss.ee\\\/ettevottest\\\/#breadcrumb\"},\"inLanguage\":\"fi\",\"potentialAction\":[{\"@type\":\"ReadAction\",\"target\":[\"https:\\\/\\\/timbersbliss.ee\\\/ettevottest\\\/\"]}]},{\"@type\":\"ImageObject\",\"inLanguage\":\"fi\",\"@id\":\"https:\\\/\\\/timbersbliss.ee\\\/ettevottest\\\/#primaryimage\",\"url\":\"https:\\\/\\\/timbersbliss.ee\\\/wp-content\\\/uploads\\\/2025\\\/08\\\/IMG_3027-scaled.jpg\",\"contentUrl\":\"https:\\\/\\\/timbersbliss.ee\\\/wp-content\\\/uploads\\\/2025\\\/08\\\/IMG_3027-scaled.jpg\",\"width\":1920,\"height\":2560,\"caption\":\"TimbersBliss t\u00fcnnisaun \u2013 k\u00e4sit\u00f6\u00f6na valmistatud puidust torusaun\"},{\"@type\":\"BreadcrumbList\",\"@id\":\"https:\\\/\\\/timbersbliss.ee\\\/ettevottest\\\/#breadcrumb\",\"itemListElement\":[{\"@type\":\"ListItem\",\"position\":1,\"name\":\"Etusivu\",\"item\":\"https:\\\/\\\/timbersbliss.ee\\\/fi\\\/\"},{\"@type\":\"ListItem\",\"position\":2,\"name\":\"Meist\u00e4\"}]},{\"@type\":\"WebSite\",\"@id\":\"https:\\\/\\\/timbersbliss.ee\\\/#website\",\"url\":\"https:\\\/\\\/timbersbliss.ee\\\/\",\"name\":\"Timbersbliss\",\"description\":\"\",\"publisher\":{\"@id\":\"https:\\\/\\\/timbersbliss.ee\\\/#organization\"},\"potentialAction\":[{\"@type\":\"SearchAction\",\"target\":{\"@type\":\"EntryPoint\",\"urlTemplate\":\"https:\\\/\\\/timbersbliss.ee\\\/?s={search_term_string}\"},\"query-input\":{\"@type\":\"PropertyValueSpecification\",\"valueRequired\":true,\"valueName\":\"search_term_string\"}}],\"inLanguage\":\"fi\"},{\"@type\":\"Organization\",\"@id\":\"https:\\\/\\\/timbersbliss.ee\\\/#organization\",\"name\":\"Timbersbliss\",\"url\":\"https:\\\/\\\/timbersbliss.ee\\\/\",\"logo\":{\"@type\":\"ImageObject\",\"inLanguage\":\"fi\",\"@id\":\"https:\\\/\\\/timbersbliss.ee\\\/#\\\/schema\\\/logo\\\/image\\\/\",\"url\":\"https:\\\/\\\/timbersbliss.ee\\\/wp-content\\\/uploads\\\/2024\\\/11\\\/timbersbliss_logo.png\",\"contentUrl\":\"https:\\\/\\\/timbersbliss.ee\\\/wp-content\\\/uploads\\\/2024\\\/11\\\/timbersbliss_logo.png\",\"width\":2364,\"height\":494,\"caption\":\"Timbersbliss\"},\"image\":{\"@id\":\"https:\\\/\\\/timbersbliss.ee\\\/#\\\/schema\\\/logo\\\/image\\\/\"},\"sameAs\":[\"https:\\\/\\\/www.facebook.com\\\/TimbersBliss.ee\",\"https:\\\/\\\/www.instagram.com\\\/timbersbliss\\\/\"]}]}<\/script>\n<!-- \/ Yoast SEO Premium plugin. -->","yoast_head_json":{"title":"Tietoa meist\u00e4 \u2013 TimbersBliss | Laadukkaat puiset piharakennukset","description":"TimbersBliss puutarham\u00f6kit valmistetaan korkealaatuisesta puusta pohjoismaiseen ilmastoon. Katso lis\u00e4\u00e4 ja tutustu!","robots":{"index":"index","follow":"follow","max-snippet":"max-snippet:-1","max-image-preview":"max-image-preview:large","max-video-preview":"max-video-preview:-1"},"canonical":"https:\/\/timbersbliss.ee\/ettevottest\/","og_locale":"fi_FI","og_type":"article","og_title":"Tietoa meist\u00e4 \u2013 TimbersBliss | Laadukkaat puiset piharakennukset","og_description":"TimbersBliss puutarham\u00f6kit valmistetaan korkealaatuisesta puusta pohjoismaiseen ilmastoon. Katso lis\u00e4\u00e4 ja tutustu!","og_url":"https:\/\/timbersbliss.ee\/ettevottest\/","og_site_name":"Timbersbliss","article_publisher":"https:\/\/www.facebook.com\/TimbersBliss.ee","article_modified_time":"2025-11-30T21:59:36+00:00","og_image":[{"width":1920,"height":2560,"url":"https:\/\/timbersbliss.ee\/wp-content\/uploads\/2025\/08\/IMG_3027-scaled.jpg","type":"image\/jpeg"}],"twitter_card":"summary_large_image","twitter_title":"Meist\u00e4","twitter_misc":{"Arvioitu lukuaika":"2 minuuttia"},"schema":{"@context":"https:\/\/schema.org","@graph":[{"@type":"WebPage","@id":"https:\/\/timbersbliss.ee\/ettevottest\/","url":"https:\/\/timbersbliss.ee\/ettevottest\/","name":"Tietoa meist\u00e4 \u2013 TimbersBliss | Laadukkaat puiset piharakennukset","isPartOf":{"@id":"https:\/\/timbersbliss.ee\/#website"},"primaryImageOfPage":{"@id":"https:\/\/timbersbliss.ee\/ettevottest\/#primaryimage"},"image":{"@id":"https:\/\/timbersbliss.ee\/ettevottest\/#primaryimage"},"thumbnailUrl":"https:\/\/timbersbliss.ee\/wp-content\/uploads\/2025\/08\/IMG_3027-scaled.jpg","datePublished":"2025-10-01T08:38:56+00:00","dateModified":"2025-11-30T21:59:36+00:00","description":"TimbersBliss puutarham\u00f6kit valmistetaan korkealaatuisesta puusta pohjoismaiseen ilmastoon. Katso lis\u00e4\u00e4 ja tutustu!","breadcrumb":{"@id":"https:\/\/timbersbliss.ee\/ettevottest\/#breadcrumb"},"inLanguage":"fi","potentialAction":[{"@type":"ReadAction","target":["https:\/\/timbersbliss.ee\/ettevottest\/"]}]},{"@type":"ImageObject","inLanguage":"fi","@id":"https:\/\/timbersbliss.ee\/ettevottest\/#primaryimage","url":"https:\/\/timbersbliss.ee\/wp-content\/uploads\/2025\/08\/IMG_3027-scaled.jpg","contentUrl":"https:\/\/timbersbliss.ee\/wp-content\/uploads\/2025\/08\/IMG_3027-scaled.jpg","width":1920,"height":2560,"caption":"TimbersBliss t\u00fcnnisaun \u2013 k\u00e4sit\u00f6\u00f6na valmistatud puidust torusaun"},{"@type":"BreadcrumbList","@id":"https:\/\/timbersbliss.ee\/ettevottest\/#breadcrumb","itemListElement":[{"@type":"ListItem","position":1,"name":"Etusivu","item":"https:\/\/timbersbliss.ee\/fi\/"},{"@type":"ListItem","position":2,"name":"Meist\u00e4"}]},{"@type":"WebSite","@id":"https:\/\/timbersbliss.ee\/#website","url":"https:\/\/timbersbliss.ee\/","name":"Timbersbliss","description":"","publisher":{"@id":"https:\/\/timbersbliss.ee\/#organization"},"potentialAction":[{"@type":"SearchAction","target":{"@type":"EntryPoint","urlTemplate":"https:\/\/timbersbliss.ee\/?s={search_term_string}"},"query-input":{"@type":"PropertyValueSpecification","valueRequired":true,"valueName":"search_term_string"}}],"inLanguage":"fi"},{"@type":"Organization","@id":"https:\/\/timbersbliss.ee\/#organization","name":"Timbersbliss","url":"https:\/\/timbersbliss.ee\/","logo":{"@type":"ImageObject","inLanguage":"fi","@id":"https:\/\/timbersbliss.ee\/#\/schema\/logo\/image\/","url":"https:\/\/timbersbliss.ee\/wp-content\/uploads\/2024\/11\/timbersbliss_logo.png","contentUrl":"https:\/\/timbersbliss.ee\/wp-content\/uploads\/2024\/11\/timbersbliss_logo.png","width":2364,"height":494,"caption":"Timbersbliss"},"image":{"@id":"https:\/\/timbersbliss.ee\/#\/schema\/logo\/image\/"},"sameAs":["https:\/\/www.facebook.com\/TimbersBliss.ee","https:\/\/www.instagram.com\/timbersbliss\/"]}]}},"_links":{"self":[{"href":"https:\/\/timbersbliss.ee\/fi\/wp-json\/wp\/v2\/pages\/15394","targetHints":{"allow":["GET"]}}],"collection":[{"href":"https:\/\/timbersbliss.ee\/fi\/wp-json\/wp\/v2\/pages"}],"about":[{"href":"https:\/\/timbersbliss.ee\/fi\/wp-json\/wp\/v2\/types\/page"}],"author":[{"embeddable":true,"href":"https:\/\/timbersbliss.ee\/fi\/wp-json\/wp\/v2\/users\/74"}],"replies":[{"embeddable":true,"href":"https:\/\/timbersbliss.ee\/fi\/wp-json\/wp\/v2\/comments?post=15394"}],"version-history":[{"count":7,"href":"https:\/\/timbersbliss.ee\/fi\/wp-json\/wp\/v2\/pages\/15394\/revisions"}],"predecessor-version":[{"id":15402,"href":"https:\/\/timbersbliss.ee\/fi\/wp-json\/wp\/v2\/pages\/15394\/revisions\/15402"}],"wp:featuredmedia":[{"embeddable":true,"href":"https:\/\/timbersbliss.ee\/fi\/wp-json\/wp\/v2\/media\/14037"}],"wp:attachment":[{"href":"https:\/\/timbersbliss.ee\/fi\/wp-json\/wp\/v2\/media?parent=15394"}],"curies":[{"name":"wp","href":"https:\/\/api.w.org\/{rel}","templated":true}]}}