{"id":11755,"date":"2024-11-26T14:45:27","date_gmt":"2024-11-26T12:45:27","guid":{"rendered":"https:\/\/nordtimber.ee\/muugitingimused\/"},"modified":"2025-12-01T17:29:51","modified_gmt":"2025-12-01T15:29:51","slug":"myyntiehdot","status":"publish","type":"page","link":"https:\/\/timbersbliss.ee\/fi\/myyntiehdot\/","title":{"rendered":"Myyntiehdot"},"content":{"rendered":"\t\t<div data-elementor-type=\"wp-page\" data-elementor-id=\"11755\" class=\"elementor elementor-11755 elementor-11752\" data-elementor-post-type=\"page\">\n\t\t\t\t<div class=\"wd-negative-gap elementor-element elementor-element-ac9d121 e-flex e-con-boxed e-con e-parent\" data-id=\"ac9d121\" data-element_type=\"container\" data-e-type=\"container\" data-settings=\"{&quot;animation&quot;:&quot;none&quot;}\">\n\t\t\t\t\t<div class=\"e-con-inner\">\n\t\t\t\t<div class=\"elementor-element elementor-element-6a362b9 elementor-widget elementor-widget-wd_text_block\" data-id=\"6a362b9\" data-element_type=\"widget\" data-e-type=\"widget\" data-widget_type=\"wd_text_block.default\">\n\t\t\t\t<div class=\"elementor-widget-container\">\n\t\t\t\t\t\t\t<div class=\"wd-text-block reset-last-child text-left\">\n\t\t\t\n\t\t\t<h2 data-start=\"584\" data-end=\"602\">1. \u00dcldine teave<\/h2><h5 data-start=\"603\" data-end=\"835\">Need m\u00fc\u00fcgitingimused kehtivad k\u00f5ikidele ostudele, mis tehakse <strong data-start=\"665\" data-end=\"684\">TimbersBliss O\u00dc<\/strong> veebilehel <a class=\"decorated-link cursor-pointer\" target=\"_new\" rel=\"noopener\" data-start=\"696\" data-end=\"746\">www.timbersbliss.ee<\/a>.<br data-start=\"747\" data-end=\"750\" \/>Tingimuste eesm\u00e4rk on tagada selgus, turvalisus ja usaldus nii kliendile kui m\u00fc\u00fcjale.<\/h5><h5 data-start=\"837\" data-end=\"974\">Meie tootevalikusse kuuluvad kvaliteetsed aiamajad, saunamajad, t\u00fcnnisaunad, laste m\u00e4ngumajad, garaa\u017eid<strong data-start=\"879\" data-end=\"939\">\u00a0ja muud puidutooted<\/strong>, mida valmistame k\u00e4sit\u00f6\u00f6na Eestis.<\/h5><hr data-start=\"976\" data-end=\"979\" \/><h2 data-start=\"981\" data-end=\"996\">2. Tellimine<\/h2><h5 data-start=\"997\" data-end=\"1020\">Tellimuse saab esitada:<\/h5><ul data-start=\"1021\" data-end=\"1100\"><li data-start=\"1021\" data-end=\"1050\"><h5 data-start=\"1023\" data-end=\"1050\">meie kodulehe kontaktivormi kaudu,<\/h5><\/li><li data-start=\"1051\" data-end=\"1068\"><h5 data-start=\"1053\" data-end=\"1068\">e-posti teel,<\/h5><\/li><li data-start=\"1069\" data-end=\"1100\"><h5 data-start=\"1071\" data-end=\"1100\">v\u00f5i k\u00fclastades meie esindust.<\/h5><\/li><\/ul><h5 data-start=\"1102\" data-end=\"1251\">P\u00e4rast tellimuse esitamist saadame kliendile <strong data-start=\"1147\" data-end=\"1183\">tellimuse kinnituse ja makseinfo<\/strong>.<br data-start=\"1184\" data-end=\"1187\" \/>Tellimus j\u00f5ustub, kui makse on laekunud TimbersBliss O\u00dc kontole.<\/h5><hr data-start=\"1253\" data-end=\"1256\" \/><h2 data-start=\"1258\" data-end=\"1282\">3. Hinnad ja maksmine<\/h2><h5 data-start=\"1283\" data-end=\"1515\">K\u00f5ik hinnad on esitatud eurodes (\u20ac) ja sisaldavad k\u00e4ibemaksu, kui ei ole m\u00e4rgitud teisiti.<br data-start=\"1373\" data-end=\"1376\" \/>Maksmine toimub arve alusel v\u00f5i vastavalt lepingule.<br data-start=\"1428\" data-end=\"1431\" \/>Tellimuse t\u00e4itmine algab p\u00e4rast ettemaksu laekumist.<\/h5><hr data-start=\"1517\" data-end=\"1520\" \/><h2 data-start=\"1522\" data-end=\"1554\">4. Tarne ja kohaletoimetamine<\/h2><h5 data-start=\"1555\" data-end=\"1679\">TimbersBliss tarnib tooteid \u00fcle Eesti ja kokkuleppel ka teistesse riikidesse.<br data-start=\"1631\" data-end=\"1634\" \/>Tarneaeg s\u00f5ltub toote t\u00fc\u00fcbist ja t\u00f6\u00f6mahust.<\/h5><ul data-start=\"1680\" data-end=\"1785\"><li data-start=\"1680\" data-end=\"1730\"><h5 data-start=\"1682\" data-end=\"1730\"><strong data-start=\"1682\" data-end=\"1698\">Aiamajad:<\/strong> keskmine tarneaeg 3\u20138 n\u00e4dalat<\/h5><\/li><li data-start=\"1731\" data-end=\"1785\"><h5 data-start=\"1733\" data-end=\"1785\"><strong data-start=\"1733\" data-end=\"1771\">T\u00fcnnisaunad ja muud konstruktsioonid:<\/strong> 3\u20138 n\u00e4dalat<\/h5><\/li><li data-start=\"1731\" data-end=\"1785\"><h5>T\u00e4pne tellimuse t\u00e4itmise aeg lepitakse iga tellimuse puhul kokku personaalselt.\u00a0<\/h5><\/li><\/ul><h5 data-start=\"1787\" data-end=\"1809\">Tooted tarnitakse kas:<\/h5><ul data-start=\"1810\" data-end=\"1901\"><li data-start=\"1810\" data-end=\"1857\"><h5 data-start=\"1812\" data-end=\"1857\"><strong data-start=\"1812\" data-end=\"1828\">valmis kujul<\/strong> (kui transport lubab) v\u00f5i<\/h5><\/li><li data-start=\"1858\" data-end=\"1901\"><h5 data-start=\"1860\" data-end=\"1901\"><strong data-start=\"1860\" data-end=\"1875\">komplektina<\/strong>\u00a0koos paigaldusjuhistega.<\/h5><\/li><\/ul><h5 data-start=\"1903\" data-end=\"1972\">Vajadusel pakume ka <strong data-start=\"1923\" data-end=\"1957\">transpordi- ja paigaldusteenust<\/strong> lisatasu eest.<\/h5><hr data-start=\"1974\" data-end=\"1977\" \/><h2 data-start=\"1979\" data-end=\"2006\">5. Garantii ja kvaliteet<\/h2><h5 data-start=\"2007\" data-end=\"2195\">K\u00f5ik TimbersBliss tooted on valmistatud <strong data-start=\"2047\" data-end=\"2084\">kvaliteetsest ja vastupidavast puidust<\/strong> ja l\u00e4bivad enne v\u00e4ljastamist hoolika kontrolli.<br data-start=\"2132\" data-end=\"2135\" \/>Anname toodetele <strong data-start=\"2152\" data-end=\"2174\">2-aastase garantii<\/strong> tootmisvigade vastu.<\/h5><h5 data-start=\"2197\" data-end=\"2215\">Garantii ei kehti:<\/h5><ul data-start=\"2216\" data-end=\"2354\"><li data-start=\"2216\" data-end=\"2256\"><h5 data-start=\"2218\" data-end=\"2256\">vale kasutamise v\u00f5i hoolduse korral,<\/h5><\/li><li data-start=\"2257\" data-end=\"2354\"><h5 data-start=\"2259\" data-end=\"2354\">ilmastiku ja aja jooksul tekkinud looduslike puidumuutuste puhul (nt pragunemine, toonimuutus).<\/h5><\/li><\/ul><hr data-start=\"2356\" data-end=\"2359\" \/><h2 data-start=\"2361\" data-end=\"2393\">6. Tagastamis\u00f5igus ja kaebused<\/h2><h5 data-start=\"2394\" data-end=\"2603\">Kliendil on \u00f5igus e-poes tehtud tellimusest taganeda 14 p\u00e4eva jooksul, kui toode ei ole eritellimus ja pole veel t\u00f6\u00f6sse l\u00e4inud. Kui \u00fcksk\u00f5ik milline toode on juba kliendile paigaldatud, siis tagastus\u00f5igus puudub.\u00a0<br data-start=\"2480\" data-end=\"2483\" \/>Eritellimused (nt konkreetsete m\u00f5\u00f5tude ja kujundusega aiamajad, saunamajad, m\u00e4ngumajad, garaa\u017eid) ei kuulu tavap\u00e4rase tagastus\u00f5iguse alla.<\/h5><h5 data-start=\"2605\" data-end=\"2806\">Kaebused ja garantiijuhtumid palume esitada e-posti teel aadressil <strong data-start=\"2672\" data-end=\"2696\"><a class=\"decorated-link cursor-pointer\" rel=\"noopener\" data-start=\"2674\" data-end=\"2694\">info@timbersbliss.ee<\/a><\/strong>\u00a0lisades fotod ja tellimuse andmed.<br data-start=\"2732\" data-end=\"2735\" \/>K\u00f5ik p\u00f6\u00f6rdumised lahendame m\u00f5istliku aja jooksul ja kliendis\u00f5bralikult.<\/h5><hr data-start=\"2808\" data-end=\"2811\" \/><h2 data-start=\"2813\" data-end=\"2838\">7. Isikuandmete kaitse<\/h2><h5 data-start=\"2839\" data-end=\"3067\">TimbersBliss k\u00e4sitleb k\u00f5iki kliendiandmeid vastavalt <strong data-start=\"2892\" data-end=\"2935\">isikuandmete kaitse \u00fcldm\u00e4\u00e4rusele (GDPR)<\/strong>.<br data-start=\"2936\" data-end=\"2939\" \/>Kliendiandmeid kasutatakse ainult tellimuse t\u00e4itmiseks ja kliendisuhtluseks.<br data-start=\"3015\" data-end=\"3018\" \/>Lisateavet leiad lehelt <a class=\"decorated-link\" href=\"#\" rel=\"noopener\" data-start=\"3042\" data-end=\"3066\">Privaatsuspoliitika<\/a>.<\/h5><hr data-start=\"3069\" data-end=\"3072\" \/><h2 data-start=\"3074\" data-end=\"3107\">8. Vastutus ja muud tingimused<\/h2><h5 data-start=\"3108\" data-end=\"3290\">TimbersBliss ei vastuta kahjude eest, mis tekivad kliendi enda paigaldusvigade v\u00f5i hooldusn\u00f5uete eiramise t\u00f5ttu.<br data-start=\"3220\" data-end=\"3223\" \/>K\u00f5ik vaidlused lahendatakse vastavalt Eesti Vabariigi seadustele.<\/h5><hr data-start=\"3292\" data-end=\"3295\" \/><p data-start=\"3311\" data-end=\"3498\">\u00a0<\/p>\n\t\t\t\t\t<\/div>\n\t\t\t\t\t\t<\/div>\n\t\t\t\t<\/div>\n\t\t\t\t\t<\/div>\n\t\t\t\t<\/div>\n\t\t\t\t<\/div>\n\t\t","protected":false},"excerpt":{"rendered":"","protected":false},"author":79,"featured_media":10605,"parent":0,"menu_order":0,"comment_status":"closed","ping_status":"closed","template":"","meta":{"_acf_changed":false,"_glsr_average":0,"_glsr_ranking":0,"_glsr_reviews":0,"footnotes":""},"class_list":["post-11755","page","type-page","status-publish","has-post-thumbnail","hentry"],"acf":[],"yoast_head":"<!-- This site is optimized with the Yoast SEO Premium plugin v27.4 (Yoast SEO v27.4) - https:\/\/yoast.com\/product\/yoast-seo-premium-wordpress\/ -->\n<title>Myyntiehdot \u2013 hinnat, toimitus &amp; tilausohjeet | TimbersBliss<\/title>\n<meta name=\"description\" content=\"Tutustu TimbersBlissin myyntitietoihin: hinnat, toimitustavat, maksuehdot ja tilausprosessi yhdess\u00e4 paikassa.\" \/>\n<meta name=\"robots\" content=\"index, follow, max-snippet:-1, max-image-preview:large, max-video-preview:-1\" \/>\n<link rel=\"canonical\" href=\"https:\/\/timbersbliss.ee\/muugitingimused\/\" \/>\n<meta property=\"og:locale\" content=\"fi_FI\" \/>\n<meta property=\"og:type\" content=\"article\" \/>\n<meta property=\"og:title\" content=\"Myyntiehdot \u2013 hinnat, toimitus &amp; tilausohjeet | TimbersBliss\" \/>\n<meta property=\"og:description\" content=\"Tutustu TimbersBlissin myyntitietoihin: hinnat, toimitustavat, maksuehdot ja tilausprosessi yhdess\u00e4 paikassa.\" \/>\n<meta property=\"og:url\" content=\"https:\/\/timbersbliss.ee\/muugitingimused\/\" \/>\n<meta property=\"og:site_name\" content=\"Timbersbliss\" \/>\n<meta property=\"article:publisher\" content=\"https:\/\/www.facebook.com\/TimbersBliss.ee\" \/>\n<meta property=\"article:modified_time\" content=\"2025-12-01T15:29:51+00:00\" \/>\n<meta property=\"og:image\" content=\"https:\/\/timbersbliss.ee\/wp-content\/uploads\/2024\/04\/nord-timber.png\" \/>\n\t<meta property=\"og:image:width\" content=\"90\" \/>\n\t<meta property=\"og:image:height\" content=\"83\" \/>\n\t<meta property=\"og:image:type\" content=\"image\/png\" \/>\n<meta name=\"twitter:card\" content=\"summary_large_image\" \/>\n<meta name=\"twitter:title\" content=\"Myyntiehdot\" \/>\n<meta name=\"twitter:label1\" content=\"Arvioitu lukuaika\" \/>\n\t<meta name=\"twitter:data1\" content=\"1 minuutti\" \/>\n<script type=\"application\/ld+json\" class=\"yoast-schema-graph\">{\"@context\":\"https:\\\/\\\/schema.org\",\"@graph\":[{\"@type\":\"WebPage\",\"@id\":\"https:\\\/\\\/timbersbliss.ee\\\/muugitingimused\\\/\",\"url\":\"https:\\\/\\\/timbersbliss.ee\\\/muugitingimused\\\/\",\"name\":\"Myyntiehdot \u2013 hinnat, toimitus & tilausohjeet | TimbersBliss\",\"isPartOf\":{\"@id\":\"https:\\\/\\\/timbersbliss.ee\\\/#website\"},\"primaryImageOfPage\":{\"@id\":\"https:\\\/\\\/timbersbliss.ee\\\/muugitingimused\\\/#primaryimage\"},\"image\":{\"@id\":\"https:\\\/\\\/timbersbliss.ee\\\/muugitingimused\\\/#primaryimage\"},\"thumbnailUrl\":\"https:\\\/\\\/timbersbliss.ee\\\/wp-content\\\/uploads\\\/2024\\\/04\\\/nord-timber.png\",\"datePublished\":\"2024-11-26T12:45:27+00:00\",\"dateModified\":\"2025-12-01T15:29:51+00:00\",\"description\":\"Tutustu TimbersBlissin myyntitietoihin: hinnat, toimitustavat, maksuehdot ja tilausprosessi yhdess\u00e4 paikassa.\",\"breadcrumb\":{\"@id\":\"https:\\\/\\\/timbersbliss.ee\\\/muugitingimused\\\/#breadcrumb\"},\"inLanguage\":\"fi\",\"potentialAction\":[{\"@type\":\"ReadAction\",\"target\":[\"https:\\\/\\\/timbersbliss.ee\\\/muugitingimused\\\/\"]}]},{\"@type\":\"ImageObject\",\"inLanguage\":\"fi\",\"@id\":\"https:\\\/\\\/timbersbliss.ee\\\/muugitingimused\\\/#primaryimage\",\"url\":\"https:\\\/\\\/timbersbliss.ee\\\/wp-content\\\/uploads\\\/2024\\\/04\\\/nord-timber.png\",\"contentUrl\":\"https:\\\/\\\/timbersbliss.ee\\\/wp-content\\\/uploads\\\/2024\\\/04\\\/nord-timber.png\",\"width\":90,\"height\":83,\"caption\":\"TimbersBliss\"},{\"@type\":\"BreadcrumbList\",\"@id\":\"https:\\\/\\\/timbersbliss.ee\\\/muugitingimused\\\/#breadcrumb\",\"itemListElement\":[{\"@type\":\"ListItem\",\"position\":1,\"name\":\"Etusivu\",\"item\":\"https:\\\/\\\/timbersbliss.ee\\\/fi\\\/\"},{\"@type\":\"ListItem\",\"position\":2,\"name\":\"Myyntiehdot\"}]},{\"@type\":\"WebSite\",\"@id\":\"https:\\\/\\\/timbersbliss.ee\\\/#website\",\"url\":\"https:\\\/\\\/timbersbliss.ee\\\/\",\"name\":\"Timbersbliss\",\"description\":\"\",\"publisher\":{\"@id\":\"https:\\\/\\\/timbersbliss.ee\\\/#organization\"},\"potentialAction\":[{\"@type\":\"SearchAction\",\"target\":{\"@type\":\"EntryPoint\",\"urlTemplate\":\"https:\\\/\\\/timbersbliss.ee\\\/?s={search_term_string}\"},\"query-input\":{\"@type\":\"PropertyValueSpecification\",\"valueRequired\":true,\"valueName\":\"search_term_string\"}}],\"inLanguage\":\"fi\"},{\"@type\":\"Organization\",\"@id\":\"https:\\\/\\\/timbersbliss.ee\\\/#organization\",\"name\":\"Timbersbliss\",\"url\":\"https:\\\/\\\/timbersbliss.ee\\\/\",\"logo\":{\"@type\":\"ImageObject\",\"inLanguage\":\"fi\",\"@id\":\"https:\\\/\\\/timbersbliss.ee\\\/#\\\/schema\\\/logo\\\/image\\\/\",\"url\":\"https:\\\/\\\/timbersbliss.ee\\\/wp-content\\\/uploads\\\/2024\\\/11\\\/timbersbliss_logo.png\",\"contentUrl\":\"https:\\\/\\\/timbersbliss.ee\\\/wp-content\\\/uploads\\\/2024\\\/11\\\/timbersbliss_logo.png\",\"width\":2364,\"height\":494,\"caption\":\"Timbersbliss\"},\"image\":{\"@id\":\"https:\\\/\\\/timbersbliss.ee\\\/#\\\/schema\\\/logo\\\/image\\\/\"},\"sameAs\":[\"https:\\\/\\\/www.facebook.com\\\/TimbersBliss.ee\",\"https:\\\/\\\/www.instagram.com\\\/timbersbliss\\\/\"]}]}<\/script>\n<!-- \/ Yoast SEO Premium plugin. -->","yoast_head_json":{"title":"Myyntiehdot \u2013 hinnat, toimitus & tilausohjeet | TimbersBliss","description":"Tutustu TimbersBlissin myyntitietoihin: hinnat, toimitustavat, maksuehdot ja tilausprosessi yhdess\u00e4 paikassa.","robots":{"index":"index","follow":"follow","max-snippet":"max-snippet:-1","max-image-preview":"max-image-preview:large","max-video-preview":"max-video-preview:-1"},"canonical":"https:\/\/timbersbliss.ee\/muugitingimused\/","og_locale":"fi_FI","og_type":"article","og_title":"Myyntiehdot \u2013 hinnat, toimitus & tilausohjeet | TimbersBliss","og_description":"Tutustu TimbersBlissin myyntitietoihin: hinnat, toimitustavat, maksuehdot ja tilausprosessi yhdess\u00e4 paikassa.","og_url":"https:\/\/timbersbliss.ee\/muugitingimused\/","og_site_name":"Timbersbliss","article_publisher":"https:\/\/www.facebook.com\/TimbersBliss.ee","article_modified_time":"2025-12-01T15:29:51+00:00","og_image":[{"width":90,"height":83,"url":"https:\/\/timbersbliss.ee\/wp-content\/uploads\/2024\/04\/nord-timber.png","type":"image\/png"}],"twitter_card":"summary_large_image","twitter_title":"Myyntiehdot","twitter_misc":{"Arvioitu lukuaika":"1 minuutti"},"schema":{"@context":"https:\/\/schema.org","@graph":[{"@type":"WebPage","@id":"https:\/\/timbersbliss.ee\/muugitingimused\/","url":"https:\/\/timbersbliss.ee\/muugitingimused\/","name":"Myyntiehdot \u2013 hinnat, toimitus & tilausohjeet | TimbersBliss","isPartOf":{"@id":"https:\/\/timbersbliss.ee\/#website"},"primaryImageOfPage":{"@id":"https:\/\/timbersbliss.ee\/muugitingimused\/#primaryimage"},"image":{"@id":"https:\/\/timbersbliss.ee\/muugitingimused\/#primaryimage"},"thumbnailUrl":"https:\/\/timbersbliss.ee\/wp-content\/uploads\/2024\/04\/nord-timber.png","datePublished":"2024-11-26T12:45:27+00:00","dateModified":"2025-12-01T15:29:51+00:00","description":"Tutustu TimbersBlissin myyntitietoihin: hinnat, toimitustavat, maksuehdot ja tilausprosessi yhdess\u00e4 paikassa.","breadcrumb":{"@id":"https:\/\/timbersbliss.ee\/muugitingimused\/#breadcrumb"},"inLanguage":"fi","potentialAction":[{"@type":"ReadAction","target":["https:\/\/timbersbliss.ee\/muugitingimused\/"]}]},{"@type":"ImageObject","inLanguage":"fi","@id":"https:\/\/timbersbliss.ee\/muugitingimused\/#primaryimage","url":"https:\/\/timbersbliss.ee\/wp-content\/uploads\/2024\/04\/nord-timber.png","contentUrl":"https:\/\/timbersbliss.ee\/wp-content\/uploads\/2024\/04\/nord-timber.png","width":90,"height":83,"caption":"TimbersBliss"},{"@type":"BreadcrumbList","@id":"https:\/\/timbersbliss.ee\/muugitingimused\/#breadcrumb","itemListElement":[{"@type":"ListItem","position":1,"name":"Etusivu","item":"https:\/\/timbersbliss.ee\/fi\/"},{"@type":"ListItem","position":2,"name":"Myyntiehdot"}]},{"@type":"WebSite","@id":"https:\/\/timbersbliss.ee\/#website","url":"https:\/\/timbersbliss.ee\/","name":"Timbersbliss","description":"","publisher":{"@id":"https:\/\/timbersbliss.ee\/#organization"},"potentialAction":[{"@type":"SearchAction","target":{"@type":"EntryPoint","urlTemplate":"https:\/\/timbersbliss.ee\/?s={search_term_string}"},"query-input":{"@type":"PropertyValueSpecification","valueRequired":true,"valueName":"search_term_string"}}],"inLanguage":"fi"},{"@type":"Organization","@id":"https:\/\/timbersbliss.ee\/#organization","name":"Timbersbliss","url":"https:\/\/timbersbliss.ee\/","logo":{"@type":"ImageObject","inLanguage":"fi","@id":"https:\/\/timbersbliss.ee\/#\/schema\/logo\/image\/","url":"https:\/\/timbersbliss.ee\/wp-content\/uploads\/2024\/11\/timbersbliss_logo.png","contentUrl":"https:\/\/timbersbliss.ee\/wp-content\/uploads\/2024\/11\/timbersbliss_logo.png","width":2364,"height":494,"caption":"Timbersbliss"},"image":{"@id":"https:\/\/timbersbliss.ee\/#\/schema\/logo\/image\/"},"sameAs":["https:\/\/www.facebook.com\/TimbersBliss.ee","https:\/\/www.instagram.com\/timbersbliss\/"]}]}},"_links":{"self":[{"href":"https:\/\/timbersbliss.ee\/fi\/wp-json\/wp\/v2\/pages\/11755","targetHints":{"allow":["GET"]}}],"collection":[{"href":"https:\/\/timbersbliss.ee\/fi\/wp-json\/wp\/v2\/pages"}],"about":[{"href":"https:\/\/timbersbliss.ee\/fi\/wp-json\/wp\/v2\/types\/page"}],"author":[{"embeddable":true,"href":"https:\/\/timbersbliss.ee\/fi\/wp-json\/wp\/v2\/users\/79"}],"replies":[{"embeddable":true,"href":"https:\/\/timbersbliss.ee\/fi\/wp-json\/wp\/v2\/comments?post=11755"}],"version-history":[{"count":1,"href":"https:\/\/timbersbliss.ee\/fi\/wp-json\/wp\/v2\/pages\/11755\/revisions"}],"predecessor-version":[{"id":11931,"href":"https:\/\/timbersbliss.ee\/fi\/wp-json\/wp\/v2\/pages\/11755\/revisions\/11931"}],"wp:featuredmedia":[{"embeddable":true,"href":"https:\/\/timbersbliss.ee\/fi\/wp-json\/wp\/v2\/media\/10605"}],"wp:attachment":[{"href":"https:\/\/timbersbliss.ee\/fi\/wp-json\/wp\/v2\/media?parent=11755"}],"curies":[{"name":"wp","href":"https:\/\/api.w.org\/{rel}","templated":true}]}}