{"id":11131,"date":"2024-04-04T22:33:33","date_gmt":"2024-04-04T19:33:33","guid":{"rendered":"https:\/\/nordtimber.ee\/?page_id=11131"},"modified":"2025-12-01T18:03:23","modified_gmt":"2025-12-01T16:03:23","slug":"palautusoikeus","status":"publish","type":"page","link":"https:\/\/timbersbliss.ee\/fi\/palautusoikeus\/","title":{"rendered":"Palautusoikeus"},"content":{"rendered":"\t\t<div data-elementor-type=\"wp-page\" data-elementor-id=\"11131\" class=\"elementor elementor-11131 elementor-11129\" data-elementor-post-type=\"page\">\n\t\t\t\t\t\t<section class=\"wd-negative-gap elementor-section elementor-top-section elementor-element elementor-element-347ba381 elementor-section-boxed elementor-section-height-default elementor-section-height-default\" data-id=\"347ba381\" data-element_type=\"section\" data-e-type=\"section\">\n\t\t\t\t\t\t<div class=\"elementor-container elementor-column-gap-default\">\n\t\t\t\t\t<div class=\"elementor-column elementor-col-100 elementor-top-column elementor-element elementor-element-31ec588b\" data-id=\"31ec588b\" data-element_type=\"column\" data-e-type=\"column\">\n\t\t\t<div class=\"elementor-widget-wrap elementor-element-populated\">\n\t\t\t\t\t\t<div class=\"elementor-element elementor-element-4c682542 color-scheme-inherit text-left elementor-widget elementor-widget-text-editor\" data-id=\"4c682542\" data-element_type=\"widget\" data-e-type=\"widget\" data-widget_type=\"text-editor.default\">\n\t\t\t\t<div class=\"elementor-widget-container\">\n\t\t\t\t\t\t\t\t\t<p>Teie aiamajal puitkomponentidele kehtib 5-aastane garantii<strong>, tellides meilt ka paigalduse anname aiamaja puitkomponentidele 7-aastase erigarantii<\/strong>, toote osadele kehtib 2-aastane tootegarantii. T\u00e4psemad garantiitingimused on kirjeldatud allpool. Toote parandamine v\u00f5i asendamine garantiit\u00e4htajal ei too kaasa garantiit\u00e4htaja pikenemist ega uue kestvusega garantii andmist. Toote garantiit\u00e4htaja jooksul asendatud v\u00f5i parandatud osade garantii l\u00f5ppeb koos toote kui terviku garantiit\u00e4htaja m\u00f6\u00f6dumisega.<\/p>\n<ol>\n<li><strong>Garantii \u00fcldtingimused<\/strong>:\n<ul>\n<li>Toode peab olema ostetud Tootjalt v\u00f5i Tootja ametlikult edasim\u00fc\u00fcjalt (edaspidi: M\u00fc\u00fcja) ja toote l\u00f5pptarbija (edaspidi: Ostja) peab olema garantiijuhtumi ilmnemise hetkeks tasunud toote eest esitatud arve.<\/li>\n<li>Ostja peab veenduma, et toode on valitud eesm\u00e4rgip\u00e4raselt ja on sobiv p\u00fcstituseks plaanitud kohta (n\u00e4iteks aastaringne kasutus kontorina vms).<\/li>\n<li>Garantiiperiood algab toote \u00fcleandmisest Ostjale peale saatedokumentide allkirjastamist. Garantii kehtivuse eelduseks on p\u00fcstitusjuhendi t\u00e4pne j\u00e4rgimine. Tootele v\u00f5i selle osadele tehtud muudatused peavad olema koosk\u00f5lastatud eelnevalt M\u00fc\u00fcjaga.<\/li>\n<li>Garantiijuhtumina k\u00e4sitletakse v\u00f5imalikke toote konstruktsioonivigu, komponentide defektsust ja\/v\u00f5i puudumist, mille lugemine garantiijuhtumiks ei ole v\u00e4listatud punktis 2.<\/li>\n<li>Garantiiaja jooksul ilmnevast toote puudusest tuleb M\u00fc\u00fcjat teavitada koheselt, kuid mitte hiljem kui viie t\u00f6\u00f6p\u00e4eva jooksul alates puuduse avastamisest. Kaebuse esitamise aluseks on foto(d), puuduse kirjeldus, toote artiklinumber ja tootjapoolne seerianumber (number on m\u00e4rgitud kontroll-lehel ja pakendil oleval sildil).<\/li>\n<li>Garantiivastutus h\u00f5lmab \u00fcksnes garantii korras v\u00e4lja vahetamisele kuuluvat defektset detaili. Ostja ja M\u00fc\u00fcja lepivad kokku l\u00e4hima v\u00f5imaliku tarneaja ja asukoha. Garantiivastutus ei h\u00f5lma transpordi-, p\u00fcstitus-, aja- ega sidekulusid, mis on tekkinud defekti v\u00e4ljaselgitamise ning p\u00fcstitusega. M\u00fc\u00fcja ei vastuta Ostja ega kolmandate isikute ees toote puudusest tekkivate mistahes k\u00f5rval- v\u00f5i t\u00e4iendavate kahjude eest.<\/li>\n<\/ul>\n<\/li>\n<\/ol>\n<p>1.7. \u00a0 M\u00fc\u00fcja j\u00e4tab endale \u00f5iguse kahtluse korral juhtumit menetleda kauem kui 14 t\u00f6\u00f6p\u00e4eva kaasates selleks omal valikul eksperte, selgitamaks v\u00e4lja:<\/p>\n<ul>\n<li>kas toode on paigaldatud etteantud p\u00fcstitusjuhendi j\u00e4rgi;<\/li>\n<li>kas esinevad garantiikohustust v\u00e4listavad asjaolud, mis on kirjeldatud punktis 2.<\/li>\n<\/ul>\n<p>1.8. \u00a0 M\u00fc\u00fcjal on \u00f5igus n\u00f5uda Ostjalt tagasi p\u00f5hjendamata reklamatsiooni k\u00e4sitlemise eest tehtud kulutusi.<\/p>\n<ol start=\"2\">\n<li><strong>Garantii ei laiene:<\/strong><\/li>\n<\/ol>\n<p>2.1. \u00a0 Toote vale ladustamise t\u00f5ttu tekkinud kahjustustele peale Ostjale toote \u00fcleandmist (ladustamine ilmastikum\u00f5judele avatuna, kontaktis maapinnaga, k\u00f6etud ruumides) v\u00f5i transpordil ja p\u00fcstitusel tekkinud kahjustustele. Transpordil tekkinud kahjustused (juhul, kui toote \u00fcleandmine toimub ostja elu- v\u00f5i asukohas), mis on v\u00f5imalik tuvastada enne kauba vastuv\u00f5tmist (enne autolt maha laadimist), tuleb fikseerida fotoga ja see edastada M\u00fc\u00fcjale.<\/p>\n<p>2.2. \u00a0 Toote p\u00fcstitusel tehtud vigadele:<\/p>\n<ul>\n<li>paigaldusel ei ole j\u00e4rgitud p\u00fcstitusjuhendit;<\/li>\n<li>p\u00fcstitust\u00f6\u00f6del ei ole arvestatud valitsevate ilmastikuoludega (tugev tuul, lumi, j\u00e4\u00e4, vihm), mis v\u00f5ivad toodet kahjustada;<\/li>\n<li>vundamendi \u00fclemise serva v\u00f5i maja esimese seinadetaili ja maapinna vahel on vahe v\u00e4iksem kui 45 mm;<\/li>\n<li>alumise seinarea v\u00e4limine serv ei ole paigaldatud vundamendi v\u00e4lisservast v\u00e4ljapoole (n\u00f5utav 5 mm);<\/li>\n<li>alusraam ei ole loodis ja vinklis;<\/li>\n<li>vundamendi ja konstruktsiooni vahel ei ole kasutatud niiskust\u00f5ket;<\/li>\n<li>garantii ei h\u00f5lma Fibo plokist aluse korral plokkide maapinna k\u00fclmumisest ja sulamisest tingitud vajumisi ja t\u00f5usmisi;<\/li>\n<li>toodet ei ole koheselt peale p\u00fcstitust tervikuna viimistletud puidukaitsevahendiga, k.a uksed ja aknad, mis tuleb viimistleda kindlasti m\u00f5lemalt poolt (ennetamaks v\u00e4rvimuutusi, k\u00f5verdumist, paisumist). Puidukaitsevahendite valikul konsulteerida spetsialistiga\/v\u00e4rvim\u00fc\u00fcjaga;<\/li>\n<li>toote s\u00e4ilimiseks ei ole seda piisavalt kaitstud ilmastikuolude vastu, n\u00e4iteks katusekatte -ja kinnitusliistude, ankrute, tormikaitseliistude v\u00f5i muu sellise abil ka juhul, kui nimetatud vahendid ei ole aiamajaga komplektis;<\/li>\n<li>seintele on kinnitatud j\u00e4igalt fikseeritud esemeid, mis takistavad maja normaalset kuivamis-, kahanemis-, vajumis- v\u00f5i paisumisruumi (seda tuleb arvestada ka tormikaitseliistu mutri fikseerimisel);<\/li>\n<li>katuselaudade paigaldusel ei ole arvestatud paisumisruumiga (n\u00f5utav 1-2mm);<\/li>\n<li>katusepapile (kui see on aiamaja komplektis), mis on m\u00f5eldud kasutamiseks katusekattematerjali aluskattena.<\/li>\n<\/ul>\n<p>2.3. \u00a0 Puidu kui loodusliku materjali ise\u00e4rasustele:<\/p>\n<ul>\n<li>paisumine, kahanemine (laiuses v\u00f5i paksuses alla 5%) ning toonierinevused ja detailide v\u00e4\u00e4ndumine, kaardumine, mis ei takista paigaldamist;<\/li>\n<li>toote detailidel esinevad terved\/sissekasvanud oksad, mis ei kahjusta toote stabiilsust;<\/li>\n<li>p\u00f5randa- ja katuselaudade pindadel esinev h\u00f6\u00f6veldamata pind, poomkantsus ja v\u00e4ljakukkunud oksad, juhul kui laudu on v\u00f5imalik paigaldada nii, et nimetatud defektid on l\u00f5ppviimistluses varjatud (n\u00e4iteks p\u00f6\u00f6rates laudu \u00fcmber);<\/li>\n<li>toote detailidel esinevad kuni 20 mm l\u00e4bim\u00f5\u00f5duga v\u00e4ljakukkunud oksad, sh juhul, kui need esinevad toote detailide servades, kuid on l\u00f5ppviimistlusega konstruktsioonis varjatud;<\/li>\n<li>toote detailidel (kuivamise tagaj\u00e4rjel) tekkinud v\u00e4ikesed l\u00f5hed v\u00f5i praod, mis ei ole l\u00e4bivad ega ohusta toote konstruktsiooni stabiilsust;<\/li>\n<li>toote detailidel esinevad vaigupesad.<\/li>\n<\/ul>\n<p>2.4. \u00a0 S\u00f5rmj\u00e4tkatud puitdetailide esinemisele tootes.<\/p>\n<p>2.5. \u00a0 Toote loomulikust kulumisest tekkinud kahjustustele (n\u00e4iteks p\u00f5randalaudade v\u00f5i l\u00e4vepaku kulumine).<\/p>\n<p>2.6. \u00a0 Klaaspaketile\/klaasile, mis on Ostja poolt mehhaaniliselt vigastatud, l\u00f5hutud v\u00f5i termiliselt purunenud (klaasi termiline purunemine v\u00f5ib tekkida, kui klaasi temperatuuri erinevus klaasi v\u00f5i klaaspaketi kesk- ja varjatud \u00e4\u00e4reala vahel \u00fcletab kriitilise\u00a0piiri).<\/p>\n<p>2.7. \u00a0 P\u00f5hjustele, mis on seotud normaalsete f\u00fc\u00fcsikaliste n\u00e4htustega (n\u00e4iteks akendele kondensaadi teke).<\/p>\n<p>2.8. \u00a0 Toote kahjustustele etten\u00e4gematutel asjaoludel (n\u00e4iteks vandalism, \u00fcleujutused, \u00e4ikse-v\u00f5i keeristorm).<\/p>\n<p><strong>Ostja kaotab \u00f5iguse tootegarantiile, kui:<\/strong><\/p>\n<ul>\n<li>Ostja ei ole kontrollinud toote ja selle detailide kogust, komplektsust ning kvaliteeti selle k\u00e4ttesaamisel m\u00f5istliku aja jooksul, peale toote vastuv\u00f5tmist ja kindlasti enne p\u00fcstitusega alustamist.<\/li>\n<li>Vigased detailid on juba paigaldatud v\u00f5i v\u00e4rvitud, kuid tootel esinev puudus oleks olnud kontrolli k\u00e4igus avastatav. Esinenud puudus tuleb fikseerida vastavalt punktis 1.5 kirjeldatule.<\/li>\n<li>Ostja on esitanud M\u00fc\u00fcjale toote v\u00f5i garantiijuhtumiga seonduvalt valed v\u00f5i ebapiisavad andmed v\u00f5i puuduvad ostu t\u00f5endavad dokumendid.<\/li>\n<\/ul>\t\t\t\t\t\t\t\t<\/div>\n\t\t\t\t<\/div>\n\t\t\t\t\t<\/div>\n\t\t<\/div>\n\t\t\t\t\t<\/div>\n\t\t<\/section>\n\t\t\t\t<\/div>\n\t\t","protected":false},"excerpt":{"rendered":"<p>Teie aiamajal puitkomponentidele kehtib 5-aastane garantii, tellides meilt ka paigalduse anname aiamaja puitkomponentidele 7-aastase erigarantii, toote osadele kehtib 2-aastane tootegarantii.<\/p>\n","protected":false},"author":74,"featured_media":10605,"parent":0,"menu_order":0,"comment_status":"closed","ping_status":"closed","template":"elementor_header_footer","meta":{"_acf_changed":false,"_glsr_average":0,"_glsr_ranking":0,"_glsr_reviews":0,"footnotes":""},"class_list":["post-11131","page","type-page","status-publish","has-post-thumbnail","hentry"],"acf":[],"yoast_head":"<!-- This site is optimized with the Yoast SEO Premium plugin v27.4 (Yoast SEO v27.4) - https:\/\/yoast.com\/product\/yoast-seo-premium-wordpress\/ -->\n<title>Palautusoikeus \u2013 turvallinen ostaminen | TimbersBliss<\/title>\n<meta name=\"description\" content=\"Tutustu TimbersBlissin palautusoikeuteen ja palautusehtoihin. Turvallinen ostaminen ilman riski\u00e4 \u2014 selke\u00e4t ohjeet tuotteen palautukseen ja hyvitykseen.\" \/>\n<meta name=\"robots\" content=\"index, follow, max-snippet:-1, max-image-preview:large, max-video-preview:-1\" \/>\n<link rel=\"canonical\" href=\"https:\/\/timbersbliss.ee\/tagastustingimused\/\" \/>\n<meta property=\"og:locale\" content=\"fi_FI\" \/>\n<meta property=\"og:type\" content=\"article\" \/>\n<meta property=\"og:title\" content=\"Palautusoikeus \u2013 turvallinen ostaminen | TimbersBliss\" \/>\n<meta property=\"og:description\" content=\"Tutustu TimbersBlissin palautusoikeuteen ja palautusehtoihin. Turvallinen ostaminen ilman riski\u00e4 \u2014 selke\u00e4t ohjeet tuotteen palautukseen ja hyvitykseen.\" \/>\n<meta property=\"og:url\" content=\"https:\/\/timbersbliss.ee\/tagastustingimused\/\" \/>\n<meta property=\"og:site_name\" content=\"Timbersbliss\" \/>\n<meta property=\"article:publisher\" content=\"https:\/\/www.facebook.com\/TimbersBliss.ee\" \/>\n<meta property=\"article:modified_time\" content=\"2025-12-01T16:03:23+00:00\" \/>\n<meta property=\"og:image\" content=\"https:\/\/timbersbliss.ee\/wp-content\/uploads\/2024\/04\/nord-timber.png\" \/>\n\t<meta property=\"og:image:width\" content=\"90\" \/>\n\t<meta property=\"og:image:height\" content=\"83\" \/>\n\t<meta property=\"og:image:type\" content=\"image\/png\" \/>\n<meta name=\"twitter:card\" content=\"summary_large_image\" \/>\n<meta name=\"twitter:title\" content=\"Palautusoikeus\" \/>\n<meta name=\"twitter:label1\" content=\"Arvioitu lukuaika\" \/>\n\t<meta name=\"twitter:data1\" content=\"5 minuuttia\" \/>\n<script type=\"application\/ld+json\" class=\"yoast-schema-graph\">{\"@context\":\"https:\\\/\\\/schema.org\",\"@graph\":[{\"@type\":\"WebPage\",\"@id\":\"https:\\\/\\\/timbersbliss.ee\\\/tagastustingimused\\\/\",\"url\":\"https:\\\/\\\/timbersbliss.ee\\\/tagastustingimused\\\/\",\"name\":\"Palautusoikeus \u2013 turvallinen ostaminen | TimbersBliss\",\"isPartOf\":{\"@id\":\"https:\\\/\\\/timbersbliss.ee\\\/#website\"},\"primaryImageOfPage\":{\"@id\":\"https:\\\/\\\/timbersbliss.ee\\\/tagastustingimused\\\/#primaryimage\"},\"image\":{\"@id\":\"https:\\\/\\\/timbersbliss.ee\\\/tagastustingimused\\\/#primaryimage\"},\"thumbnailUrl\":\"https:\\\/\\\/timbersbliss.ee\\\/wp-content\\\/uploads\\\/2024\\\/04\\\/nord-timber.png\",\"datePublished\":\"2024-04-04T19:33:33+00:00\",\"dateModified\":\"2025-12-01T16:03:23+00:00\",\"description\":\"Tutustu TimbersBlissin palautusoikeuteen ja palautusehtoihin. Turvallinen ostaminen ilman riski\u00e4 \u2014 selke\u00e4t ohjeet tuotteen palautukseen ja hyvitykseen.\",\"breadcrumb\":{\"@id\":\"https:\\\/\\\/timbersbliss.ee\\\/tagastustingimused\\\/#breadcrumb\"},\"inLanguage\":\"fi\",\"potentialAction\":[{\"@type\":\"ReadAction\",\"target\":[\"https:\\\/\\\/timbersbliss.ee\\\/tagastustingimused\\\/\"]}]},{\"@type\":\"ImageObject\",\"inLanguage\":\"fi\",\"@id\":\"https:\\\/\\\/timbersbliss.ee\\\/tagastustingimused\\\/#primaryimage\",\"url\":\"https:\\\/\\\/timbersbliss.ee\\\/wp-content\\\/uploads\\\/2024\\\/04\\\/nord-timber.png\",\"contentUrl\":\"https:\\\/\\\/timbersbliss.ee\\\/wp-content\\\/uploads\\\/2024\\\/04\\\/nord-timber.png\",\"width\":90,\"height\":83,\"caption\":\"TimbersBliss\"},{\"@type\":\"BreadcrumbList\",\"@id\":\"https:\\\/\\\/timbersbliss.ee\\\/tagastustingimused\\\/#breadcrumb\",\"itemListElement\":[{\"@type\":\"ListItem\",\"position\":1,\"name\":\"Etusivu\",\"item\":\"https:\\\/\\\/timbersbliss.ee\\\/fi\\\/\"},{\"@type\":\"ListItem\",\"position\":2,\"name\":\"Palautusoikeus\"}]},{\"@type\":\"WebSite\",\"@id\":\"https:\\\/\\\/timbersbliss.ee\\\/#website\",\"url\":\"https:\\\/\\\/timbersbliss.ee\\\/\",\"name\":\"Timbersbliss\",\"description\":\"\",\"publisher\":{\"@id\":\"https:\\\/\\\/timbersbliss.ee\\\/#organization\"},\"potentialAction\":[{\"@type\":\"SearchAction\",\"target\":{\"@type\":\"EntryPoint\",\"urlTemplate\":\"https:\\\/\\\/timbersbliss.ee\\\/?s={search_term_string}\"},\"query-input\":{\"@type\":\"PropertyValueSpecification\",\"valueRequired\":true,\"valueName\":\"search_term_string\"}}],\"inLanguage\":\"fi\"},{\"@type\":\"Organization\",\"@id\":\"https:\\\/\\\/timbersbliss.ee\\\/#organization\",\"name\":\"Timbersbliss\",\"url\":\"https:\\\/\\\/timbersbliss.ee\\\/\",\"logo\":{\"@type\":\"ImageObject\",\"inLanguage\":\"fi\",\"@id\":\"https:\\\/\\\/timbersbliss.ee\\\/#\\\/schema\\\/logo\\\/image\\\/\",\"url\":\"https:\\\/\\\/timbersbliss.ee\\\/wp-content\\\/uploads\\\/2024\\\/11\\\/timbersbliss_logo.png\",\"contentUrl\":\"https:\\\/\\\/timbersbliss.ee\\\/wp-content\\\/uploads\\\/2024\\\/11\\\/timbersbliss_logo.png\",\"width\":2364,\"height\":494,\"caption\":\"Timbersbliss\"},\"image\":{\"@id\":\"https:\\\/\\\/timbersbliss.ee\\\/#\\\/schema\\\/logo\\\/image\\\/\"},\"sameAs\":[\"https:\\\/\\\/www.facebook.com\\\/TimbersBliss.ee\",\"https:\\\/\\\/www.instagram.com\\\/timbersbliss\\\/\"]}]}<\/script>\n<!-- \/ Yoast SEO Premium plugin. -->","yoast_head_json":{"title":"Palautusoikeus \u2013 turvallinen ostaminen | TimbersBliss","description":"Tutustu TimbersBlissin palautusoikeuteen ja palautusehtoihin. Turvallinen ostaminen ilman riski\u00e4 \u2014 selke\u00e4t ohjeet tuotteen palautukseen ja hyvitykseen.","robots":{"index":"index","follow":"follow","max-snippet":"max-snippet:-1","max-image-preview":"max-image-preview:large","max-video-preview":"max-video-preview:-1"},"canonical":"https:\/\/timbersbliss.ee\/tagastustingimused\/","og_locale":"fi_FI","og_type":"article","og_title":"Palautusoikeus \u2013 turvallinen ostaminen | TimbersBliss","og_description":"Tutustu TimbersBlissin palautusoikeuteen ja palautusehtoihin. Turvallinen ostaminen ilman riski\u00e4 \u2014 selke\u00e4t ohjeet tuotteen palautukseen ja hyvitykseen.","og_url":"https:\/\/timbersbliss.ee\/tagastustingimused\/","og_site_name":"Timbersbliss","article_publisher":"https:\/\/www.facebook.com\/TimbersBliss.ee","article_modified_time":"2025-12-01T16:03:23+00:00","og_image":[{"width":90,"height":83,"url":"https:\/\/timbersbliss.ee\/wp-content\/uploads\/2024\/04\/nord-timber.png","type":"image\/png"}],"twitter_card":"summary_large_image","twitter_title":"Palautusoikeus","twitter_misc":{"Arvioitu lukuaika":"5 minuuttia"},"schema":{"@context":"https:\/\/schema.org","@graph":[{"@type":"WebPage","@id":"https:\/\/timbersbliss.ee\/tagastustingimused\/","url":"https:\/\/timbersbliss.ee\/tagastustingimused\/","name":"Palautusoikeus \u2013 turvallinen ostaminen | TimbersBliss","isPartOf":{"@id":"https:\/\/timbersbliss.ee\/#website"},"primaryImageOfPage":{"@id":"https:\/\/timbersbliss.ee\/tagastustingimused\/#primaryimage"},"image":{"@id":"https:\/\/timbersbliss.ee\/tagastustingimused\/#primaryimage"},"thumbnailUrl":"https:\/\/timbersbliss.ee\/wp-content\/uploads\/2024\/04\/nord-timber.png","datePublished":"2024-04-04T19:33:33+00:00","dateModified":"2025-12-01T16:03:23+00:00","description":"Tutustu TimbersBlissin palautusoikeuteen ja palautusehtoihin. Turvallinen ostaminen ilman riski\u00e4 \u2014 selke\u00e4t ohjeet tuotteen palautukseen ja hyvitykseen.","breadcrumb":{"@id":"https:\/\/timbersbliss.ee\/tagastustingimused\/#breadcrumb"},"inLanguage":"fi","potentialAction":[{"@type":"ReadAction","target":["https:\/\/timbersbliss.ee\/tagastustingimused\/"]}]},{"@type":"ImageObject","inLanguage":"fi","@id":"https:\/\/timbersbliss.ee\/tagastustingimused\/#primaryimage","url":"https:\/\/timbersbliss.ee\/wp-content\/uploads\/2024\/04\/nord-timber.png","contentUrl":"https:\/\/timbersbliss.ee\/wp-content\/uploads\/2024\/04\/nord-timber.png","width":90,"height":83,"caption":"TimbersBliss"},{"@type":"BreadcrumbList","@id":"https:\/\/timbersbliss.ee\/tagastustingimused\/#breadcrumb","itemListElement":[{"@type":"ListItem","position":1,"name":"Etusivu","item":"https:\/\/timbersbliss.ee\/fi\/"},{"@type":"ListItem","position":2,"name":"Palautusoikeus"}]},{"@type":"WebSite","@id":"https:\/\/timbersbliss.ee\/#website","url":"https:\/\/timbersbliss.ee\/","name":"Timbersbliss","description":"","publisher":{"@id":"https:\/\/timbersbliss.ee\/#organization"},"potentialAction":[{"@type":"SearchAction","target":{"@type":"EntryPoint","urlTemplate":"https:\/\/timbersbliss.ee\/?s={search_term_string}"},"query-input":{"@type":"PropertyValueSpecification","valueRequired":true,"valueName":"search_term_string"}}],"inLanguage":"fi"},{"@type":"Organization","@id":"https:\/\/timbersbliss.ee\/#organization","name":"Timbersbliss","url":"https:\/\/timbersbliss.ee\/","logo":{"@type":"ImageObject","inLanguage":"fi","@id":"https:\/\/timbersbliss.ee\/#\/schema\/logo\/image\/","url":"https:\/\/timbersbliss.ee\/wp-content\/uploads\/2024\/11\/timbersbliss_logo.png","contentUrl":"https:\/\/timbersbliss.ee\/wp-content\/uploads\/2024\/11\/timbersbliss_logo.png","width":2364,"height":494,"caption":"Timbersbliss"},"image":{"@id":"https:\/\/timbersbliss.ee\/#\/schema\/logo\/image\/"},"sameAs":["https:\/\/www.facebook.com\/TimbersBliss.ee","https:\/\/www.instagram.com\/timbersbliss\/"]}]}},"_links":{"self":[{"href":"https:\/\/timbersbliss.ee\/fi\/wp-json\/wp\/v2\/pages\/11131","targetHints":{"allow":["GET"]}}],"collection":[{"href":"https:\/\/timbersbliss.ee\/fi\/wp-json\/wp\/v2\/pages"}],"about":[{"href":"https:\/\/timbersbliss.ee\/fi\/wp-json\/wp\/v2\/types\/page"}],"author":[{"embeddable":true,"href":"https:\/\/timbersbliss.ee\/fi\/wp-json\/wp\/v2\/users\/74"}],"replies":[{"embeddable":true,"href":"https:\/\/timbersbliss.ee\/fi\/wp-json\/wp\/v2\/comments?post=11131"}],"version-history":[{"count":1,"href":"https:\/\/timbersbliss.ee\/fi\/wp-json\/wp\/v2\/pages\/11131\/revisions"}],"predecessor-version":[{"id":11933,"href":"https:\/\/timbersbliss.ee\/fi\/wp-json\/wp\/v2\/pages\/11131\/revisions\/11933"}],"wp:featuredmedia":[{"embeddable":true,"href":"https:\/\/timbersbliss.ee\/fi\/wp-json\/wp\/v2\/media\/10605"}],"wp:attachment":[{"href":"https:\/\/timbersbliss.ee\/fi\/wp-json\/wp\/v2\/media?parent=11131"}],"curies":[{"name":"wp","href":"https:\/\/api.w.org\/{rel}","templated":true}]}}