{"id":10613,"date":"2023-09-12T18:22:48","date_gmt":"2023-09-12T15:22:48","guid":{"rendered":"https:\/\/nordtimber.ee\/privaatsuspoliitika\/"},"modified":"2025-12-01T18:16:28","modified_gmt":"2025-12-01T16:16:28","slug":"tietosuojakaytanto","status":"publish","type":"page","link":"https:\/\/timbersbliss.ee\/fi\/tietosuojakaytanto\/","title":{"rendered":"Tietosuojak\u00e4yt\u00e4nt\u00f6"},"content":{"rendered":"\t\t<div data-elementor-type=\"wp-page\" data-elementor-id=\"10613\" class=\"elementor elementor-10613 elementor-3\" data-elementor-post-type=\"page\">\n\t\t\t\t\t\t<section class=\"wd-negative-gap elementor-section elementor-top-section elementor-element elementor-element-347ba381 elementor-section-boxed elementor-section-height-default elementor-section-height-default\" data-id=\"347ba381\" data-element_type=\"section\" data-e-type=\"section\">\n\t\t\t\t\t\t<div class=\"elementor-container elementor-column-gap-default\">\n\t\t\t\t\t<div class=\"elementor-column elementor-col-100 elementor-top-column elementor-element elementor-element-31ec588b\" data-id=\"31ec588b\" data-element_type=\"column\" data-e-type=\"column\">\n\t\t\t<div class=\"elementor-widget-wrap elementor-element-populated\">\n\t\t\t\t\t\t<div class=\"elementor-element elementor-element-4c682542 color-scheme-inherit text-left elementor-widget elementor-widget-text-editor\" data-id=\"4c682542\" data-element_type=\"widget\" data-e-type=\"widget\" data-widget_type=\"text-editor.default\">\n\t\t\t\t<div class=\"elementor-widget-container\">\n\t\t\t\t\t\t\t\t\t<p>Klientide, t\u00f6\u00f6tajate ja k\u00fclaliste privaatsuse hoidmine on meile v\u00e4ga oluline. Seep\u00e4rast oleme koostanud privaatsuspoliitika, milles anname teada, kuidas me kogume, kasutame, avaldame, edastame ja s\u00e4ilitame isikuandmeid. Isikuandmeid t\u00f6\u00f6deldes j\u00e4rgime Eestis kehtivaid seaduseid, sealhulgas Euroopa Liidu isikuandmete kaitse \u00fcldm\u00e4\u00e4rust (GDPR). Isikuandmed on andmed, mille kaudu on v\u00f5imalik tuvastada \u00fcksikisik.<\/p>\n<ol>\n<li>\n<h5><strong>Isikuandmete t\u00f6\u00f6tlemise eesm\u00e4rk<\/strong><\/h5>\n<\/li>\n<\/ol>\n<p>TimbersBliss O\u00dc t\u00f6\u00f6tleb isikuandmeid selleks, et t\u00e4ita organisatsiooni eesm\u00e4rke ja pakkuda parimat teenust.<\/p>\n<p>Isikuandmete kogumisel klientidelt piirdume minimaalse vajalikuga. Kogume j\u00e4rgmisi isikuandmeid:<\/p>\n<ul>\n<li>kontaktandmed (ees- ja perekonnanimi, ettev\u00f5te, postiaadress, telefoninumber, e-posti aadress),<\/li>\n<li>ostuajalugu, ostueelistused, muu kliendisuhtluses teatavaks tulnud info.<\/li>\n<\/ul>\n<p>Andmete t\u00f6\u00f6tlemine on vajalik selleks, et saaksime soovijatele osutada tellitud teenuseid.<\/p>\n<p>Andmete t\u00f6\u00f6tlemise alus on v\u00e4hemalt e-kirja teel antud isiklik n\u00f5usolek, leping v\u00f5i seadus.<\/p>\n<ol start=\"2\">\n<li>\n<h5><strong>Kogutud isikuandmete kasutamine ja t\u00f6\u00f6tlemine<\/strong><\/h5>\n<\/li>\n<\/ol>\n<p>Kogutud isikuandmeid kasutame<\/p>\n<ul>\n<li>arvete koostamiseks ja v\u00e4ljastamiseks;<\/li>\n<li>kliendile teenuste (ja\/v\u00f5i toodete) kohta info saatmiseks;<\/li>\n<li>klientide rahulolu m\u00f5\u00f5tmiseks;<\/li>\n<li>kogutud isikuandmeid s\u00e4ilitame ainult niikaua, kui see on vajalik eesm\u00e4rgi t\u00e4itmiseks.<\/li>\n<\/ul>\n<p>Kogutud andmed h\u00e4vitame kohe kas kliendi palvel v\u00f5i eesm\u00e4rgi t\u00e4itumisel.<\/p>\n<ol start=\"3\">\n<li>\n<h5><strong>Kogutud isikuandmete muutmine ja kustutamine<\/strong><\/h5>\n<\/li>\n<\/ol>\n<ul>\n<li>Isikuandmeid on andmesubjektil alati v\u00f5imalik muuta. Meile tuleb esitada teatis v\u00e4hemalt e-kirja teel.<\/li>\n<li>Andmesubjektil on v\u00f5imalik igal ajal kasutada oma \u00f5igust olla unustatud ja saata meile v\u00e4hemalt e-kirja teel teade palvega oma isikuandmed kustutada.<\/li>\n<\/ul>\n<ol start=\"4\">\n<li>\n<h5><strong>Kogutud isikuandmete jagamine<\/strong><\/h5>\n<\/li>\n<\/ol>\n<p>Jagame kogutud isikuandmeid ametiasutuste n\u00f5udel v\u00f5i juhtudel, kui see on vajalik kliendi tellitud teenuse osutamiseks.<\/p>\n<ol start=\"5\">\n<li>\n<h5><strong>Isikuandmete kaitse<\/strong><\/h5>\n<\/li>\n<\/ol>\n<ul>\n<li>Rakendame k\u00f5iki ettevaatusabin\u00f5usid isikuandmete kaitsmiseks. Juurdep\u00e4\u00e4s andmete t\u00f6\u00f6tlemiseks on ainult selleks volitatud inimestel.<\/li>\n<li>Palume meile kiiresti teada anda aadressil&nbsp;<a href=\"https:\/\/timbersbliss.ee\/privaatsuspoliitika\/info@timbersbliss.ee\">info@timbersbliss.ee<\/a>&nbsp;kui Teile tundub, et meie t\u00f6\u00f6taja on toiminud vastupidi kehtivale privaatsuspoliitikale.<\/li>\n<\/ul>\n<ol start=\"6\">\n<li>\n<h5><strong>Privaatsuspoliitika tingimused ja muudatused<\/strong><\/h5>\n<\/li>\n<\/ol>\n<ul>\n<li>Meil on \u00f5igus vajaduse korral muuta oma privaatsuspoliitika p\u00f5him\u00f5tteid. Sellest teavitame k\u00f5iki p\u00fcsikliente, samuti avaldame info muudatuste kohta oma ettev\u00f5tte veebilehel.<\/li>\n<li>Isikuandmete vastutav t\u00f6\u00f6tleja on TimbersBliss O\u00dc. K\u00f5ikide k\u00fcsimuste ja ettepanekute korral v\u00f5tke \u00fchendust aadressil&nbsp;<a href=\"https:\/\/timbersbliss.ee\/privaatsuspoliitika\/info@timbersbliss.ee\">info@timbersbliss.ee<\/a><\/li>\n<li>Probleemidega on v\u00f5imalik p\u00f6\u00f6rduda Andmekaitse Inspektsiooni v\u00f5i kohtu poole.<\/li>\n<\/ul>\t\t\t\t\t\t\t\t<\/div>\n\t\t\t\t<\/div>\n\t\t\t\t\t<\/div>\n\t\t<\/div>\n\t\t\t\t\t<\/div>\n\t\t<\/section>\n\t\t\t\t<\/div>\n\t\t","protected":false},"excerpt":{"rendered":"<p>Klientide, t\u00f6\u00f6tajate ja k\u00fclaliste privaatsuse hoidmine on meile v\u00e4ga oluline. Seep\u00e4rast oleme koostanud privaatsuspoliitika, milles anname teada, kuidas me kogume,<\/p>\n","protected":false},"author":74,"featured_media":10605,"parent":0,"menu_order":0,"comment_status":"closed","ping_status":"closed","template":"elementor_header_footer","meta":{"_acf_changed":false,"_glsr_average":0,"_glsr_ranking":0,"_glsr_reviews":0,"footnotes":""},"class_list":["post-10613","page","type-page","status-publish","has-post-thumbnail","hentry"],"acf":[],"yoast_head":"<!-- This site is optimized with the Yoast SEO Premium plugin v27.4 (Yoast SEO v27.4) - https:\/\/yoast.com\/product\/yoast-seo-premium-wordpress\/ -->\n<title>TimbersBliss Tietosuojak\u00e4yt\u00e4nt\u00f6 | Turvallinen Datank\u00e4sittely<\/title>\n<meta name=\"description\" content=\"TimbersBliss suojaa henkil\u00f6tietosi. Lue selke\u00e4 tietosuojak\u00e4yt\u00e4nt\u00f6mme ja varmista tietojesi turvallinen k\u00e4sittely.\" \/>\n<meta name=\"robots\" content=\"index, follow, max-snippet:-1, max-image-preview:large, max-video-preview:-1\" \/>\n<link rel=\"canonical\" href=\"https:\/\/timbersbliss.ee\/privaatsuspoliitika\/\" \/>\n<meta property=\"og:locale\" content=\"fi_FI\" \/>\n<meta property=\"og:type\" content=\"article\" \/>\n<meta property=\"og:title\" content=\"TimbersBliss Tietosuojak\u00e4yt\u00e4nt\u00f6 | Turvallinen Datank\u00e4sittely\" \/>\n<meta property=\"og:description\" content=\"TimbersBliss suojaa henkil\u00f6tietosi. Lue selke\u00e4 tietosuojak\u00e4yt\u00e4nt\u00f6mme ja varmista tietojesi turvallinen k\u00e4sittely.\" \/>\n<meta property=\"og:url\" content=\"https:\/\/timbersbliss.ee\/privaatsuspoliitika\/\" \/>\n<meta property=\"og:site_name\" content=\"Timbersbliss\" \/>\n<meta property=\"article:publisher\" content=\"https:\/\/www.facebook.com\/TimbersBliss.ee\" \/>\n<meta property=\"article:modified_time\" content=\"2025-12-01T16:16:28+00:00\" \/>\n<meta property=\"og:image\" content=\"https:\/\/timbersbliss.ee\/wp-content\/uploads\/2024\/04\/nord-timber.png\" \/>\n\t<meta property=\"og:image:width\" content=\"90\" \/>\n\t<meta property=\"og:image:height\" content=\"83\" \/>\n\t<meta property=\"og:image:type\" content=\"image\/png\" \/>\n<meta name=\"twitter:card\" content=\"summary_large_image\" \/>\n<meta name=\"twitter:title\" content=\"Tietosuojak\u00e4yt\u00e4nt\u00f6\" \/>\n<meta name=\"twitter:label1\" content=\"Arvioitu lukuaika\" \/>\n\t<meta name=\"twitter:data1\" content=\"2 minuuttia\" \/>\n<script type=\"application\/ld+json\" class=\"yoast-schema-graph\">{\"@context\":\"https:\\\/\\\/schema.org\",\"@graph\":[{\"@type\":\"WebPage\",\"@id\":\"https:\\\/\\\/timbersbliss.ee\\\/privaatsuspoliitika\\\/\",\"url\":\"https:\\\/\\\/timbersbliss.ee\\\/privaatsuspoliitika\\\/\",\"name\":\"TimbersBliss Tietosuojak\u00e4yt\u00e4nt\u00f6 | Turvallinen Datank\u00e4sittely\",\"isPartOf\":{\"@id\":\"https:\\\/\\\/timbersbliss.ee\\\/#website\"},\"primaryImageOfPage\":{\"@id\":\"https:\\\/\\\/timbersbliss.ee\\\/privaatsuspoliitika\\\/#primaryimage\"},\"image\":{\"@id\":\"https:\\\/\\\/timbersbliss.ee\\\/privaatsuspoliitika\\\/#primaryimage\"},\"thumbnailUrl\":\"https:\\\/\\\/timbersbliss.ee\\\/wp-content\\\/uploads\\\/2024\\\/04\\\/nord-timber.png\",\"datePublished\":\"2023-09-12T15:22:48+00:00\",\"dateModified\":\"2025-12-01T16:16:28+00:00\",\"description\":\"TimbersBliss suojaa henkil\u00f6tietosi. Lue selke\u00e4 tietosuojak\u00e4yt\u00e4nt\u00f6mme ja varmista tietojesi turvallinen k\u00e4sittely.\",\"breadcrumb\":{\"@id\":\"https:\\\/\\\/timbersbliss.ee\\\/privaatsuspoliitika\\\/#breadcrumb\"},\"inLanguage\":\"fi\",\"potentialAction\":[{\"@type\":\"ReadAction\",\"target\":[\"https:\\\/\\\/timbersbliss.ee\\\/privaatsuspoliitika\\\/\"]}]},{\"@type\":\"ImageObject\",\"inLanguage\":\"fi\",\"@id\":\"https:\\\/\\\/timbersbliss.ee\\\/privaatsuspoliitika\\\/#primaryimage\",\"url\":\"https:\\\/\\\/timbersbliss.ee\\\/wp-content\\\/uploads\\\/2024\\\/04\\\/nord-timber.png\",\"contentUrl\":\"https:\\\/\\\/timbersbliss.ee\\\/wp-content\\\/uploads\\\/2024\\\/04\\\/nord-timber.png\",\"width\":90,\"height\":83,\"caption\":\"TimbersBliss\"},{\"@type\":\"BreadcrumbList\",\"@id\":\"https:\\\/\\\/timbersbliss.ee\\\/privaatsuspoliitika\\\/#breadcrumb\",\"itemListElement\":[{\"@type\":\"ListItem\",\"position\":1,\"name\":\"Etusivu\",\"item\":\"https:\\\/\\\/timbersbliss.ee\\\/fi\\\/\"},{\"@type\":\"ListItem\",\"position\":2,\"name\":\"Tietosuojak\u00e4yt\u00e4nt\u00f6\"}]},{\"@type\":\"WebSite\",\"@id\":\"https:\\\/\\\/timbersbliss.ee\\\/#website\",\"url\":\"https:\\\/\\\/timbersbliss.ee\\\/\",\"name\":\"Timbersbliss\",\"description\":\"\",\"publisher\":{\"@id\":\"https:\\\/\\\/timbersbliss.ee\\\/#organization\"},\"potentialAction\":[{\"@type\":\"SearchAction\",\"target\":{\"@type\":\"EntryPoint\",\"urlTemplate\":\"https:\\\/\\\/timbersbliss.ee\\\/?s={search_term_string}\"},\"query-input\":{\"@type\":\"PropertyValueSpecification\",\"valueRequired\":true,\"valueName\":\"search_term_string\"}}],\"inLanguage\":\"fi\"},{\"@type\":\"Organization\",\"@id\":\"https:\\\/\\\/timbersbliss.ee\\\/#organization\",\"name\":\"Timbersbliss\",\"url\":\"https:\\\/\\\/timbersbliss.ee\\\/\",\"logo\":{\"@type\":\"ImageObject\",\"inLanguage\":\"fi\",\"@id\":\"https:\\\/\\\/timbersbliss.ee\\\/#\\\/schema\\\/logo\\\/image\\\/\",\"url\":\"https:\\\/\\\/timbersbliss.ee\\\/wp-content\\\/uploads\\\/2024\\\/11\\\/timbersbliss_logo.png\",\"contentUrl\":\"https:\\\/\\\/timbersbliss.ee\\\/wp-content\\\/uploads\\\/2024\\\/11\\\/timbersbliss_logo.png\",\"width\":2364,\"height\":494,\"caption\":\"Timbersbliss\"},\"image\":{\"@id\":\"https:\\\/\\\/timbersbliss.ee\\\/#\\\/schema\\\/logo\\\/image\\\/\"},\"sameAs\":[\"https:\\\/\\\/www.facebook.com\\\/TimbersBliss.ee\",\"https:\\\/\\\/www.instagram.com\\\/timbersbliss\\\/\"]}]}<\/script>\n<!-- \/ Yoast SEO Premium plugin. -->","yoast_head_json":{"title":"TimbersBliss Tietosuojak\u00e4yt\u00e4nt\u00f6 | Turvallinen Datank\u00e4sittely","description":"TimbersBliss suojaa henkil\u00f6tietosi. Lue selke\u00e4 tietosuojak\u00e4yt\u00e4nt\u00f6mme ja varmista tietojesi turvallinen k\u00e4sittely.","robots":{"index":"index","follow":"follow","max-snippet":"max-snippet:-1","max-image-preview":"max-image-preview:large","max-video-preview":"max-video-preview:-1"},"canonical":"https:\/\/timbersbliss.ee\/privaatsuspoliitika\/","og_locale":"fi_FI","og_type":"article","og_title":"TimbersBliss Tietosuojak\u00e4yt\u00e4nt\u00f6 | Turvallinen Datank\u00e4sittely","og_description":"TimbersBliss suojaa henkil\u00f6tietosi. Lue selke\u00e4 tietosuojak\u00e4yt\u00e4nt\u00f6mme ja varmista tietojesi turvallinen k\u00e4sittely.","og_url":"https:\/\/timbersbliss.ee\/privaatsuspoliitika\/","og_site_name":"Timbersbliss","article_publisher":"https:\/\/www.facebook.com\/TimbersBliss.ee","article_modified_time":"2025-12-01T16:16:28+00:00","og_image":[{"width":90,"height":83,"url":"https:\/\/timbersbliss.ee\/wp-content\/uploads\/2024\/04\/nord-timber.png","type":"image\/png"}],"twitter_card":"summary_large_image","twitter_title":"Tietosuojak\u00e4yt\u00e4nt\u00f6","twitter_misc":{"Arvioitu lukuaika":"2 minuuttia"},"schema":{"@context":"https:\/\/schema.org","@graph":[{"@type":"WebPage","@id":"https:\/\/timbersbliss.ee\/privaatsuspoliitika\/","url":"https:\/\/timbersbliss.ee\/privaatsuspoliitika\/","name":"TimbersBliss Tietosuojak\u00e4yt\u00e4nt\u00f6 | Turvallinen Datank\u00e4sittely","isPartOf":{"@id":"https:\/\/timbersbliss.ee\/#website"},"primaryImageOfPage":{"@id":"https:\/\/timbersbliss.ee\/privaatsuspoliitika\/#primaryimage"},"image":{"@id":"https:\/\/timbersbliss.ee\/privaatsuspoliitika\/#primaryimage"},"thumbnailUrl":"https:\/\/timbersbliss.ee\/wp-content\/uploads\/2024\/04\/nord-timber.png","datePublished":"2023-09-12T15:22:48+00:00","dateModified":"2025-12-01T16:16:28+00:00","description":"TimbersBliss suojaa henkil\u00f6tietosi. Lue selke\u00e4 tietosuojak\u00e4yt\u00e4nt\u00f6mme ja varmista tietojesi turvallinen k\u00e4sittely.","breadcrumb":{"@id":"https:\/\/timbersbliss.ee\/privaatsuspoliitika\/#breadcrumb"},"inLanguage":"fi","potentialAction":[{"@type":"ReadAction","target":["https:\/\/timbersbliss.ee\/privaatsuspoliitika\/"]}]},{"@type":"ImageObject","inLanguage":"fi","@id":"https:\/\/timbersbliss.ee\/privaatsuspoliitika\/#primaryimage","url":"https:\/\/timbersbliss.ee\/wp-content\/uploads\/2024\/04\/nord-timber.png","contentUrl":"https:\/\/timbersbliss.ee\/wp-content\/uploads\/2024\/04\/nord-timber.png","width":90,"height":83,"caption":"TimbersBliss"},{"@type":"BreadcrumbList","@id":"https:\/\/timbersbliss.ee\/privaatsuspoliitika\/#breadcrumb","itemListElement":[{"@type":"ListItem","position":1,"name":"Etusivu","item":"https:\/\/timbersbliss.ee\/fi\/"},{"@type":"ListItem","position":2,"name":"Tietosuojak\u00e4yt\u00e4nt\u00f6"}]},{"@type":"WebSite","@id":"https:\/\/timbersbliss.ee\/#website","url":"https:\/\/timbersbliss.ee\/","name":"Timbersbliss","description":"","publisher":{"@id":"https:\/\/timbersbliss.ee\/#organization"},"potentialAction":[{"@type":"SearchAction","target":{"@type":"EntryPoint","urlTemplate":"https:\/\/timbersbliss.ee\/?s={search_term_string}"},"query-input":{"@type":"PropertyValueSpecification","valueRequired":true,"valueName":"search_term_string"}}],"inLanguage":"fi"},{"@type":"Organization","@id":"https:\/\/timbersbliss.ee\/#organization","name":"Timbersbliss","url":"https:\/\/timbersbliss.ee\/","logo":{"@type":"ImageObject","inLanguage":"fi","@id":"https:\/\/timbersbliss.ee\/#\/schema\/logo\/image\/","url":"https:\/\/timbersbliss.ee\/wp-content\/uploads\/2024\/11\/timbersbliss_logo.png","contentUrl":"https:\/\/timbersbliss.ee\/wp-content\/uploads\/2024\/11\/timbersbliss_logo.png","width":2364,"height":494,"caption":"Timbersbliss"},"image":{"@id":"https:\/\/timbersbliss.ee\/#\/schema\/logo\/image\/"},"sameAs":["https:\/\/www.facebook.com\/TimbersBliss.ee","https:\/\/www.instagram.com\/timbersbliss\/"]}]}},"_links":{"self":[{"href":"https:\/\/timbersbliss.ee\/fi\/wp-json\/wp\/v2\/pages\/10613","targetHints":{"allow":["GET"]}}],"collection":[{"href":"https:\/\/timbersbliss.ee\/fi\/wp-json\/wp\/v2\/pages"}],"about":[{"href":"https:\/\/timbersbliss.ee\/fi\/wp-json\/wp\/v2\/types\/page"}],"author":[{"embeddable":true,"href":"https:\/\/timbersbliss.ee\/fi\/wp-json\/wp\/v2\/users\/74"}],"replies":[{"embeddable":true,"href":"https:\/\/timbersbliss.ee\/fi\/wp-json\/wp\/v2\/comments?post=10613"}],"version-history":[{"count":4,"href":"https:\/\/timbersbliss.ee\/fi\/wp-json\/wp\/v2\/pages\/10613\/revisions"}],"predecessor-version":[{"id":12149,"href":"https:\/\/timbersbliss.ee\/fi\/wp-json\/wp\/v2\/pages\/10613\/revisions\/12149"}],"wp:featuredmedia":[{"embeddable":true,"href":"https:\/\/timbersbliss.ee\/fi\/wp-json\/wp\/v2\/media\/10605"}],"wp:attachment":[{"href":"https:\/\/timbersbliss.ee\/fi\/wp-json\/wp\/v2\/media?parent=10613"}],"curies":[{"name":"wp","href":"https:\/\/api.w.org\/{rel}","templated":true}]}}