{"id":15027,"date":"2025-10-06T14:16:30","date_gmt":"2025-10-06T11:16:30","guid":{"rendered":"https:\/\/timbersbliss.ee\/toode\/sauna-house-bliss-3-1026-m%c2%b2\/"},"modified":"2025-10-09T22:19:46","modified_gmt":"2025-10-09T19:19:46","slug":"sauna-house-bliss-3-1026-m%c2%b2","status":"publish","type":"product","link":"https:\/\/timbersbliss.ee\/en\/product\/sauna-house-bliss-3-1026-m%c2%b2\/","title":{"rendered":"Sauna house Bliss 3 10,26 m\u00b2"},"content":{"rendered":"<h4>Product description:<\/h4>\n<ul>\n<li><strong>v\u00e4lism\u00f5\u00f5dud: L3800xP2400+300xK2600<\/strong><\/li>\n<li><strong>the material is thermo-treated wood 42mm thick.<\/strong><\/li>\n<li><strong>storage space: L1850xS2170<\/strong><\/li>\n<li><strong>dressing room: L1850xW1065<\/strong><\/li>\n<li><strong>corridor\/office: L1850xS1065<\/strong><\/li>\n<li><strong>one opening package window L780xK1300 (tempered bronze glass) in the front wall.<\/strong><\/li>\n<li><strong>stainless steel threshold lockable doors 2 pcs L700xK1900 dimensions<\/strong><\/li>\n<li><strong>thermo-wood bench in the changing room<\/strong><\/li>\n<li><strong>a bench seat in the vestibule made of thermo-wood that can be opened<\/strong><\/li>\n<li><strong>bed room floor bars<\/strong><\/li>\n<li><strong>two-step sauna platform made of thermo-treated wood, treated with Tikkurila lava oil<\/strong><\/li>\n<li><strong>the inside of the sauna is treated with Tikkurila sauna wax and the outside is treated with Woodex brown wood oil (or Remmers choice of colour).<\/strong><\/li>\n<li><strong>concrete heater base plate<\/strong><\/li>\n<li><strong>Stoveman R-LS13 reticule with glass shutter (heating from hallway\/corridor)<\/strong><\/li>\n<li><strong>ceramic stones 80kg<\/strong><\/li>\n<li><strong>water heating tank 30L<\/strong><\/li>\n<li><strong>modular chimney in stainless steel, installation to be done by the owner (chimney duct in ceiling)<\/strong><\/li>\n<li><strong>2 pcs wash water drain hole in the floor<\/strong><\/li>\n<li><strong>4pcs ventilation valve<\/strong><\/li>\n<li><strong>black bituminous bitumen roofing<\/strong><\/li>\n<li><strong>3pcs stainless steel rod<\/strong><\/li>\n<\/ul>\n<h4><strong>Sauna Bliss Sauna Bliss characteristics<\/strong><\/h4>\n<p><strong>The Bliss patio sauna is made of high quality thermowood, which ensures long-lasting durability. All the main components, including walls, doors, windows, sauna platform and seats, are made of thermowood. Exceptions are the support legs and the seat frames, which are made of conventional softwood, as these are load-bearing structures. The seat frames are finished with Tikkurila protective agent and the support legs with Woodex oil.   <\/strong><\/p>\n<h4><strong>Key tips for installing a pipe sauna<\/strong><\/h4>\n<p><strong>*A solid substrate &#8211; aggregate, concrete blocks, slab foundations or decking create a stable and well-ventilated base to prevent moisture damage and rot.<\/strong><\/p>\n<p><strong>*Easy distance &#8211; install the sauna at least 3 metres away from buildings and trees to ensure the safe operation of the heater and flue.<\/strong><\/p>\n<p><strong>*Wood protection &#8211; TimbersBliss O\u00dc pipe saunas are treated as standard with Woodex wood protection oil on the outside and Tikkurila sauna wax on the inside, which protects against moisture and preserves the wood.<\/strong><\/p>\n<p><strong>*First heating of the heater &#8211; Before installing the heater, do a first heating outdoors to remove industrial paints and oils. This will avoid unpleasant smells in the sauna. <\/strong><\/p>\n<p><strong>*Fitting the tiles &#8211; It is advisable to wash the tiles thoroughly before installing them. Unwashed stones can release dust from the surface, which together with the hot steam can get on the body and even in the mouth, giving an unpleasant experience. By cleaning, you ensure that the stones do not release anything undesirable into the air from their surface. This way you can enjoy the heat of the sauna without worry!   <\/strong><\/p>\n<p><strong>*If you wish, you can also choose different shades according to your preference.It is recommended to re-oil the wood from time to time, both inside and outside, to keep the sauna beautiful and durable for many years.<\/strong><\/p>\n<p><strong>This way, your sauna will last a long time and every sauna session will be a pleasure!<\/strong><\/p>\n<p>&nbsp;<\/p>\n","protected":false},"excerpt":{"rendered":"<p>Product description: v\u00e4lism\u00f5\u00f5dud: L3800xP2400+300xK2600 the material is thermo-treated wood 42mm thick. storage space: L1850xS2170 dressing room: L1850xW1065 corridor\/office: L1850xS1065 one<\/p>\n","protected":false},"featured_media":14971,"template":"","meta":{"_acf_changed":false,"_glsr_average":0,"_glsr_ranking":0,"_glsr_reviews":0},"product_brand":[],"product_cat":[85],"product_tag":[],"class_list":{"0":"post-15027","1":"product","2":"type-product","3":"status-publish","4":"has-post-thumbnail","6":"product_cat-sauna-houses","8":"first","9":"instock","10":"taxable","11":"shipping-taxable","12":"purchasable","13":"product-type-simple"},"acf":[],"yoast_head":"<!-- This site is optimized with the Yoast SEO Premium plugin v27.4 (Yoast SEO v27.4) - https:\/\/yoast.com\/product\/yoast-seo-premium-wordpress\/ -->\n<title>Sauna house Bliss 3 10,26 m\u00b2 TimbersBliss - Timbersbliss<\/title>\n<meta name=\"description\" content=\"Sauna house Bliss 3 - a stylish and compact garden sauna that combines modern design, quality materials and a real sauna experience in your backyard! Take a look!\" \/>\n<meta name=\"robots\" content=\"index, follow, max-snippet:-1, max-image-preview:large, max-video-preview:-1\" \/>\n<link rel=\"canonical\" href=\"https:\/\/timbersbliss.ee\/product\/saunamaja-bliss-3\/\" \/>\n<meta property=\"og:locale\" content=\"en_US\" \/>\n<meta property=\"og:type\" content=\"article\" \/>\n<meta property=\"og:title\" content=\"Sauna house Bliss 3 10,26 m\u00b2 TimbersBliss\" \/>\n<meta property=\"og:description\" content=\"Sauna house Bliss 3 - a stylish and compact garden sauna that combines modern design, quality materials and a real sauna experience in your backyard! Take a look!\" \/>\n<meta property=\"og:url\" content=\"https:\/\/timbersbliss.ee\/product\/saunamaja-bliss-3\/\" \/>\n<meta property=\"og:site_name\" content=\"Timbersbliss\" \/>\n<meta property=\"article:publisher\" content=\"https:\/\/www.facebook.com\/TimbersBliss.ee\" \/>\n<meta property=\"article:modified_time\" content=\"2025-10-09T19:19:46+00:00\" \/>\n<meta property=\"og:image\" content=\"https:\/\/timbersbliss.ee\/wp-content\/uploads\/2025\/10\/Saunamaja-Bliss-3-pruun-variant-1-1176x800.jpg\" \/>\n\t<meta property=\"og:image:width\" content=\"1176\" \/>\n\t<meta property=\"og:image:height\" content=\"800\" \/>\n\t<meta property=\"og:image:type\" content=\"image\/jpeg\" \/>\n<meta name=\"twitter:card\" content=\"summary_large_image\" \/>\n<meta name=\"twitter:title\" content=\"Sauna house Bliss 3 10,26 m\u00b2\" \/>\n<meta name=\"twitter:label1\" content=\"Est. reading time\" \/>\n\t<meta name=\"twitter:data1\" content=\"2 minutes\" \/>\n<script type=\"application\/ld+json\" class=\"yoast-schema-graph\">{\"@context\":\"https:\\\/\\\/schema.org\",\"@graph\":[{\"@type\":\"WebPage\",\"@id\":\"https:\\\/\\\/timbersbliss.ee\\\/product\\\/saunamaja-bliss-3\\\/\",\"url\":\"https:\\\/\\\/timbersbliss.ee\\\/product\\\/saunamaja-bliss-3\\\/\",\"name\":\"Sauna house Bliss 3 10,26 m\u00b2 TimbersBliss - Timbersbliss\",\"isPartOf\":{\"@id\":\"https:\\\/\\\/timbersbliss.ee\\\/#website\"},\"primaryImageOfPage\":{\"@id\":\"https:\\\/\\\/timbersbliss.ee\\\/product\\\/saunamaja-bliss-3\\\/#primaryimage\"},\"image\":{\"@id\":\"https:\\\/\\\/timbersbliss.ee\\\/product\\\/saunamaja-bliss-3\\\/#primaryimage\"},\"thumbnailUrl\":\"https:\\\/\\\/timbersbliss.ee\\\/wp-content\\\/uploads\\\/2025\\\/10\\\/Saunamaja-Bliss-3-pruun-variant-1.jpg\",\"datePublished\":\"2025-10-06T11:16:30+00:00\",\"dateModified\":\"2025-10-09T19:19:46+00:00\",\"description\":\"Sauna house Bliss 3 - a stylish and compact garden sauna that combines modern design, quality materials and a real sauna experience in your backyard! Take a look!\",\"breadcrumb\":{\"@id\":\"https:\\\/\\\/timbersbliss.ee\\\/product\\\/saunamaja-bliss-3\\\/#breadcrumb\"},\"inLanguage\":\"en-US\",\"potentialAction\":[{\"@type\":\"ReadAction\",\"target\":[\"https:\\\/\\\/timbersbliss.ee\\\/product\\\/saunamaja-bliss-3\\\/\"]}]},{\"@type\":\"ImageObject\",\"inLanguage\":\"en-US\",\"@id\":\"https:\\\/\\\/timbersbliss.ee\\\/product\\\/saunamaja-bliss-3\\\/#primaryimage\",\"url\":\"https:\\\/\\\/timbersbliss.ee\\\/wp-content\\\/uploads\\\/2025\\\/10\\\/Saunamaja-Bliss-3-pruun-variant-1.jpg\",\"contentUrl\":\"https:\\\/\\\/timbersbliss.ee\\\/wp-content\\\/uploads\\\/2025\\\/10\\\/Saunamaja-Bliss-3-pruun-variant-1.jpg\",\"width\":2000,\"height\":1360,\"caption\":\"Saunamaja Bliss \u2014 kaasaegne ja kvaliteetne t\u00fcnnisaun\"},{\"@type\":\"BreadcrumbList\",\"@id\":\"https:\\\/\\\/timbersbliss.ee\\\/product\\\/saunamaja-bliss-3\\\/#breadcrumb\",\"itemListElement\":[{\"@type\":\"ListItem\",\"position\":1,\"name\":\"Home\",\"item\":\"https:\\\/\\\/timbersbliss.ee\\\/en\\\/\"},{\"@type\":\"ListItem\",\"position\":2,\"name\":\"Shop\",\"item\":\"https:\\\/\\\/timbersbliss.ee\\\/en\\\/shop\\\/\"},{\"@type\":\"ListItem\",\"position\":3,\"name\":\"Sauna house Bliss 3 10,26 m\u00b2\"}]},{\"@type\":\"WebSite\",\"@id\":\"https:\\\/\\\/timbersbliss.ee\\\/#website\",\"url\":\"https:\\\/\\\/timbersbliss.ee\\\/\",\"name\":\"Timbersbliss\",\"description\":\"\",\"publisher\":{\"@id\":\"https:\\\/\\\/timbersbliss.ee\\\/#organization\"},\"potentialAction\":[{\"@type\":\"SearchAction\",\"target\":{\"@type\":\"EntryPoint\",\"urlTemplate\":\"https:\\\/\\\/timbersbliss.ee\\\/?s={search_term_string}\"},\"query-input\":{\"@type\":\"PropertyValueSpecification\",\"valueRequired\":true,\"valueName\":\"search_term_string\"}}],\"inLanguage\":\"en-US\"},{\"@type\":\"Organization\",\"@id\":\"https:\\\/\\\/timbersbliss.ee\\\/#organization\",\"name\":\"Timbersbliss\",\"url\":\"https:\\\/\\\/timbersbliss.ee\\\/\",\"logo\":{\"@type\":\"ImageObject\",\"inLanguage\":\"en-US\",\"@id\":\"https:\\\/\\\/timbersbliss.ee\\\/#\\\/schema\\\/logo\\\/image\\\/\",\"url\":\"https:\\\/\\\/timbersbliss.ee\\\/wp-content\\\/uploads\\\/2024\\\/11\\\/timbersbliss_logo.png\",\"contentUrl\":\"https:\\\/\\\/timbersbliss.ee\\\/wp-content\\\/uploads\\\/2024\\\/11\\\/timbersbliss_logo.png\",\"width\":2364,\"height\":494,\"caption\":\"Timbersbliss\"},\"image\":{\"@id\":\"https:\\\/\\\/timbersbliss.ee\\\/#\\\/schema\\\/logo\\\/image\\\/\"},\"sameAs\":[\"https:\\\/\\\/www.facebook.com\\\/TimbersBliss.ee\",\"https:\\\/\\\/www.instagram.com\\\/timbersbliss\\\/\"]}]}<\/script>\n<!-- \/ Yoast SEO Premium plugin. -->","yoast_head_json":{"title":"Sauna house Bliss 3 10,26 m\u00b2 TimbersBliss - Timbersbliss","description":"Sauna house Bliss 3 - a stylish and compact garden sauna that combines modern design, quality materials and a real sauna experience in your backyard! Take a look!","robots":{"index":"index","follow":"follow","max-snippet":"max-snippet:-1","max-image-preview":"max-image-preview:large","max-video-preview":"max-video-preview:-1"},"canonical":"https:\/\/timbersbliss.ee\/product\/saunamaja-bliss-3\/","og_locale":"en_US","og_type":"article","og_title":"Sauna house Bliss 3 10,26 m\u00b2 TimbersBliss","og_description":"Sauna house Bliss 3 - a stylish and compact garden sauna that combines modern design, quality materials and a real sauna experience in your backyard! Take a look!","og_url":"https:\/\/timbersbliss.ee\/product\/saunamaja-bliss-3\/","og_site_name":"Timbersbliss","article_publisher":"https:\/\/www.facebook.com\/TimbersBliss.ee","article_modified_time":"2025-10-09T19:19:46+00:00","og_image":[{"width":1176,"height":800,"url":"https:\/\/timbersbliss.ee\/wp-content\/uploads\/2025\/10\/Saunamaja-Bliss-3-pruun-variant-1-1176x800.jpg","type":"image\/jpeg"}],"twitter_card":"summary_large_image","twitter_title":"Sauna house Bliss 3 10,26 m\u00b2","twitter_misc":{"Est. reading time":"2 minutes"},"schema":{"@context":"https:\/\/schema.org","@graph":[{"@type":"WebPage","@id":"https:\/\/timbersbliss.ee\/product\/saunamaja-bliss-3\/","url":"https:\/\/timbersbliss.ee\/product\/saunamaja-bliss-3\/","name":"Sauna house Bliss 3 10,26 m\u00b2 TimbersBliss - Timbersbliss","isPartOf":{"@id":"https:\/\/timbersbliss.ee\/#website"},"primaryImageOfPage":{"@id":"https:\/\/timbersbliss.ee\/product\/saunamaja-bliss-3\/#primaryimage"},"image":{"@id":"https:\/\/timbersbliss.ee\/product\/saunamaja-bliss-3\/#primaryimage"},"thumbnailUrl":"https:\/\/timbersbliss.ee\/wp-content\/uploads\/2025\/10\/Saunamaja-Bliss-3-pruun-variant-1.jpg","datePublished":"2025-10-06T11:16:30+00:00","dateModified":"2025-10-09T19:19:46+00:00","description":"Sauna house Bliss 3 - a stylish and compact garden sauna that combines modern design, quality materials and a real sauna experience in your backyard! Take a look!","breadcrumb":{"@id":"https:\/\/timbersbliss.ee\/product\/saunamaja-bliss-3\/#breadcrumb"},"inLanguage":"en-US","potentialAction":[{"@type":"ReadAction","target":["https:\/\/timbersbliss.ee\/product\/saunamaja-bliss-3\/"]}]},{"@type":"ImageObject","inLanguage":"en-US","@id":"https:\/\/timbersbliss.ee\/product\/saunamaja-bliss-3\/#primaryimage","url":"https:\/\/timbersbliss.ee\/wp-content\/uploads\/2025\/10\/Saunamaja-Bliss-3-pruun-variant-1.jpg","contentUrl":"https:\/\/timbersbliss.ee\/wp-content\/uploads\/2025\/10\/Saunamaja-Bliss-3-pruun-variant-1.jpg","width":2000,"height":1360,"caption":"Saunamaja Bliss \u2014 kaasaegne ja kvaliteetne t\u00fcnnisaun"},{"@type":"BreadcrumbList","@id":"https:\/\/timbersbliss.ee\/product\/saunamaja-bliss-3\/#breadcrumb","itemListElement":[{"@type":"ListItem","position":1,"name":"Home","item":"https:\/\/timbersbliss.ee\/en\/"},{"@type":"ListItem","position":2,"name":"Shop","item":"https:\/\/timbersbliss.ee\/en\/shop\/"},{"@type":"ListItem","position":3,"name":"Sauna house Bliss 3 10,26 m\u00b2"}]},{"@type":"WebSite","@id":"https:\/\/timbersbliss.ee\/#website","url":"https:\/\/timbersbliss.ee\/","name":"Timbersbliss","description":"","publisher":{"@id":"https:\/\/timbersbliss.ee\/#organization"},"potentialAction":[{"@type":"SearchAction","target":{"@type":"EntryPoint","urlTemplate":"https:\/\/timbersbliss.ee\/?s={search_term_string}"},"query-input":{"@type":"PropertyValueSpecification","valueRequired":true,"valueName":"search_term_string"}}],"inLanguage":"en-US"},{"@type":"Organization","@id":"https:\/\/timbersbliss.ee\/#organization","name":"Timbersbliss","url":"https:\/\/timbersbliss.ee\/","logo":{"@type":"ImageObject","inLanguage":"en-US","@id":"https:\/\/timbersbliss.ee\/#\/schema\/logo\/image\/","url":"https:\/\/timbersbliss.ee\/wp-content\/uploads\/2024\/11\/timbersbliss_logo.png","contentUrl":"https:\/\/timbersbliss.ee\/wp-content\/uploads\/2024\/11\/timbersbliss_logo.png","width":2364,"height":494,"caption":"Timbersbliss"},"image":{"@id":"https:\/\/timbersbliss.ee\/#\/schema\/logo\/image\/"},"sameAs":["https:\/\/www.facebook.com\/TimbersBliss.ee","https:\/\/www.instagram.com\/timbersbliss\/"]}]}},"_links":{"self":[{"href":"https:\/\/timbersbliss.ee\/en\/wp-json\/wp\/v2\/product\/15027","targetHints":{"allow":["GET"]}}],"collection":[{"href":"https:\/\/timbersbliss.ee\/en\/wp-json\/wp\/v2\/product"}],"about":[{"href":"https:\/\/timbersbliss.ee\/en\/wp-json\/wp\/v2\/types\/product"}],"version-history":[{"count":1,"href":"https:\/\/timbersbliss.ee\/en\/wp-json\/wp\/v2\/product\/15027\/revisions"}],"predecessor-version":[{"id":15041,"href":"https:\/\/timbersbliss.ee\/en\/wp-json\/wp\/v2\/product\/15027\/revisions\/15041"}],"wp:featuredmedia":[{"embeddable":true,"href":"https:\/\/timbersbliss.ee\/en\/wp-json\/wp\/v2\/media\/14971"}],"wp:attachment":[{"href":"https:\/\/timbersbliss.ee\/en\/wp-json\/wp\/v2\/media?parent=15027"}],"wp:term":[{"taxonomy":"product_brand","embeddable":true,"href":"https:\/\/timbersbliss.ee\/en\/wp-json\/wp\/v2\/product_brand?post=15027"},{"taxonomy":"product_cat","embeddable":true,"href":"https:\/\/timbersbliss.ee\/en\/wp-json\/wp\/v2\/product_cat?post=15027"},{"taxonomy":"product_tag","embeddable":true,"href":"https:\/\/timbersbliss.ee\/en\/wp-json\/wp\/v2\/product_tag?post=15027"}],"curies":[{"name":"wp","href":"https:\/\/api.w.org\/{rel}","templated":true}]}}